{"id":74217,"date":"2026-03-19T13:52:43","date_gmt":"2026-03-19T13:52:43","guid":{"rendered":"https:\/\/soydeaqui.ddns.net\/pachuca\/index.php\/producto\/antena-omnidireccional-potente-cobertura-de-360-doble-polaridad-mimo-2x2-frecuencia-2-ghz-2-35-2-55-ghz-de-13-dbi\/"},"modified":"2026-03-19T13:52:44","modified_gmt":"2026-03-19T13:52:44","slug":"antena-omnidireccional-potente-cobertura-de-360-doble-polaridad-mimo-2x2-frecuencia-2-ghz-2-35-2-55-ghz-de-13-dbi","status":"publish","type":"product","link":"https:\/\/soydeaqui.ddns.net\/pachuca\/index.php\/producto\/antena-omnidireccional-potente-cobertura-de-360-doble-polaridad-mimo-2x2-frecuencia-2-ghz-2-35-2-55-ghz-de-13-dbi\/","title":{"rendered":"Antena omnidireccional, potente cobertura de 360\u00b0, doble polaridad MIMO 2&#215;2, frecuencia 2 GHz (2.35-2.55 GHz) de 13 dBi"},"content":{"rendered":"<div style='width: 100%; max-width: 1200px; margin: 0 auto; font-family: sans-serif; line-height: 1.6; color: inherit; background-color: transparent;'> <!-- Caracter\u00edsticas generales --> <\/p>\n<div style='display: flex; flex-wrap: wrap; gap: 30px; margin-bottom: 30px;'>\n<div style='flex: 1 1 300px; min-width: 280px;'>\n<h3 style='font-size: 22px; border-bottom: 2px solid currentColor; padding-bottom: 5px; margin-top: 0; color: inherit; opacity: 0.8;'>Caracter\u00edsticas generales<\/h3>\n<ul style='padding-left: 20px; font-size: 15px; color: inherit;'>\n<li style='margin-bottom: 5px;'><strong>Azimuth:<\/strong> 360\u00b0<\/li>\n<li style='margin-bottom: 5px;'><strong>Elevaci\u00f3n:<\/strong> 7\u00b0<\/li>\n<li style='margin-bottom: 5px;'><strong>Polarizaci\u00f3n:<\/strong> Dual<\/li>\n<li style='margin-bottom: 5px;'><strong>Dimensiones:<\/strong> 1390 x 122 x 105 mm<\/li>\n<li style='margin-bottom: 5px;'><strong>Peso:<\/strong> 2.4 kg<\/li>\n<\/ul><\/div>\n<\/p><\/div>\n<p> <!-- Dise\u00f1o --> <\/p>\n<div style='display: flex; flex-wrap: wrap; gap: 30px; margin-bottom: 30px;'>\n<div style='flex: 1 1 300px; min-width: 280px;'>\n<h3 style='font-size: 22px; border-bottom: 2px solid currentColor; padding-bottom: 5px; margin-top: 0; color: inherit; opacity: 0.8;'>Dise\u00f1o de doble polaridad<\/h3>\n<p style='font-size: 15px; color: inherit; margin-bottom: 15px;'>El dise\u00f1o de doble polaridad permite una mejor recepci\u00f3n y transmisi\u00f3n de se\u00f1al en entornos con m\u00faltiples dispositivos cliente&comma; mejorando la capacidad y rendimiento del sistema.<\/p>\n<p> <img style='width: 100%; height: auto; border: 1px solid rgba(150&comma;150&comma;150&comma;0.3); border-radius: 8px;' src='https:\/\/ftp3.syscom.mx\/usuarios\/adiaz\/UBNT\/AMO\/dual.PNG' alt='Dise\u00f1o de doble polaridad' \/> <\/div>\n<div style='flex: 1 1 300px; min-width: 280px;'>\n<h3 style='font-size: 22px; border-bottom: 2px solid currentColor; padding-bottom: 5px; margin-top: 0; color: inherit; opacity: 0.8;'>Cobertura omnidireccional<\/h3>\n<p style='font-size: 15px; color: inherit; margin-bottom: 15px;'>La antena proporciona una cobertura de 360\u00b0&comma; permitiendo conexi\u00f3n simult\u00e1nea con m\u00faltiples dispositivos en todas direcciones&comma; ideal para aplicaciones Point-to-MultiPoint (PtMP).<\/p>\n<p> <img style='width: 100%; height: auto; border: 1px solid rgba(150&comma;150&comma;150&comma;0.3); border-radius: 8px;' src='https:\/\/ftp3.syscom.mx\/usuarios\/adiaz\/UBNT\/AMO\/360.PNG' alt='Cobertura omnidireccional' \/> <\/div>\n<div style='flex: 1 1 300px; min-width: 280px;'>\n<h3 style='font-size: 22px; border-bottom: 2px solid currentColor; padding-bottom: 5px; margin-top: 0; color: inherit; opacity: 0.8;'>Dise\u00f1o industrial<\/h3>\n<p style='font-size: 15px; color: inherit; margin-bottom: 15px;'>Construcci\u00f3n robusta dise\u00f1ada para aplicaciones al exterior&comma; con soporte universal para montaje en m\u00e1stil y compatibilidad directa con radios RocketM&comma; permitiendo integraci\u00f3n r\u00e1pida y sencilla.<\/p>\n<p> <img style='width: 100%; height: auto; border: 1px solid rgba(150&comma;150&comma;150&comma;0.3); border-radius: 8px;' src='https:\/\/ftp3.syscom.mx\/usuarios\/adiaz\/UBNT\/AMO\/industrial.PNG' alt='Dise\u00f1o industrial' \/> <\/div>\n<div style='flex: 1 1 300px; min-width: 280px;'>\n<h3 style='font-size: 22px; border-bottom: 2px solid currentColor; padding-bottom: 5px; margin-top: 0; color: inherit; opacity: 0.8;'>Integraci\u00f3n Plug &#038; Play<\/h3>\n<p style='font-size: 15px; color: inherit; margin-bottom: 15px;'>Incluye soporte integrado para radio RocketM&comma; permitiendo instalaci\u00f3n r\u00e1pida sin herramientas especiales. El sistema combina radio y antena para crear una estaci\u00f3n base potente y optimizada.<\/p>\n<p> <img style='width: 100%; height: auto; border: 1px solid rgba(150&comma;150&comma;150&comma;0.3); border-radius: 8px;' src='https:\/\/ftp3.syscom.mx\/usuarios\/adiaz\/UBNT\/AMO\/plugandplay.PNG' alt='Integraci\u00f3n Plug &#038; Play' \/> <\/div>\n<\/p><\/div>\n<p> <!-- Especificaciones t\u00e9cnicas --> <\/p>\n<div style='display: flex; flex-wrap: wrap; gap: 20px; margin-bottom: 30px;'>\n<div style='flex: 1 1 250px; border: 1px solid rgba(150&comma; 150&comma; 150&comma; 0.4); border-radius: 8px; overflow: hidden; display: flex; flex-direction: column;'>\n<div style='padding: 15px; border-bottom: 1px solid rgba(150&comma; 150&comma; 150&comma; 0.2); font-weight: bold; font-size: 18px; color: inherit;'>Especificaciones<\/div>\n<div style='padding: 15px; color: inherit;'>\n<ul style='padding-left: 20px; margin: 0; font-size: 14px; list-style-type: disc;'>\n<li style='margin-bottom: 5px;'><strong>Frecuencia:<\/strong> 2.35 &#8211; 2.55 GHz<\/li>\n<li style='margin-bottom: 5px;'><strong>GANANCIA:<\/strong> 13 dBi<\/li>\n<li style='margin-bottom: 5px;'><strong>VSWR M\u00e1ximo:<\/strong> 1.7:1<\/li>\n<li style='margin-bottom: 5px;'><strong>Inclinaci\u00f3n:<\/strong> 2\u00b0<\/li>\n<li style='margin-bottom: 5px;'><strong>Aislamiento Cross-Pol:<\/strong> 25 dB min.<\/li>\n<li style='margin-bottom: 5px;'><strong>Resistencia al viento:<\/strong> 200 km\/h (125 mph)<\/li>\n<li style='margin-bottom: 5px;'><strong>Carga de viento:<\/strong> 111.2 N @ 200 km\/h (25 lbf @ 125 mph)<\/li>\n<\/ul><\/div>\n<\/p><\/div>\n<p> <!-- Aplicaciones --> <\/p>\n<div style='flex: 1 1 250px; border: 1px solid rgba(150&comma; 150&comma; 150&comma; 0.4); border-radius: 8px; overflow: hidden; display: flex; flex-direction: column;'>\n<div style='padding: 15px; border-bottom: 1px solid rgba(150&comma; 150&comma; 150&comma; 0.2); font-weight: bold; font-size: 18px; color: inherit;'>Aplicaciones<\/div>\n<div style='padding: 15px; color: inherit;'>\n<ul style='padding-left: 20px; margin: 0; font-size: 14px; list-style-type: disc;'>\n<li style='margin-bottom: 5px;'>Redes Point-to-MultiPoint (PtMP)<\/li>\n<li style='margin-bottom: 5px;'>Backbone inal\u00e1mbrico<\/li>\n<li style='margin-bottom: 5px;'>Cobertura en campus corporativos<\/li>\n<li style='margin-bottom: 5px;'>Conexi\u00f3n a dispositivos m\u00f3viles<\/li>\n<\/ul><\/div>\n<\/p><\/div>\n<p> <!-- Certificaciones --> <\/p>\n<div style='flex: 1 1 250px; border: 1px solid rgba(150&comma; 150&comma; 150&comma; 0.4); border-radius: 8px; overflow: hidden; display: flex; flex-direction: column;'>\n<div style='padding: 15px; border-bottom: 1px solid rgba(150&comma; 150&comma; 150&comma; 0.2); font-weight: bold; font-size: 18px; color: inherit;'>Certificaciones<\/div>\n<div style='padding: 15px; color: inherit;'>\n<ul style='padding-left: 20px; margin: 0; font-size: 14px; list-style-type: disc;'>\n<li style='margin-bottom: 5px;'>ETSI EN 302 326 DN2<\/li>\n<\/ul><\/div>\n<\/p><\/div>\n<\/p><\/div>\n<p> <!-- Separador --> <\/p>\n<hr style='border: 0; border-top: 1px solid rgba(150&comma; 150&comma; 150&comma; 0.3); margin: 30px 0;'> <!-- Garant\u00eda --> <\/p>\n<div style='margin-top: 30px;'>\n<h3 style='font-size: 22px; border-bottom: 2px solid currentColor; padding-bottom: 5px; margin-top: 0; color: inherit; opacity: 0.8;'>Garant\u00eda<\/h3>\n<p style='font-size: 15px; color: inherit;'>1 a\u00f1o<\/p>\n<\/p><\/div>\n<\/p><\/div>\n","protected":false},"excerpt":{"rendered":"<p>Antena omnidireccional, potente cobertura de 360\u00b0, doble polaridad MIMO 2&#215;2, frecuencia 2 GHz (2.35-2.55 GHz) de 13 dBi<\/p>\n","protected":false},"featured_media":74216,"comment_status":"open","ping_status":"closed","template":"","meta":[],"product_brand":[],"product_cat":[1849],"product_tag":[1404,1850,166],"class_list":{"0":"post-74217","1":"product","2":"type-product","3":"status-publish","4":"has-post-thumbnail","6":"product_cat-omnidireccionales","7":"product_tag-antenas","8":"product_tag-omnidireccionales","9":"product_tag-ubiquiti","11":"first","12":"outofstock","13":"sale","14":"shipping-taxable","15":"purchasable","16":"product-type-simple"},"_links":{"self":[{"href":"https:\/\/soydeaqui.ddns.net\/pachuca\/index.php\/wp-json\/wp\/v2\/product\/74217","targetHints":{"allow":["GET"]}}],"collection":[{"href":"https:\/\/soydeaqui.ddns.net\/pachuca\/index.php\/wp-json\/wp\/v2\/product"}],"about":[{"href":"https:\/\/soydeaqui.ddns.net\/pachuca\/index.php\/wp-json\/wp\/v2\/types\/product"}],"replies":[{"embeddable":true,"href":"https:\/\/soydeaqui.ddns.net\/pachuca\/index.php\/wp-json\/wp\/v2\/comments?post=74217"}],"wp:featuredmedia":[{"embeddable":true,"href":"https:\/\/soydeaqui.ddns.net\/pachuca\/index.php\/wp-json\/wp\/v2\/media\/74216"}],"wp:attachment":[{"href":"https:\/\/soydeaqui.ddns.net\/pachuca\/index.php\/wp-json\/wp\/v2\/media?parent=74217"}],"wp:term":[{"taxonomy":"product_brand","embeddable":true,"href":"https:\/\/soydeaqui.ddns.net\/pachuca\/index.php\/wp-json\/wp\/v2\/product_brand?post=74217"},{"taxonomy":"product_cat","embeddable":true,"href":"https:\/\/soydeaqui.ddns.net\/pachuca\/index.php\/wp-json\/wp\/v2\/product_cat?post=74217"},{"taxonomy":"product_tag","embeddable":true,"href":"https:\/\/soydeaqui.ddns.net\/pachuca\/index.php\/wp-json\/wp\/v2\/product_tag?post=74217"}],"curies":[{"name":"wp","href":"https:\/\/api.w.org\/{rel}","templated":true}]}}