{"id":7421,"date":"2026-03-18T06:56:15","date_gmt":"2026-03-18T06:56:15","guid":{"rendered":"https:\/\/soydeaqui.ddns.net\/pachuca\/index.php\/producto\/sensor-de-movimiento-24-metros-de-deteccion-100-exterior-serie-shield-de-optex-diseno-estetico-y-formal-cableado-compatible-con-cualquier-panel-de-alarma\/"},"modified":"2026-03-18T06:56:17","modified_gmt":"2026-03-18T06:56:17","slug":"sensor-de-movimiento-24-metros-de-deteccion-100-exterior-serie-shield-de-optex-diseno-estetico-y-formal-cableado-compatible-con-cualquier-panel-de-alarma","status":"publish","type":"product","link":"https:\/\/soydeaqui.ddns.net\/pachuca\/index.php\/producto\/sensor-de-movimiento-24-metros-de-deteccion-100-exterior-serie-shield-de-optex-diseno-estetico-y-formal-cableado-compatible-con-cualquier-panel-de-alarma\/","title":{"rendered":"Sensor de Movimiento \/ 24 Metros de Detecci\u00f3n \/ 100% Exterior \/ Serie Shield de Optex \/ Dise\u00f1o Est\u00e9tico y Formal \/ Cableado \/ Compatible con cualquier panel de alarma"},"content":{"rendered":"<div style='width: 100%; max-width: 1200px; margin: 0 auto; font-family: sans-serif; line-height: 1.6; color: inherit; background-color: transparent;'>\n<h3 style='font-size: 24px; border-bottom: 2px solid currentColor; padding-bottom: 5px; margin-top: 0; color: inherit; opacity: 0.8; margin-bottom: 20px;'>Sensor para Exterior de hasta 24 Metros de Protecci\u00f3n<\/h3>\n<div style='display: flex; flex-wrap: wrap; gap: 30px; margin-bottom: 30px;'>\n<div style='flex: 1 1 300px; min-width: 280px;'>\n<p style='font-size: 15px; color: inherit; text-align: justify;'> La serie BX Shield es una l\u00ednea de sensores de movimiento de cortina para exteriores con una detecci\u00f3n a cada lado de hasta 12 metros. El BX Shield es ideal para detectar a personas en las inmediaciones de su domicilio o su edificio de oficinas. Cuenta con cuatro PIR&comma; dos a cada lado. Para ofrecer un control total&comma; las \u00e1reas de detecci\u00f3n izquierda y derecha se pueden configurar de forma totalmente independiente la una de la otra. El BXS-ST es el modelo cableado. <\/p>\n<h3 style='font-size: 20px; border-bottom: 2px solid currentColor; padding-bottom: 5px; margin-top: 25px; margin-bottom: 15px; color: inherit; opacity: 0.8;'>Caracter\u00edsticas Principales<\/h3>\n<ul style='padding-left: 20px; font-size: 15px; color: inherit;'>\n<li style='margin-bottom: 5px;'><strong>Cortina PIR:<\/strong> Hasta 12 m en cada lado con antienmascaramiento<\/li>\n<li style='margin-bottom: 5px;'><strong>Configuraci\u00f3n:<\/strong> Detecci\u00f3n completamente independiente a cada lado<\/li>\n<li style='margin-bottom: 5px;'><strong>Dise\u00f1o:<\/strong> Vers\u00e1til y f\u00e1cil de instalar<\/li>\n<li style='margin-bottom: 5px;'><strong>Inmunidad:<\/strong> Al entorno y a los animales peque\u00f1os<\/li>\n<\/ul><\/div>\n<div style='flex: 1 1 300px; min-width: 280px;'> <img style='width: 100%; height: auto; border: 1px solid rgba(150&comma;150&comma;150&comma;0.3); border-radius: 8px;' src='https:\/\/encrypted-tbn0.gstatic.com\/images?q=tbn:ANd9GcRfnxdUNiwt5f22nJhdj01-yU-NqAkApEYrJpDb027XVpWfHuLc52BkCeGZzMLBEyHpaxs&#038;usqp=CAU' alt=''> <\/div>\n<\/p><\/div>\n<hr style='border: 0; border-top: 1px solid rgba(150&comma; 150&comma; 150&comma; 0.3); margin: 30px 0;'>\n<div style='display: grid; grid-template-columns: repeat(auto-fill&comma; minmax(300px&comma; 1fr)); gap: 20px; margin-bottom: 30px;'>\n<div style='border: 1px solid rgba(150&comma; 150&comma; 150&comma; 0.4); border-radius: 8px; overflow: hidden; display: flex; flex-direction: column;'>\n<div style='padding: 15px; border-bottom: 1px solid rgba(150&comma; 150&comma; 150&comma; 0.2); font-weight: bold; font-size: 18px; color: inherit;'>Modo de Detecci\u00f3n Altamente Extrema<\/div>\n<div style='padding: 15px; color: inherit;'> <img style='width: 100%; height: auto; border: 1px solid rgba(150&comma;150&comma;150&comma;0.3); border-radius: 8px; margin-bottom: 10px;' src='https:\/\/www.optex.co.jp\/e\/products\/intrusion-detection\/passivesensor\/htq74l00000020di-img\/extream-high-mode.png' alt=''> <\/p>\n<p style='font-size: 14px; margin: 0;'> Para entornos donde la diferencia de temperatura entre el cuerpo humano y el fondo es muy peque\u00f1a&comma; el modo de detecci\u00f3n extremadamente alta aumenta la sensibilidad PIR para evitar cualquier alarma perdida. <\/p>\n<\/p><\/div>\n<\/p><\/div>\n<div style='border: 1px solid rgba(150&comma; 150&comma; 150&comma; 0.4); border-radius: 8px; overflow: hidden; display: flex; flex-direction: column;'>\n<div style='padding: 15px; border-bottom: 1px solid rgba(150&comma; 150&comma; 150&comma; 0.2); font-weight: bold; font-size: 18px; color: inherit;'>\u00c1rea de Detecci\u00f3n Individual y Opciones de Sensado<\/div>\n<div style='padding: 15px; color: inherit;'> <img style='width: 100%; height: auto; border: 1px solid rgba(150&comma;150&comma;150&comma;0.3); border-radius: 8px; margin-bottom: 10px;' src='https:\/\/www.optex.co.jp\/e\/products\/intrusion-detection\/passivesensor\/htq74l00000020di-img\/Individual-sensitivity_BXS.png' alt=''> <\/p>\n<p style='font-size: 14px; margin: 0;'> Rangos de detecci\u00f3n izquierda y derecha&comma; se pueden ajustar de forma independiente (2.5m a 12m en 5 pasos) <\/p>\n<\/p><\/div>\n<\/p><\/div>\n<div style='border: 1px solid rgba(150&comma; 150&comma; 150&comma; 0.4); border-radius: 8px; overflow: hidden; display: flex; flex-direction: column;'>\n<div style='padding: 15px; border-bottom: 1px solid rgba(150&comma; 150&comma; 150&comma; 0.2); font-weight: bold; font-size: 18px; color: inherit;'>4 PIR Tecnolog\u00eda<\/div>\n<div style='padding: 15px; color: inherit;'> <img style='width: 100%; height: auto; border: 1px solid rgba(150&comma;150&comma;150&comma;0.3); border-radius: 8px; margin-bottom: 10px;' src='https:\/\/www.optex.co.jp\/e\/products\/intrusion-detection\/passivesensor\/htq74l00000020di-img\/4pir.png' alt=''> <\/p>\n<p style='font-size: 14px; margin: 0;'> El rango de detecci\u00f3n&comma; la sensibilidad y la salida de alarma se pueden configurar por separado para las \u00e1reas de detecci\u00f3n izquierda y derecha. El sensor puede diferenciar entre objetos grandes y peque\u00f1os dentro del \u00e1rea de detecci\u00f3n&comma; reduciendo la activaci\u00f3n falsa y asegurando una detecci\u00f3n genuina de intrusos. <\/p>\n<\/p><\/div>\n<\/p><\/div>\n<div style='border: 1px solid rgba(150&comma; 150&comma; 150&comma; 0.4); border-radius: 8px; overflow: hidden; display: flex; flex-direction: column;'>\n<div style='padding: 15px; border-bottom: 1px solid rgba(150&comma; 150&comma; 150&comma; 0.2); font-weight: bold; font-size: 18px; color: inherit;'>IR Digital Funci\u00f3n Anti-m\u00e1scara<\/div>\n<div style='padding: 15px; color: inherit;'> <img style='width: 100%; height: auto; border: 1px solid rgba(150&comma;150&comma;150&comma;0.3); border-radius: 8px; margin-bottom: 10px;' src='https:\/\/www.optex.co.jp\/e\/products\/intrusion-detection\/passivesensor\/htq74l00000020di-img\/Anti-masking.png' alt=''> <\/p>\n<p style='font-size: 14px; margin: 0;'> IR y funci\u00f3n Antim\u00e1scara activa&comma; detecta cuando la superficie de la lente ha sido cubierta&comma; bloqueada o pintada. <\/p>\n<\/p><\/div>\n<\/p><\/div>\n<div style='border: 1px solid rgba(150&comma; 150&comma; 150&comma; 0.4); border-radius: 8px; overflow: hidden; display: flex; flex-direction: column;'>\n<div style='padding: 15px; border-bottom: 1px solid rgba(150&comma; 150&comma; 150&comma; 0.2); font-weight: bold; font-size: 18px; color: inherit;'>L\u00f3gica de Funci\u00f3n AND para Reducir Falsas Alarmas<\/div>\n<div style='padding: 15px; color: inherit;'> <img style='width: 100%; height: auto; border: 1px solid rgba(150&comma;150&comma;150&comma;0.3); border-radius: 8px; margin-bottom: 10px;' src='https:\/\/www.optex.co.jp\/e\/products\/intrusion-detection\/passivesensor\/htq74l00000020di-img\/tdphtg0000003prx.png' alt=''> <\/p>\n<p style='font-size: 14px; margin: 0;'> La serie BX SHIELD solo activa una se\u00f1al de alarma cuando las \u00e1reas de detecci\u00f3n superior e inferior detectan movimiento. <\/p>\n<\/p><\/div>\n<\/p><\/div>\n<div style='border: 1px solid rgba(150&comma; 150&comma; 150&comma; 0.4); border-radius: 8px; overflow: hidden; display: flex; flex-direction: column;'>\n<div style='padding: 15px; border-bottom: 1px solid rgba(150&comma; 150&comma; 150&comma; 0.2); font-weight: bold; font-size: 18px; color: inherit;'>Blindaje Conductivo Doble<\/div>\n<div style='padding: 15px; color: inherit;'> <img style='width: 100%; height: auto; border: 1px solid rgba(150&comma;150&comma;150&comma;0.3); border-radius: 8px; margin-bottom: 10px;' src='https:\/\/www.optex.co.jp\/e\/products\/intrusion-detection\/passivesensor\/htq74l00000020di-img\/tdphtg00000031tt.png' alt=''> <\/p>\n<p style='font-size: 14px; margin: 0;'> Al usar el blindaje de doble conducci\u00f3n&comma; la perturbaci\u00f3n de la luz visible y la RFI pueden bloquearse. <\/p>\n<\/p><\/div>\n<\/p><\/div>\n<div style='border: 1px solid rgba(150&comma; 150&comma; 150&comma; 0.4); border-radius: 8px; overflow: hidden; display: flex; flex-direction: column;'>\n<div style='padding: 15px; border-bottom: 1px solid rgba(150&comma; 150&comma; 150&comma; 0.2); font-weight: bold; font-size: 18px; color: inherit;'>L\u00f3gica SMDA (Super Multi Dimension Analysis)<\/div>\n<div style='padding: 15px; color: inherit;'> <img style='width: 100%; height: auto; border: 1px solid rgba(150&comma;150&comma;150&comma;0.3); border-radius: 8px; margin-bottom: 10px;' src='https:\/\/www.optex.co.jp\/e\/products\/intrusion-detection\/passivesensor\/htq74l00000020di-img\/tdphtg000000329j.png' alt=''> <\/p>\n<p style='font-size: 14px; margin: 0;'> Al analizar los patrones de detecci\u00f3n y la informaci\u00f3n ambiental&comma; SMDA mejora la inmunidad contra diversos factores de ruido&comma; como los cambios clim\u00e1ticos y la vegetaci\u00f3n&comma; y puede distinguir entre la causa de las falsas alarmas molestas y las genuinas. <\/p>\n<\/p><\/div>\n<\/p><\/div>\n<div style='border: 1px solid rgba(150&comma; 150&comma; 150&comma; 0.4); border-radius: 8px; overflow: hidden; display: flex; flex-direction: column;'>\n<div style='padding: 15px; border-bottom: 1px solid rgba(150&comma; 150&comma; 150&comma; 0.2); font-weight: bold; font-size: 18px; color: inherit;'>Tono Azul para el Instalador<\/div>\n<div style='padding: 15px; color: inherit;'> <img style='width: 100%; height: auto; border: 1px solid rgba(150&comma;150&comma;150&comma;0.3); border-radius: 8px; margin-bottom: 10px;' src='https:\/\/www.optex.co.jp\/e\/products\/intrusion-detection\/passivesensor\/htq74l00000020di-img\/Blue-touch.png' alt=''> <\/p>\n<p style='font-size: 14px; margin: 0;'> Todas las partes accesibles est\u00e1n coloreadas en azul&comma; lo que hace que la instalaci\u00f3n sea un procedimiento m\u00e1s amigable. <\/p>\n<\/p><\/div>\n<\/p><\/div>\n<div style='border: 1px solid rgba(150&comma; 150&comma; 150&comma; 0.4); border-radius: 8px; overflow: hidden; display: flex; flex-direction: column;'>\n<div style='padding: 15px; border-bottom: 1px solid rgba(150&comma; 150&comma; 150&comma; 0.2); font-weight: bold; font-size: 18px; color: inherit;'>Indicador de Nivel para una Instalaci\u00f3n Equilibrada<\/div>\n<div style='padding: 15px; color: inherit;'> <img style='width: 100%; height: auto; border: 1px solid rgba(150&comma;150&comma;150&comma;0.3); border-radius: 8px; margin-bottom: 10px;' src='https:\/\/www.optex.co.jp\/e\/products\/intrusion-detection\/passivesensor\/htq74l00000020di-img\/tdphtg000000322z.png' alt=''> <\/p>\n<p style='font-size: 14px; margin: 0;'> La serie BX SHIELD presenta un indicador de nivel para facilitar el proceso de instalaci\u00f3n. <\/p>\n<\/p><\/div>\n<\/p><\/div>\n<\/p><\/div>\n<hr style='border: 0; border-top: 1px solid rgba(150&comma; 150&comma; 150&comma; 0.3); margin: 30px 0;'>\n<div style='margin: 30px 0;'>\n<h3 style='font-size: 22px; border-bottom: 2px solid currentColor; padding-bottom: 5px; margin-top: 0; margin-bottom: 20px; color: inherit; opacity: 0.8;'>Aplicaciones<\/h3>\n<p> <img style='width: 100%; height: auto; border: 1px solid rgba(150&comma;150&comma;150&comma;0.3); border-radius: 8px;' src='https:\/\/i.ibb.co\/jTd08sH\/DAAAAAAAA.png' alt=''> <\/div>\n<\/p><\/div>\n","protected":false},"excerpt":{"rendered":"<p>Sensor de Movimiento \/ 24 Metros de Detecci\u00f3n \/ 100% Exterior \/ Serie Shield de Optex \/ Dise\u00f1o Est\u00e9tico y Formal \/ Cableado \/ Compatible con cualquier panel de alarma<\/p>\n","protected":false},"featured_media":7420,"comment_status":"open","ping_status":"closed","template":"","meta":[],"product_brand":[],"product_cat":[202],"product_tag":[19,203,106],"class_list":{"0":"post-7421","1":"product","2":"type-product","3":"status-publish","4":"has-post-thumbnail","6":"product_cat-movimiento-para-exterior","7":"product_tag-detectores-sensores","8":"product_tag-movimiento-para-exterior","9":"product_tag-optex","11":"first","12":"instock","13":"sale","14":"shipping-taxable","15":"purchasable","16":"product-type-simple"},"_links":{"self":[{"href":"https:\/\/soydeaqui.ddns.net\/pachuca\/index.php\/wp-json\/wp\/v2\/product\/7421","targetHints":{"allow":["GET"]}}],"collection":[{"href":"https:\/\/soydeaqui.ddns.net\/pachuca\/index.php\/wp-json\/wp\/v2\/product"}],"about":[{"href":"https:\/\/soydeaqui.ddns.net\/pachuca\/index.php\/wp-json\/wp\/v2\/types\/product"}],"replies":[{"embeddable":true,"href":"https:\/\/soydeaqui.ddns.net\/pachuca\/index.php\/wp-json\/wp\/v2\/comments?post=7421"}],"wp:featuredmedia":[{"embeddable":true,"href":"https:\/\/soydeaqui.ddns.net\/pachuca\/index.php\/wp-json\/wp\/v2\/media\/7420"}],"wp:attachment":[{"href":"https:\/\/soydeaqui.ddns.net\/pachuca\/index.php\/wp-json\/wp\/v2\/media?parent=7421"}],"wp:term":[{"taxonomy":"product_brand","embeddable":true,"href":"https:\/\/soydeaqui.ddns.net\/pachuca\/index.php\/wp-json\/wp\/v2\/product_brand?post=7421"},{"taxonomy":"product_cat","embeddable":true,"href":"https:\/\/soydeaqui.ddns.net\/pachuca\/index.php\/wp-json\/wp\/v2\/product_cat?post=7421"},{"taxonomy":"product_tag","embeddable":true,"href":"https:\/\/soydeaqui.ddns.net\/pachuca\/index.php\/wp-json\/wp\/v2\/product_tag?post=7421"}],"curies":[{"name":"wp","href":"https:\/\/api.w.org\/{rel}","templated":true}]}}