{"id":74208,"date":"2026-03-19T13:52:20","date_gmt":"2026-03-19T13:52:20","guid":{"rendered":"https:\/\/soydeaqui.ddns.net\/pachuca\/index.php\/producto\/suscriptor-remoto-5-15-5-35-ghz-54-mbps-hasta-53-8-mbps-en-uplink-o-53-8-mbps-en-downlink-gestionables-antena-21-dbi\/"},"modified":"2026-03-19T13:52:21","modified_gmt":"2026-03-19T13:52:21","slug":"suscriptor-remoto-5-15-5-35-ghz-54-mbps-hasta-53-8-mbps-en-uplink-o-53-8-mbps-en-downlink-gestionables-antena-21-dbi","status":"publish","type":"product","link":"https:\/\/soydeaqui.ddns.net\/pachuca\/index.php\/producto\/suscriptor-remoto-5-15-5-35-ghz-54-mbps-hasta-53-8-mbps-en-uplink-o-53-8-mbps-en-downlink-gestionables-antena-21-dbi\/","title":{"rendered":"Suscriptor Remoto, 5.15 &#8211; 5.35 GHz, 54 Mbps (Hasta 53.8 Mbps en Uplink o 53.8 Mbps en Downlink gestionables), Antena 21 dBi"},"content":{"rendered":"<div style='width: 100%; max-width: 1200px; margin: 0 auto; font-family: sans-serif; line-height: 1.6; color: inherit; background-color: transparent;'> <!-- Secci\u00f3n de descripci\u00f3n --> <\/p>\n<div style='margin-bottom: 30px;'>\n<h2 style='font-size: 20px; border-bottom: 2px solid currentColor; padding-bottom: 5px; margin-top: 0; color: inherit; opacity: 0.8;'>Soluci\u00f3n de banda ancha inal\u00e1mbrica confiable<\/h2>\n<p style='font-size: 15px; color: inherit; margin-bottom: 15px; margin-top: 15px;'>La serie Breeze Access VL de Alvarion es una soluci\u00f3n punto a multipunto (PtMP) flexible y probada en campo que proporciona conectividad inal\u00e1mbrica de banda ancha en exteriores para una gran variedad de aplicaciones en instalaciones urbanas y rurales. Disponible en una gama de frecuencias en las bandas 4.9 \/ 5 GHz. Esta plataforma ampliamente probada ofrece un enlace en exteriores de nivel de calidad clase operador con mayor seguridad y capacidad as\u00ed como QoS para servicios de datos&comma; voz y video. La configuraci\u00f3n uplink\/downlink del ancho de banda al aire mejorada ofrece mejor soporte en aplicaciones comerciales que incluyen seguridad p\u00fablica y video vigilancia urbana de alta seguridad.<\/p>\n<p style='font-size: 15px; color: inherit; margin-bottom: 15px;'>Breeze Access VL soporta una amplia gama de unidades de suscriptor&comma; lo que proporciona una soluci\u00f3n optimizada para requerimientos de desempe\u00f1o y costo en distintos mercados y clientes. Permite que operadores&comma; municipalidades&comma; empresas y comunidades en todo el mundo se beneficien r\u00e1pidamente y de manera rentable con una variedad de servicios de banda ancha de la mejor calidad en el mercado.<\/p>\n<\/p><\/div>\n<p> <!-- Secci\u00f3n de caracter\u00edsticas generales --> <\/p>\n<div style='margin-bottom: 30px;'>\n<h3 style='font-size: 20px; border-bottom: 2px solid currentColor; padding-bottom: 5px; margin-top: 0; color: inherit; opacity: 0.8;'>Caracter\u00edsticas Generales de la serie Breeze Access VL<\/h3>\n<ul style='padding-left: 20px; font-size: 15px; color: inherit; margin-top: 15px;'>\n<li style='margin-bottom: 5px;'>Soluci\u00f3n Premium 4.9 \/ 5 GHz en sistemas punto-multipunto.<\/li>\n<li style='margin-bottom: 5px;'>Amplia gama de unidades de suscriptor que soportan varias aplicaciones.<\/li>\n<li style='margin-bottom: 5px;'>QoS para aplicaciones de datos&comma; voz y video.<\/li>\n<li style='margin-bottom: 5px;'>Alcance de cobertura hasta 30 km.<\/li>\n<li style='margin-bottom: 5px;'>Capacidad de 32 Mbps por sector actualizable a 70 Mbps con licencia de 40 MHz en estaciones base AU (Access Unit)&comma; y funcionalidades de propagaci\u00f3n excelentes.<\/li>\n<li style='margin-bottom: 5px;'>Conectividad segura: FIPS-140-2&comma; FIPS-197 y AES 128 impenetrable basados en HW.<\/li>\n<li style='margin-bottom: 5px;'>Tecnolog\u00eda: TDD&comma; OFDM&comma; NLOS.<\/li>\n<li style='margin-bottom: 5px;'>MIR\/CIR configurable por SU (Subscriber Unit) por direcci\u00f3n uplink\/downlink.<\/li>\n<li style='margin-bottom: 5px;'>Configuraci\u00f3n escalable basada en licencias para pagar conforme se crece.<\/li>\n<li style='margin-bottom: 5px;'>Funciones especiales de video vigilancia activado por configuraci\u00f3n uplink\/downlink.<\/li>\n<li style='margin-bottom: 5px;'>Control autom\u00e1tico de transmisi\u00f3n de potencia (ATCP).<\/li>\n<\/ul><\/div>\n<p> <!-- Secci\u00f3n de caracter\u00edsticas t\u00e9cnicas --> <\/p>\n<div style='margin-bottom: 30px;'>\n<h3 style='font-size: 20px; border-bottom: 2px solid currentColor; padding-bottom: 5px; margin-top: 0; color: inherit; opacity: 0.8;'>Caracter\u00edsticas t\u00e9cnicas de SU-A-52-54-BD-VL<\/h3>\n<ul style='padding-left: 20px; font-size: 15px; color: inherit; margin-top: 15px;'>\n<li style='margin-bottom: 5px;'><strong>Rango de frecuencia:<\/strong> 5.15 &#8211; 5.35 GHz.<\/li>\n<li style='margin-bottom: 5px;'><strong>Tipo:<\/strong> Unidad de Suscriptor (SU).<\/li>\n<li style='margin-bottom: 5px;'><strong>Chasis:<\/strong> Tipo operador altamente resistente.<\/li>\n<li style='margin-bottom: 5px;'><strong>Ancho de banda:<\/strong> Downlink y Uplink administrable (MIR\/CIR) seg\u00fan aplicaci\u00f3n de datos&comma; voz o video.<\/li>\n<li style='margin-bottom: 5px;'><strong>Rangos programables en MIR\/CIR:<\/strong><\/li>\n<ul style='padding-left: 30px; margin-top: 5px;'>\n<li style='margin-bottom: 5px;'>MIR Uplink de 128 a 53&comma;888 Kbps<\/li>\n<li style='margin-bottom: 5px;'>MIR Downlink de 128 a 53&comma;888 Kbps<\/li>\n<\/ul>\n<li style='margin-bottom: 5px;'><strong>Ancho de canal:<\/strong> 10 y 20 MHz. (40 MHz con licencia 5030002)<\/li>\n<li style='margin-bottom: 5px;'><strong>Gesti\u00f3n:<\/strong> v\u00eda SNMP&comma; Telnet y AlvariStar. (Sin interfaz web para mayor seguridad).<\/li>\n<li style='margin-bottom: 5px;'><strong>Tipo de radio:<\/strong> MIMO&comma; OFDM&comma; TDD (Time Division Duplex).<\/li>\n<li style='margin-bottom: 5px;'><strong>Soporte VLAN:<\/strong> Basado en 802.1Q.<\/li>\n<li style='margin-bottom: 5px;'><strong>Optimizaci\u00f3n:<\/strong> De peque\u00f1os paquetes para soportar voz avanzada.<\/li>\n<li style='margin-bottom: 5px;'><strong>Modulaci\u00f3n:<\/strong> OFDM&comma; BPSK&comma; QPSK&comma; QAM16&comma; QAM64.<\/li>\n<li style='margin-bottom: 5px;'><strong>Wi-Fi Multimedia:<\/strong> WMM y QoS.<\/li>\n<li style='margin-bottom: 5px;'><strong>Actualizaci\u00f3n de firmware:<\/strong> V\u00eda protocolo TFTP y FTP.<\/li>\n<li style='margin-bottom: 5px;'><strong>Potencia de salida:<\/strong> -10 dBm a 21 dBm autom\u00e1ticamente ajustado por ATCP.<\/li>\n<li style='margin-bottom: 5px;'><strong>Puerto Ethernet:<\/strong> Auto negociable Fast Ethernet: 10\/100 Mbps.<\/li>\n<li style='margin-bottom: 5px;'><strong>Antena:<\/strong> De panel integrada 21 dBi&comma; 10.5\u00b0 H\/V.<\/li>\n<li style='margin-bottom: 5px;'><strong>Consumo de potencia:<\/strong> 25 W.<\/li>\n<li style='margin-bottom: 5px;'><strong>Rango de temperatura:<\/strong> -40\u00b0C a 55\u00b0C.<\/li>\n<li style='margin-bottom: 5px;'><strong>Protecci\u00f3n:<\/strong> IP-67 para ambientes hostiles.<\/li>\n<\/ul><\/div>\n<p> <!-- Secci\u00f3n de consulta --> <\/p>\n<div style='margin-bottom: 30px;'>\n<p style='font-size: 15px; color: inherit; margin: 0;'><strong>\u00a1Pregunte por tiempo de entrega!<\/strong><\/p>\n<\/p><\/div>\n<\/p><\/div>\n","protected":false},"excerpt":{"rendered":"<p>Suscriptor Remoto, 5.15 &#8211; 5.35 GHz, 54 Mbps (Hasta 53.8 Mbps en Uplink o 53.8 Mbps en Downlink gestionables), Antena 21 dBi<\/p>\n","protected":false},"featured_media":74207,"comment_status":"open","ping_status":"closed","template":"","meta":[],"product_brand":[],"product_cat":[1998],"product_tag":[1999,2096,1980],"class_list":{"0":"post-74208","1":"product","2":"type-product","3":"status-publish","4":"has-post-thumbnail","6":"product_cat-5-y-6-ghz","7":"product_tag-5-y-6-ghz","8":"product_tag-alvarion","9":"product_tag-enlaces-ptp-y-ptmp","11":"first","12":"outofstock","13":"sale","14":"shipping-taxable","15":"purchasable","16":"product-type-simple"},"_links":{"self":[{"href":"https:\/\/soydeaqui.ddns.net\/pachuca\/index.php\/wp-json\/wp\/v2\/product\/74208","targetHints":{"allow":["GET"]}}],"collection":[{"href":"https:\/\/soydeaqui.ddns.net\/pachuca\/index.php\/wp-json\/wp\/v2\/product"}],"about":[{"href":"https:\/\/soydeaqui.ddns.net\/pachuca\/index.php\/wp-json\/wp\/v2\/types\/product"}],"replies":[{"embeddable":true,"href":"https:\/\/soydeaqui.ddns.net\/pachuca\/index.php\/wp-json\/wp\/v2\/comments?post=74208"}],"wp:featuredmedia":[{"embeddable":true,"href":"https:\/\/soydeaqui.ddns.net\/pachuca\/index.php\/wp-json\/wp\/v2\/media\/74207"}],"wp:attachment":[{"href":"https:\/\/soydeaqui.ddns.net\/pachuca\/index.php\/wp-json\/wp\/v2\/media?parent=74208"}],"wp:term":[{"taxonomy":"product_brand","embeddable":true,"href":"https:\/\/soydeaqui.ddns.net\/pachuca\/index.php\/wp-json\/wp\/v2\/product_brand?post=74208"},{"taxonomy":"product_cat","embeddable":true,"href":"https:\/\/soydeaqui.ddns.net\/pachuca\/index.php\/wp-json\/wp\/v2\/product_cat?post=74208"},{"taxonomy":"product_tag","embeddable":true,"href":"https:\/\/soydeaqui.ddns.net\/pachuca\/index.php\/wp-json\/wp\/v2\/product_tag?post=74208"}],"curies":[{"name":"wp","href":"https:\/\/api.w.org\/{rel}","templated":true}]}}