{"id":742,"date":"2026-03-18T05:43:39","date_gmt":"2026-03-18T05:43:39","guid":{"rendered":"https:\/\/soydeaqui.ddns.net\/pachuca\/index.php\/producto\/detector-fotoelectrico-con-celda-solar-de-3-rayos-alcance-exterior-100-m-4-frecuencias\/"},"modified":"2026-03-18T05:43:42","modified_gmt":"2026-03-18T05:43:42","slug":"detector-fotoelectrico-con-celda-solar-de-3-rayos-alcance-exterior-100-m-4-frecuencias","status":"publish","type":"product","link":"https:\/\/soydeaqui.ddns.net\/pachuca\/index.php\/producto\/detector-fotoelectrico-con-celda-solar-de-3-rayos-alcance-exterior-100-m-4-frecuencias\/","title":{"rendered":"Detector fotoelectrico con CELDA SOLAR; DE 3 RAYOS; alcance exterior 100 m \/ 4 frecuencias"},"content":{"rendered":"<div style='width: 100%; max-width: 1200px; margin: 0 auto; font-family: sans-serif; line-height: 1.6; color: inherit; background-color: transparent;'>\n<div style='width: 100%; margin-bottom: 30px;'> <img style='width: 100%; height: auto; border: 1px solid rgba(150&comma;150&comma;150&comma;0.3); border-radius: 8px;' src='https:\/\/http2.mlstatic.com\/sirena-alarma-12v-30w-para-alarma-muy-potente-sf581l-sfire-D_NQ_NP_965156-MLM29222112039_012019-O.jpg' alt=''> <\/div>\n<div style='display: flex; flex-wrap: wrap; gap: 30px; margin-bottom: 30px;'>\n<div style='flex: 1 1 300px; min-width: 280px;'>\n<h3 style='font-size: 22px; border-bottom: 2px solid currentColor; padding-bottom: 5px; margin-top: 0; color: inherit; opacity: 0.8;'>Caracter\u00edsticas principales<\/h3>\n<ul style='padding-left: 20px; font-size: 15px; color: inherit;'>\n<li style='margin-bottom: 5px;'>Toda la serie de detectores fotoelectricos de <strong>S FIRE\u00ae<\/strong> cuentan con un exclusivo dise\u00f1o de la cubierta que evita falsas alarmas por lluvia&comma; nieve y reflejos producidos por el sol.<\/li>\n<li style='margin-bottom: 5px;'>Los canales de rayo fotoel\u00e9ctricos son digitales lo que permite una perfecta sincronizaci\u00f3n entre el trasmisor y el receptor&comma; evitando falsas alarmas por interferencias o equipos similares.<\/li>\n<li style='margin-bottom: 5px;'>Los modelos SFIRE le brindan mayor nivel de seguridad ya que ofrecen una protecci\u00f3n con 2 rayos infrarrojos los cuales tiene que ser obstruidos simult\u00e1neamente para generar alarma.<\/li>\n<\/ul><\/div>\n<\/p><\/div>\n<div style='display: flex; flex-wrap: wrap; gap: 20px; margin-bottom: 30px;'>\n<div style='flex: 1 1 250px; border: 1px solid rgba(150&comma; 150&comma; 150&comma; 0.4); border-radius: 8px; overflow: hidden; display: flex; flex-direction: column;'>\n<div style='padding: 15px; border-bottom: 1px solid rgba(150&comma; 150&comma; 150&comma; 0.2); font-weight: bold; font-size: 18px; color: inherit;'>Caracter\u00edsticas principales<\/div>\n<div style='padding: 15px; color: inherit;'>\n<ul style='padding-left: 20px; margin: 0; font-size: 14px; list-style-type: disc;'>\n<li style='margin-bottom: 5px;'><strong>Distancia en interior sin tapa:<\/strong> 190 metros<\/li>\n<li style='margin-bottom: 5px;'><strong>Rayos infrarrojos:<\/strong> 3<\/li>\n<li style='margin-bottom: 5px;'><strong>Distancia en exterior con tapa:<\/strong> 100 metros<\/li>\n<li style='margin-bottom: 5px;'><strong>Frecuencias seleccionables:<\/strong> 4<\/li>\n<li style='margin-bottom: 5px;'><strong>Tiempo de respuesta:<\/strong> 100ms<\/li>\n<\/ul><\/div>\n<\/p><\/div>\n<div style='flex: 1 1 250px; border: 1px solid rgba(150&comma; 150&comma; 150&comma; 0.4); border-radius: 8px; overflow: hidden; display: flex; flex-direction: column;'>\n<div style='padding: 15px; border-bottom: 1px solid rgba(150&comma; 150&comma; 150&comma; 0.2); font-weight: bold; font-size: 18px; color: inherit;'>Caracter\u00edsticas F\u00edsicas y El\u00e9ctricas<\/div>\n<div style='padding: 15px; color: inherit;'>\n<ul style='padding-left: 20px; margin: 0; font-size: 14px; list-style-type: disc;'>\n<li style='margin-bottom: 5px;'><strong>Salida de alarma:<\/strong> Normalmente abierto<\/li>\n<li style='margin-bottom: 5px;'><strong>Alimentaci\u00f3n:<\/strong> Cuenta con un peque\u00f1o panel solar para ambientes donde no hay electricidad<\/li>\n<li style='margin-bottom: 5px;'><strong>Bater\u00eda:<\/strong> 3.7Vcc 4&comma;000 mAH recargable (de litio) incluida<\/li>\n<li style='margin-bottom: 5px;'><strong>Durabilidad:<\/strong> 2-3 a\u00f1os<\/li>\n<li style='margin-bottom: 5px;'><strong>Consumo:<\/strong> 7.5mA<\/li>\n<li style='margin-bottom: 5px;'><strong>Tamper:<\/strong> Normalmente cerrado<\/li>\n<li style='margin-bottom: 5px;'><strong>Temperatura de operaci\u00f3n:<\/strong> -25\u00b0C ~ 65\u00b0C<\/li>\n<li style='margin-bottom: 5px;'><strong>Dimensiones:<\/strong> 40.5x14x13cm<\/li>\n<\/ul><\/div>\n<\/p><\/div>\n<div style='flex: 1 1 250px; border: 1px solid rgba(150&comma; 150&comma; 150&comma; 0.4); border-radius: 8px; overflow: hidden; display: flex; flex-direction: column;'>\n<div style='padding: 15px; border-bottom: 1px solid rgba(150&comma; 150&comma; 150&comma; 0.2); font-weight: bold; font-size: 18px; color: inherit;'>Caracter\u00edsticas Destacadas<\/div>\n<div style='padding: 15px; color: inherit;'>\n<ul style='padding-left: 20px; margin: 0; font-size: 14px; list-style-type: disc;'>\n<li style='margin-bottom: 5px;'><strong>Montaje:<\/strong> Poste o pared<\/li>\n<li style='margin-bottom: 5px;'><strong>Peso:<\/strong> 1.4 kg<\/li>\n<li style='margin-bottom: 5px;'><strong>Garant\u00eda:<\/strong> 3 a\u00f1os<\/li>\n<li style='margin-bottom: 5px;'><strong>Compatibilidad:<\/strong> Compatible con alarmas cableadas<\/li>\n<li style='margin-bottom: 5px; background-color: #e74c3c; color: #ffffff; padding: 5px; border-radius: 4px;'>No usar para sistemas de control de acceso<\/li>\n<li style='margin-bottom: 5px; background-color: #e74c3c; color: #ffffff; padding: 5px; border-radius: 4px;'><strong>Si se agrega en panel Resideo usar el 5817CBXT<\/strong><\/li>\n<li style='margin-bottom: 5px; background-color: #e74c3c; color: #ffffff; padding: 5px; border-radius: 4px;'><strong>Si se agrega con AXPRO usar el DS-PDMC-EG2-WB(B)<\/strong><\/li>\n<\/ul><\/div>\n<\/p><\/div>\n<\/p><\/div>\n<div style='width: 100%; margin-bottom: 30px;'> <a href='https:\/\/www.syscom.mx\/principal\/consultarproductosazul?global_search=fotoelectricos&#038;ordenar=Relevancia&#038;marca=-sfire&#038;pag=1'> <img style='width: 100%; height: auto; border: 1px solid rgba(150&comma;150&comma;150&comma;0.3); border-radius: 8px;' src='https:\/\/lh3.googleusercontent.com\/B22ZIZ9GJ8DCucK6TKHb8E_FYBMkgVQGxJawNMkLVC1WvJ4Z6HGTXi5vk-MDjNxFEysSMBFxhkZ2RmYqMUopey4CnD2Q0QJu32UXBsZelDWCGDkVULEHN5zXVrHh7CUouVs5srA3kCmdt5jccV8bE-8-VP35kFljriCItiNt8kMPlXAhmOHeeFV_oR1GNQJNO7aT5h2yv8TbdSvP3hhinZ_5La-Xvj6O0UV7s_sPA-zDRhqvSOSCYgxGsOX5IF1hYUvM4EzX6Z3dgXo5R0HSvB0q1HTbzxt6xRSMmXorh5N5sv5WP6ywQ9BxB-XkvV0HLhAOdm6q79Yt9OgFWyIm7aPvxilYFsor6NnbX7__EjomF3wb-UmkVR3XTgsD1XdYT7pTRqOXOq-sponqkNn_WURu3ZwIqHZbdZrRW-u2Ru8pNTD-tEfRMiFP2kK5RDv4D5NhOPf4x_yhH7SiH7ij5r8QoDjkMgs7j0sz-usJBltpVTQNvwGSPhd3RoVnIJE-hC6pxL4Shraw5w5jOuhRdrqSJsJP8GrJo71Gft6Nm4qTY7x5IUPY4Pg6qqoKb_Mn4pdIp6cMF7zFaLaDrPgNOSJ88E5KwiZblb_EqMVqr_TepB4gKCjESp1aQZfBH8ME3rJj64LLPEVhABvWyIO4Q-EuhAQCDu4=w1200-h447-no' alt=''><\/a> <\/div>\n<hr style='border: 0; border-top: 1px solid rgba(150&comma; 150&comma; 150&comma; 0.3); margin: 30px 0;'> <\/div>\n","protected":false},"excerpt":{"rendered":"<p>Detector fotoelectrico con CELDA SOLAR; DE 3 RAYOS; alcance exterior 100 m \/ 4 frecuencias<\/p>\n","protected":false},"featured_media":741,"comment_status":"open","ping_status":"closed","template":"","meta":[],"product_brand":[],"product_cat":[232],"product_tag":[19,233,79],"class_list":{"0":"post-742","1":"product","2":"type-product","3":"status-publish","4":"has-post-thumbnail","6":"product_cat-fotoelectricos-y-microondas","7":"product_tag-detectores-sensores","8":"product_tag-fotoelectricos-y-microondas","9":"product_tag-sfire","11":"first","12":"instock","13":"sale","14":"shipping-taxable","15":"purchasable","16":"product-type-simple"},"_links":{"self":[{"href":"https:\/\/soydeaqui.ddns.net\/pachuca\/index.php\/wp-json\/wp\/v2\/product\/742","targetHints":{"allow":["GET"]}}],"collection":[{"href":"https:\/\/soydeaqui.ddns.net\/pachuca\/index.php\/wp-json\/wp\/v2\/product"}],"about":[{"href":"https:\/\/soydeaqui.ddns.net\/pachuca\/index.php\/wp-json\/wp\/v2\/types\/product"}],"replies":[{"embeddable":true,"href":"https:\/\/soydeaqui.ddns.net\/pachuca\/index.php\/wp-json\/wp\/v2\/comments?post=742"}],"wp:featuredmedia":[{"embeddable":true,"href":"https:\/\/soydeaqui.ddns.net\/pachuca\/index.php\/wp-json\/wp\/v2\/media\/741"}],"wp:attachment":[{"href":"https:\/\/soydeaqui.ddns.net\/pachuca\/index.php\/wp-json\/wp\/v2\/media?parent=742"}],"wp:term":[{"taxonomy":"product_brand","embeddable":true,"href":"https:\/\/soydeaqui.ddns.net\/pachuca\/index.php\/wp-json\/wp\/v2\/product_brand?post=742"},{"taxonomy":"product_cat","embeddable":true,"href":"https:\/\/soydeaqui.ddns.net\/pachuca\/index.php\/wp-json\/wp\/v2\/product_cat?post=742"},{"taxonomy":"product_tag","embeddable":true,"href":"https:\/\/soydeaqui.ddns.net\/pachuca\/index.php\/wp-json\/wp\/v2\/product_tag?post=742"}],"curies":[{"name":"wp","href":"https:\/\/api.w.org\/{rel}","templated":true}]}}