{"id":74197,"date":"2026-03-19T13:51:53","date_gmt":"2026-03-19T13:51:53","guid":{"rendered":"https:\/\/soydeaqui.ddns.net\/pachuca\/index.php\/producto\/switch-administrable-l2-de-48-puertos-10-100-mbps-2-puertos-gigabit-ethernet-2-puertos-sfp-gigabit\/"},"modified":"2026-03-19T13:51:55","modified_gmt":"2026-03-19T13:51:55","slug":"switch-administrable-l2-de-48-puertos-10-100-mbps-2-puertos-gigabit-ethernet-2-puertos-sfp-gigabit","status":"publish","type":"product","link":"https:\/\/soydeaqui.ddns.net\/pachuca\/index.php\/producto\/switch-administrable-l2-de-48-puertos-10-100-mbps-2-puertos-gigabit-ethernet-2-puertos-sfp-gigabit\/","title":{"rendered":"Switch Administrable L2 de 48 Puertos 10\/100 Mbps + 2 Puertos Gigabit Ethernet + 2 Puertos SFP Gigabit."},"content":{"rendered":"<div style='width: 100%; max-width: 1200px; margin: 0 auto; font-family: sans-serif; line-height: 1.6; color: inherit; background-color: transparent;'> <!-- Secci\u00f3n de caracter\u00edsticas --> <\/p>\n<div style='display: flex; flex-wrap: wrap; gap: 30px; margin-bottom: 30px;'>\n<div style='flex: 1 1 300px; min-width: 280px;'>\n<h3 style='font-size: 22px; border-bottom: 2px solid currentColor; padding-bottom: 5px; margin-top: 0; color: inherit; opacity: 0.8;'>Puertos<\/h3>\n<ul style='padding-left: 20px; font-size: 15px; color: inherit;'>\n<li style='margin-bottom: 5px;'>48 Puertos 10\/100Base-TX<\/li>\n<li style='margin-bottom: 5px;'>2 Puertos 10\/100\/1000Base-T<\/li>\n<li style='margin-bottom: 5px;'>2 Interfaces SFP Mini-GBIC<\/li>\n<\/ul><\/div>\n<div style='flex: 1 1 300px; min-width: 280px;'>\n<h3 style='font-size: 22px; border-bottom: 2px solid currentColor; padding-bottom: 5px; margin-top: 0; color: inherit; opacity: 0.8;'>Administraci\u00f3n<\/h3>\n<ul style='padding-left: 20px; font-size: 15px; color: inherit;'>\n<li style='margin-bottom: 5px;'>Administraci\u00f3n por Interfaz Web<\/li>\n<li style='margin-bottom: 5px;'>Monitoreo por SNMP v1&comma; v2c<\/li>\n<li style='margin-bottom: 5px;'>Monitoreo en tiempo real con historial&comma; estad\u00edsticas&comma; alarmas y eventos<\/li>\n<li style='margin-bottom: 5px;'>Auto-Negociaci\u00f3n Full\/Half Duplex 10Base-T \/ 100Base-TX \/ 1000Base-T<\/li>\n<li style='margin-bottom: 5px;'>Auto-Detecci\u00f3n MDI\/MDI-X para cada puerto RJ45<\/li>\n<li style='margin-bottom: 5px;'>Arquitectura store and forward de alto rendimiento<\/li>\n<\/ul><\/div>\n<div style='flex: 1 1 300px; min-width: 280px;'>\n<h3 style='font-size: 22px; border-bottom: 2px solid currentColor; padding-bottom: 5px; margin-top: 0; color: inherit; opacity: 0.8;'>Caracter\u00edsticas Capa 2<\/h3>\n<ul style='padding-left: 20px; font-size: 15px; color: inherit;'>\n<li style='margin-bottom: 5px;'>Cumple con los est\u00e1ndares Gigabit 802.3&comma; 802.3u&comma; 802.3ab&comma; 802.3z<\/li>\n<li style='margin-bottom: 5px;'>Tecnolog\u00eda para diagn\u00f3stico de cables<\/li>\n<li style='margin-bottom: 5px;'>Soporta Quality of Service&comma; Multicast IGMP Snooping V1 y V2&comma; Flow Control&comma; 802.1Q VLANs&comma; 802.3ad LACP Link Aggregation&comma; Port Mirroring&comma; Broadcast \/ Multicast \/ Unicast Storm Control&comma; ACL&comma; NTP&comma; LLDP<\/li>\n<\/ul><\/div>\n<div style='flex: 1 1 300px; min-width: 280px;'>\n<h3 style='font-size: 22px; border-bottom: 2px solid currentColor; padding-bottom: 5px; margin-top: 0; color: inherit; opacity: 0.8;'>Caracter\u00edsticas F\u00edsicas y El\u00e9ctricas<\/h3>\n<ul style='padding-left: 20px; font-size: 15px; color: inherit;'>\n<li style='margin-bottom: 5px;'>Alimentaci\u00f3n: 100-240VCA \/ 1.2A \/ 24W<\/li>\n<li style='margin-bottom: 5px;'>Dimensiones: 1U Rack&comma; 440 x 200 x 44 mm<\/li>\n<li style='margin-bottom: 5px;'>Peso: 3Kg<\/li>\n<li style='margin-bottom: 5px;'>Temperatura de Operaci\u00f3n: 0 a 50\u00b0C<\/li>\n<\/ul><\/div>\n<\/p><\/div>\n<p> <!-- Secci\u00f3n de informaci\u00f3n adicional --> <\/p>\n<div style='display: flex; flex-wrap: wrap; gap: 30px; margin-bottom: 30px;'>\n<div style='flex: 1 1 300px; min-width: 280px;'>\n<h3 style='font-size: 22px; border-bottom: 2px solid currentColor; padding-bottom: 5px; margin-top: 0; color: inherit; opacity: 0.8;'>Informaci\u00f3n Adicional<\/h3>\n<ul style='padding-left: 20px; font-size: 15px; color: inherit;'>\n<li style='margin-bottom: 5px;'>3 A\u00f1os de garant\u00eda<\/li>\n<li style='margin-bottom: 5px;'>Para aplicaciones VLAN con Redes Inal\u00e1mbricas consulte al Depto. de Ingenier\u00eda para asesor\u00eda<\/li>\n<\/ul><\/div>\n<\/p><\/div>\n<p> <!-- Secci\u00f3n de imagen --> <\/p>\n<div style='display: flex; flex-wrap: wrap; gap: 30px; margin-bottom: 30px;'>\n<div style='flex: 1 1 100%; min-width: 280px;'>\n<h3 style='font-size: 22px; border-bottom: 2px solid currentColor; padding-bottom: 5px; margin-top: 0; color: inherit; opacity: 0.8;'>Imagen del producto<\/h3>\n<div style='margin-top: 15px;'> <img style='width: 100%; height: auto; border: 1px solid rgba(150&comma;150&comma;150&comma;0.3); border-radius: 8px;' src='http:\/\/ftp3.syscom.mx\/usuarios\/despinoza\/planet\/FGSW-4840Sv3-5_L.gif' alt='FGSW4840S'> <\/div>\n<\/p><\/div>\n<\/p><\/div>\n<p> <!-- Separador --> <\/p>\n<hr style='border: 0; border-top: 1px solid rgba(150&comma; 150&comma; 150&comma; 0.3); margin: 30px 0;'> <\/div>\n","protected":false},"excerpt":{"rendered":"<p>Switch Administrable L2 de 48 Puertos 10\/100 Mbps + 2 Puertos Gigabit Ethernet + 2 Puertos SFP Gigabit.<\/p>\n","protected":false},"featured_media":74196,"comment_status":"open","ping_status":"closed","template":"","meta":[],"product_brand":[],"product_cat":[1970],"product_tag":[664,2033,1971],"class_list":{"0":"post-74197","1":"product","2":"type-product","3":"status-publish","4":"has-post-thumbnail","6":"product_cat-switches","7":"product_tag-networking","8":"product_tag-planet","9":"product_tag-switches","11":"first","12":"outofstock","13":"sale","14":"shipping-taxable","15":"purchasable","16":"product-type-simple"},"_links":{"self":[{"href":"https:\/\/soydeaqui.ddns.net\/pachuca\/index.php\/wp-json\/wp\/v2\/product\/74197","targetHints":{"allow":["GET"]}}],"collection":[{"href":"https:\/\/soydeaqui.ddns.net\/pachuca\/index.php\/wp-json\/wp\/v2\/product"}],"about":[{"href":"https:\/\/soydeaqui.ddns.net\/pachuca\/index.php\/wp-json\/wp\/v2\/types\/product"}],"replies":[{"embeddable":true,"href":"https:\/\/soydeaqui.ddns.net\/pachuca\/index.php\/wp-json\/wp\/v2\/comments?post=74197"}],"wp:featuredmedia":[{"embeddable":true,"href":"https:\/\/soydeaqui.ddns.net\/pachuca\/index.php\/wp-json\/wp\/v2\/media\/74196"}],"wp:attachment":[{"href":"https:\/\/soydeaqui.ddns.net\/pachuca\/index.php\/wp-json\/wp\/v2\/media?parent=74197"}],"wp:term":[{"taxonomy":"product_brand","embeddable":true,"href":"https:\/\/soydeaqui.ddns.net\/pachuca\/index.php\/wp-json\/wp\/v2\/product_brand?post=74197"},{"taxonomy":"product_cat","embeddable":true,"href":"https:\/\/soydeaqui.ddns.net\/pachuca\/index.php\/wp-json\/wp\/v2\/product_cat?post=74197"},{"taxonomy":"product_tag","embeddable":true,"href":"https:\/\/soydeaqui.ddns.net\/pachuca\/index.php\/wp-json\/wp\/v2\/product_tag?post=74197"}],"curies":[{"name":"wp","href":"https:\/\/api.w.org\/{rel}","templated":true}]}}