{"id":74187,"date":"2026-03-19T13:51:30","date_gmt":"2026-03-19T13:51:30","guid":{"rendered":"https:\/\/soydeaqui.ddns.net\/pachuca\/index.php\/producto\/extensor-poe-hasta-100-m-entrada-poe-gigabit-802-3-at-y-salida-poe-gigabit-802-3-af-at-interior\/"},"modified":"2026-03-19T13:51:38","modified_gmt":"2026-03-19T13:51:38","slug":"extensor-poe-hasta-100-m-entrada-poe-gigabit-802-3-at-y-salida-poe-gigabit-802-3-af-at-interior","status":"publish","type":"product","link":"https:\/\/soydeaqui.ddns.net\/pachuca\/index.php\/producto\/extensor-poe-hasta-100-m-entrada-poe-gigabit-802-3-at-y-salida-poe-gigabit-802-3-af-at-interior\/","title":{"rendered":"Extensor PoE+ \/ Hasta 100 m \/ Entrada PoE+ Gigabit 802.3 at y Salida PoE+ Gigabit 802.3 af \/ at \/ Interior"},"content":{"rendered":"<div style='width: 100%; max-width: 1200px; margin: 0 auto; font-family: sans-serif; line-height: 1.6; color: inherit; background-color: transparent;'> <!-- Icons section --> <\/p>\n<div style='display: flex; flex-wrap: wrap; justify-content: center; gap: 15px; margin-bottom: 30px;'> <img style='width: auto; height: 32px; border: 1px solid rgba(150&comma;150&comma;150&comma;0.3); border-radius: 8px;' src='https:\/\/www.planet.com.tw\/storage\/icons\/0icon_PoE+.png' alt='PoE+'> <img style='width: auto; height: 32px; border: 1px solid rgba(150&comma;150&comma;150&comma;0.3); border-radius: 8px;' src='https:\/\/www.planet.com.tw\/storage\/icons\/7icon_10M_100M_1000M.png' alt='10M\/100M\/1000M'> <img style='width: auto; height: 32px; border: 1px solid rgba(150&comma;150&comma;150&comma;0.3); border-radius: 8px;' src='https:\/\/www.planet.com.tw\/storage\/icons\/3Wall_mountable.png' alt='Montable en la pared'> <img style='width: auto; height: 32px; border: 1px solid rgba(150&comma;150&comma;150&comma;0.3); border-radius: 8px;' src='https:\/\/www.planet.com.tw\/storage\/icons\/4icon_plug_play.png' alt='Plug &#038; Play'> <img style='width: auto; height: 32px; border: 1px solid rgba(150&comma;150&comma;150&comma;0.3); border-radius: 8px;' src='https:\/\/www.planet.com.tw\/storage\/icons\/7icon_Metal-Housing.png' alt='Carcasa met\u00e1lica KG'> <\/div>\n<p> <!-- Main description --> <\/p>\n<div style='margin-bottom: 30px; font-size: 15px;'>\n<p>El POE-E201 es un extensor simple que extiende la distancia de transmisi\u00f3n <strong>de datos Gigabit Ethernet<\/strong> y <strong>IEEE 802.3at\/802.3af Power over Ethernet<\/strong> sobre los 100 m (328 pies) est\u00e1ndar Cat. Cable UTP 5\/5e\/6 a 200m&comma; 300m&comma; 400m y m\u00e1ximo 500m.<\/p>\n<\/p><\/div>\n<p> <!-- Product image --> <\/p>\n<div style='margin-bottom: 30px;'> <img style='width: 100%; height: auto; border: 1px solid rgba(150&comma;150&comma;150&comma;0.3); border-radius: 8px;' src='https:\/\/www.planet.com.tw\/storage\/products\/49453\/POE-E201v2-3.png' alt=''> <\/div>\n<p> <!-- Features grid --> <\/p>\n<div style='display: flex; flex-wrap: wrap; gap: 30px; margin-bottom: 30px;'>\n<div style='flex: 1 1 300px; min-width: 280px;'>\n<h3 style='font-size: 22px; border-bottom: 2px solid currentColor; padding-bottom: 5px; margin-top: 0; color: inherit; opacity: 0.8;'>Caracter\u00edsticas principales<\/h3>\n<ul style='padding-left: 20px; font-size: 15px; color: inherit;'>\n<li style='margin-bottom: 5px;'>Ampl\u00eda el alcance de PoE a m\u00e1s de 100 metros (328 pies)<\/li>\n<li style='margin-bottom: 5px;'>Soporta instalaci\u00f3n en cadena<\/li>\n<li style='margin-bottom: 5px;'>Plug and play<\/li>\n<li style='margin-bottom: 5px;'>Autodetecta dispositivos PoE 802.3af&comma; protege los equipos de da\u00f1os por mala instalaci\u00f3n<\/li>\n<li style='margin-bottom: 5px;'>Tama\u00f1o compacto&comma; dise\u00f1o para montar en la pared<\/li>\n<li style='margin-bottom: 5px;'>500 metros con instalaci\u00f3n en cadena de 4 unidades<\/li>\n<\/ul><\/div>\n<div style='flex: 1 1 300px; min-width: 280px;'>\n<h3 style='font-size: 22px; border-bottom: 2px solid currentColor; padding-bottom: 5px; margin-top: 0; color: inherit; opacity: 0.8;'>Caracter\u00edsticas F\u00edsicas y El\u00e9ctricas<\/h3>\n<ul style='padding-left: 20px; font-size: 15px; color: inherit;'>\n<li style='margin-bottom: 5px;'><strong>Entrada Ethernet PoE:<\/strong> 10\/100\/1000BASE-T con IEEE 802.3at\/802.3af<\/li>\n<li style='margin-bottom: 5px;'><strong>Salida Ethernet:<\/strong> 10\/100\/1000BASE-T con IEEE 802.3at\/802.3af<\/li>\n<li style='margin-bottom: 5px;'><strong>Dimensiones:<\/strong> 94 x 70 x 26 mm<\/li>\n<li style='margin-bottom: 5px;'><strong>Rango de temperatura:<\/strong> -10 a 60 \u00b0C<\/li>\n<li style='margin-bottom: 5px;'><strong>Contenido del paquete:<\/strong><\/li>\n<ul style='padding-left: 30px; margin-top: 5px;'>\n<li style='margin-bottom: 5px;'>Extensor<\/li>\n<li style='margin-bottom: 5px;'>Manual de usuario<\/li>\n<\/ul>\n<\/ul><\/div>\n<div style='flex: 1 1 300px; min-width: 280px;'>\n<h3 style='font-size: 22px; border-bottom: 2px solid currentColor; padding-bottom: 5px; margin-top: 0; color: inherit; opacity: 0.8;'>Caracter\u00edsticas Destacadas<\/h3>\n<p style='font-size: 15px; color: inherit;'>Con su capacidad para proporcionar extensi\u00f3n de datos 802.3af\/at PoE y Gigabit Ethernet&comma; el POE-E201 es una soluci\u00f3n de red ideal para proveedores de servicios&comma; campus y \u00e1reas p\u00fablicas. Le permite administrar la energ\u00eda de manera centralizada de manera f\u00e1cil&comma; eficiente y rentable&comma; sin importar la ubicaci\u00f3n remota en la que se encuentre.<\/p>\n<\/p><\/div>\n<\/p><\/div>\n<p> <!-- Separator --> <\/p>\n<hr style='border: 0; border-top: 1px solid rgba(150&comma; 150&comma; 150&comma; 0.3); margin: 30px 0;'> <\/div>\n","protected":false},"excerpt":{"rendered":"<p>Extensor PoE+ \/ Hasta 100 m \/ Entrada PoE+ Gigabit 802.3 at y Salida PoE+ Gigabit 802.3 af \/ at \/ Interior<\/p>\n","protected":false},"featured_media":74186,"comment_status":"open","ping_status":"closed","template":"","meta":[],"product_brand":[],"product_cat":[1322],"product_tag":[664,2033,1323],"class_list":{"0":"post-74187","1":"product","2":"type-product","3":"status-publish","4":"has-post-thumbnail","6":"product_cat-poe-de-largo-alcance","7":"product_tag-networking","8":"product_tag-planet","9":"product_tag-poe-de-largo-alcance","11":"first","12":"instock","13":"sale","14":"shipping-taxable","15":"purchasable","16":"product-type-simple"},"_links":{"self":[{"href":"https:\/\/soydeaqui.ddns.net\/pachuca\/index.php\/wp-json\/wp\/v2\/product\/74187","targetHints":{"allow":["GET"]}}],"collection":[{"href":"https:\/\/soydeaqui.ddns.net\/pachuca\/index.php\/wp-json\/wp\/v2\/product"}],"about":[{"href":"https:\/\/soydeaqui.ddns.net\/pachuca\/index.php\/wp-json\/wp\/v2\/types\/product"}],"replies":[{"embeddable":true,"href":"https:\/\/soydeaqui.ddns.net\/pachuca\/index.php\/wp-json\/wp\/v2\/comments?post=74187"}],"wp:featuredmedia":[{"embeddable":true,"href":"https:\/\/soydeaqui.ddns.net\/pachuca\/index.php\/wp-json\/wp\/v2\/media\/74186"}],"wp:attachment":[{"href":"https:\/\/soydeaqui.ddns.net\/pachuca\/index.php\/wp-json\/wp\/v2\/media?parent=74187"}],"wp:term":[{"taxonomy":"product_brand","embeddable":true,"href":"https:\/\/soydeaqui.ddns.net\/pachuca\/index.php\/wp-json\/wp\/v2\/product_brand?post=74187"},{"taxonomy":"product_cat","embeddable":true,"href":"https:\/\/soydeaqui.ddns.net\/pachuca\/index.php\/wp-json\/wp\/v2\/product_cat?post=74187"},{"taxonomy":"product_tag","embeddable":true,"href":"https:\/\/soydeaqui.ddns.net\/pachuca\/index.php\/wp-json\/wp\/v2\/product_tag?post=74187"}],"curies":[{"name":"wp","href":"https:\/\/api.w.org\/{rel}","templated":true}]}}