{"id":74135,"date":"2026-03-19T13:49:27","date_gmt":"2026-03-19T13:49:27","guid":{"rendered":"https:\/\/soydeaqui.ddns.net\/pachuca\/index.php\/producto\/convertidor-de-medios-utp-fibra-optica-de-1000-mbps-multi-modo-hasta-550-m-conector-sc\/"},"modified":"2026-03-19T13:49:32","modified_gmt":"2026-03-19T13:49:32","slug":"convertidor-de-medios-utp-fibra-optica-de-1000-mbps-multi-modo-hasta-550-m-conector-sc","status":"publish","type":"product","link":"https:\/\/soydeaqui.ddns.net\/pachuca\/index.php\/producto\/convertidor-de-medios-utp-fibra-optica-de-1000-mbps-multi-modo-hasta-550-m-conector-sc\/","title":{"rendered":"Convertidor de Medios UTP\/ Fibra \u00d3ptica de 1000 Mbps, Multi-Modo, Hasta 550 m, Conector SC"},"content":{"rendered":"<div style='width: 100%; max-width: 1200px; margin: 0 auto; font-family: sans-serif; line-height: 1.6; color: inherit; background-color: transparent;'> <!-- Iconos --> <\/p>\n<div style='display: flex; flex-wrap: wrap; gap: 15px; justify-content: center; margin: 20px 0;'> <img style='width: auto; max-width: 50px; height: auto; border: 1px solid rgba(150&comma;150&comma;150&comma;0.3); border-radius: 8px;' src='https:\/\/www.planet.com.tw\/storage\/icons\/7icon_10M_100M_1000M.png' alt='10\/100\/1000M'> <img style='width: auto; max-width: 50px; height: auto; border: 1px solid rgba(150&comma;150&comma;150&comma;0.3); border-radius: 8px;' src='https:\/\/www.planet.com.tw\/storage\/icons\/427\/6icon_100FX_1000X_Fiber-Optics.png' alt='Fibra \u00d3ptica'> <img style='width: auto; max-width: 50px; height: auto; border: 1px solid rgba(150&comma;150&comma;150&comma;0.3); border-radius: 8px;' src='https:\/\/www.planet.com.tw\/storage\/icons\/6icon_jumbo_frame.png' alt='Jumbo Frame'> <img style='width: auto; max-width: 50px; height: auto; border: 1px solid rgba(150&comma;150&comma;150&comma;0.3); border-radius: 8px;' src='https:\/\/www.planet.com.tw\/storage\/icons\/5icon_auto.png' alt='Auto MDI\/MDI-X'> <img style='width: auto; max-width: 50px; height: auto; border: 1px solid rgba(150&comma;150&comma;150&comma;0.3); border-radius: 8px;' src='https:\/\/www.planet.com.tw\/storage\/icons\/3Wall_mountable.png' alt='Montaje en Pared'> <img style='width: auto; max-width: 50px; height: auto; border: 1px solid rgba(150&comma;150&comma;150&comma;0.3); border-radius: 8px;' src='https:\/\/www.planet.com.tw\/storage\/icons\/7icon_Metal-Housing.png' alt='Carcaza Met\u00e1lica'> <\/div>\n<p> <!-- Secci\u00f3n introductoria --> <\/p>\n<div style='display: grid; grid-template-columns: 1fr; gap: 30px; margin: 30px 0;'>\n<div style='text-align: center;'>\n<h3 style='font-size: 22px; border-bottom: 2px solid currentColor; padding-bottom: 5px; margin-top: 0; color: inherit; opacity: 0.8;'>Redes de fibra \u00f3ptica para ISP&comma; empresas y hogares<\/h3>\n<p style='font-size: 15px; color: inherit;'>Con un alto rendimiento de transmisi\u00f3n de datos y una f\u00e1cil instalaci\u00f3n&comma; el GT-80x puede construir la soluci\u00f3n de red ISP de FTTH o FTTC para ISP y FTTB para redes de peque\u00f1as empresas.<\/p>\n<\/p><\/div>\n<div style='display: flex; justify-content: center;'> <img style='width: 100%; max-width: 400px; height: auto; border: 1px solid rgba(150&comma;150&comma;150&comma;0.3); border-radius: 8px;' src='https:\/\/www.planet.com.tw\/storage\/products\/49375\/GT-80Xv2-1_L.gif' alt='GT-80Xv2-1_L.gif'> <\/div>\n<\/p><\/div>\n<p> <!-- Secci\u00f3n de especificaciones --> <\/p>\n<h3 style='font-size: 22px; border-bottom: 2px solid currentColor; padding-bottom: 5px; margin-top: 30px; color: inherit; opacity: 0.8;'>Especificaciones<\/h3>\n<div style='display: flex; flex-wrap: wrap; gap: 20px; margin-top: 20px;'> <!-- Caracter\u00edsticas Principales --> <\/p>\n<div style='flex: 1 1 300px; min-width: 280px; border: 1px solid rgba(150&comma;150&comma;150&comma;0.4); border-radius: 8px; overflow: hidden;'>\n<div style='padding: 15px; border-bottom: 1px solid rgba(150&comma;150&comma;150&comma;0.2); font-weight: bold; font-size: 18px; color: inherit; background-color: rgba(13&comma; 110&comma; 253&comma; 0.1);'>Caracter\u00edsticas Principales:<\/div>\n<div style='padding: 15px; color: inherit;'>\n<ul style='padding-left: 20px; margin: 0; font-size: 14px; list-style-type: disc;'>\n<li style='margin-bottom: 5px;'>1000BASE-SX: cable de fibra multimodo de 50\/125 \u03bcm o 62&comma;5\/125 \u03bcm&comma; hasta 220\/550 m<\/li>\n<li style='margin-bottom: 5px;'>Longitud de onda \u00f3ptica de 850nm<\/li>\n<li style='margin-bottom: 5px;'>Max. optical launch power: -4 dBm<\/li>\n<li style='margin-bottom: 5px;'>Min. optical launch power: -9.5 dBm<\/li>\n<li style='margin-bottom: 5px;'>Presupuesto de enlace \u00f3ptico: 3 dB (62&comma;5\/125 \u03bcm)&comma; 4 dB (50\/125 \u03bcm)<\/li>\n<li style='margin-bottom: 5px;'>Interruptor DIP: Configuraci\u00f3n LFP (deshabilitar \/ habilitar)<\/li>\n<\/ul><\/div>\n<\/p><\/div>\n<p> <!-- Caracter\u00edsticas F\u00edsicas y El\u00e9ctricas --> <\/p>\n<div style='flex: 1 1 300px; min-width: 280px; border: 1px solid rgba(150&comma;150&comma;150&comma;0.4); border-radius: 8px; overflow: hidden;'>\n<div style='padding: 15px; border-bottom: 1px solid rgba(150&comma;150&comma;150&comma;0.2); font-weight: bold; font-size: 18px; color: inherit; background-color: rgba(13&comma; 110&comma; 253&comma; 0.1);'>Caracter\u00edsticas F\u00edsicas y El\u00e9ctricas:<\/div>\n<div style='padding: 15px; color: inherit;'>\n<ul style='padding-left: 20px; margin: 0; font-size: 14px; list-style-type: disc;'>\n<li style='margin-bottom: 5px;'>1 Puerto Ethernet 10\/100\/1000Mbps<\/li>\n<li style='margin-bottom: 5px;'>1 Puerto SC 1000BASE-SX<\/li>\n<li style='margin-bottom: 5px;'>Consumo de energ\u00eda 4.6 Watts\/15 BTU (M\u00e1x)<\/li>\n<li style='margin-bottom: 5px;'>Entrada de voltaje: 5 V\/ 2 A<\/li>\n<li style='margin-bottom: 5px;'>Dimensiones: 94 x 70.3 x 26.2 mm<\/li>\n<li style='margin-bottom: 5px;'>Peso: 0.2 kg<\/li>\n<li style='margin-bottom: 5px;'>Instalaci\u00f3n: Montaje en pared<\/li>\n<li style='margin-bottom: 5px;'>Temperatura de operaci\u00f3n: 0 a 50\u00b0C<\/li>\n<\/ul><\/div>\n<\/p><\/div>\n<p> <!-- Contenido del paquete --> <\/p>\n<div style='flex: 1 1 300px; min-width: 280px; border: 1px solid rgba(150&comma;150&comma;150&comma;0.4); border-radius: 8px; overflow: hidden;'>\n<div style='padding: 15px; border-bottom: 1px solid rgba(150&comma;150&comma;150&comma;0.2); font-weight: bold; font-size: 18px; color: inherit; background-color: rgba(13&comma; 110&comma; 253&comma; 0.1);'>Contenido del paquete:<\/div>\n<div style='padding: 15px; color: inherit;'>\n<ul style='padding-left: 20px; margin: 0; font-size: 14px; list-style-type: disc;'>\n<li style='margin-bottom: 5px;'>Convertidor de medios<\/li>\n<li style='margin-bottom: 5px;'>Fuente de voltaje de 5V&comma; 2A<\/li>\n<li style='margin-bottom: 5px;'>Manual de usuario<\/li>\n<\/ul><\/div>\n<\/p><\/div>\n<\/p><\/div>\n<p> <!-- Separador final --> <\/p>\n<hr style='border: 0; border-top: 1px solid rgba(150&comma;150&comma;150&comma;0.3); margin: 30px 0;'> <\/div>\n","protected":false},"excerpt":{"rendered":"<p>Convertidor de Medios UTP\/ Fibra \u00d3ptica de 1000 Mbps, Multi-Modo, Hasta 550 m, Conector SC<\/p>\n","protected":false},"featured_media":74134,"comment_status":"open","ping_status":"closed","template":"","meta":[],"product_brand":[],"product_cat":[2000],"product_tag":[2001,664,2033],"class_list":{"0":"post-74135","1":"product","2":"type-product","3":"status-publish","4":"has-post-thumbnail","6":"product_cat-convertidores-de-medios","7":"product_tag-convertidores-de-medios","8":"product_tag-networking","9":"product_tag-planet","11":"first","12":"instock","13":"sale","14":"shipping-taxable","15":"purchasable","16":"product-type-simple"},"_links":{"self":[{"href":"https:\/\/soydeaqui.ddns.net\/pachuca\/index.php\/wp-json\/wp\/v2\/product\/74135","targetHints":{"allow":["GET"]}}],"collection":[{"href":"https:\/\/soydeaqui.ddns.net\/pachuca\/index.php\/wp-json\/wp\/v2\/product"}],"about":[{"href":"https:\/\/soydeaqui.ddns.net\/pachuca\/index.php\/wp-json\/wp\/v2\/types\/product"}],"replies":[{"embeddable":true,"href":"https:\/\/soydeaqui.ddns.net\/pachuca\/index.php\/wp-json\/wp\/v2\/comments?post=74135"}],"wp:featuredmedia":[{"embeddable":true,"href":"https:\/\/soydeaqui.ddns.net\/pachuca\/index.php\/wp-json\/wp\/v2\/media\/74134"}],"wp:attachment":[{"href":"https:\/\/soydeaqui.ddns.net\/pachuca\/index.php\/wp-json\/wp\/v2\/media?parent=74135"}],"wp:term":[{"taxonomy":"product_brand","embeddable":true,"href":"https:\/\/soydeaqui.ddns.net\/pachuca\/index.php\/wp-json\/wp\/v2\/product_brand?post=74135"},{"taxonomy":"product_cat","embeddable":true,"href":"https:\/\/soydeaqui.ddns.net\/pachuca\/index.php\/wp-json\/wp\/v2\/product_cat?post=74135"},{"taxonomy":"product_tag","embeddable":true,"href":"https:\/\/soydeaqui.ddns.net\/pachuca\/index.php\/wp-json\/wp\/v2\/product_tag?post=74135"}],"curies":[{"name":"wp","href":"https:\/\/api.w.org\/{rel}","templated":true}]}}