{"id":7413,"date":"2026-03-18T06:56:08","date_gmt":"2026-03-18T06:56:08","guid":{"rendered":"https:\/\/soydeaqui.ddns.net\/pachuca\/index.php\/producto\/panel-de-alarma-hibrido-ip-wifi-8-zonas-cableadas-directas-al-panel-56-zonas-expandibles-inalambricas-o-cableadas-por-medio-de-modulos\/"},"modified":"2026-03-18T06:56:14","modified_gmt":"2026-03-18T06:56:14","slug":"panel-de-alarma-hibrido-ip-wifi-8-zonas-cableadas-directas-al-panel-56-zonas-expandibles-inalambricas-o-cableadas-por-medio-de-modulos","status":"publish","type":"product","link":"https:\/\/soydeaqui.ddns.net\/pachuca\/index.php\/producto\/panel-de-alarma-hibrido-ip-wifi-8-zonas-cableadas-directas-al-panel-56-zonas-expandibles-inalambricas-o-cableadas-por-medio-de-modulos\/","title":{"rendered":"Panel de Alarma H\u00edbrido IP \/ WiFi \/ (8 Zonas Cableadas Directas al Panel, 56 Zonas Expandibles \/ Inal\u00e1mbricas o Cableadas por Medio de M\u00f3dulos)"},"content":{"rendered":"<div style='width: 100%; max-width: 1200px; margin: 0 auto; font-family: sans-serif; line-height: 1.6; color: inherit; background-color: transparent;'> <!-- Logo --> <\/p>\n<div style='text-align: center; margin: 30px 0;'> <img style='width: 45%; max-width: 300px; height: auto; border: 1px solid rgba(150&comma;150&comma;150&comma;0.3); border-radius: 8px;' src='https:\/\/ftp3.syscom.mx\/usuarios\/jsosa\/HIKVISION\/imagenes\/logo\/hikvision%20see%20far.png' alt='Logo Hikvision'> <\/div>\n<p> <!-- Caracter\u00edsticas --> <\/p>\n<div style='display: flex; flex-wrap: wrap; gap: 30px; margin-bottom: 30px;'>\n<div style='flex: 1 1 300px; min-width: 280px;'>\n<h3 style='font-size: 22px; border-bottom: 2px solid currentColor; padding-bottom: 5px; margin-top: 0; color: inherit; opacity: 0.8;'>Caracter\u00edsticas principales<\/h3>\n<ul style='padding-left: 20px; font-size: 15px; color: inherit;'>\n<li style='margin-bottom: 5px;'><span style='color: inherit; font-family: sans-serif;'>8 zonas cableadas<\/span><\/li>\n<li style='margin-bottom: 5px;'><span style='color: inherit; font-family: sans-serif;'>Expandible hasta 56 zonas inal\u00e1mbricas o cableadas agregando expansores<\/span><\/li>\n<li style='margin-bottom: 5px;'><span style='color: inherit; font-family: sans-serif;'>Soporta expansores de 8 zonas inal\u00e1mbricas <a href='https:\/\/www.syscom.mx\/producto\/DS-PM-RSWR-433-HIKVISION-175699.html' target='_blank' rel='noopener' style='color: inherit; text-decoration: underline;'>DS-PM-RSWR-433<\/a><\/span><\/li>\n<li style='margin-bottom: 5px;'><span style='color: inherit; font-family: sans-serif;'>Soporta expansores de 8 zonas cableadas <a href='https:\/\/www.syscom.mx\/producto\/DS-PM-RSI8-HIKVISION-175705.html' target='_blank' rel='noopener' style='color: inherit; text-decoration: underline;'>DS-PM-RSI8<\/a><\/span><\/li>\n<li style='margin-bottom: 5px;'><span style='color: inherit; font-family: sans-serif;'>Soporta 1 sirena cableada directa al panel&comma; 2 sirenas inal\u00e1mbricas agregando el expansor <a href='https:\/\/www.syscom.mx\/producto\/DS-PM-RSWR-433-HIKVISION-175699.html' target='_blank' rel='noopener' style='color: inherit; text-decoration: underline;'>DS-PM-RSWR-433<\/a><\/span><\/li>\n<li style='margin-bottom: 5px;'><span style='color: inherit; font-family: sans-serif;'>Soporta hasta 8 controles remotos para armar y desarmar agregando el m\u00f3dulo <a href='https:\/\/www.syscom.mx\/producto\/DS-PM-RSWR-433-HIKVISION-175699.html' target='_blank' rel='noopener' style='color: inherit; text-decoration: underline;'>DS-PM-RSWR-433<\/a><\/span><\/li>\n<li style='margin-bottom: 5px;'><span style='color: inherit; font-family: sans-serif;'>Notificaciones por medio de la aplicaci\u00f3n Hik-Connect&comma; SMS y local<\/span><\/li>\n<li style='margin-bottom: 5px;'><span style='color: inherit; font-family: sans-serif;'>Hasta 8 particiones<\/span><\/li>\n<li style='margin-bottom: 5px;'><span style='color: inherit; font-family: sans-serif;'>Soporta m\u00f3dulos de relay <a href='DS-PM-RSO4' target='_blank' rel='noopener' style='color: inherit; text-decoration: underline;'>DS-PM-RSO4<\/a> o <a href='https:\/\/www.syscom.mx\/producto\/DS-PM-RSO4-H-HIKVISION-175704.html' target='_blank' rel='noopener' style='color: inherit; text-decoration: underline;'>DS-PM-RSO4-H<\/a> (revisar las capacidades de cada m\u00f3dulo)<\/span><\/li>\n<li style='margin-bottom: 5px;'><span style='color: inherit; font-family: sans-serif;'>IVAAS (Intruder Verification As A Service): Soporta agregar 4 c\u00e1maras al panel para una grabaci\u00f3n de 7 segundos al accionar un sensor (2 Megapixel m\u00e1ximo)<\/span><\/li>\n<li style='margin-bottom: 5px;'><span style='color: inherit; font-family: sans-serif;'>Soporta hasta 9 teclados<\/span><\/li>\n<li style='margin-bottom: 5px;'><span style='color: inherit; font-family: sans-serif;'>El panel incluye bater\u00eda de respaldo (12 horas de funcionamiento)<\/span><\/li>\n<\/ul><\/div>\n<div style='flex: 1 1 300px; min-width: 280px;'>\n<h3 style='font-size: 22px; border-bottom: 2px solid currentColor; padding-bottom: 5px; margin-top: 0; color: inherit; opacity: 0.8;'>Caracter\u00edsticas F\u00edsicas y El\u00e9ctricas<\/h3>\n<ul style='padding-left: 20px; font-size: 15px; color: inherit;'>\n<li style='margin-bottom: 5px;'><span style='color: inherit; font-family: sans-serif;'>Conexi\u00f3n: 10M \/ 100M auto-adaptativo<\/span><\/li>\n<li style='margin-bottom: 5px;'><span style='color: inherit; font-family: sans-serif;'>Alimentaci\u00f3n 110 VCA<\/span><\/li>\n<li style='margin-bottom: 5px;'><span style='color: inherit; font-family: sans-serif;'>Soporta conexi\u00f3n LAN&comma; Wi-Fi (2.4 GHz)&comma; R-485&comma; GPRS&comma; 3G\/4G (no incluye comunicador 3G\/4G&comma; modelo recomendado <a href='https:\/\/www.syscom.mx\/producto\/DS-PMA-S2-HIKVISION-175702.html' target='_blank' rel='noopener' style='color: inherit; text-decoration: underline;'>DS-PMA-S2<\/a>)<\/span><\/li>\n<li style='margin-bottom: 5px;'><span style='color: inherit; font-family: sans-serif;'>Temperatura de operaci\u00f3n: -10 \u00b0C a 55 \u00b0C<\/span><\/li>\n<li style='margin-bottom: 5px;'><span style='color: inherit; font-family: sans-serif;'>Dimensiones: 220 x 152 x 31.5 mm<\/span><\/li>\n<\/ul>\n<div style='margin-top: 25px;'>\n<h3 style='font-size: 22px; border-bottom: 2px solid currentColor; padding-bottom: 5px; margin-top: 0; color: inherit; opacity: 0.8;'>Caracter\u00edsticas Destacadas<\/h3>\n<p style='color: inherit; font-size: 15px; font-family: sans-serif;'> Panel de control de seguridad&comma; admite Wi-Fi&comma; LAN&comma; GPRS y 3G\/4G&comma; as\u00ed como ISAPI y SIA-Contacto Protocolo de identificaci\u00f3n&comma; es aplicable a los escenarios de mercado&comma; tienda&comma; casa&comma; f\u00e1brica&comma; almac\u00e9n&comma; oficina&comma; etc. <\/p>\n<\/p><\/div>\n<div style='margin-top: 25px;'>\n<p style='color: inherit; font-size: 15px; font-family: sans-serif;'> Revise las configuraciones de los equipos <a href='https:\/\/soporte.syscom.mx\/es\/articles\/4999811-hikvision-alarmas-configuraciones-panel-hibrido' target='_blank' rel='noopener' style='color: inherit; text-decoration: underline;'>aqu\u00ed<\/a>. <\/p>\n<p style='color: inherit; font-size: 15px; font-family: sans-serif;'> Lista de equipos compatibles <a href='https:\/\/www.syscom.mx\/principal\/listadoproductosazul\/intrusion-hikvision-paneles-de-alarma-y-accesorios-hybrid-series-66287.html?ordenar=Precio_de_Menor_a_Mayor&#038;pag=1' target='_blank' rel='noopener' style='color: inherit; text-decoration: underline;'>aqu\u00ed<\/a>. <\/p>\n<\/p><\/div>\n<\/p><\/div>\n<\/p><\/div>\n<p> <!-- Familia Hybrid Series --> <\/p>\n<div style='margin: 40px 0; text-align: center;'>\n<h3 style='font-size: 18px; margin-bottom: 20px; color: inherit; opacity: 0.8; font-weight: bold; font-family: sans-serif;'> Para verificar la compatibilidad de la serie de clic en la imagen o <a href='https:\/\/www.syscom.mx\/principal\/listadoproductosazul\/intrusion-hikvision-paneles-de-alarma-y-accesorios-hybrid-series-66287.html?ordenar=Precio_de_Menor_a_Mayor&#038;pag=1' target='_blank' rel='noopener' style='color: inherit; text-decoration: underline;'>aqu\u00ed<\/a>. <\/h3>\n<p> <a href='https:\/\/www.syscom.mx\/principal\/listadoproductosazul\/intrusion-hikvision-paneles-de-alarma-y-accesorios-hybrid-series-66287.html?ordenar=Precio_de_Menor_a_Mayor&#038;pag=1' target='_blank' rel='noopener'> <img style='width: 100%; max-width: 800px; height: auto; border: 1px solid rgba(150&comma;150&comma;150&comma;0.3); border-radius: 8px;' src='https:\/\/ftp3.syscom.mx\/usuarios\/jsosa\/HIKVISION\/alarmas\/imagenes\/panel%20hibrido%20diagrama%20hikvision.jpg' alt='Diagrama de panel h\u00edbrido Hikvision'> <\/a> <\/div>\n<p> <!-- Recursos --> <\/p>\n<div style='margin: 40px 0;'>\n<h3 style='font-size: 22px; border-bottom: 2px solid currentColor; padding-bottom: 5px; margin-top: 0; margin-bottom: 30px; color: inherit; opacity: 0.8; text-align: center;'>Recursos<\/h3>\n<div style='display: flex; flex-wrap: wrap; gap: 20px; justify-content: center;'>\n<div style='flex: 1 1 250px; max-width: 300px;'> <a href='https:\/\/www.hikvision.com\/es-la\/support\/download\/software\/ivms4200-series\/?q=serie%20ivms4200&#038;position=1' target='_blank' rel='noopener'> <img style='width: 100%; height: auto; border: 1px solid rgba(150&comma;150&comma;150&comma;0.3); border-radius: 8px;' src='https:\/\/ftp3.syscom.mx\/usuarios\/gmagos\/HIK\/IP\/IPC\/Imagenes%20pagina\/Descargas%20IVMS4200.jpg' alt='IVMS4200 Software'> <\/a> <\/div>\n<div style='flex: 1 1 250px; max-width: 300px;'> <a href='https:\/\/appstore.hikvision.com\/' target='_blank' rel='noopener'> <img style='width: 100%; height: auto; border: 1px solid rgba(150&comma;150&comma;150&comma;0.3); border-radius: 8px;' src='https:\/\/ftp3.syscom.mx\/usuarios\/gmagos\/HIK\/IP\/IPC\/Imagenes%20pagina\/Descargas%20de%20app.jpg' alt='App Store Hikvision'> <\/a> <\/div>\n<div style='flex: 1 1 250px; max-width: 300px;'> <a href='https:\/\/ftp3.syscom.mx\/usuarios\/ftp\/2020\/02\/27\/d1c44\/DS-PHA%20Hybrid%20Security%20Control%20Panel%20433%201.0%2020200225.PDF' target='_blank' rel='noopener'> <img style='width: 100%; height: auto; border: 1px solid rgba(150&comma;150&comma;150&comma;0.3); border-radius: 8px;' src='https:\/\/ftp3.syscom.mx\/usuarios\/gmagos\/HIK\/IP\/IPC\/Imagenes%20pagina\/Descarga%20de%20PDF.jpg' alt='Manual PDF'> <\/a> <\/div>\n<\/p><\/div>\n<\/p><\/div>\n<p> <!-- Videos --> <\/p>\n<div style='margin: 40px 0;'>\n<h3 style='font-size: 22px; border-bottom: 2px solid currentColor; padding-bottom: 5px; margin-top: 0; margin-bottom: 30px; color: inherit; opacity: 0.8; text-align: center;'>Videos<\/h3>\n<div style='display: flex; flex-wrap: wrap; gap: 30px; justify-content: center;'>\n<div style='flex: 1 1 300px; min-width: 300px;'>\n<div style='position: relative; padding-bottom: 56.25%; height: 0; overflow: hidden; margin-bottom: 15px;'>   <\/div>\n<h4 style='font-size: 18px; text-align: center; margin: 0; color: inherit; opacity: 0.8;'>Desvincular Panel de la Plataforma de P2P<\/h4>\n<\/p><\/div>\n<div style='flex: 1 1 300px; min-width: 300px;'>\n<div style='position: relative; padding-bottom: 56.25%; height: 0; overflow: hidden; margin-bottom: 15px;'>   <\/div>\n<h4 style='font-size: 18px; text-align: center; margin: 0; color: inherit; opacity: 0.8;'>Instalaci\u00f3n PIR Cableado en panel H\u00edbrido<\/h4>\n<\/p><\/div>\n<div style='flex: 1 1 300px; min-width: 300px;'>\n<div style='position: relative; padding-bottom: 56.25%; height: 0; overflow: hidden; margin-bottom: 15px;'>   <\/div>\n<h4 style='font-size: 18px; text-align: center; margin: 0; color: inherit; opacity: 0.8;'>Tonos de Armado y Desarmado con Teclado <a href='https:\/\/www.syscom.mx\/producto\/DS-PKG-H8L-HIKVISION-175703.html' target='_blank' rel='noopener' style='color: inherit; text-decoration: underline;'>DS-PKG-H8L<\/a><\/h4>\n<\/p><\/div>\n<div style='flex: 1 1 300px; min-width: 300px;'>\n<div style='position: relative; padding-bottom: 56.25%; height: 0; overflow: hidden; margin-bottom: 15px;'>   <\/div>\n<h4 style='font-size: 18px; text-align: center; margin: 0; color: inherit; opacity: 0.8;'>Agregar Tag por Medio del Teclado <a href='https:\/\/www.syscom.mx\/producto\/DS-PK-LRT-HIKVISION-176258.html' target='_blank' rel='noopener' style='color: inherit; text-decoration: underline;'>DS-PK-LRT<\/a><\/h4>\n<\/p><\/div>\n<div style='flex: 1 1 300px; min-width: 300px;'>\n<div style='position: relative; padding-bottom: 56.25%; height: 0; overflow: hidden; margin-bottom: 15px;'>   <\/div>\n<h4 style='font-size: 18px; text-align: center; margin: 0; color: inherit; opacity: 0.8;'>Abrir Chapa por Medio de Relevador <a href='https:\/\/www.syscom.mx\/producto\/DS-PM-RSO4-HIKVISION-176259.html' target='_blank' rel='noopener' style='color: inherit; text-decoration: underline;'>DS-PM-RSO4<\/a><\/h4>\n<\/p><\/div>\n<\/p><\/div>\n<\/p><\/div>\n<p> <!-- Banner --> <\/p>\n<div style='margin: 40px 0; text-align: center;'> <a href='https:\/\/www.syscom.mx\/principal\/promociones\/paneles_y_accesorios_de_alarmas_de_hikvision-4323.html?ordenar=Relevancia&#038;pag=1' target='_blank' rel='noopener'> <img style='width: 100%; max-width: 800px; height: auto; border: 1px solid rgba(150&comma;150&comma;150&comma;0.3); border-radius: 8px;' src='https:\/\/ftp3.syscom.mx\/usuarios\/jsosa\/banners\/hikvision-integracion.jpg' alt='Promoci\u00f3n Hikvision'> <\/a> <\/div>\n<\/p><\/div>\n","protected":false},"excerpt":{"rendered":"<p>Panel de Alarma H\u00edbrido IP \/ WiFi \/ (8 Zonas Cableadas Directas al Panel, 56 Zonas Expandibles \/ Inal\u00e1mbricas o Cableadas por Medio de M\u00f3dulos)<\/p>\n","protected":false},"featured_media":7412,"comment_status":"open","ping_status":"closed","template":"","meta":[],"product_brand":[],"product_cat":[60],"product_tag":[54,61,62],"class_list":{"0":"post-7413","1":"product","2":"type-product","3":"status-publish","4":"has-post-thumbnail","6":"product_cat-todos","7":"product_tag-hikvision","8":"product_tag-paneles-de-alarma","9":"product_tag-todos","11":"first","12":"outofstock","13":"sale","14":"shipping-taxable","15":"purchasable","16":"product-type-simple"},"_links":{"self":[{"href":"https:\/\/soydeaqui.ddns.net\/pachuca\/index.php\/wp-json\/wp\/v2\/product\/7413","targetHints":{"allow":["GET"]}}],"collection":[{"href":"https:\/\/soydeaqui.ddns.net\/pachuca\/index.php\/wp-json\/wp\/v2\/product"}],"about":[{"href":"https:\/\/soydeaqui.ddns.net\/pachuca\/index.php\/wp-json\/wp\/v2\/types\/product"}],"replies":[{"embeddable":true,"href":"https:\/\/soydeaqui.ddns.net\/pachuca\/index.php\/wp-json\/wp\/v2\/comments?post=7413"}],"wp:featuredmedia":[{"embeddable":true,"href":"https:\/\/soydeaqui.ddns.net\/pachuca\/index.php\/wp-json\/wp\/v2\/media\/7412"}],"wp:attachment":[{"href":"https:\/\/soydeaqui.ddns.net\/pachuca\/index.php\/wp-json\/wp\/v2\/media?parent=7413"}],"wp:term":[{"taxonomy":"product_brand","embeddable":true,"href":"https:\/\/soydeaqui.ddns.net\/pachuca\/index.php\/wp-json\/wp\/v2\/product_brand?post=7413"},{"taxonomy":"product_cat","embeddable":true,"href":"https:\/\/soydeaqui.ddns.net\/pachuca\/index.php\/wp-json\/wp\/v2\/product_cat?post=7413"},{"taxonomy":"product_tag","embeddable":true,"href":"https:\/\/soydeaqui.ddns.net\/pachuca\/index.php\/wp-json\/wp\/v2\/product_tag?post=7413"}],"curies":[{"name":"wp","href":"https:\/\/api.w.org\/{rel}","templated":true}]}}