{"id":74105,"date":"2026-03-19T13:48:16","date_gmt":"2026-03-19T13:48:16","guid":{"rendered":"https:\/\/soydeaqui.ddns.net\/pachuca\/index.php\/producto\/switch-no-administrable-gigabit-de-24-puertos-10-100-1000-mbps-con-modo-extendido-para-envio-de-datos-de-hasta-200-m\/"},"modified":"2026-03-19T13:48:24","modified_gmt":"2026-03-19T13:48:24","slug":"switch-no-administrable-gigabit-de-24-puertos-10-100-1000-mbps-con-modo-extendido-para-envio-de-datos-de-hasta-200-m","status":"publish","type":"product","link":"https:\/\/soydeaqui.ddns.net\/pachuca\/index.php\/producto\/switch-no-administrable-gigabit-de-24-puertos-10-100-1000-mbps-con-modo-extendido-para-envio-de-datos-de-hasta-200-m\/","title":{"rendered":"Switch No Administrable Gigabit de 24 Puertos 10\/100\/1000 Mbps, Con Modo Extendido Para Envi\u00f3 de Datos de Hasta 200 m"},"content":{"rendered":"<div style='width: 100%; max-width: 1200px; margin: 0 auto; font-family: sans-serif; line-height: 1.6; color: inherit; background-color: transparent;'> <!-- Iconos de caracter\u00edsticas --> <\/p>\n<div style='display: flex; flex-wrap: wrap; justify-content: center; gap: 15px; margin: 30px 0;'> <img style='width: auto; height: 40px; border: 1px solid rgba(150&comma;150&comma;150&comma;0.3); border-radius: 8px;' src='https:\/\/www.planet.com.tw\/storage\/icons\/4icon_plug_play.png' alt='Plug &#038; Play'> <img style='width: auto; height: 40px; border: 1px solid rgba(150&comma;150&comma;150&comma;0.3); border-radius: 8px;' src='https:\/\/www.planet.com.tw\/storage\/icons\/4icon_auto_nego.png' alt='Autonegociaci\u00f3n'> <img style='width: auto; height: 40px; border: 1px solid rgba(150&comma;150&comma;150&comma;0.3); border-radius: 8px;' src='https:\/\/www.planet.com.tw\/storage\/icons\/7icon_10M_100M_1000M.png' alt='10M\/100M\/1000M'> <img style='width: auto; height: 40px; border: 1px solid rgba(150&comma;150&comma;150&comma;0.3); border-radius: 8px;' src='https:\/\/www.planet.com.tw\/storage\/icons\/6icon_jumbo_frame.png' alt='MARCO gigante'> <img style='width: auto; height: 40px; border: 1px solid rgba(150&comma;150&comma;150&comma;0.3); border-radius: 8px;' src='https:\/\/www.planet.com.tw\/storage\/icons\/5icon_auto.png' alt='MDI autom\u00e1tico\/MDI-X'> <\/div>\n<p> <!-- Im\u00e1genes del producto --> <\/p>\n<div style='display: flex; flex-direction: column; align-items: center; gap: 20px; margin: 30px 0;'> <img style='width: 100%; height: auto; max-width: 800px; border: 1px solid rgba(150&comma;150&comma;150&comma;0.3); border-radius: 8px;' src='https:\/\/www.planet.com.tw\/storage\/products\/49414\/edm_GSW-2401_v9.jpg' alt=''> <img style='width: 100%; height: auto; max-width: 800px; border: 1px solid rgba(150&comma;150&comma;150&comma;0.3); border-radius: 8px;' src='https:\/\/www.planet.com.tw\/storage\/products\/49414\/GSW-2401v9_Front--Panel-Introduction.png' alt=''> <\/div>\n<p> <!-- Secci\u00f3n con imagen y texto - Modo VLAN Isolation --> <\/p>\n<div style='display: flex; flex-wrap: wrap; gap: 30px; align-items: center; margin: 30px 0;'>\n<div style='flex: 1 1 300px; min-width: 280px;'> <img style='width: 100%; height: auto; border: 1px solid rgba(150&comma;150&comma;150&comma;0.3); border-radius: 8px;' src='https:\/\/www.planet.com.tw\/storage\/products\/49414\/GSW-2401v9-3.png' alt=''> <\/div>\n<div style='flex: 1 1 300px; min-width: 280px;'>\n<h3 style='font-size: 22px; border-bottom: 2px solid currentColor; padding-bottom: 5px; margin-top: 0; color: inherit; opacity: 0.8;'>Modo VLAN Isolation<\/h3>\n<p style='font-size: 15px; color: inherit; margin: 0;'>Basado en puerto&comma; ayuda a evitar que la multidifusi\u00f3n o las transmisi\u00f3nes de los clientes conectados influyan entre s\u00ed.<\/p>\n<\/p><\/div>\n<\/p><\/div>\n<p> <!-- Secci\u00f3n con imagen y texto - Modo extendido --> <\/p>\n<div style='display: flex; flex-wrap: wrap; gap: 30px; align-items: center; margin: 30px 0;'>\n<div style='flex: 1 1 300px; min-width: 280px; order: 2;'> <img style='width: 100%; height: auto; border: 1px solid rgba(150&comma;150&comma;150&comma;0.3); border-radius: 8px;' src='https:\/\/www.planet.com.tw\/storage\/products\/49413\/GSW-1601v9-4.png' alt=''> <img style='width: 100%; height: auto; border: 1px solid rgba(150&comma;150&comma;150&comma;0.3); border-radius: 8px; margin-top: 10px;' src='https:\/\/www.planet.com.tw\/storage\/products\/49413\/GSW-1601v9-5.png' alt=''> <\/div>\n<div style='flex: 1 1 300px; min-width: 280px; order: 1;'>\n<h3 style='font-size: 22px; border-bottom: 2px solid currentColor; padding-bottom: 5px; margin-top: 0; color: inherit; opacity: 0.8;'>Modo extendido<\/h3>\n<p style='font-size: 15px; color: inherit; margin: 0;'>Funciona por puerto&comma; a 10 Mbps de operaci\u00f3n duplex&comma; pero puede transmitir datos a una distancia de hasta 200 m&comma; superando el limite de 100 m regulado.<\/p>\n<\/p><\/div>\n<\/p><\/div>\n<p> <!-- Especificaciones --> <\/p>\n<div style='display: flex; flex-wrap: wrap; gap: 20px; margin: 30px 0;'>\n<div style='flex: 1 1 300px; border: 1px solid rgba(150&comma; 150&comma; 150&comma; 0.4); border-radius: 8px; overflow: hidden; display: flex; flex-direction: column;'>\n<div style='padding: 15px; border-bottom: 1px solid rgba(150&comma; 150&comma; 150&comma; 0.2); font-weight: bold; font-size: 18px; color: inherit; background-color: #7f9cd3; color: #ffffff;'>Especificaciones de hardware<\/div>\n<div style='padding: 15px; color: inherit;'>\n<ul style='padding-left: 20px; margin: 0; font-size: 14px; list-style-type: disc;'>\n<li style='margin-bottom: 5px;'><strong>Versi\u00f3n del hardware:<\/strong> 9<\/li>\n<li style='margin-bottom: 5px;'><strong>Puertos 10\/100\/1000BASE-T MDI\/MDIX:<\/strong> 24<\/li>\n<li style='margin-bottom: 5px;'><strong>Dip switch:<\/strong> Selecci\u00f3n del modo de funcionamiento<br \/> &#8211; Est\u00e1ndar<br \/> &#8211; Control de flujo desactivado<br \/> &#8211; VLAN<br \/> &#8211; Ampliado<\/li>\n<li style='margin-bottom: 5px;'><strong>Peso:<\/strong> 1&comma;9 kg<\/li>\n<li style='margin-bottom: 5px;'><strong>Consumo\/disipaci\u00f3n de energ\u00eda:<\/strong> 14&comma;6 Watts\/49 BTU<\/li>\n<li style='margin-bottom: 5px;'><strong>Requerimientos de energ\u00eda:<\/strong> 100~240 V CA&comma; 0&comma;17 A&comma; 50-60 Hz<\/li>\n<li style='margin-bottom: 5px;'><strong>Dimensiones:<\/strong> 440 x 208 x 44 mm&comma; 1U de altura<\/li>\n<li style='margin-bottom: 5px;'><strong>Rendimiento (paquete por segundo):<\/strong> 35&comma;7Mpps<\/li>\n<li style='margin-bottom: 5px;'><strong>Switch Fabric:<\/strong> 48 Gbps<\/li>\n<li style='margin-bottom: 5px;'><strong>Tabla de direcciones:<\/strong> 8K entradas<\/li>\n<li style='margin-bottom: 5px;'><strong>Tama\u00f1o de paquete Jumbo:<\/strong> 9K<\/li>\n<li style='margin-bottom: 5px;'><strong>Control de flujo:<\/strong> Contrapresi\u00f3n para semid\u00faplex<br \/> IEEE 802.3x Marco de pausa para d\u00faplex completo<\/li>\n<li style='margin-bottom: 5px;'><strong>Cumplimiento normativo:<\/strong> FCC Parte 15 Clase A&comma; CE<\/li>\n<li style='margin-bottom: 5px;'><strong>Cumplimiento de est\u00e1ndares:<\/strong> IEEE 802.3 (Ethernet)<br \/> IEEE 802.3u (Fast Ethernet)<br \/> IEEE 802.3ab (Gigabit Ethernet)<br \/> IEEE 802.3x (Control de flujo d\u00faplex completo)<br \/> IEEE 802.3az Energy Efficient Ethernet (EEE)<\/li>\n<li style='margin-bottom: 5px;'><strong>Temperatura en operaci\u00f3n:<\/strong> Temperatura de funcionamiento: 0~50 grados C<br \/> Humedad relativa: 5 % a 95 % (sin condensaci\u00f3n)<\/li>\n<li style='margin-bottom: 5px;'><strong>Temperatura en almacenamiento:<\/strong> Temperatura: -10~70 grados C<br \/> Humedad relativa: 5% a 95% (sin condensaci\u00f3n)<\/li>\n<\/ul><\/div>\n<\/p><\/div>\n<div style='flex: 1 1 300px; border: 1px solid rgba(150&comma; 150&comma; 150&comma; 0.4); border-radius: 8px; overflow: hidden; display: flex; flex-direction: column;'>\n<div style='padding: 15px; border-bottom: 1px solid rgba(150&comma; 150&comma; 150&comma; 0.2); font-weight: bold; font-size: 18px; color: inherit; background-color: #7f9cd3; color: #ffffff;'>Contenido del paquete<\/div>\n<div style='padding: 15px; color: inherit;'>\n<ul style='padding-left: 20px; margin: 0; font-size: 14px; list-style-type: disc;'>\n<li style='margin-bottom: 5px;'>1 Switch GSW-2401<\/li>\n<li style='margin-bottom: 5px;'>1 Cable de fuente de voltaje<\/li>\n<li style='margin-bottom: 5px;'>2 Accesorio para rack<\/li>\n<li style='margin-bottom: 5px;'>1 Manual de usuario<\/li>\n<\/ul><\/div>\n<\/p><\/div>\n<div style='flex: 1 1 300px; border: 1px solid rgba(150&comma; 150&comma; 150&comma; 0.4); border-radius: 8px; overflow: hidden; display: flex; flex-direction: column;'>\n<div style='padding: 15px; border-bottom: 1px solid rgba(150&comma; 150&comma; 150&comma; 0.2); font-weight: bold; font-size: 18px; color: inherit; background-color: #7f9cd3; color: #ffffff;'>Garant\u00eda<\/div>\n<div style='padding: 15px; color: inherit;'>\n<p style='margin: 0; font-size: 14px;'>3 A\u00f1os<\/p>\n<\/p><\/div>\n<\/p><\/div>\n<\/p><\/div>\n<p> <!-- Separador --> <\/p>\n<hr style='border: 0; border-top: 1px solid rgba(150&comma; 150&comma; 150&comma; 0.3); margin: 30px 0;'> <\/div>\n","protected":false},"excerpt":{"rendered":"<p>Switch No Administrable Gigabit de 24 Puertos 10\/100\/1000 Mbps, Con Modo Extendido Para Envi\u00f3 de Datos de Hasta 200 m<\/p>\n","protected":false},"featured_media":74104,"comment_status":"open","ping_status":"closed","template":"","meta":[],"product_brand":[],"product_cat":[1970],"product_tag":[664,2033,1971],"class_list":{"0":"post-74105","1":"product","2":"type-product","3":"status-publish","4":"has-post-thumbnail","6":"product_cat-switches","7":"product_tag-networking","8":"product_tag-planet","9":"product_tag-switches","11":"first","12":"instock","13":"sale","14":"shipping-taxable","15":"purchasable","16":"product-type-simple"},"_links":{"self":[{"href":"https:\/\/soydeaqui.ddns.net\/pachuca\/index.php\/wp-json\/wp\/v2\/product\/74105","targetHints":{"allow":["GET"]}}],"collection":[{"href":"https:\/\/soydeaqui.ddns.net\/pachuca\/index.php\/wp-json\/wp\/v2\/product"}],"about":[{"href":"https:\/\/soydeaqui.ddns.net\/pachuca\/index.php\/wp-json\/wp\/v2\/types\/product"}],"replies":[{"embeddable":true,"href":"https:\/\/soydeaqui.ddns.net\/pachuca\/index.php\/wp-json\/wp\/v2\/comments?post=74105"}],"wp:featuredmedia":[{"embeddable":true,"href":"https:\/\/soydeaqui.ddns.net\/pachuca\/index.php\/wp-json\/wp\/v2\/media\/74104"}],"wp:attachment":[{"href":"https:\/\/soydeaqui.ddns.net\/pachuca\/index.php\/wp-json\/wp\/v2\/media?parent=74105"}],"wp:term":[{"taxonomy":"product_brand","embeddable":true,"href":"https:\/\/soydeaqui.ddns.net\/pachuca\/index.php\/wp-json\/wp\/v2\/product_brand?post=74105"},{"taxonomy":"product_cat","embeddable":true,"href":"https:\/\/soydeaqui.ddns.net\/pachuca\/index.php\/wp-json\/wp\/v2\/product_cat?post=74105"},{"taxonomy":"product_tag","embeddable":true,"href":"https:\/\/soydeaqui.ddns.net\/pachuca\/index.php\/wp-json\/wp\/v2\/product_tag?post=74105"}],"curies":[{"name":"wp","href":"https:\/\/api.w.org\/{rel}","templated":true}]}}