{"id":74098,"date":"2026-03-19T13:47:58","date_gmt":"2026-03-19T13:47:58","guid":{"rendered":"https:\/\/soydeaqui.ddns.net\/pachuca\/index.php\/producto\/switch-no-administrable-gigabit-de-16-puertos-10-100-1000-mbps-con-modo-extendido-para-distancias-de-hasta-200-m\/"},"modified":"2026-03-19T13:48:11","modified_gmt":"2026-03-19T13:48:11","slug":"switch-no-administrable-gigabit-de-16-puertos-10-100-1000-mbps-con-modo-extendido-para-distancias-de-hasta-200-m","status":"publish","type":"product","link":"https:\/\/soydeaqui.ddns.net\/pachuca\/index.php\/producto\/switch-no-administrable-gigabit-de-16-puertos-10-100-1000-mbps-con-modo-extendido-para-distancias-de-hasta-200-m\/","title":{"rendered":"Switch No Administrable Gigabit de 16 Puertos 10\/100\/1000 Mbps, Con Modo Extendido Para Distancias de Hasta 200 m"},"content":{"rendered":"<div style='width: 100%; max-width: 1200px; margin: 0 auto; font-family: sans-serif; line-height: 1.6; color: inherit; background-color: transparent;'> <!-- Secci\u00f3n de iconos --> <\/p>\n<div style='display: flex; flex-wrap: wrap; justify-content: center; gap: 15px; margin-bottom: 30px;'> <img style='width: auto; height: 40px; border: 1px solid rgba(150&comma;150&comma;150&comma;0.3); border-radius: 8px;' src='https:\/\/www.planet.com.tw\/storage\/icons\/4icon_plug_play.png' alt='Plug &#038; Play'> <img style='width: auto; height: 40px; border: 1px solid rgba(150&comma;150&comma;150&comma;0.3); border-radius: 8px;' src='https:\/\/www.planet.com.tw\/storage\/icons\/4icon_auto_nego.png' alt='Autonegociaci\u00f3n'> <img style='width: auto; height: 40px; border: 1px solid rgba(150&comma;150&comma;150&comma;0.3); border-radius: 8px;' src='https:\/\/www.planet.com.tw\/storage\/icons\/7icon_10M_100M_1000M.png' alt='10M\/100M\/1000M'> <img style='width: auto; height: 40px; border: 1px solid rgba(150&comma;150&comma;150&comma;0.3); border-radius: 8px;' src='https:\/\/www.planet.com.tw\/storage\/icons\/6icon_jumbo_frame.png' alt='MARCO gigante'> <img style='width: auto; height: 40px; border: 1px solid rgba(150&comma;150&comma;150&comma;0.3); border-radius: 8px;' src='https:\/\/www.planet.com.tw\/storage\/icons\/5icon_auto.png' alt='MDI autom\u00e1tico\/MDI-X'> <\/div>\n<p> <!-- Imagen principal --> <\/p>\n<div style='margin: 30px 0; text-align: center;'> <img style='width: 100%; max-width: 600px; height: auto; border: 1px solid rgba(150&comma;150&comma;150&comma;0.3); border-radius: 8px;' src='https:\/\/www.planet.com.tw\/storage\/products\/49413\/GSW-1601v9_Front-Panel-Introduction.png' alt='Panel frontal'> <\/div>\n<p> <!-- Secci\u00f3n de modo VLAN --> <\/p>\n<div style='display: flex; flex-wrap: wrap; gap: 30px; margin-bottom: 30px;'>\n<div style='flex: 1 1 300px; min-width: 280px;'> <img style='width: 100%; height: auto; border: 1px solid rgba(150&comma;150&comma;150&comma;0.3); border-radius: 8px;' src='https:\/\/www.planet.com.tw\/storage\/products\/49413\/GSW-1601v9-3.png' alt='Modo VLAN'> <\/div>\n<div style='flex: 1 1 300px; min-width: 280px;'>\n<h3 style='font-size: 22px; border-bottom: 2px solid currentColor; padding-bottom: 5px; margin-top: 0; color: inherit; opacity: 0.8;'>Modo VLAN Isolation<\/h3>\n<p style='font-size: 15px; color: inherit; margin-top: 10px;'> Basado en puerto ayuda a evitar que la multidifusi\u00f3n o las transmisi\u00f3nes de los clientes conectados influyan entre s\u00ed. <\/p>\n<\/p><\/div>\n<\/p><\/div>\n<p> <!-- Secci\u00f3n de modo extendido --> <\/p>\n<div style='display: flex; flex-wrap: wrap; gap: 30px; margin-bottom: 30px;'>\n<div style='flex: 1 1 300px; min-width: 280px;'>\n<h3 style='font-size: 22px; border-bottom: 2px solid currentColor; padding-bottom: 5px; margin-top: 0; color: inherit; opacity: 0.8;'>Modo Extendido<\/h3>\n<p style='font-size: 15px; color: inherit; margin-top: 10px;'> Funciona por puerto a 10 Mbps de operaci\u00f3n d\u00faplex&comma; pero puede transmitir datos a una distancia de hasta 200 metros superando el l\u00edmite de 100 m regulado. <\/p>\n<\/p><\/div>\n<div style='flex: 1 1 300px; min-width: 280px;'> <img style='width: 100%; height: auto; border: 1px solid rgba(150&comma;150&comma;150&comma;0.3); border-radius: 8px; margin-bottom: 15px;' src='https:\/\/www.planet.com.tw\/storage\/products\/49413\/GSW-1601v9-4.png' alt='Modo Extendido 1'> <img style='width: 100%; height: auto; border: 1px solid rgba(150&comma;150&comma;150&comma;0.3); border-radius: 8px;' src='https:\/\/www.planet.com.tw\/storage\/products\/49413\/GSW-1601v9-5.png' alt='Modo Extendido 2'> <\/div>\n<\/p><\/div>\n<p> <!-- Especificaciones t\u00e9cnicas --> <\/p>\n<div style='display: flex; flex-wrap: wrap; gap: 20px; margin-bottom: 30px;'>\n<div style='flex: 1 1 250px; border: 1px solid rgba(150&comma; 150&comma; 150&comma; 0.4); border-radius: 8px; overflow: hidden; display: flex; flex-direction: column;'>\n<div style='padding: 15px; border-bottom: 1px solid rgba(150&comma; 150&comma; 150&comma; 0.2); font-weight: bold; font-size: 18px; color: inherit; background-color: #7f9cd3;'>Especificaciones de hardware<\/div>\n<div style='padding: 15px; color: inherit;'>\n<ul style='padding-left: 20px; margin: 0; font-size: 14px; list-style-type: disc;'>\n<li style='margin-bottom: 5px;'><strong>Versi\u00f3n del hardware:<\/strong> 9<\/li>\n<li style='margin-bottom: 5px;'><strong>Puertos 10\/100\/1000BASE-T MDI\/MDIX:<\/strong> 16<\/li>\n<li style='margin-bottom: 5px;'><strong>Rendimiento (paquete por segundo):<\/strong> 23&comma;8Mpps<\/li>\n<li style='margin-bottom: 5px;'><strong>Switch fabric:<\/strong> 32 Gbps<\/li>\n<li style='margin-bottom: 5px;'><strong>Peso:<\/strong> 1&comma;8 kg<\/li>\n<li style='margin-bottom: 5px;'><strong>Consumo\/disipaci\u00f3n de energ\u00eda:<\/strong> 9&comma;4 Watts\/32 BTU<\/li>\n<li style='margin-bottom: 5px;'><strong>Requerimientos de energ\u00eda:<\/strong> 100~240 V CA&comma; 0&comma;16 A&comma; 50-60 Hz<\/li>\n<li style='margin-bottom: 5px;'><strong>Dimensiones:<\/strong> 440 x 208 x 44 mm&comma; 1U de altura<\/li>\n<li style='margin-bottom: 5px;'><strong>Cambiar el esquema de procesamiento:<\/strong> Almacenamiento y reenvio<\/li>\n<li style='margin-bottom: 5px;'><strong>Tabla de direcciones:<\/strong> 8K entradas<\/li>\n<li style='margin-bottom: 5px;'><strong>Tama\u00f1o de paquete Jumbo:<\/strong> 9K<\/li>\n<li style='margin-bottom: 5px;'><strong>Control de flujo:<\/strong> Contrapresi\u00f3n para semid\u00faplex&comma; IEEE 802.3x Marco de pausa para d\u00faplex completo<\/li>\n<li style='margin-bottom: 5px;'><strong>Dip switch:<\/strong> Selecci\u00f3n del modo de operaci\u00f3n: Standard&comma; Flow control off&comma; VLAN&comma; Extend<\/li>\n<\/ul><\/div>\n<\/p><\/div>\n<div style='flex: 1 1 250px; border: 1px solid rgba(150&comma; 150&comma; 150&comma; 0.4); border-radius: 8px; overflow: hidden; display: flex; flex-direction: column;'>\n<div style='padding: 15px; border-bottom: 1px solid rgba(150&comma; 150&comma; 150&comma; 0.2); font-weight: bold; font-size: 18px; color: inherit; background-color: #7f9cd3;'>Caracter\u00edsticas adicionales<\/div>\n<div style='padding: 15px; color: inherit;'>\n<ul style='padding-left: 20px; margin: 0; font-size: 14px; list-style-type: disc;'>\n<li style='margin-bottom: 5px;'><strong>Cumplimiento normativo:<\/strong> FCC Parte 15 Clase A&comma; CE<\/li>\n<li style='margin-bottom: 5px;'><strong>Cumplimiento de est\u00e1ndares:<\/strong> IEEE 802.3 (Ethernet)&comma; IEEE 802.3u (Fast Ethernet)&comma; IEEE 802.3ab (Gigabit Ethernet)&comma; IEEE 802.3x (Control de flujo d\u00faplex completo)&comma; IEEE 802.3az Energy Efficient Ethernet (EEE)<\/li>\n<li style='margin-bottom: 5px;'><strong>Temperatura en operaci\u00f3n:<\/strong> 0~50 grados C&comma; Humedad relativa: 5 % a 95 % (sin condensaci\u00f3n)<\/li>\n<li style='margin-bottom: 5px;'><strong>Temperatura en almacenamiento:<\/strong> -10~70 grados C&comma; Humedad relativa: 5% a 95% (sin condensaci\u00f3n)<\/li>\n<\/ul><\/div>\n<\/p><\/div>\n<div style='flex: 1 1 250px; border: 1px solid rgba(150&comma; 150&comma; 150&comma; 0.4); border-radius: 8px; overflow: hidden; display: flex; flex-direction: column;'>\n<div style='padding: 15px; border-bottom: 1px solid rgba(150&comma; 150&comma; 150&comma; 0.2); font-weight: bold; font-size: 18px; color: inherit; background-color: #7f9cd3;'>Contenido del paquete<\/div>\n<div style='padding: 15px; color: inherit;'>\n<ul style='padding-left: 20px; margin: 0; font-size: 14px; list-style-type: disc;'>\n<li style='margin-bottom: 5px;'>1 Switch GSW-1601<\/li>\n<li style='margin-bottom: 5px;'>1 Cable de alimentaci\u00f3n de fuente de voltaje<\/li>\n<li style='margin-bottom: 5px;'>2 Montaje para rack<\/li>\n<li style='margin-bottom: 5px;'>1 Manual de usuario<\/li>\n<\/ul><\/div>\n<\/p><\/div>\n<div style='flex: 1 1 250px; border: 1px solid rgba(150&comma; 150&comma; 150&comma; 0.4); border-radius: 8px; overflow: hidden; display: flex; flex-direction: column;'>\n<div style='padding: 15px; border-bottom: 1px solid rgba(150&comma; 150&comma; 150&comma; 0.2); font-weight: bold; font-size: 18px; color: inherit; background-color: #7f9cd3;'>Garant\u00eda<\/div>\n<div style='padding: 15px; color: inherit;'>\n<ul style='padding-left: 20px; margin: 0; font-size: 14px; list-style-type: disc;'>\n<li style='margin-bottom: 5px;'>3 A\u00f1os<\/li>\n<\/ul><\/div>\n<\/p><\/div>\n<\/p><\/div>\n<p> <!-- Separador --> <\/p>\n<hr style='border: 0; border-top: 1px solid rgba(150&comma; 150&comma; 150&comma; 0.3); margin: 30px 0;'> <\/div>\n","protected":false},"excerpt":{"rendered":"<p>Switch No Administrable Gigabit de 16 Puertos 10\/100\/1000 Mbps, Con Modo Extendido Para Distancias de Hasta 200 m<\/p>\n","protected":false},"featured_media":74097,"comment_status":"open","ping_status":"closed","template":"","meta":[],"product_brand":[],"product_cat":[1970],"product_tag":[664,2033,1971],"class_list":{"0":"post-74098","1":"product","2":"type-product","3":"status-publish","4":"has-post-thumbnail","6":"product_cat-switches","7":"product_tag-networking","8":"product_tag-planet","9":"product_tag-switches","11":"first","12":"instock","13":"sale","14":"shipping-taxable","15":"purchasable","16":"product-type-simple"},"_links":{"self":[{"href":"https:\/\/soydeaqui.ddns.net\/pachuca\/index.php\/wp-json\/wp\/v2\/product\/74098","targetHints":{"allow":["GET"]}}],"collection":[{"href":"https:\/\/soydeaqui.ddns.net\/pachuca\/index.php\/wp-json\/wp\/v2\/product"}],"about":[{"href":"https:\/\/soydeaqui.ddns.net\/pachuca\/index.php\/wp-json\/wp\/v2\/types\/product"}],"replies":[{"embeddable":true,"href":"https:\/\/soydeaqui.ddns.net\/pachuca\/index.php\/wp-json\/wp\/v2\/comments?post=74098"}],"wp:featuredmedia":[{"embeddable":true,"href":"https:\/\/soydeaqui.ddns.net\/pachuca\/index.php\/wp-json\/wp\/v2\/media\/74097"}],"wp:attachment":[{"href":"https:\/\/soydeaqui.ddns.net\/pachuca\/index.php\/wp-json\/wp\/v2\/media?parent=74098"}],"wp:term":[{"taxonomy":"product_brand","embeddable":true,"href":"https:\/\/soydeaqui.ddns.net\/pachuca\/index.php\/wp-json\/wp\/v2\/product_brand?post=74098"},{"taxonomy":"product_cat","embeddable":true,"href":"https:\/\/soydeaqui.ddns.net\/pachuca\/index.php\/wp-json\/wp\/v2\/product_cat?post=74098"},{"taxonomy":"product_tag","embeddable":true,"href":"https:\/\/soydeaqui.ddns.net\/pachuca\/index.php\/wp-json\/wp\/v2\/product_tag?post=74098"}],"curies":[{"name":"wp","href":"https:\/\/api.w.org\/{rel}","templated":true}]}}