{"id":74088,"date":"2026-03-19T13:47:39","date_gmt":"2026-03-19T13:47:39","guid":{"rendered":"https:\/\/soydeaqui.ddns.net\/pachuca\/index.php\/producto\/nanostation-airmax-locom5-cpe-hasta-150-mbps-frecuencia-5-ghz-5170-5875-mhz-con-antena-integrada-de-13-dbi\/"},"modified":"2026-03-19T13:47:45","modified_gmt":"2026-03-19T13:47:45","slug":"nanostation-airmax-locom5-cpe-hasta-150-mbps-frecuencia-5-ghz-5170-5875-mhz-con-antena-integrada-de-13-dbi","status":"publish","type":"product","link":"https:\/\/soydeaqui.ddns.net\/pachuca\/index.php\/producto\/nanostation-airmax-locom5-cpe-hasta-150-mbps-frecuencia-5-ghz-5170-5875-mhz-con-antena-integrada-de-13-dbi\/","title":{"rendered":"NanoStation airMAX locoM5 CPE,  hasta 150 Mbps, frecuencia 5 GHz (5170-5875 MHz) con antena integrada de 13 dBi"},"content":{"rendered":"<div style='width: 100%; max-width: 1200px; margin: 0 auto; font-family: sans-serif; line-height: 1.6; color: inherit; background-color: transparent;'> <!-- Secci\u00f3n de caracter\u00edsticas --> <\/p>\n<div style='display: flex; flex-wrap: wrap; gap: 30px; margin-bottom: 30px;'>\n<div style='flex: 1 1 300px; min-width: 280px;'>\n<h3 style='font-size: 22px; border-bottom: 2px solid currentColor; padding-bottom: 5px; margin-top: 0; color: inherit; opacity: 0.8;'>Caracter\u00edsticas<\/h3>\n<ul style='padding-left: 20px; font-size: 15px; color: inherit;'>\n<li style='margin-bottom: 5px;'><strong>Puertos:<\/strong> 1 puertos 10\/100 Mbps<\/li>\n<li style='margin-bottom: 5px;'><strong>Sistema Operativo:<\/strong> airOS\u00ae 6<\/li>\n<li style='margin-bottom: 5px;'><strong>Modos de Operaci\u00f3n:<\/strong> Access Point&comma; Estaci\u00f3n<\/li>\n<li style='margin-bottom: 5px;'><strong>Anchos de canal:<\/strong> Ajustable de 5 hasta 40 MHz<\/li>\n<li style='margin-bottom: 5px;'><strong>Doble Polaridad Simult\u00e1nea:<\/strong> Vertical y Horizontal&comma; 2&#215;2<\/li>\n<li style='margin-bottom: 5px;'><strong>Seguridad:<\/strong> WEP&comma; WPA&comma; WPA2 y MAC ACL<\/li>\n<li style='margin-bottom: 5px;'><strong>Se\u00f1alizaci\u00f3n:<\/strong> airMAX (TDMA)<\/li>\n<li style='margin-bottom: 5px;'><strong>Otras:<\/strong> F\u00e1cil de instalar&comma; Dise\u00f1o vers\u00e1til y compacto<\/li>\n<\/ul><\/div>\n<\/p><\/div>\n<p> <!-- Secci\u00f3n de especificaciones --> <\/p>\n<div style='display: flex; flex-wrap: wrap; gap: 20px; margin-bottom: 30px;'>\n<div style='flex: 1 1 250px; border: 1px solid rgba(150&comma; 150&comma; 150&comma; 0.4); border-radius: 8px; overflow: hidden; display: flex; flex-direction: column;'>\n<div style='padding: 15px; border-bottom: 1px solid rgba(150&comma; 150&comma; 150&comma; 0.2); font-weight: bold; font-size: 18px; color: inherit;'>Especificaciones<\/div>\n<div style='padding: 15px; color: inherit;'>\n<ul style='padding-left: 20px; margin: 0; font-size: 14px; list-style-type: disc;'>\n<li style='margin-bottom: 5px;'><strong>Dimensiones:<\/strong> 161 x 31 x 80 mm (6.31 x 1.22 x 3.15&#8242;)<\/li>\n<li style='margin-bottom: 5px;'><strong>Peso:<\/strong> 180 g (6.35 oz)<\/li>\n<li style='margin-bottom: 5px;'><strong>Alimentaci\u00f3n:<\/strong> 24V&comma; 0.5A<\/li>\n<li style='margin-bottom: 5px;'><strong>Consumo M\u00e1ximo:<\/strong> 5.5W<\/li>\n<li style='margin-bottom: 5px;'><strong>Configuraci\u00f3n de alimentaci\u00f3n:<\/strong> PoE pasivo (pares 4&comma; 5+; 7&comma; 8 retorno)<\/li>\n<li style='margin-bottom: 5px;'><strong>Frecuencia de operaci\u00f3n:<\/strong> 5170-5875 MHz<\/li>\n<li style='margin-bottom: 5px;'><strong>Ganancia:<\/strong> 13 dBi<\/li>\n<li style='margin-bottom: 5px;'><strong>Interfaz Ethernet:<\/strong> (1) 10\/100 Ethernet Port<\/li>\n<li style='margin-bottom: 5px;'><strong>Procesador:<\/strong> Atheros MIPS 24Kc&comma; 400 MHz<\/li>\n<li style='margin-bottom: 5px;'><strong>Memoria:<\/strong> 64 MB DDR2&comma; 8 MB Flash<\/li>\n<li style='margin-bottom: 5px;'><strong>Frecuencia:<\/strong> 5 GHz<\/li>\n<li style='margin-bottom: 5px;'><strong>Cross-pol Isolation:<\/strong> 20 dB M\u00ednimo<\/li>\n<li style='margin-bottom: 5px;'><strong>Beamwidth:<\/strong> 45\u00b0 (H-pol) \/ 45\u00b0 (V-pol) \/ 45\u00b0 (Elevaci\u00f3n)<\/li>\n<li style='margin-bottom: 5px;'><strong>Polarizaci\u00f3n:<\/strong> Dual Linear<\/li>\n<li style='margin-bottom: 5px;'><strong>Protecci\u00f3n:<\/strong> Pl\u00e1stico estabilizado UV<\/li>\n<li style='margin-bottom: 5px;'><strong>Montaje:<\/strong> Pole-Mount (Kit Incluido)<\/li>\n<li style='margin-bottom: 5px;'><strong>Temperatura:<\/strong> -30 a 75\u00b0 C (-22 a 167\u00b0 F)<\/li>\n<li style='margin-bottom: 5px;'><strong>Humedad:<\/strong> 5 a 95% Sin condensaci\u00f3n<\/li>\n<li style='margin-bottom: 5px;'><strong>Certificaciones:<\/strong> FCC Part 15.247&comma; IC RS210&comma; CE<\/li>\n<\/ul><\/div>\n<\/p><\/div>\n<div style='flex: 1 1 250px; border: 1px solid rgba(150&comma; 150&comma; 150&comma; 0.4); border-radius: 8px; overflow: hidden; display: flex; flex-direction: column;'>\n<div style='padding: 15px; border-bottom: 1px solid rgba(150&comma; 150&comma; 150&comma; 0.2); font-weight: bold; font-size: 18px; color: inherit;'>Contenido del Paquete<\/div>\n<div style='padding: 15px; color: inherit;'>\n<ul style='padding-left: 20px; margin: 0; font-size: 14px; list-style-type: disc;'>\n<li style='margin-bottom: 5px;'>NanoStation locoM5<\/li>\n<li style='margin-bottom: 5px;'>Adaptador PoE 24 V&comma; 0.5 A<\/li>\n<li style='margin-bottom: 5px;'>Cable de alimentaci\u00f3n<\/li>\n<li style='margin-bottom: 5px;'>Gu\u00eda r\u00e1pida de instalaci\u00f3n<\/li>\n<\/ul><\/div>\n<\/p><\/div>\n<div style='flex: 1 1 250px; border: 1px solid rgba(150&comma; 150&comma; 150&comma; 0.4); border-radius: 8px; overflow: hidden; display: flex; flex-direction: column;'>\n<div style='padding: 15px; border-bottom: 1px solid rgba(150&comma; 150&comma; 150&comma; 0.2); font-weight: bold; font-size: 18px; color: inherit;'>Garant\u00eda<\/div>\n<div style='padding: 15px; color: inherit;'>\n<ul style='padding-left: 20px; margin: 0; font-size: 14px; list-style-type: disc;'>\n<li style='margin-bottom: 5px;'>1 A\u00f1o<\/li>\n<\/ul><\/div>\n<\/p><\/div>\n<\/p><\/div>\n<p> <!-- Secci\u00f3n de im\u00e1genes --> <\/p>\n<div style='display: flex; flex-wrap: wrap; gap: 30px; margin-bottom: 30px;'>\n<div style='flex: 1 1 300px; min-width: 280px;'>\n<h3 style='font-size: 22px; border-bottom: 2px solid currentColor; padding-bottom: 5px; margin-top: 0; color: inherit; opacity: 0.8;'>Vers\u00e1til<\/h3>\n<p style='font-size: 15px; color: inherit; margin-bottom: 15px;'>NanoStation\u00aeM se puede implementar para enlaces punto a punto (PtP)&comma; conectividad inal\u00e1mbrica a un sistema de vigilancia por video o para usar como un CPE de airMAX\u00ae.<\/p>\n<p> <img style='width: 100%; height: auto; border: 1px solid rgba(150&comma;150&comma;150&comma;0.3); border-radius: 8px;' src='https:\/\/prd-www-cdn.ubnt.com\/media\/images\/product-features\/nanostationm-feature-versatile-design2x.jpg' alt=''> <\/div>\n<div style='flex: 1 1 300px; min-width: 280px;'>\n<h3 style='font-size: 22px; border-bottom: 2px solid currentColor; padding-bottom: 5px; margin-top: 0; color: inherit; opacity: 0.8;'>Poderosas caracter\u00edsticas de airOS<\/h3>\n<p style='font-size: 15px; color: inherit; margin-bottom: 15px;'>La vers\u00e1til tecnolog\u00eda de firmware airOS\u00ae de Ubiquiti permite redes de m\u00faltiples puntos para exteriores de alto rendimiento. airOS proporciona caracter\u00edsticas tales como configuraci\u00f3n inal\u00e1mbrica&comma; configuraci\u00f3n de bridge o enrutamiento y servicios de administraci\u00f3n del sistema.<\/p>\n<p> <img style='width: 100%; height: auto; border: 1px solid rgba(150&comma;150&comma;150&comma;0.3); border-radius: 8px;' src='https:\/\/prd-www-cdn.ubnt.com\/media\/images\/product-features\/nanobridgem-features-airos2x.jpg' alt=''> <\/div>\n<div style='flex: 1 1 300px; min-width: 280px;'>\n<h3 style='font-size: 22px; border-bottom: 2px solid currentColor; padding-bottom: 5px; margin-top: 0; color: inherit; opacity: 0.8;'>Tecnolog\u00eda avanzada airMAX<\/h3>\n<p style='font-size: 15px; color: inherit; margin-bottom: 15px;'>La tecnolog\u00eda airMAX\u00ae de Ubiquiti est\u00e1 probada en millones de implementaciones en todo el mundo&comma; mostrando un rendimiento sobresaliente en entornos al aire libre. El protocolo TDMA airMAX permite una escalabilidad sin precedentes&comma; alto rendimiento y baja latencia en redes multipunto.<\/p>\n<p> <img style='width: 100%; height: auto; border: 1px solid rgba(150&comma;150&comma;150&comma;0.3); border-radius: 8px;' src='https:\/\/ftp3.syscom.mx\/usuarios\/adiaz\/UBNT\/NanoStation\/airMAX.PNG' alt=''> <\/div>\n<div style='flex: 1 1 300px; min-width: 280px;'>\n<h3 style='font-size: 22px; border-bottom: 2px solid currentColor; padding-bottom: 5px; margin-top: 0; color: inherit; opacity: 0.8;'>Instalaci\u00f3n Plug and Play<\/h3>\n<p style='font-size: 15px; color: inherit; margin-bottom: 15px;'>NanoStation\u00aeM no requiere herramientas para el montaje; solo se requiere una llave para el montaje en poste.<\/p>\n<p> <img style='width: 100%; height: auto; border: 1px solid rgba(150&comma;150&comma;150&comma;0.3); border-radius: 8px;' src='https:\/\/ftp3.syscom.mx\/usuarios\/adiaz\/UBNT\/NanoStation\/NanoSatation.gif' alt=''> <\/div>\n<\/p><\/div>\n<p> <!-- Separador --> <\/p>\n<hr style='border: 0; border-top: 1px solid rgba(150&comma; 150&comma; 150&comma; 0.3); margin: 30px 0;'> <\/div>\n","protected":false},"excerpt":{"rendered":"<p>NanoStation airMAX locoM5 CPE,  hasta 150 Mbps, frecuencia 5 GHz (5170-5875 MHz) con antena integrada de 13 dBi<\/p>\n","protected":false},"featured_media":74087,"comment_status":"open","ping_status":"closed","template":"","meta":[],"product_brand":[],"product_cat":[1998],"product_tag":[1999,1980,166],"class_list":{"0":"post-74088","1":"product","2":"type-product","3":"status-publish","4":"has-post-thumbnail","6":"product_cat-5-y-6-ghz","7":"product_tag-5-y-6-ghz","8":"product_tag-enlaces-ptp-y-ptmp","9":"product_tag-ubiquiti","11":"first","12":"instock","13":"sale","14":"shipping-taxable","15":"purchasable","16":"product-type-simple"},"_links":{"self":[{"href":"https:\/\/soydeaqui.ddns.net\/pachuca\/index.php\/wp-json\/wp\/v2\/product\/74088","targetHints":{"allow":["GET"]}}],"collection":[{"href":"https:\/\/soydeaqui.ddns.net\/pachuca\/index.php\/wp-json\/wp\/v2\/product"}],"about":[{"href":"https:\/\/soydeaqui.ddns.net\/pachuca\/index.php\/wp-json\/wp\/v2\/types\/product"}],"replies":[{"embeddable":true,"href":"https:\/\/soydeaqui.ddns.net\/pachuca\/index.php\/wp-json\/wp\/v2\/comments?post=74088"}],"wp:featuredmedia":[{"embeddable":true,"href":"https:\/\/soydeaqui.ddns.net\/pachuca\/index.php\/wp-json\/wp\/v2\/media\/74087"}],"wp:attachment":[{"href":"https:\/\/soydeaqui.ddns.net\/pachuca\/index.php\/wp-json\/wp\/v2\/media?parent=74088"}],"wp:term":[{"taxonomy":"product_brand","embeddable":true,"href":"https:\/\/soydeaqui.ddns.net\/pachuca\/index.php\/wp-json\/wp\/v2\/product_brand?post=74088"},{"taxonomy":"product_cat","embeddable":true,"href":"https:\/\/soydeaqui.ddns.net\/pachuca\/index.php\/wp-json\/wp\/v2\/product_cat?post=74088"},{"taxonomy":"product_tag","embeddable":true,"href":"https:\/\/soydeaqui.ddns.net\/pachuca\/index.php\/wp-json\/wp\/v2\/product_tag?post=74088"}],"curies":[{"name":"wp","href":"https:\/\/api.w.org\/{rel}","templated":true}]}}