{"id":74064,"date":"2026-03-19T13:46:41","date_gmt":"2026-03-19T13:46:41","guid":{"rendered":"https:\/\/soydeaqui.ddns.net\/pachuca\/index.php\/producto\/nanostation-airmax-m2-cpe-hasta-150-mbps-frecuencia-2-ghz-2412-2462-mhz-con-antena-integrada-de-11-dbi\/"},"modified":"2026-03-19T13:46:51","modified_gmt":"2026-03-19T13:46:51","slug":"nanostation-airmax-m2-cpe-hasta-150-mbps-frecuencia-2-ghz-2412-2462-mhz-con-antena-integrada-de-11-dbi","status":"publish","type":"product","link":"https:\/\/soydeaqui.ddns.net\/pachuca\/index.php\/producto\/nanostation-airmax-m2-cpe-hasta-150-mbps-frecuencia-2-ghz-2412-2462-mhz-con-antena-integrada-de-11-dbi\/","title":{"rendered":"NanoStation airMAX M2 CPE,  hasta 150 Mbps, frecuencia 2 GHz (2412-2462 MHz) con antena integrada de 11 dBi"},"content":{"rendered":"<div style='width: 100%; max-width: 1200px; margin: 0 auto; font-family: sans-serif; line-height: 1.6; color: inherit; background-color: transparent;'>\n<div style='display: flex; flex-wrap: wrap; gap: 30px; margin-bottom: 30px;'>\n<div style='flex: 1 1 300px; min-width: 280px;'>\n<h3 style='font-size: 22px; border-bottom: 2px solid currentColor; padding-bottom: 5px; margin-top: 0; color: inherit; opacity: 0.8;'>Especificaciones<\/h3>\n<ul style='padding-left: 20px; font-size: 15px; color: inherit;'>\n<li style='margin-bottom: 5px;'><strong>Puertos:<\/strong> 2 puertos 10\/100 Mbps<\/li>\n<li style='margin-bottom: 5px;'><strong>Sistema Operativo:<\/strong> airOS\u00ae 6<\/li>\n<li style='margin-bottom: 5px;'><strong>Modos de Operaci\u00f3n:<\/strong> Access Point&comma; Estaci\u00f3n<\/li>\n<li style='margin-bottom: 5px;'><strong>Caracter\u00edsticas:<\/strong> Anchos de canal ajustable de 5 hasta 40 MHz&comma; Doble Polaridad Simult\u00e1nea (Vertical y Horizontal&comma; 2&#215;2)&comma; Seguridad: WEP&comma; WPA&comma; WPA2 y MAC ACL&comma; Se\u00f1alizaci\u00f3n propietaria: airMAX (TDMA)&comma; F\u00e1cil de instalar&comma; Dise\u00f1o vers\u00e1til y compacto<\/li>\n<li style='margin-bottom: 5px;'><strong>Caracter\u00edsticas F\u00edsicas y El\u00e9ctricas:<\/strong> Alimentaci\u00f3n: 24 V&comma; 0.5 A&comma; Dimensiones: 294 x 31 x 80 mm&comma; Peso: 400 g&comma; Temperatura de Operaci\u00f3n: -30\u00b0C a 75\u00b0C<\/li>\n<li style='margin-bottom: 5px;'><strong>Incluye:<\/strong> NanoStation M2&comma; Adaptador PoE 24 V&comma; 0.5 A&comma; Cable de alimentaci\u00f3n&comma; Gu\u00eda r\u00e1pida de instalaci\u00f3n<\/li>\n<li style='margin-bottom: 5px;'><strong>Garant\u00eda:<\/strong> 1 A\u00f1o<\/li>\n<\/ul><\/div>\n<\/p><\/div>\n<div style='display: flex; flex-wrap: wrap; gap: 30px; margin-bottom: 30px;'>\n<div style='flex: 1 1 250px; min-width: 280px;'>\n<h3 style='font-size: 18px; margin-top: 0; color: inherit; opacity: 0.8;'>Vers\u00e1til<\/h3>\n<p> <img style='width: 100%; height: auto; border: 1px solid rgba(150&comma;150&comma;150&comma;0.3); border-radius: 8px;' src='https:\/\/ftp3.syscom.mx\/usuarios\/adiaz\/UBNT\/NanoStation\/Versatil.PNG' alt=''> <\/div>\n<div style='flex: 1 1 250px; min-width: 280px;'>\n<h3 style='font-size: 18px; margin-top: 0; color: inherit; opacity: 0.8;'>Conectividad Ethernet dual<\/h3>\n<p> <img style='width: 100%; height: auto; border: 1px solid rgba(150&comma;150&comma;150&comma;0.3); border-radius: 8px;' src='https:\/\/ftp3.syscom.mx\/usuarios\/adiaz\/UBNT\/NanoStation\/Dual.PNG' alt=''> <\/div>\n<div style='flex: 1 1 250px; min-width: 280px;'>\n<h3 style='font-size: 18px; margin-top: 0; color: inherit; opacity: 0.8;'>Poderosas caracter\u00edsticas de airOS<\/h3>\n<p> <img style='width: 100%; height: auto; border: 1px solid rgba(150&comma;150&comma;150&comma;0.3); border-radius: 8px;' src='https:\/\/ftp3.syscom.mx\/usuarios\/adiaz\/UBNT\/NanoStation\/airOS.PNG' alt=''> <\/div>\n<div style='flex: 1 1 250px; min-width: 280px;'>\n<h3 style='font-size: 18px; margin-top: 0; color: inherit; opacity: 0.8;'>Dise\u00f1o compacto y elegante<\/h3>\n<p> <img style='width: 100%; height: auto; border: 1px solid rgba(150&comma;150&comma;150&comma;0.3); border-radius: 8px;' src='https:\/\/ftp3.syscom.mx\/usuarios\/adiaz\/UBNT\/NanoStation\/Compacto.PNG' alt=''> <\/div>\n<div style='flex: 1 1 250px; min-width: 280px;'>\n<h3 style='font-size: 18px; margin-top: 0; color: inherit; opacity: 0.8;'>Tecnolog\u00eda avanzada airMAX<\/h3>\n<p> <img style='width: 100%; height: auto; border: 1px solid rgba(150&comma;150&comma;150&comma;0.3); border-radius: 8px;' src='https:\/\/ftp3.syscom.mx\/usuarios\/adiaz\/UBNT\/NanoStation\/airMAX.PNG' alt=''> <\/div>\n<div style='flex: 1 1 250px; min-width: 280px;'>\n<h3 style='font-size: 18px; margin-top: 0; color: inherit; opacity: 0.8;'>Instalaci\u00f3n Plug and Play<\/h3>\n<p> <img style='width: 100%; height: auto; border: 1px solid rgba(150&comma;150&comma;150&comma;0.3); border-radius: 8px;' src='https:\/\/ftp3.syscom.mx\/usuarios\/adiaz\/UBNT\/NanoStation\/NanoSatation.gif' alt=''> <\/div>\n<\/p><\/div>\n<hr style='border: 0; border-top: 1px solid rgba(150&comma; 150&comma; 150&comma; 0.3); margin: 30px 0;'> <\/div>\n","protected":false},"excerpt":{"rendered":"<p>NanoStation airMAX M2 CPE,  hasta 150 Mbps, frecuencia 2 GHz (2412-2462 MHz) con antena integrada de 11 dBi<\/p>\n","protected":false},"featured_media":74063,"comment_status":"open","ping_status":"closed","template":"","meta":[],"product_brand":[],"product_cat":[2058],"product_tag":[2059,1980,166],"class_list":{"0":"post-74064","1":"product","2":"type-product","3":"status-publish","4":"has-post-thumbnail","6":"product_cat-2-4-ghz","7":"product_tag-2-4-ghz","8":"product_tag-enlaces-ptp-y-ptmp","9":"product_tag-ubiquiti","11":"first","12":"instock","13":"sale","14":"shipping-taxable","15":"purchasable","16":"product-type-simple"},"_links":{"self":[{"href":"https:\/\/soydeaqui.ddns.net\/pachuca\/index.php\/wp-json\/wp\/v2\/product\/74064","targetHints":{"allow":["GET"]}}],"collection":[{"href":"https:\/\/soydeaqui.ddns.net\/pachuca\/index.php\/wp-json\/wp\/v2\/product"}],"about":[{"href":"https:\/\/soydeaqui.ddns.net\/pachuca\/index.php\/wp-json\/wp\/v2\/types\/product"}],"replies":[{"embeddable":true,"href":"https:\/\/soydeaqui.ddns.net\/pachuca\/index.php\/wp-json\/wp\/v2\/comments?post=74064"}],"wp:featuredmedia":[{"embeddable":true,"href":"https:\/\/soydeaqui.ddns.net\/pachuca\/index.php\/wp-json\/wp\/v2\/media\/74063"}],"wp:attachment":[{"href":"https:\/\/soydeaqui.ddns.net\/pachuca\/index.php\/wp-json\/wp\/v2\/media?parent=74064"}],"wp:term":[{"taxonomy":"product_brand","embeddable":true,"href":"https:\/\/soydeaqui.ddns.net\/pachuca\/index.php\/wp-json\/wp\/v2\/product_brand?post=74064"},{"taxonomy":"product_cat","embeddable":true,"href":"https:\/\/soydeaqui.ddns.net\/pachuca\/index.php\/wp-json\/wp\/v2\/product_cat?post=74064"},{"taxonomy":"product_tag","embeddable":true,"href":"https:\/\/soydeaqui.ddns.net\/pachuca\/index.php\/wp-json\/wp\/v2\/product_tag?post=74064"}],"curies":[{"name":"wp","href":"https:\/\/api.w.org\/{rel}","templated":true}]}}