{"id":74048,"date":"2026-03-19T13:46:03","date_gmt":"2026-03-19T13:46:03","guid":{"rendered":"https:\/\/soydeaqui.ddns.net\/pachuca\/index.php\/producto\/adaptador-voip-grandstream-de-4-fxo\/"},"modified":"2026-03-19T13:46:12","modified_gmt":"2026-03-19T13:46:12","slug":"adaptador-voip-grandstream-de-4-fxo","status":"publish","type":"product","link":"https:\/\/soydeaqui.ddns.net\/pachuca\/index.php\/producto\/adaptador-voip-grandstream-de-4-fxo\/","title":{"rendered":"Adaptador VoIP GrandStream de 4 FXO"},"content":{"rendered":"<div style='width: 100%; max-width: 1200px; margin: 0 auto; font-family: sans-serif; line-height: 1.6; color: inherit; background-color: transparent;'> <!-- Secci\u00f3n de cards con especificaciones --> <\/p>\n<div style='display: flex; flex-wrap: wrap; gap: 20px; margin-bottom: 30px;'>\n<div style='flex: 1 1 250px; border: 1px solid rgba(150&comma; 150&comma; 150&comma; 0.4); border-radius: 8px; overflow: hidden; display: flex; flex-direction: column;'>\n<div style='padding: 15px; border-bottom: 1px solid rgba(150&comma; 150&comma; 150&comma; 0.2); font-weight: bold; font-size: 18px; color: inherit;'>Especificaciones<\/div>\n<div style='padding: 15px; color: inherit;'>\n<ul style='padding-left: 20px; margin: 0; font-size: 14px; list-style-type: disc;'>\n<li style='margin-bottom: 5px;'>4 Puerto FXO (RJ-11) para la conexi\u00f3n de lineas analogicas.<\/li>\n<li style='margin-bottom: 5px;'>Puerto de red LAN y WAN 10\/100 Mbps (Fast Ethernet).<\/li>\n<li style='margin-bottom: 5px;'>LED\u2019s indicadores de encendido&comma; operaci\u00f3n&comma; video&comma; LAN&comma; WAN y por cada una de las 4 l\u00edneas FXO.<\/li>\n<li style='margin-bottom: 5px;'>Bot\u00f3n de reset y de encendido\/apagado.<\/li>\n<li style='margin-bottom: 5px;'>Compatible con protocolo T.38 para Fax hasta 14.4 kbps.<\/li>\n<li style='margin-bottom: 5px;'>Soporta QoS tanto en capa 2 como en capa 3.<\/li>\n<li style='margin-bottom: 5px;'>C\u00f3decs soportados: G.711 (I y II)&comma; G.723.1A&comma; G.729A\/B y G.726.<\/li>\n<li style='margin-bottom: 5px;'>Se puede administrar desde HTTP\/HTTPS y Telnet.<\/li>\n<li style='margin-bottom: 5px;'>Compatible con SYSLOG&comma; UPnP y TFTP.<\/li>\n<li style='margin-bottom: 5px;'>Detecci\u00f3n autom\u00e1tica de se\u00f1al de m\u00f3dem.<\/li>\n<li style='margin-bottom: 5px;'>Rango de temperatura soportado: 0\u00b0C hasta 40\u00b0C.<\/li>\n<li style='margin-bottom: 5px;'>Alimentaci\u00f3n: 12 Vcc&comma; 0.5 A<\/li>\n<li style='margin-bottom: 5px;'>Dimensiones: 225 x 35 x 135 mm<\/li>\n<\/ul><\/div>\n<\/p><\/div>\n<\/p><\/div>\n<\/p><\/div>\n","protected":false},"excerpt":{"rendered":"<p>Adaptador VoIP GrandStream de 4 FXO<\/p>\n","protected":false},"featured_media":74047,"comment_status":"open","ping_status":"closed","template":"","meta":[],"product_brand":[],"product_cat":[2070],"product_tag":[2071,909,2004],"class_list":{"0":"post-74048","1":"product","2":"type-product","3":"status-publish","4":"has-post-thumbnail","6":"product_cat-gateways-y-atas","7":"product_tag-gateways-y-atas","8":"product_tag-grandstream","9":"product_tag-voip-telefonia-ip-videoconferencia","11":"first","12":"outofstock","13":"sale","14":"shipping-taxable","15":"purchasable","16":"product-type-simple"},"_links":{"self":[{"href":"https:\/\/soydeaqui.ddns.net\/pachuca\/index.php\/wp-json\/wp\/v2\/product\/74048","targetHints":{"allow":["GET"]}}],"collection":[{"href":"https:\/\/soydeaqui.ddns.net\/pachuca\/index.php\/wp-json\/wp\/v2\/product"}],"about":[{"href":"https:\/\/soydeaqui.ddns.net\/pachuca\/index.php\/wp-json\/wp\/v2\/types\/product"}],"replies":[{"embeddable":true,"href":"https:\/\/soydeaqui.ddns.net\/pachuca\/index.php\/wp-json\/wp\/v2\/comments?post=74048"}],"wp:featuredmedia":[{"embeddable":true,"href":"https:\/\/soydeaqui.ddns.net\/pachuca\/index.php\/wp-json\/wp\/v2\/media\/74047"}],"wp:attachment":[{"href":"https:\/\/soydeaqui.ddns.net\/pachuca\/index.php\/wp-json\/wp\/v2\/media?parent=74048"}],"wp:term":[{"taxonomy":"product_brand","embeddable":true,"href":"https:\/\/soydeaqui.ddns.net\/pachuca\/index.php\/wp-json\/wp\/v2\/product_brand?post=74048"},{"taxonomy":"product_cat","embeddable":true,"href":"https:\/\/soydeaqui.ddns.net\/pachuca\/index.php\/wp-json\/wp\/v2\/product_cat?post=74048"},{"taxonomy":"product_tag","embeddable":true,"href":"https:\/\/soydeaqui.ddns.net\/pachuca\/index.php\/wp-json\/wp\/v2\/product_tag?post=74048"}],"curies":[{"name":"wp","href":"https:\/\/api.w.org\/{rel}","templated":true}]}}