{"id":74045,"date":"2026-03-19T13:45:57","date_gmt":"2026-03-19T13:45:57","guid":{"rendered":"https:\/\/soydeaqui.ddns.net\/pachuca\/index.php\/producto\/adaptador-voip-grandstream-de-4-fxs\/"},"modified":"2026-03-19T13:46:01","modified_gmt":"2026-03-19T13:46:01","slug":"adaptador-voip-grandstream-de-4-fxs","status":"publish","type":"product","link":"https:\/\/soydeaqui.ddns.net\/pachuca\/index.php\/producto\/adaptador-voip-grandstream-de-4-fxs\/","title":{"rendered":"Adaptador VoIP GrandStream de 4 FXS"},"content":{"rendered":"<div style='width: 100%; max-width: 1200px; margin: 0 auto; font-family: sans-serif; line-height: 1.6; color: inherit; background-color: transparent;'>\n<div style='display: flex; flex-wrap: wrap; gap: 30px; margin-bottom: 30px;'>\n<div style='flex: 1 1 300px; min-width: 280px;'>\n<h3 style='font-size: 22px; border-bottom: 2px solid currentColor; padding-bottom: 5px; margin-top: 0; color: inherit; opacity: 0.8;'>Especificaciones:<\/h3>\n<ul style='padding-left: 20px; font-size: 15px; color: inherit;'>\n<li style='margin-bottom: 5px;'>4 Puerto FXS (RJ-11) para la conexi\u00f3n de tel\u00e9fonos anal\u00f3gicos convencionales.<\/li>\n<li style='margin-bottom: 5px;'>Puerto de red LAN y WAN 10\/100 Mbps (Fast Ethernet).<\/li>\n<li style='margin-bottom: 5px;'>LED\u2019s indicadores de encendido&comma; operaci\u00f3n&comma; consola&comma; LAN&comma; WAN y por cada una de las 4 l\u00edneas FXS.<\/li>\n<li style='margin-bottom: 5px;'>Bot\u00f3n de reset y de consola (RS232)<\/li>\n<li style='margin-bottom: 5px;'>Compatible con protocolo T.38 para Fax hasta 14.4 kbps.<\/li>\n<li style='margin-bottom: 5px;'>Soporta QoS tanto en capa 2 como en capa 3<\/li>\n<li style='margin-bottom: 5px;'>C\u00f3decs soportados: G.711 (I y II)&comma; G.723.1A&comma; G.729A\/B\/E&comma; G.728 y G.726<\/li>\n<li style='margin-bottom: 5px;'>Se puede administrar desde HTTP\/HTTPS y Telnet.<\/li>\n<li style='margin-bottom: 5px;'>Compatible con SYSLOG&comma; UPnP y TFTP.<\/li>\n<li style='margin-bottom: 5px;'>Detecci\u00f3n autom\u00e1tica de se\u00f1al de m\u00f3dem.<\/li>\n<li style='margin-bottom: 5px;'>Rango de temperatura soportado: 0\u00b0C hasta 40\u00b0C.<\/li>\n<li style='margin-bottom: 5px;'>Alimentaci\u00f3n: 12 Vcc&comma; 0.5 A<\/li>\n<li style='margin-bottom: 5px;'>Dimensiones: 225 x 35 x 135 mm<\/li>\n<\/ul><\/div>\n<\/p><\/div>\n<div style='display: flex; flex-wrap: wrap; gap: 15px; margin-bottom: 30px;'> <img style='width: 100%; max-width: 48%; height: auto; border: 1px solid rgba(150&comma;150&comma;150&comma;0.3); border-radius: 8px;' src='http:\/\/ftp3.syscom.mx\/usuarios\/fotos\/GXW4004\/GXW4004_1.png' alt='' \/> <img style='width: 100%; max-width: 48%; height: auto; border: 1px solid rgba(150&comma;150&comma;150&comma;0.3); border-radius: 8px;' src='http:\/\/ftp3.syscom.mx\/usuarios\/fotos\/GXW4004\/GXW4004_2.png' alt='' \/> <\/div>\n<\/p><\/div>\n","protected":false},"excerpt":{"rendered":"<p>Adaptador VoIP GrandStream de 4 FXS<\/p>\n","protected":false},"featured_media":74044,"comment_status":"open","ping_status":"closed","template":"","meta":[],"product_brand":[],"product_cat":[2070],"product_tag":[2071,909,2004],"class_list":{"0":"post-74045","1":"product","2":"type-product","3":"status-publish","4":"has-post-thumbnail","6":"product_cat-gateways-y-atas","7":"product_tag-gateways-y-atas","8":"product_tag-grandstream","9":"product_tag-voip-telefonia-ip-videoconferencia","11":"first","12":"outofstock","13":"sale","14":"shipping-taxable","15":"purchasable","16":"product-type-simple"},"_links":{"self":[{"href":"https:\/\/soydeaqui.ddns.net\/pachuca\/index.php\/wp-json\/wp\/v2\/product\/74045","targetHints":{"allow":["GET"]}}],"collection":[{"href":"https:\/\/soydeaqui.ddns.net\/pachuca\/index.php\/wp-json\/wp\/v2\/product"}],"about":[{"href":"https:\/\/soydeaqui.ddns.net\/pachuca\/index.php\/wp-json\/wp\/v2\/types\/product"}],"replies":[{"embeddable":true,"href":"https:\/\/soydeaqui.ddns.net\/pachuca\/index.php\/wp-json\/wp\/v2\/comments?post=74045"}],"wp:featuredmedia":[{"embeddable":true,"href":"https:\/\/soydeaqui.ddns.net\/pachuca\/index.php\/wp-json\/wp\/v2\/media\/74044"}],"wp:attachment":[{"href":"https:\/\/soydeaqui.ddns.net\/pachuca\/index.php\/wp-json\/wp\/v2\/media?parent=74045"}],"wp:term":[{"taxonomy":"product_brand","embeddable":true,"href":"https:\/\/soydeaqui.ddns.net\/pachuca\/index.php\/wp-json\/wp\/v2\/product_brand?post=74045"},{"taxonomy":"product_cat","embeddable":true,"href":"https:\/\/soydeaqui.ddns.net\/pachuca\/index.php\/wp-json\/wp\/v2\/product_cat?post=74045"},{"taxonomy":"product_tag","embeddable":true,"href":"https:\/\/soydeaqui.ddns.net\/pachuca\/index.php\/wp-json\/wp\/v2\/product_tag?post=74045"}],"curies":[{"name":"wp","href":"https:\/\/api.w.org\/{rel}","templated":true}]}}