{"id":74043,"date":"2026-03-19T13:45:53","date_gmt":"2026-03-19T13:45:53","guid":{"rendered":"https:\/\/soydeaqui.ddns.net\/pachuca\/index.php\/producto\/fuente-de-respaldo-con-relevador-para-equipos-de-bajo-consumo-de-energia-requiere-bateria-pl4-512\/"},"modified":"2026-03-19T13:45:54","modified_gmt":"2026-03-19T13:45:54","slug":"fuente-de-respaldo-con-relevador-para-equipos-de-bajo-consumo-de-energia-requiere-bateria-pl4-512","status":"publish","type":"product","link":"https:\/\/soydeaqui.ddns.net\/pachuca\/index.php\/producto\/fuente-de-respaldo-con-relevador-para-equipos-de-bajo-consumo-de-energia-requiere-bateria-pl4-512\/","title":{"rendered":"Fuente de Respaldo con Relevador para Equipos de Bajo Consumo de Energ\u00eda (Requiere Bater\u00eda PL4.512)"},"content":{"rendered":"<div style='width: 100%; max-width: 1200px; margin: 0 auto; font-family: sans-serif; line-height: 1.6; color: inherit; background-color: transparent;'> <!-- Secci\u00f3n de descripci\u00f3n general --> <\/p>\n<div style='display: flex; flex-wrap: wrap; gap: 30px; margin-bottom: 30px;'>\n<div style='flex: 1 1 300px; min-width: 280px;'>\n<h3 style='font-size: 22px; border-bottom: 2px solid currentColor; padding-bottom: 5px; margin-top: 0; color: inherit; opacity: 0.8;'>Descripci\u00f3n General<\/h3>\n<p style='font-size: 15px; color: inherit; margin-bottom: 15px;'> Las tarjetas <strong>SCAR 4A<\/strong> y <strong>SCAR 7A<\/strong> est\u00e1n dise\u00f1adas para cargar bater\u00edas libres de mantenimiento <strong>PL4512<\/strong> o <strong>PL712<\/strong> (no incluidas). <\/p>\n<p style='font-size: 15px; color: inherit; margin-bottom: 15px;'> Adem\u00e1s de servir como cargador lento&comma; tienen la opci\u00f3n de poder trabajar como una fuente de respaldo de baja corriente ya que cuenta con un relevador que activa las terminales de conexi\u00f3n (12 Vcc) al detectar una interrupci\u00f3n en la l\u00ednea de corriente alterna (110VCA). <\/p>\n<p style='font-size: 15px; color: inherit; margin-bottom: 15px;'> Cargador autom\u00e1tico con relevador&comma; para que usted alimente una l\u00e1mpara de emergencia&comma; o una sirena que avise falla de energ\u00eda el\u00e9ctrica. <\/p>\n<p style='font-size: 15px; color: inherit; margin-bottom: 15px;'> Incluye tarjeta y transformador. <\/p>\n<\/p><\/div>\n<\/p><\/div>\n<p> <!-- Secci\u00f3n de especificaciones --> <\/p>\n<div style='display: flex; flex-wrap: wrap; gap: 20px; margin-bottom: 30px;'>\n<div style='flex: 1 1 250px; border: 1px solid rgba(150&comma; 150&comma; 150&comma; 0.4); border-radius: 8px; overflow: hidden; display: flex; flex-direction: column;'>\n<div style='padding: 15px; border-bottom: 1px solid rgba(150&comma; 150&comma; 150&comma; 0.2); font-weight: bold; font-size: 18px; color: inherit;'>Especificaciones<\/div>\n<div style='padding: 15px; color: inherit;'>\n<ul style='padding-left: 20px; margin: 0; font-size: 14px; list-style-type: disc;'>\n<li style='margin-bottom: 5px;'><strong>Voltaje de Entrada:<\/strong> 110 Vca (Entrada de voltaje del transformador incluido)<\/li>\n<li style='margin-bottom: 5px;'><strong>Compatibilidad:<\/strong> Funciona con cualquier bater\u00eda&comma; pero est\u00e1 dise\u00f1ado para insertarle directamente en la WP4512 (no incluida)<\/li>\n<\/ul><\/div>\n<\/p><\/div>\n<\/p><\/div>\n<p> <!-- Separador --> <\/p>\n<hr style='border: 0; border-top: 1px solid rgba(150&comma; 150&comma; 150&comma; 0.3); margin: 30px 0;'> <\/div>\n","protected":false},"excerpt":{"rendered":"<p>Fuente de Respaldo con Relevador para Equipos de Bajo Consumo de Energ\u00eda (Requiere Bater\u00eda PL4.512)<\/p>\n","protected":false},"featured_media":74042,"comment_status":"open","ping_status":"closed","template":"","meta":[],"product_brand":[],"product_cat":[558],"product_tag":[181,457,559],"class_list":{"0":"post-74043","1":"product","2":"type-product","3":"status-publish","4":"has-post-thumbnail","6":"product_cat-fuentes-de-respaldo","7":"product_tag-epcom-industrial","8":"product_tag-fuentes-de-alimentacion","9":"product_tag-fuentes-de-respaldo","11":"first","12":"outofstock","13":"sale","14":"shipping-taxable","15":"purchasable","16":"product-type-simple"},"_links":{"self":[{"href":"https:\/\/soydeaqui.ddns.net\/pachuca\/index.php\/wp-json\/wp\/v2\/product\/74043","targetHints":{"allow":["GET"]}}],"collection":[{"href":"https:\/\/soydeaqui.ddns.net\/pachuca\/index.php\/wp-json\/wp\/v2\/product"}],"about":[{"href":"https:\/\/soydeaqui.ddns.net\/pachuca\/index.php\/wp-json\/wp\/v2\/types\/product"}],"replies":[{"embeddable":true,"href":"https:\/\/soydeaqui.ddns.net\/pachuca\/index.php\/wp-json\/wp\/v2\/comments?post=74043"}],"wp:featuredmedia":[{"embeddable":true,"href":"https:\/\/soydeaqui.ddns.net\/pachuca\/index.php\/wp-json\/wp\/v2\/media\/74042"}],"wp:attachment":[{"href":"https:\/\/soydeaqui.ddns.net\/pachuca\/index.php\/wp-json\/wp\/v2\/media?parent=74043"}],"wp:term":[{"taxonomy":"product_brand","embeddable":true,"href":"https:\/\/soydeaqui.ddns.net\/pachuca\/index.php\/wp-json\/wp\/v2\/product_brand?post=74043"},{"taxonomy":"product_cat","embeddable":true,"href":"https:\/\/soydeaqui.ddns.net\/pachuca\/index.php\/wp-json\/wp\/v2\/product_cat?post=74043"},{"taxonomy":"product_tag","embeddable":true,"href":"https:\/\/soydeaqui.ddns.net\/pachuca\/index.php\/wp-json\/wp\/v2\/product_tag?post=74043"}],"curies":[{"name":"wp","href":"https:\/\/api.w.org\/{rel}","templated":true}]}}