{"id":74005,"date":"2026-03-19T13:44:22","date_gmt":"2026-03-19T13:44:22","guid":{"rendered":"https:\/\/soydeaqui.ddns.net\/pachuca\/index.php\/producto\/antena-yagi-890-960-mhz-60o-ancho-horizontal-inclinacion-electrica-fija-diametro-de-la-tuberia-del-montaje-max-3\/"},"modified":"2026-03-19T13:44:23","modified_gmt":"2026-03-19T13:44:23","slug":"antena-yagi-890-960-mhz-60o-ancho-horizontal-inclinacion-electrica-fija-diametro-de-la-tuberia-del-montaje-max-3","status":"publish","type":"product","link":"https:\/\/soydeaqui.ddns.net\/pachuca\/index.php\/producto\/antena-yagi-890-960-mhz-60o-ancho-horizontal-inclinacion-electrica-fija-diametro-de-la-tuberia-del-montaje-max-3\/","title":{"rendered":"Antena Yagi, 890 &#8211; 960 MHz, 60\u00ba ancho horizontal, inclinaci\u00f3n el\u00e9ctrica fija, di\u00e1metro de la tuber\u00eda del montaje: max. 3&#8243;"},"content":{"rendered":"<div style='width: 100%; max-width: 1200px; margin: 0 auto; font-family: sans-serif; line-height: 1.6; color: inherit; background-color: transparent;'> <!-- Imagen principal --> <\/p>\n<div style='margin-bottom: 30px;'> <img style='width: 100%; height: auto; border: 1px solid rgba(150&comma;150&comma;150&comma;0.3); border-radius: 8px;' src='http:\/\/www.commscope.com\/catalog\/imagesCache\/0000015\/t006_r02203_v1.jpg' alt=''> <\/div>\n<p> <!-- Secci\u00f3n de caracter\u00edsticas --> <\/p>\n<div style='display: flex; flex-wrap: wrap; gap: 30px; margin-bottom: 30px;'>\n<div style='flex: 1 1 300px; min-width: 280px;'>\n<h3 style='font-size: 22px; border-bottom: 2px solid currentColor; padding-bottom: 5px; margin-top: 0; color: inherit; opacity: 0.8;'>Caracter\u00edsticas<\/h3>\n<ul style='padding-left: 20px; font-size: 15px; color: inherit;'>\n<li style='margin-bottom: 5px;'>Dise\u00f1o robusto y duradero<\/li>\n<li style='margin-bottom: 5px;'>Elemento conductor encapsulado protege contra hielo&comma; penetraci\u00f3n de agua y corrosi\u00f3n<\/li>\n<li style='margin-bottom: 5px;'>Soportes \u00fanicos permiten polarizaci\u00f3n vertical u horizontal<\/li>\n<\/ul><\/div>\n<\/p><\/div>\n<p> <!-- Secci\u00f3n de especificaciones --> <\/p>\n<div style='display: flex; flex-wrap: wrap; gap: 20px; margin-bottom: 30px;'>\n<div style='flex: 1 1 250px; border: 1px solid rgba(150&comma; 150&comma; 150&comma; 0.4); border-radius: 8px; overflow: hidden; display: flex; flex-direction: column;'>\n<div style='padding: 15px; border-bottom: 1px solid rgba(150&comma; 150&comma; 150&comma; 0.2); font-weight: bold; font-size: 18px; color: inherit;'>Especificaciones El\u00e9ctricas<\/div>\n<div style='padding: 15px; color: inherit;'>\n<ul style='padding-left: 20px; margin: 0; font-size: 14px; list-style-type: disc;'>\n<li style='margin-bottom: 5px;'><strong>Banda de frecuencia:<\/strong> 890 &#8211; 960 MHz<\/li>\n<li style='margin-bottom: 5px;'><strong>Ganancia:<\/strong> 12.1 dBi<\/li>\n<li style='margin-bottom: 5px;'><strong>Ancho de haz horizontal:<\/strong> 60\u00ba<\/li>\n<li style='margin-bottom: 5px;'><strong>Ancho de haz vertical:<\/strong> 30\u00ba<\/li>\n<li style='margin-bottom: 5px;'><strong>Inclinaci\u00f3n del haz:<\/strong> 0\u00ba<\/li>\n<li style='margin-bottom: 5px;'><strong>Relaci\u00f3n frente-espalda a 180\u00ba:<\/strong> 15 dB<\/li>\n<li style='margin-bottom: 5px;'><strong>VSWR \/ P\u00e9rdida de retorno:<\/strong> 1.5 \/ 14.0 dB<\/li>\n<li style='margin-bottom: 5px;'><strong>Potencia m\u00e1xima de entrada por puerto:<\/strong> 150 Watts<\/li>\n<li style='margin-bottom: 5px;'><strong>Polarizaci\u00f3n:<\/strong> Vertical<\/li>\n<li style='margin-bottom: 5px;'><strong>Impedancia:<\/strong> 50 Ohms<\/li>\n<\/ul><\/div>\n<\/p><\/div>\n<div style='flex: 1 1 250px; border: 1px solid rgba(150&comma; 150&comma; 150&comma; 0.4); border-radius: 8px; overflow: hidden; display: flex; flex-direction: column;'>\n<div style='padding: 15px; border-bottom: 1px solid rgba(150&comma; 150&comma; 150&comma; 0.2); font-weight: bold; font-size: 18px; color: inherit;'>General<\/div>\n<div style='padding: 15px; color: inherit;'>\n<ul style='padding-left: 20px; margin: 0; font-size: 14px; list-style-type: disc;'>\n<li style='margin-bottom: 5px;'><strong>Marca de la antena:<\/strong> ANDREW\u00ae<\/li>\n<li style='margin-bottom: 5px;'><strong>Tipo de antena:<\/strong> Yagi<\/li>\n<li style='margin-bottom: 5px;'><strong>Banda:<\/strong> Banda \u00fanica<\/li>\n<li style='margin-bottom: 5px;'><strong>Banda de frecuencia operativa:<\/strong> 890 &#8211; 960 MHz<\/li>\n<li style='margin-bottom: 5px;'><strong>Incluye:<\/strong> Pernos en V<\/li>\n<li style='margin-bottom: 5px;'><strong>Nota de rendimiento:<\/strong> Uso exterior<\/li>\n<\/ul><\/div>\n<\/p><\/div>\n<div style='flex: 1 1 250px; border: 1px solid rgba(150&comma; 150&comma; 150&comma; 0.4); border-radius: 8px; overflow: hidden; display: flex; flex-direction: column;'>\n<div style='padding: 15px; border-bottom: 1px solid rgba(150&comma; 150&comma; 150&comma; 0.2); font-weight: bold; font-size: 18px; color: inherit;'>Mec\u00e1nicas<\/div>\n<div style='padding: 15px; color: inherit;'>\n<ul style='padding-left: 20px; margin: 0; font-size: 14px; list-style-type: disc;'>\n<li style='margin-bottom: 5px;'><strong>Color:<\/strong> Plata<\/li>\n<li style='margin-bottom: 5px;'><strong>Protecci\u00f3n contra rayos:<\/strong> Tierra DC<\/li>\n<li style='margin-bottom: 5px;'><strong>Material del radiador:<\/strong> Aluminio<\/li>\n<li style='margin-bottom: 5px;'><strong>Interfaz del conector RF:<\/strong> N Hembra<\/li>\n<li style='margin-bottom: 5px;'><strong>Ubicaci\u00f3n del conector RF:<\/strong> Parte inferior<\/li>\n<li style='margin-bottom: 5px;'><strong>Cantidad total de conectores RF:<\/strong> 1<\/li>\n<li style='margin-bottom: 5px;'><strong>Carga m\u00e1xima del viento:<\/strong> 53.4 N @ 100 mph<\/li>\n<li style='margin-bottom: 5px;'><strong>Fuerza del viento:<\/strong> 12.0 lbf @ 100 mph<\/li>\n<li style='margin-bottom: 5px;'><strong>Velocidad m\u00e1xima del viento:<\/strong> 201.2 km\/h \/ 125.0 mph<\/li>\n<\/ul><\/div>\n<\/p><\/div>\n<div style='flex: 1 1 250px; border: 1px solid rgba(150&comma; 150&comma; 150&comma; 0.4); border-radius: 8px; overflow: hidden; display: flex; flex-direction: column;'>\n<div style='padding: 15px; border-bottom: 1px solid rgba(150&comma; 150&comma; 150&comma; 0.2); font-weight: bold; font-size: 18px; color: inherit;'>Dimensiones<\/div>\n<div style='padding: 15px; color: inherit;'>\n<ul style='padding-left: 20px; margin: 0; font-size: 14px; list-style-type: disc;'>\n<li style='margin-bottom: 5px;'><strong>Profundidad:<\/strong> 25.4 mm \/ 1.0 in.<\/li>\n<li style='margin-bottom: 5px;'><strong>Largo:<\/strong> 762.0 mm \/ 30.0 in.<\/li>\n<li style='margin-bottom: 5px;'><strong>Ancho:<\/strong> 137.2 mm \/ 5.4 in.<\/li>\n<li style='margin-bottom: 5px;'><strong>Peso neto:<\/strong> 2.3 kg \/ 5.0 lb<\/li>\n<\/ul><\/div>\n<\/p><\/div>\n<\/p><\/div>\n<p> <!-- Separador --> <\/p>\n<hr style='border: 0; border-top: 1px solid rgba(150&comma; 150&comma; 150&comma; 0.3); margin: 30px 0;'> <\/div>\n","protected":false},"excerpt":{"rendered":"<p>Antena Yagi, 890 &#8211; 960 MHz, 60\u00ba ancho horizontal, inclinaci\u00f3n el\u00e9ctrica fija, di\u00e1metro de la tuber\u00eda del montaje: max. 3&#8243;<\/p>\n","protected":false},"featured_media":74004,"comment_status":"open","ping_status":"closed","template":"","meta":[],"product_brand":[],"product_cat":[1918],"product_tag":[1330,1404,1919],"class_list":{"0":"post-74005","1":"product","2":"type-product","3":"status-publish","4":"has-post-thumbnail","6":"product_cat-direccionales","7":"product_tag-andrew-commscope","8":"product_tag-antenas","9":"product_tag-direccionales","11":"first","12":"outofstock","13":"sale","14":"shipping-taxable","15":"purchasable","16":"product-type-simple"},"_links":{"self":[{"href":"https:\/\/soydeaqui.ddns.net\/pachuca\/index.php\/wp-json\/wp\/v2\/product\/74005","targetHints":{"allow":["GET"]}}],"collection":[{"href":"https:\/\/soydeaqui.ddns.net\/pachuca\/index.php\/wp-json\/wp\/v2\/product"}],"about":[{"href":"https:\/\/soydeaqui.ddns.net\/pachuca\/index.php\/wp-json\/wp\/v2\/types\/product"}],"replies":[{"embeddable":true,"href":"https:\/\/soydeaqui.ddns.net\/pachuca\/index.php\/wp-json\/wp\/v2\/comments?post=74005"}],"wp:featuredmedia":[{"embeddable":true,"href":"https:\/\/soydeaqui.ddns.net\/pachuca\/index.php\/wp-json\/wp\/v2\/media\/74004"}],"wp:attachment":[{"href":"https:\/\/soydeaqui.ddns.net\/pachuca\/index.php\/wp-json\/wp\/v2\/media?parent=74005"}],"wp:term":[{"taxonomy":"product_brand","embeddable":true,"href":"https:\/\/soydeaqui.ddns.net\/pachuca\/index.php\/wp-json\/wp\/v2\/product_brand?post=74005"},{"taxonomy":"product_cat","embeddable":true,"href":"https:\/\/soydeaqui.ddns.net\/pachuca\/index.php\/wp-json\/wp\/v2\/product_cat?post=74005"},{"taxonomy":"product_tag","embeddable":true,"href":"https:\/\/soydeaqui.ddns.net\/pachuca\/index.php\/wp-json\/wp\/v2\/product_tag?post=74005"}],"curies":[{"name":"wp","href":"https:\/\/api.w.org\/{rel}","templated":true}]}}