{"id":74003,"date":"2026-03-19T13:44:18","date_gmt":"2026-03-19T13:44:18","guid":{"rendered":"https:\/\/soydeaqui.ddns.net\/pachuca\/index.php\/producto\/nodo-mesh-movil-multiservicio-con-2-radios-ba100m-11\/"},"modified":"2026-03-19T13:44:20","modified_gmt":"2026-03-19T13:44:20","slug":"nodo-mesh-movil-multiservicio-con-2-radios-ba100m-11","status":"publish","type":"product","link":"https:\/\/soydeaqui.ddns.net\/pachuca\/index.php\/producto\/nodo-mesh-movil-multiservicio-con-2-radios-ba100m-11\/","title":{"rendered":"Nodo Mesh M\u00f3vil Multiservicio con 2 Radios. (BA100M-11)."},"content":{"rendered":"<div style='width: 100%; max-width: 1200px; margin: 0 auto; font-family: sans-serif; line-height: 1.6; color: inherit; background-color: transparent;'>\n<div style='display: flex; flex-wrap: wrap; gap: 30px; margin-bottom: 30px;'>\n<div style='flex: 1 1 300px; min-width: 280px;'>\n<h3 style='font-size: 22px; border-bottom: 2px solid currentColor; padding-bottom: 5px; margin-top: 0; color: inherit; opacity: 0.8;'>Caracter\u00edsticas T\u00e9cnicas<\/h3>\n<ul style='padding-left: 20px; font-size: 15px; color: inherit;'>\n<li style='margin-bottom: 5px;'>1 Radio en 802.11b\/g (2.4 &#8211; 2.4835 GHz)<\/li>\n<li style='margin-bottom: 5px;'>1 Radio en 802.11a (4.940 &#8211; 4.990 GHz \/ 5.1 &#8211; 5.8 GHz)<\/li>\n<li style='margin-bottom: 5px;'>Mantiene conexi\u00f3n en la red a 200 km\/h<\/li>\n<li style='margin-bottom: 5px;'>16 grupos de trabajo diferentes (16 SSID)<\/li>\n<li style='margin-bottom: 5px;'>Programaci\u00f3n v\u00eda CLI&comma; Web y Belview NMS Software<\/li>\n<li style='margin-bottom: 5px;'>Niveles de privilegios de usuarios con autentificaci\u00f3n RADIUS<\/li>\n<li style='margin-bottom: 5px;'>Actualizaci\u00f3n de firmware v\u00eda TFTP con Rollback autom\u00e1tico<\/li>\n<li style='margin-bottom: 5px;'>Ancho de canal ajustable: 5&comma; 10 y 20 MHz<\/li>\n<li style='margin-bottom: 5px;'>Fuente de poder CA integrada<\/li>\n<li style='margin-bottom: 5px;'>Control de Mac Address<\/li>\n<li style='margin-bottom: 5px;'>Administraci\u00f3n autom\u00e1tica de transito de paquetes<\/li>\n<li style='margin-bottom: 5px;'>Soporta: QoS&comma; VLAN&comma; VPN<\/li>\n<li style='margin-bottom: 5px;'>Capa 2 modelo OSI<\/li>\n<li style='margin-bottom: 5px;'>Soporta: SNTP&comma; ICMP&comma; HTTP&comma; HTTPS&comma; ARP&comma; TCP&comma; UDP&comma; Telnet&comma; TFTP<\/li>\n<li style='margin-bottom: 5px;'>Soporta: SNMPv1\/v2\/v3 y SSHv2<\/li>\n<li style='margin-bottom: 5px;'>Encripci\u00f3n: WEP 64 y 128 bits&comma; WPA\/WPA2&comma; AES&comma; TKIP<\/li>\n<li style='margin-bottom: 5px;'>Norma: NEMA4&comma; 4X&comma; IP56 para intemperie<\/li>\n<li style='margin-bottom: 5px;'>Resistente a vibraciones<\/li>\n<li style='margin-bottom: 5px;'>Bater\u00eda de respaldo: 8 Vcc (opcional)&comma; 40 minutos aproximadamente<\/li>\n<li style='margin-bottom: 5px;'>Alta sensibilidad<\/li>\n<li style='margin-bottom: 5px;'>Alimentaci\u00f3n: 100-240 Vca&comma; 15 A&comma; 47-63 Hz<\/li>\n<li style='margin-bottom: 5px;'>Alimentaci\u00f3n PoE: 24-110 Vcc&comma; PoE no incluido<\/li>\n<li style='margin-bottom: 5px;'>Temperatura: -40 a 55\u00baC<\/li>\n<li style='margin-bottom: 5px;'>Conectores: N Hembra (Para conexi\u00f3n de antenas externas)<\/li>\n<\/ul>\n<\/div>\n<\/div>\n<\/div>\n<div style='display: flex; flex-wrap: wrap; gap: 30px; margin-bottom: 30px;'>\n<div style='flex: 1 1 300px; min-width: 280px;'>\n<div style='width: 100%; max-width: 1200px; margin: 0 auto; font-family: sans-serif; line-height: 1.6; color: inherit; background-color: transparent;'>\n<p style='margin-bottom: 15px;'>Los montajes&comma; cables de alimentaci\u00f3n y antenas no est\u00e1n incluidos para una mayor flexibilidad en su instalaci\u00f3n&comma; elija las que se adapten a sus necesidades.<\/p>\n<p style='margin: 0;'><strong>*Pregunte por tiempo de entrega.<\/strong><\/p>\n<\/div>\n<\/div>\n<\/div>\n<div style='display: flex; flex-wrap: wrap; gap: 30px; margin-bottom: 30px;'>\n<div style='flex: 1 1 300px; min-width: 280px;'>\n<div style='width: 100%; max-width: 1200px; margin: 0 auto; font-family: sans-serif; line-height: 1.6; color: inherit; background-color: transparent;'>\n<div style='margin-bottom: 30px;'><img style='width: 100%; height: auto; border: 1px solid rgba(150&comma;150&comma;150&comma;0.3); border-radius: 8px;' src='http:\/\/ftp3.syscom.mx\/usuarios\/fotos\/BA100M11\/BA100M11_1.JPG' alt=''><\/div>\n<\/div>\n<\/div>\n<\/div>\n<\/div>\n","protected":false},"excerpt":{"rendered":"<p>Nodo Mesh M\u00f3vil Multiservicio con 2 Radios. (BA100M-11).<\/p>\n","protected":false},"featured_media":74002,"comment_status":"open","ping_status":"closed","template":"","meta":[],"product_brand":[],"product_cat":[1998],"product_tag":[1999,2093,1980],"class_list":{"0":"post-74003","1":"product","2":"type-product","3":"status-publish","4":"has-post-thumbnail","6":"product_cat-5-y-6-ghz","7":"product_tag-5-y-6-ghz","8":"product_tag-belair-networks","9":"product_tag-enlaces-ptp-y-ptmp","11":"first","12":"outofstock","13":"sale","14":"shipping-taxable","15":"purchasable","16":"product-type-simple"},"_links":{"self":[{"href":"https:\/\/soydeaqui.ddns.net\/pachuca\/index.php\/wp-json\/wp\/v2\/product\/74003","targetHints":{"allow":["GET"]}}],"collection":[{"href":"https:\/\/soydeaqui.ddns.net\/pachuca\/index.php\/wp-json\/wp\/v2\/product"}],"about":[{"href":"https:\/\/soydeaqui.ddns.net\/pachuca\/index.php\/wp-json\/wp\/v2\/types\/product"}],"replies":[{"embeddable":true,"href":"https:\/\/soydeaqui.ddns.net\/pachuca\/index.php\/wp-json\/wp\/v2\/comments?post=74003"}],"wp:featuredmedia":[{"embeddable":true,"href":"https:\/\/soydeaqui.ddns.net\/pachuca\/index.php\/wp-json\/wp\/v2\/media\/74002"}],"wp:attachment":[{"href":"https:\/\/soydeaqui.ddns.net\/pachuca\/index.php\/wp-json\/wp\/v2\/media?parent=74003"}],"wp:term":[{"taxonomy":"product_brand","embeddable":true,"href":"https:\/\/soydeaqui.ddns.net\/pachuca\/index.php\/wp-json\/wp\/v2\/product_brand?post=74003"},{"taxonomy":"product_cat","embeddable":true,"href":"https:\/\/soydeaqui.ddns.net\/pachuca\/index.php\/wp-json\/wp\/v2\/product_cat?post=74003"},{"taxonomy":"product_tag","embeddable":true,"href":"https:\/\/soydeaqui.ddns.net\/pachuca\/index.php\/wp-json\/wp\/v2\/product_tag?post=74003"}],"curies":[{"name":"wp","href":"https:\/\/api.w.org\/{rel}","templated":true}]}}