{"id":73975,"date":"2026-03-19T13:43:16","date_gmt":"2026-03-19T13:43:16","guid":{"rendered":"https:\/\/soydeaqui.ddns.net\/pachuca\/index.php\/producto\/router-inalambrico-para-wisp-con-configuracion-de-fabrica-personalizable-2-4-ghz-300-mbps-4-puertos-lan-10-100-mbps-1-puerto-wan-10-100-mbps-control-de-ancho-de-banda\/"},"modified":"2026-03-19T13:43:26","modified_gmt":"2026-03-19T13:43:26","slug":"router-inalambrico-para-wisp-con-configuracion-de-fabrica-personalizable-2-4-ghz-300-mbps-4-puertos-lan-10-100-mbps-1-puerto-wan-10-100-mbps-control-de-ancho-de-banda","status":"publish","type":"product","link":"https:\/\/soydeaqui.ddns.net\/pachuca\/index.php\/producto\/router-inalambrico-para-wisp-con-configuracion-de-fabrica-personalizable-2-4-ghz-300-mbps-4-puertos-lan-10-100-mbps-1-puerto-wan-10-100-mbps-control-de-ancho-de-banda\/","title":{"rendered":"Router Inal\u00e1mbrico para WISP con Configuraci\u00f3n de f\u00e1brica personalizable, 2.4 GHz, 300 Mbps, 4 Puertos LAN 10\/100 Mbps, 1 Puerto WAN 10\/100 Mbps, control de ancho de banda"},"content":{"rendered":"<div style=\"width: 100%; max-width: 1200px; margin: 0 auto; font-family: sans-serif; line-height: 1.6; color: inherit; background-color: transparent;\"><!-- Imagen del producto --><\/p>\n<div style=\"display: flex; justify-content: center; margin: 20px 0;\"><img decoding=\"async\" style=\"width: 100%; max-width: 400px; height: auto; border: 1px solid rgba(150&comma; 150&comma; 150&comma; 0.3); border-radius: 8px;\" src=\"https:\/\/ftp3.syscom.mx\/usuarios\/fotos\/TLWR840N\/96518-tp-link.png\" alt=\"Router Inal\u00e1mbrico TP-LINK TLWR850N\" class=\"fr-fil fr-dib\"><\/div>\n<p><!-- Descripci\u00f3n principal --><\/p>\n<div style=\"margin: 30px 0; font-size: 15px;\">\n<p>El TL-WR850N de TP-Link la principal funci&oacute;n es la posibilidad de realizar una configuraci&oacute;n totalmente personalizada y convertirla en la configuraci&oacute;n de f&aacute;brica (por defecto) del dispositivo&comma; con esto cuando el usuario intente regresar a valores de f&aacute;brica&comma; dicho dispositivo tendr&aacute; la configuraci&oacute;n personalizada que se cargo en un principio&comma; eliminando fallas en el servicio por esta causa.<\/p>\n<\/div>\n<p><!-- Secci\u00f3n de caracter\u00edsticas&comma; beneficios y aplicaciones --><\/p>\n<div style=\"display: flex; flex-wrap: wrap; gap: 30px; margin: 30px 0;\"><!-- Caracter\u00edsticas principales --><\/p>\n<div style=\"flex: 1 1 300px; min-width: 280px;\">\n<div style=\"border: 1px solid rgba(34&comma; 245&comma; 242&comma; 0.4); border-radius: 8px; overflow: hidden;\">\n<div style=\"padding: 15px; border-bottom: 1px solid rgba(34&comma; 245&comma; 242&comma; 0.2); font-weight: bold; font-size: 18px; color: #22F5F2;\">Caracter&iacute;sticas principales:<\/div>\n<div style=\"padding: 15px; color: inherit;\">\n<ul style=\"padding-left: 20px; margin: 0; font-size: 14px; list-style-type: disc;\">\n<li style=\"margin-bottom: 5px;\"><strong>Est&aacute;ndar WiFi:<\/strong> 802.11 b\/g\/n<\/li>\n<li style=\"margin-bottom: 5px;\"><strong>Modos de operaci&oacute;n:<\/strong> Enrutador<\/li>\n<li style=\"margin-bottom: 5px;\"><strong>Banda de operaci&oacute;n:<\/strong> 2.4 GHz<\/li>\n<li style=\"margin-bottom: 5px;\"><strong>Transmisi&oacute;n inal&aacute;mbrica:<\/strong> hasta 300 Mbps<\/li>\n<li style=\"margin-bottom: 5px;\"><strong>SSID:<\/strong> Hasta 4<\/li>\n<li style=\"margin-bottom: 5px;\"><strong>Puerto WAN:<\/strong> 1<\/li>\n<li style=\"margin-bottom: 5px;\"><strong>Puertos LAN:<\/strong> 4<\/li>\n<li style=\"margin-bottom: 5px;\"><strong>Antenas:<\/strong> 2 omnidireccionales<\/li>\n<li style=\"margin-bottom: 5px;\"><strong>Alimentaci&oacute;n:<\/strong> 9 Vcc \/ 0.6 A (fuente incluida)<\/li>\n<li style=\"margin-bottom: 5px;\"><strong>Dimensiones:<\/strong> 7.2 * 5.0 * 1.4 in (182*128*35mm)<\/li>\n<\/ul>\n<\/div>\n<\/div>\n<\/div>\n<p><!-- Beneficios --><\/p>\n<div style=\"flex: 1 1 300px; min-width: 280px;\">\n<div style=\"border: 1px solid rgba(34&comma; 245&comma; 242&comma; 0.4); border-radius: 8px; overflow: hidden;\">\n<div style=\"padding: 15px; border-bottom: 1px solid rgba(34&comma; 245&comma; 242&comma; 0.2); font-weight: bold; font-size: 18px; color: #22F5F2;\">Beneficios:<\/div>\n<div style=\"padding: 15px; color: inherit;\">\n<ul style=\"padding-left: 20px; margin: 0; font-size: 14px; list-style-type: disc;\">\n<li style=\"margin-bottom: 5px;\">Calidad en el servicio<\/li>\n<li style=\"margin-bottom: 5px;\">Agil Config<\/li>\n<li style=\"margin-bottom: 5px;\">Control de ancho de banda<\/li>\n<li style=\"margin-bottom: 5px;\">VPN Cliente: PPTP&comma; L2TP&comma; IPSec (ESP Head)<\/li>\n<li style=\"margin-bottom: 5px;\">Protecci&oacute;n DoS<\/li>\n<li style=\"margin-bottom: 5px;\">Firewall IP Address\/MAC Address<\/li>\n<li style=\"margin-bottom: 5px;\">Filtrado de contenido (URL&acute;s)<\/li>\n<li style=\"margin-bottom: 5px;\">Port forwarding: Servidor virtual&comma; Port Triggering&comma; UPnP y DMZ<\/li>\n<\/ul>\n<\/div>\n<\/div>\n<\/div>\n<p><!-- Aplicaciones --><\/p>\n<div style=\"flex: 1 1 300px; min-width: 280px;\">\n<div style=\"border: 1px solid rgba(34&comma; 245&comma; 242&comma; 0.4); border-radius: 8px; overflow: hidden;\">\n<div style=\"padding: 15px; border-bottom: 1px solid rgba(34&comma; 245&comma; 242&comma; 0.2); font-weight: bold; font-size: 18px; color: #22F5F2;\">Aplicaciones:<\/div>\n<div style=\"padding: 15px; color: inherit;\">\n<ul style=\"padding-left: 20px; margin: 0; font-size: 14px; list-style-type: disc;\">\n<li style=\"margin-bottom: 5px;\">WISP<\/li>\n<li style=\"margin-bottom: 5px;\">Casas<\/li>\n<li style=\"margin-bottom: 5px;\">Peque&ntilde;os negocios<\/li>\n<li style=\"margin-bottom: 5px;\">Tiendas peque&ntilde;as<\/li>\n<\/ul>\n<\/div>\n<\/div>\n<\/div>\n<\/div>\n<p><!-- Secci\u00f3n Agile Config --><\/p>\n<div style=\"margin: 40px 0; padding: 20px; border: 1px solid rgba(74&comma; 203&comma; 214&comma; 0.4); border-radius: 8px; background-color: rgba(74&comma; 203&comma; 214&comma; 0.1);\">\n<h2 style=\"font-size: 22px; margin-top: 0; color: #4acbd6;\">&iquest;Qu&eacute; es Agile Config?<\/h2>\n<p style=\"margin: 15px 0; color: inherit;\">TP-Link ofrece una soluci&oacute;n para determinar la configuraci&oacute;n de SSID&comma; contrase&ntilde;a&comma; zona horaria&comma; idioma&comma; etc. de acuerdo con los requisitos del operador WISP para una f&aacute;cil administraci&oacute;n.<\/p>\n<div style=\"display: flex; flex-wrap: wrap; gap: 20px; margin: 20px 0;\">\n<div style=\"flex: 1 1 250px; min-width: 200px;\">\n<div style=\"width: 55px; height: 55px; margin: 0 auto; background-image: url(;\"><\/div>\n<p style=\"margin: 10px 0 5px; text-align: center; color: #fdc800; font-weight: bold;\">Ventajas<\/p>\n<p style=\"text-align: center; margin: 0;\">Configuraci&oacute;n aplicable a dispositivos de manera masiva.<\/p>\n<\/div>\n<div style=\"flex: 1 1 250px; min-width: 200px;\">\n<div style=\"width: 55px; height: 55px; margin: 0 auto; background-image: url(;\"><\/div>\n<p style=\"margin: 10px 0 5px; text-align: center; color: inherit; font-weight: bold;\">Configuraci&oacute;n f&aacute;cil<\/p>\n<p style=\"text-align: center; margin: 0;\">Configuraci&oacute;n f&aacute;cil sin un equipo especial.<\/p>\n<\/div>\n<\/div>\n<\/div>\n<p><!-- Secci\u00f3n de descarga de herramientas --><\/p>\n<div style=\"margin: 30px 0;\">\n<h3 style=\"font-size: 18px; border-bottom: 2px solid currentColor; padding-bottom: 5px; margin-top: 0; color: inherit; opacity: 0.8;\">Herramientas de configuraci&oacute;n<\/h3>\n<p style=\"margin: 15px 0;\"><strong>Si su equipo es versi&oacute;n de hardware V1 utiliza la siguiente herramienta:<\/strong><\/p>\n<p style=\"margin: 15px 0;\"><a style=\"color: #1155cc; text-decoration: none;\" href=\"https:\/\/ftp3.syscom.mx\/usuarios\/esanchez\/TPLINK\/ARCHERC20W\/TpUpgrade%20Para%20TL-WR850N.zip\" target=\"_blank\" rel=\"noopener\">Descargar TpUpgrade para TL-WR850N<\/a><\/p>\n<p style=\"margin: 15px 0;\"><strong>Si su equipo es versi&oacute;n de hardware V3 entrar a la siguiente liga y seguir los pasos correspondientes para obtener la herramienta:<\/strong><\/p>\n<p style=\"margin: 15px 0;\"><a style=\"color: #1155cc; text-decoration: none;\" href=\"https:\/\/ftp3.syscom.mx\/usuarios\/esanchez\/TPLINK\/AGILE\/AgileServer_Setup_2.0.7010.17205.exe\" target=\"_blank\" rel=\"noopener\"><strong>Descargar Agile 2.0<\/strong><\/a><\/p>\n<p style=\"margin: 15px 0;\">Este equipo soporta Agile Solution: <a style=\"color: #1155cc; text-decoration: none;\" href=\"https:\/\/agile.tp-link.com\/mx\/config\" target=\"_blank\" rel=\"noopener\">https:\/\/agile.tp-link.com\/mx\/config<\/a><\/p>\n<p style=\"margin: 15px 0;\">Descargar Agile Solution: <a style=\"color: #1155cc; text-decoration: none;\" href=\"https:\/\/agile.tp-link.com\/mx\/\" target=\"_blank\" rel=\"noopener\">https:\/\/agile.tp-link.com\/mx\/<\/a><\/p>\n<\/div>\n<\/div>\n","protected":false},"excerpt":{"rendered":"<p>Router Inal\u00e1mbrico para WISP con Configuraci\u00f3n de f\u00e1brica personalizable, 2.4 GHz, 300 Mbps, 4 Puertos LAN 10\/100 Mbps, 1 Puerto WAN 10\/100 Mbps, control de ancho de banda<\/p>\n","protected":false},"featured_media":73974,"comment_status":"open","ping_status":"closed","template":"","meta":[],"product_brand":[],"product_cat":[2036,2035,2034],"product_tag":[2039,2038,664,2037,71],"class_list":{"0":"post-73975","1":"product","2":"type-product","3":"status-publish","4":"has-post-thumbnail","6":"product_cat-balanceadores","7":"product_cat-firewalls","8":"product_cat-routers","9":"product_tag-balanceadores","10":"product_tag-firewalls","11":"product_tag-networking","12":"product_tag-routers","13":"product_tag-tp-link","15":"first","16":"instock","17":"sale","18":"shipping-taxable","19":"purchasable","20":"product-type-simple"},"_links":{"self":[{"href":"https:\/\/soydeaqui.ddns.net\/pachuca\/index.php\/wp-json\/wp\/v2\/product\/73975","targetHints":{"allow":["GET"]}}],"collection":[{"href":"https:\/\/soydeaqui.ddns.net\/pachuca\/index.php\/wp-json\/wp\/v2\/product"}],"about":[{"href":"https:\/\/soydeaqui.ddns.net\/pachuca\/index.php\/wp-json\/wp\/v2\/types\/product"}],"replies":[{"embeddable":true,"href":"https:\/\/soydeaqui.ddns.net\/pachuca\/index.php\/wp-json\/wp\/v2\/comments?post=73975"}],"wp:featuredmedia":[{"embeddable":true,"href":"https:\/\/soydeaqui.ddns.net\/pachuca\/index.php\/wp-json\/wp\/v2\/media\/73974"}],"wp:attachment":[{"href":"https:\/\/soydeaqui.ddns.net\/pachuca\/index.php\/wp-json\/wp\/v2\/media?parent=73975"}],"wp:term":[{"taxonomy":"product_brand","embeddable":true,"href":"https:\/\/soydeaqui.ddns.net\/pachuca\/index.php\/wp-json\/wp\/v2\/product_brand?post=73975"},{"taxonomy":"product_cat","embeddable":true,"href":"https:\/\/soydeaqui.ddns.net\/pachuca\/index.php\/wp-json\/wp\/v2\/product_cat?post=73975"},{"taxonomy":"product_tag","embeddable":true,"href":"https:\/\/soydeaqui.ddns.net\/pachuca\/index.php\/wp-json\/wp\/v2\/product_tag?post=73975"}],"curies":[{"name":"wp","href":"https:\/\/api.w.org\/{rel}","templated":true}]}}