{"id":73970,"date":"2026-03-19T13:43:05","date_gmt":"2026-03-19T13:43:05","guid":{"rendered":"https:\/\/soydeaqui.ddns.net\/pachuca\/index.php\/producto\/pdu-basico-para-distribucion-de-energia-con-8-tomas-nema-5-15r-traseras-1ur-15-amp-120-vca\/"},"modified":"2026-03-19T13:43:13","modified_gmt":"2026-03-19T13:43:13","slug":"pdu-basico-para-distribucion-de-energia-con-8-tomas-nema-5-15r-traseras-1ur-15-amp-120-vca","status":"publish","type":"product","link":"https:\/\/soydeaqui.ddns.net\/pachuca\/index.php\/producto\/pdu-basico-para-distribucion-de-energia-con-8-tomas-nema-5-15r-traseras-1ur-15-amp-120-vca\/","title":{"rendered":"PDU B\u00e1sico Para Distribuci\u00f3n de Energ\u00eda, Con 8 Tomas NEMA 5-15R Traseras, 1UR, 15 Amp, 120 Vca"},"content":{"rendered":"<div style='width: 100%; max-width: 1200px; margin: 0 auto; font-family: sans-serif; line-height: 1.6; color: inherit; background-color: transparent;'> <!-- Logo de la marca --> <\/p>\n<div style='width: 100%; text-align: center; margin: 20px 0;'> <img style='width: auto; max-width: 100%; height: auto; max-height: 100px; border: 1px solid rgba(150&comma;150&comma;150&comma;0.3); border-radius: 8px;' src='https:\/\/ftp3.syscom.mx\/usuarios\/fotos\/logotipos\/cyberpower.png' alt='Logo CyberPower'> <\/div>\n<p> <!-- Descripci\u00f3n principal --> <\/p>\n<div style='margin: 30px 0; font-size: 15px;'>\n<p style='margin-bottom: 15px;'>El CyberPower PDU15B8R es una unidad de distribuci\u00f3n de energ\u00eda b\u00e1sica (PDU) de montaje en Rack o Gabinete de 8 salidas (traseras)&comma; proporciona una salida de 120 Vca y 15 Amp. Distribuye energ\u00eda a 10 recept\u00e1culos NEMA 5-15R desde un solo enchufe NEMA 5-15P con paso el\u00e9ctrico sin filtro. Dise\u00f1ado para centros de datos y otras aplicaciones el\u00e9ctricamente exigentes&comma; el PDU15B8R tiene una carcasa met\u00e1lica resistente de grado industrial y un cable de alimentaci\u00f3n de Vca de 4.5 metros. Se puede instalar de manera horizontal o vertical&comma; incluye una bandeja de retenci\u00f3n de cable y tiene certificaci\u00f3n ETL \/ RoHS. Una garant\u00eda limitada de por vida cubre defectos en materiales y mano de obra en el producto bajo condiciones y uso normales.<\/p>\n<\/p><\/div>\n<p> <!-- Secci\u00f3n de aplicaciones --> <\/p>\n<div style='margin: 30px 0;'>\n<h3 style='font-size: 22px; border-bottom: 2px solid currentColor; padding-bottom: 5px; margin-top: 0; color: inherit; opacity: 0.8;'>Aplicaciones T\u00edpicas<\/h3>\n<ul style='padding-left: 20px; font-size: 15px; color: inherit;'>\n<li style='margin-bottom: 5px;'>Servidores<\/li>\n<li style='margin-bottom: 5px;'>Dispositivos de red<\/li>\n<li style='margin-bottom: 5px;'>Equipo de telecomunicaciones<\/li>\n<\/ul><\/div>\n<p> <!-- Secci\u00f3n de especificaciones --> <\/p>\n<div style='margin: 30px 0;'>\n<h3 style='font-size: 22px; border-bottom: 2px solid currentColor; padding-bottom: 5px; margin-top: 0; color: inherit; opacity: 0.8;'>Especificaciones t\u00e9cnicas<\/h3>\n<div style='display: flex; flex-wrap: wrap; gap: 20px; margin-top: 20px;'>\n<div style='flex: 1 1 250px; border: 1px solid rgba(150&comma; 150&comma; 150&comma; 0.4); border-radius: 8px; overflow: hidden; display: flex; flex-direction: column;'>\n<div style='padding: 15px; border-bottom: 1px solid rgba(150&comma; 150&comma; 150&comma; 0.2); font-weight: bold; font-size: 18px; color: inherit;'>Especificaciones El\u00e9ctricas<\/div>\n<div style='padding: 15px; color: inherit;'>\n<ul style='padding-left: 20px; margin: 0; font-size: 14px; list-style-type: disc;'>\n<li style='margin-bottom: 5px;'><strong>Fases:<\/strong> Fase sencilla<\/li>\n<li style='margin-bottom: 5px;'><strong>Amperaje:<\/strong> 15A<\/li>\n<li style='margin-bottom: 5px;'><strong>Voltaje de entrada:<\/strong> 100 \u2013 125 Vca<\/li>\n<li style='margin-bottom: 5px;'><strong>Voltaje de salida:<\/strong> 100-125 Vca<\/li>\n<li style='margin-bottom: 5px;'><strong>Frecuencia:<\/strong> 50Hz\/60Hz<\/li>\n<\/ul><\/div>\n<\/p><\/div>\n<div style='flex: 1 1 250px; border: 1px solid rgba(150&comma; 150&comma; 150&comma; 0.4); border-radius: 8px; overflow: hidden; display: flex; flex-direction: column;'>\n<div style='padding: 15px; border-bottom: 1px solid rgba(150&comma; 150&comma; 150&comma; 0.2); font-weight: bold; font-size: 18px; color: inherit;'>Conectores<\/div>\n<div style='padding: 15px; color: inherit;'>\n<ul style='padding-left: 20px; margin: 0; font-size: 14px; list-style-type: disc;'>\n<li style='margin-bottom: 5px;'><strong>Tipo de entrada:<\/strong> NEMA 5-15P<\/li>\n<li style='margin-bottom: 5px;'><img style='width: 40px; height: 40px; border: 1px solid rgba(150&comma;150&comma;150&comma;0.3); border-radius: 4px; vertical-align: middle; margin-right: 5px;' src='https:\/\/www.cyberpower.com\/mx\/es\/File\/GetImageByDocId\/GeneralAttribute-235' alt=''> NEMA 5-15P<\/li>\n<li style='margin-bottom: 5px;'><strong>Tipo de tomas de salida:<\/strong> 8 x NEMA 5-15R<\/li>\n<li style='margin-bottom: 5px;'><img style='width: 40px; height: 40px; border: 1px solid rgba(150&comma;150&comma;150&comma;0.3); border-radius: 4px; vertical-align: middle; margin-right: 5px;' src='https:\/\/www.cyberpower.com\/mx\/es\/File\/GetImageByDocId\/GeneralAttribute-238' alt=''> NEMA 5-15R<\/li>\n<\/ul><\/div>\n<\/p><\/div>\n<div style='flex: 1 1 250px; border: 1px solid rgba(150&comma; 150&comma; 150&comma; 0.4); border-radius: 8px; overflow: hidden; display: flex; flex-direction: column;'>\n<div style='padding: 15px; border-bottom: 1px solid rgba(150&comma; 150&comma; 150&comma; 0.2); font-weight: bold; font-size: 18px; color: inherit;'>Caracter\u00edsticas F\u00edsicas<\/div>\n<div style='padding: 15px; color: inherit;'>\n<ul style='padding-left: 20px; margin: 0; font-size: 14px; list-style-type: disc;'>\n<li style='margin-bottom: 5px;'><strong>Longitud de cable de alimentaci\u00f3n:<\/strong> 4.5 metros<\/li>\n<li style='margin-bottom: 5px;'><strong>Lugar de tomas:<\/strong> 8 traseras<\/li>\n<li style='margin-bottom: 5px;'><strong>Tama\u00f1o en Rack:<\/strong> 1 UR<\/li>\n<li style='margin-bottom: 5px;'><strong>Dimensiones:<\/strong> 444.5 x 44.45 x 57.15 mm (Ancho x Alto x Profundidad)<\/li>\n<li style='margin-bottom: 5px;'><strong>Peso:<\/strong> 1.81 Kg<\/li>\n<li style='margin-bottom: 5px;'><strong>Temperatura de operaci\u00f3n:<\/strong> 0 &#8211; 35\u00baC<\/li>\n<\/ul><\/div>\n<\/p><\/div>\n<\/p><\/div>\n<\/p><\/div>\n<p> <!-- Separador --> <\/p>\n<hr style='border: 0; border-top: 1px solid rgba(150&comma; 150&comma; 150&comma; 0.3); margin: 30px 0;'> <\/div>\n","protected":false},"excerpt":{"rendered":"<p>PDU B\u00e1sico Para Distribuci\u00f3n de Energ\u00eda, Con 8 Tomas NEMA 5-15R Traseras, 1UR, 15 Amp, 120 Vca<\/p>\n","protected":false},"featured_media":73969,"comment_status":"open","ping_status":"closed","template":"","meta":[],"product_brand":[],"product_cat":[604],"product_tag":[606,677,605],"class_list":{"0":"post-73970","1":"product","2":"type-product","3":"status-publish","4":"has-post-thumbnail","6":"product_cat-accesorios-para-racks-y-gabinetes","7":"product_tag-accesorios-para-racks-y-gabinetes","8":"product_tag-cyberpower","9":"product_tag-racks-y-gabinetes","11":"first","12":"instock","13":"sale","14":"shipping-taxable","15":"purchasable","16":"product-type-simple"},"_links":{"self":[{"href":"https:\/\/soydeaqui.ddns.net\/pachuca\/index.php\/wp-json\/wp\/v2\/product\/73970","targetHints":{"allow":["GET"]}}],"collection":[{"href":"https:\/\/soydeaqui.ddns.net\/pachuca\/index.php\/wp-json\/wp\/v2\/product"}],"about":[{"href":"https:\/\/soydeaqui.ddns.net\/pachuca\/index.php\/wp-json\/wp\/v2\/types\/product"}],"replies":[{"embeddable":true,"href":"https:\/\/soydeaqui.ddns.net\/pachuca\/index.php\/wp-json\/wp\/v2\/comments?post=73970"}],"wp:featuredmedia":[{"embeddable":true,"href":"https:\/\/soydeaqui.ddns.net\/pachuca\/index.php\/wp-json\/wp\/v2\/media\/73969"}],"wp:attachment":[{"href":"https:\/\/soydeaqui.ddns.net\/pachuca\/index.php\/wp-json\/wp\/v2\/media?parent=73970"}],"wp:term":[{"taxonomy":"product_brand","embeddable":true,"href":"https:\/\/soydeaqui.ddns.net\/pachuca\/index.php\/wp-json\/wp\/v2\/product_brand?post=73970"},{"taxonomy":"product_cat","embeddable":true,"href":"https:\/\/soydeaqui.ddns.net\/pachuca\/index.php\/wp-json\/wp\/v2\/product_cat?post=73970"},{"taxonomy":"product_tag","embeddable":true,"href":"https:\/\/soydeaqui.ddns.net\/pachuca\/index.php\/wp-json\/wp\/v2\/product_tag?post=73970"}],"curies":[{"name":"wp","href":"https:\/\/api.w.org\/{rel}","templated":true}]}}