{"id":73952,"date":"2026-03-19T13:42:21","date_gmt":"2026-03-19T13:42:21","guid":{"rendered":"https:\/\/soydeaqui.ddns.net\/pachuca\/index.php\/producto\/lhg-5-ac-cpe-y-ptp-en-5ghz-802-11-a-n-ac-con-antena-integrada-de-24-5-dbi\/"},"modified":"2026-03-19T13:42:33","modified_gmt":"2026-03-19T13:42:33","slug":"lhg-5-ac-cpe-y-ptp-en-5ghz-802-11-a-n-ac-con-antena-integrada-de-24-5-dbi","status":"publish","type":"product","link":"https:\/\/soydeaqui.ddns.net\/pachuca\/index.php\/producto\/lhg-5-ac-cpe-y-ptp-en-5ghz-802-11-a-n-ac-con-antena-integrada-de-24-5-dbi\/","title":{"rendered":"(LHG 5 ac) CPE y PtP en 5GHz 802.11 a\/n\/ac con Antena Integrada de 24.5 dBi."},"content":{"rendered":"<div style='width: 100%; max-width: 1200px; margin: 0 auto; font-family: sans-serif; line-height: 1.6; color: inherit;'> <!-- Imagen principal --> <\/p>\n<div style='width: 100%; margin-bottom: 30px;'> <img style='width: 100%; height: auto; border: 1px solid rgba(150&comma;150&comma;150&comma;0.3); border-radius: 8px;' src='https:\/\/ftp3.syscom.mx\/usuarios\/fotos\/RBLHGG5ACD\/151453-lhg_5_ac_banner.png' alt='Banner LHG 5 ac'> <\/div>\n<p> <!-- Descripci\u00f3n principal --> <\/p>\n<div style='margin-bottom: 30px;'>\n<p style='font-size: 15px; margin: 0 0 15px 0;'>El LHG 5 ac es un dispositivo inal\u00e1mbrico 802.11ac de 5 GHz compacto y ligero con una antena de cuadr\u00edcula de 24&comma;5 dBi de polarizaci\u00f3n dual integrada a un precio revolucionario.<\/p>\n<p style='font-size: 15px; margin: 0;'>Es perfecto para enlaces punto a punto o para usar como un CPE a distancias m\u00e1s largas y admite el protocolo Nv2 TDMA.<\/p>\n<\/p><\/div>\n<p> <!-- Puerto Ethernet --> <\/p>\n<div style='margin-bottom: 30px;'>\n<p style='font-size: 15px; margin: 0;'>El dispositivo incluye un puerto Ethernet de 10\/100\/1000 Mbit para utilizar completamente las velocidades que proporciona el protocolo 802.11ac.<\/p>\n<\/p><\/div>\n<p> <!-- Secci\u00f3n de especificaciones --> <\/p>\n<div style='display: flex; flex-wrap: wrap; gap: 20px; margin-bottom: 30px;'>\n<div style='flex: 1 1 250px; border: 1px solid rgba(150&comma; 150&comma; 150&comma; 0.4); border-radius: 8px; overflow: hidden; display: flex; flex-direction: column;'>\n<div style='padding: 15px; border-bottom: 1px solid rgba(150&comma; 150&comma; 150&comma; 0.2); font-weight: bold; font-size: 18px;'>Especificaciones<\/div>\n<div style='padding: 15px;'>\n<ul style='padding-left: 20px; margin: 0; font-size: 14px;'>\n<li style='margin-bottom: 5px;'><strong>C\u00f3digo de producto:<\/strong> RBLHGG-5acD<\/li>\n<li style='margin-bottom: 5px;'><strong>Arquitectura:<\/strong> ARM 32bit<\/li>\n<li style='margin-bottom: 5px;'><strong>CPU:<\/strong> IPQ-4018<\/li>\n<li style='margin-bottom: 5px;'><strong>N\u00facleos de CPU:<\/strong> 4<\/li>\n<li style='margin-bottom: 5px;'><strong>Frecuencia CPU:<\/strong> 716 MHz<\/li>\n<li style='margin-bottom: 5px;'><strong>Dimensiones:<\/strong> \u00d8 391 x 222 mm<\/li>\n<li style='margin-bottom: 5px;'><strong>Licencia RouterOS:<\/strong> 3<\/li>\n<li style='margin-bottom: 5px;'><strong>Sistema operativo:<\/strong> <a style='color: inherit; text-decoration: underline;' href='https:\/\/wiki.mikrotik.com\/wiki\/Manual:TOC' target='_blank' rel='noopener'>RouterOS<\/a><\/li>\n<li style='margin-bottom: 5px;'><strong>RAM:<\/strong> 256 MB<\/li>\n<li style='margin-bottom: 5px;'><strong>Almacenamiento:<\/strong> 16 MB<\/li>\n<li style='margin-bottom: 5px;'><strong>Tipo:<\/strong> FLASH<\/li>\n<li style='margin-bottom: 5px;'><strong>Temperatura operaci\u00f3n:<\/strong> -40 \u00b0C a 70 \u00b0C<\/li>\n<li style='margin-bottom: 5px;'><strong>MTBF:<\/strong> Aproximadamente 100.000 horas a 25 \u00b0C<\/li>\n<\/ul><\/div>\n<\/p><\/div>\n<div style='flex: 1 1 250px; border: 1px solid rgba(150&comma; 150&comma; 150&comma; 0.4); border-radius: 8px; overflow: hidden; display: flex; flex-direction: column;'>\n<div style='padding: 15px; border-bottom: 1px solid rgba(150&comma; 150&comma; 150&comma; 0.2); font-weight: bold; font-size: 18px;'>Alimentaci\u00f3n<\/div>\n<div style='padding: 15px;'>\n<ul style='padding-left: 20px; margin: 0; font-size: 14px;'>\n<li style='margin-bottom: 5px;'><strong>PoE in:<\/strong> PoE pasivo<\/li>\n<li style='margin-bottom: 5px;'><strong>Voltaje:<\/strong> 10-30 V<\/li>\n<li style='margin-bottom: 5px;'><strong>Entradas DC:<\/strong> 1 (entrada PoE)<\/li>\n<li style='margin-bottom: 5px;'><strong>Consumo:<\/strong> 8 W<\/li>\n<li style='margin-bottom: 5px;'><strong>Ventiladores:<\/strong> Pasivo<\/li>\n<\/ul><\/div>\n<\/p><\/div>\n<div style='flex: 1 1 250px; border: 1px solid rgba(150&comma; 150&comma; 150&comma; 0.4); border-radius: 8px; overflow: hidden; display: flex; flex-direction: column;'>\n<div style='padding: 15px; border-bottom: 1px solid rgba(150&comma; 150&comma; 150&comma; 0.2); font-weight: bold; font-size: 18px;'>Inal\u00e1mbrico 5 GHz<\/div>\n<div style='padding: 15px;'>\n<ul style='padding-left: 20px; margin: 0; font-size: 14px;'>\n<li style='margin-bottom: 5px;'><strong>Velocidad:<\/strong> 867 Mbit\/s<\/li>\n<li style='margin-bottom: 5px;'><strong>Cadenas:<\/strong> 2<\/li>\n<li style='margin-bottom: 5px;'><strong>Est\u00e1ndares:<\/strong> 802.11a\/n\/ac<\/li>\n<li style='margin-bottom: 5px;'><strong>Ganancia antena:<\/strong> 24&comma;5 dBi<\/li>\n<li style='margin-bottom: 5px;'><strong>Chip:<\/strong> IPQ-4018<\/li>\n<li style='margin-bottom: 5px;'><strong>Wi-Fi:<\/strong> Wi-Fi 5<\/li>\n<\/ul><\/div>\n<\/p><\/div>\n<div style='flex: 1 1 250px; border: 1px solid rgba(150&comma; 150&comma; 150&comma; 0.4); border-radius: 8px; overflow: hidden; display: flex; flex-direction: column;'>\n<div style='padding: 15px; border-bottom: 1px solid rgba(150&comma; 150&comma; 150&comma; 0.2); font-weight: bold; font-size: 18px;'>Ethernet<\/div>\n<div style='padding: 15px;'>\n<ul style='padding-left: 20px; margin: 0; font-size: 14px;'>\n<li style='margin-bottom: 5px;'><strong>Puerto:<\/strong> 1 x 10\/100\/1000<\/li>\n<\/ul><\/div>\n<\/p><\/div>\n<div style='flex: 1 1 250px; border: 1px solid rgba(150&comma; 150&comma; 150&comma; 0.4); border-radius: 8px; overflow: hidden; display: flex; flex-direction: column;'>\n<div style='padding: 15px; border-bottom: 1px solid rgba(150&comma; 150&comma; 150&comma; 0.2); font-weight: bold; font-size: 18px;'>Certificaciones<\/div>\n<div style='padding: 15px;'>\n<ul style='padding-left: 20px; margin: 0; font-size: 14px;'>\n<li style='margin-bottom: 5px;'><strong>Certificaci\u00f3n:<\/strong> CE&comma; FCC&comma; IC&comma; EAC&comma; ROHS<\/li>\n<\/ul><\/div>\n<\/p><\/div>\n<div style='flex: 1 1 250px; border: 1px solid rgba(150&comma; 150&comma; 150&comma; 0.4); border-radius: 8px; overflow: hidden; display: flex; flex-direction: column;'>\n<div style='padding: 15px; border-bottom: 1px solid rgba(150&comma; 150&comma; 150&comma; 0.2); font-weight: bold; font-size: 18px;'>Rendimiento inal\u00e1mbrico<\/div>\n<div style='padding: 15px;'>\n<ul style='padding-left: 20px; margin: 0; font-size: 14px;'>\n<li style='margin-bottom: 5px;'><strong>6 MBit\/s:<\/strong> 25 dBm \/ -96 dBm<\/li>\n<li style='margin-bottom: 5px;'><strong>54 MBit\/s:<\/strong> 21 dBm \/ -80 dBm<\/li>\n<li style='margin-bottom: 5px;'><strong>MCS0:<\/strong> 25 dBm \/ -96 dBm<\/li>\n<li style='margin-bottom: 5px;'><strong>MCS7:<\/strong> 20 dBm \/ -75 dBm<\/li>\n<li style='margin-bottom: 5px;'><strong>MCS9:<\/strong> 18 dBm \/ -70 dBm<\/li>\n<\/ul><\/div>\n<\/p><\/div>\n<\/p><\/div>\n<p> <!-- Partes incluidas --> <\/p>\n<div style='margin-bottom: 30px;'>\n<h3 style='font-size: 22px; border-bottom: 2px solid currentColor; padding-bottom: 5px; margin-top: 0; margin-bottom: 20px; color: inherit; opacity: 0.8;'>Partes incluidas<\/h3>\n<div style='display: flex; flex-wrap: wrap; gap: 20px;'>\n<div style='flex: 1 1 120px; min-width: 120px; text-align: center;'> <a style='color: inherit; text-decoration: none;' href='https:\/\/i.mt.lv\/cdn\/rb_images\/part171391162306m.jpg' target='_blank' rel='noopener'> <img style='width: 80px; height: auto; border: 1px solid rgba(150&comma;150&comma;150&comma;0.3); border-radius: 4px; margin-bottom: 10px;' src='https:\/\/i.mt.lv\/cdn\/rb_images\/part171391162306s.jpg' alt='Adaptador de corriente'> <\/p>\n<p style='font-size: 14px; margin: 0;'>Adaptador de corriente de 24 V 0&comma;38 A<\/p>\n<p> <\/a> <\/div>\n<div style='flex: 1 1 120px; min-width: 120px; text-align: center;'> <a style='color: inherit; text-decoration: none;' href='https:\/\/i.mt.lv\/cdn\/rb_images\/part111600929333m.jpg' target='_blank' rel='noopener'> <img style='width: 80px; height: auto; border: 1px solid rgba(150&comma;150&comma;150&comma;0.3); border-radius: 4px; margin-bottom: 10px;' src='https:\/\/i.mt.lv\/cdn\/rb_images\/part111600929333s.jpg' alt='Inyector PoE'> <\/p>\n<p style='font-size: 14px; margin: 0;'>Inyector Gigabit PoE<\/p>\n<p> <\/a> <\/div>\n<div style='flex: 1 1 120px; min-width: 120px; text-align: center;'> <a style='color: inherit; text-decoration: none;' href='https:\/\/i.mt.lv\/cdn\/rb_images\/part81391162677m.jpg' target='_blank' rel='noopener'> <img style='width: 80px; height: auto; border: 1px solid rgba(150&comma;150&comma;150&comma;0.3); border-radius: 4px; margin-bottom: 10px;' src='https:\/\/i.mt.lv\/cdn\/rb_images\/part81391162677s.jpg' alt='Anillos de metal'> <\/p>\n<p style='font-size: 14px; margin: 0;'>Anillos de metal (dos)<\/p>\n<p> <\/a> <\/div>\n<div style='flex: 1 1 120px; min-width: 120px; text-align: center;'> <a style='color: inherit; text-decoration: none;' href='https:\/\/i.mt.lv\/cdn\/rb_images\/part611491991806m.jpg' target='_blank' rel='noopener'> <img style='width: 80px; height: auto; border: 1px solid rgba(150&comma;150&comma;150&comma;0.3); border-radius: 4px; margin-bottom: 10px;' src='https:\/\/i.mt.lv\/cdn\/rb_images\/part611491991806s.jpg' alt='Kit K-LHG'> <\/p>\n<p style='font-size: 14px; margin: 0;'>Kit K-LHG<\/p>\n<p> <\/a> <\/div>\n<\/p><\/div>\n<\/p><\/div>\n<p> <!-- Garant\u00eda --> <\/p>\n<div style='width: 100%; margin-top: 30px;'> <img style='width: 302px; height: 302px; border: 1px solid rgba(150&comma;150&comma;150&comma;0.3); border-radius: 8px;' src='https:\/\/ftp3.syscom.mx\/usuarios\/fotos\/CCR10097G1C1S+PC\/137052-garantia1.png' alt='Garant\u00eda'> <\/div>\n<p> <!-- Separador final --> <\/p>\n<hr style='border: 0; border-top: 1px solid rgba(150&comma; 150&comma; 150&comma; 0.3); margin: 30px 0;'> <\/div>\n","protected":false},"excerpt":{"rendered":"<p>(LHG 5 ac) CPE y PtP en 5GHz 802.11 a\/n\/ac con Antena Integrada de 24.5 dBi.<\/p>\n","protected":false},"featured_media":73951,"comment_status":"open","ping_status":"closed","template":"","meta":[],"product_brand":[],"product_cat":[1998],"product_tag":[1999,1980,643],"class_list":{"0":"post-73952","1":"product","2":"type-product","3":"status-publish","4":"has-post-thumbnail","6":"product_cat-5-y-6-ghz","7":"product_tag-5-y-6-ghz","8":"product_tag-enlaces-ptp-y-ptmp","9":"product_tag-mikrotik","11":"first","12":"outofstock","13":"sale","14":"shipping-taxable","15":"purchasable","16":"product-type-simple"},"_links":{"self":[{"href":"https:\/\/soydeaqui.ddns.net\/pachuca\/index.php\/wp-json\/wp\/v2\/product\/73952","targetHints":{"allow":["GET"]}}],"collection":[{"href":"https:\/\/soydeaqui.ddns.net\/pachuca\/index.php\/wp-json\/wp\/v2\/product"}],"about":[{"href":"https:\/\/soydeaqui.ddns.net\/pachuca\/index.php\/wp-json\/wp\/v2\/types\/product"}],"replies":[{"embeddable":true,"href":"https:\/\/soydeaqui.ddns.net\/pachuca\/index.php\/wp-json\/wp\/v2\/comments?post=73952"}],"wp:featuredmedia":[{"embeddable":true,"href":"https:\/\/soydeaqui.ddns.net\/pachuca\/index.php\/wp-json\/wp\/v2\/media\/73951"}],"wp:attachment":[{"href":"https:\/\/soydeaqui.ddns.net\/pachuca\/index.php\/wp-json\/wp\/v2\/media?parent=73952"}],"wp:term":[{"taxonomy":"product_brand","embeddable":true,"href":"https:\/\/soydeaqui.ddns.net\/pachuca\/index.php\/wp-json\/wp\/v2\/product_brand?post=73952"},{"taxonomy":"product_cat","embeddable":true,"href":"https:\/\/soydeaqui.ddns.net\/pachuca\/index.php\/wp-json\/wp\/v2\/product_cat?post=73952"},{"taxonomy":"product_tag","embeddable":true,"href":"https:\/\/soydeaqui.ddns.net\/pachuca\/index.php\/wp-json\/wp\/v2\/product_tag?post=73952"}],"curies":[{"name":"wp","href":"https:\/\/api.w.org\/{rel}","templated":true}]}}