{"id":73948,"date":"2026-03-19T13:42:13","date_gmt":"2026-03-19T13:42:13","guid":{"rendered":"https:\/\/soydeaqui.ddns.net\/pachuca\/index.php\/producto\/switch-administrable-l2-24-puertos-10-100-1000-mbps-4-puertos-combo-sfp\/"},"modified":"2026-03-19T13:42:19","modified_gmt":"2026-03-19T13:42:19","slug":"switch-administrable-l2-24-puertos-10-100-1000-mbps-4-puertos-combo-sfp","status":"publish","type":"product","link":"https:\/\/soydeaqui.ddns.net\/pachuca\/index.php\/producto\/switch-administrable-l2-24-puertos-10-100-1000-mbps-4-puertos-combo-sfp\/","title":{"rendered":"Switch Administrable L2+ 24 puertos 10\/100\/1000 Mbps, 4 Puertos Combo SFP"},"content":{"rendered":"<div style='width: 100%; max-width: 1200px; margin: 0 auto; font-family: sans-serif; line-height: 1.6; color: inherit; background-color: transparent;'> <!-- Descripci\u00f3n general --> <\/p>\n<div style='margin-bottom: 30px;'>\n<h2 style='font-size: 22px; border-bottom: 2px solid currentColor; padding-bottom: 5px; margin-top: 0; color: inherit; opacity: 0.8;'>Descripci\u00f3n<\/h2>\n<p style='color: inherit; margin-bottom: 15px; font-size: 15px;'>Rentable Soluci\u00f3n de Switch Gigabit gestionado IPv6 para empresas<\/p>\n<p style='color: inherit; margin-bottom: 15px; font-size: 15px;'>PLANET La serie WGSW-24040 es un conmutador Gigabit gestionado por capa 2+ que cuenta con 24 puertos 10\/100 \/ 1000BASE-T + 4 puertos compartidos 100 \/ 1000BASE-X SFP y admite capa est\u00e1tica 3 enrutamiento para la red de nivel empresarial.<\/p>\n<p style='color: inherit; margin-bottom: 15px; font-size: 15px;'>El abundante motor de conmutaci\u00f3n L2 \/ L4 que ofrece la serie WGSW-24040 realiza un control de tr\u00e1fico de datos eficaz para empresas y proveedores de servicios VoIP&comma; transmisi\u00f3n de video y aplicaciones de multidifusi\u00f3n.<\/p>\n<p style='color: inherit; margin-bottom: 15px; font-size: 15px;'>Proporcionando interfaces de administraci\u00f3n IPv6 \/ IPv4 f\u00e1ciles de usar pero avanzadas&comma; es ideal para aplicaciones de red troncal y de grupos de trabajo al proporcionar accesibilidad&comma; alto rendimiento y calidad de transmisi\u00f3n estable.<\/p>\n<\/p><\/div>\n<p> <!-- Secci\u00f3n de caracter\u00edsticas --> <\/p>\n<div style='display: flex; flex-wrap: wrap; gap: 30px; margin-bottom: 30px;'>\n<div style='flex: 1 1 300px; min-width: 280px;'>\n<h3 style='font-size: 22px; border-bottom: 2px solid currentColor; padding-bottom: 5px; margin-top: 0; color: inherit; opacity: 0.8;'>Puerto f\u00edsico<\/h3>\n<ul style='padding-left: 20px; font-size: 15px; color: inherit;'>\n<li style='margin-bottom: 5px;'>24 puertos 10\/100 \/ 1000BASE-T RJ45 de cobre<\/li>\n<li style='margin-bottom: 5px;'>4 ranuras 100 \/ 1000BASE-X mini-GBIC \/ SFP&comma; compartidas con Port-21 a Port-24 compatibles con 100BASE-FX SFP<\/li>\n<li style='margin-bottom: 5px;'>Interfaz de consola para la administraci\u00f3n y configuraci\u00f3n b\u00e1sicas<\/li>\n<\/ul><\/div>\n<div style='flex: 1 1 300px; min-width: 280px;'>\n<h3 style='font-size: 22px; border-bottom: 2px solid currentColor; padding-bottom: 5px; margin-top: 0; color: inherit; opacity: 0.8;'>Funciones de la Capa 2<\/h3>\n<ul style='padding-left: 20px; font-size: 15px; color: inherit;'>\n<li style='margin-bottom: 5px;'>El alto rendimiento de la arquitectura Store-and-Forward y el filtro runt \/ CRC eliminan los paquetes err\u00f3neos para optimizar el ancho de banda de la red<\/li>\n<li style='margin-bottom: 5px;'>Soporte de control de tormentas<\/li>\n<li style='margin-bottom: 5px;'>&#8211; Broadcast \/ Multicast \/ Unknown-unicast<\/li>\n<li style='margin-bottom: 5px;'><strong>VLAN<\/strong><\/li>\n<li style='margin-bottom: 5px;'>&#8211; VLAN etiquetada IEEE 802.1Q<\/li>\n<li style='margin-bottom: 5px;'>&#8211; Hasta 255 grupos de VLAN&comma; de 4094 ID de VLAN<\/li>\n<li style='margin-bottom: 5px;'>&#8211; Admite puente de proveedor (VLAN Q-in-Q&comma; IEEE 802.1ad)<\/li>\n<li style='margin-bottom: 5px;'>&#8211; Edge de VLAN privada (PVE)<\/li>\n<li style='margin-bottom: 5px;'>&#8211; VLAN basada en protocolo<\/li>\n<li style='margin-bottom: 5px;'>&#8211; VLAN basada en MAC<\/li>\n<li style='margin-bottom: 5px;'>&#8211; VLAN de voz<\/li>\n<li style='margin-bottom: 5px;'>&#8211; GVRP (GARP VLAN Registration Protocol)<\/li>\n<li style='margin-bottom: 5px;'>Admite el protocolo Spanning Tree<\/li>\n<li style='margin-bottom: 5px;'>&#8211; Protocolo de \u00e1rbol de expansi\u00f3n IEEE 802.1D (STP)<\/li>\n<li style='margin-bottom: 5px;'>&#8211; Protocolo r\u00e1pido de \u00e1rbol de expansi\u00f3n IEEE 802.1w (RSTP)<\/li>\n<li style='margin-bottom: 5px;'>&#8211; IEEE 802.1s Multiple Spanning Tree Protocol (MSTP)&comma; \u00e1rbol de expansi\u00f3n por VLAN<\/li>\n<li style='margin-bottom: 5px;'>&#8211; BPDU Guardia<\/li>\n<li style='margin-bottom: 5px;'><strong>agregaci\u00f3n de enlaces<\/strong><\/li>\n<li style='margin-bottom: 5px;'>&#8211; Protocolo de control de agregaci\u00f3n de enlace 802.3ad (LACP)<\/li>\n<li style='margin-bottom: 5px;'>&#8211; Cisco ether-channel (enlace est\u00e1tico)<\/li>\n<li style='margin-bottom: 5px;'>&#8211; M\u00e1ximo 10 grupos de troncales&comma; hasta 16 puertos por grupo de troncales<\/li>\n<li style='margin-bottom: 5px;'>&#8211; Ancho de banda de hasta 32 Gbps (modo d\u00faplex completo)<\/li>\n<li style='margin-bottom: 5px;'>Proporciona duplicaci\u00f3n de puertos (muchos a 1)<\/li>\n<li style='margin-bottom: 5px;'>Duplicaci\u00f3n de puertos para controlar el tr\u00e1fico entrante o saliente en un puerto en particular<\/li>\n<li style='margin-bottom: 5px;'>Protecci\u00f3n de bucle para evitar bucles de difusi\u00f3n<\/li>\n<li style='margin-bottom: 5px;'><strong>detecci\u00f3n de enlace unidireccional de Cisco (UDLD)<\/strong> que supervisa un enlace entre dos conmutadores y bloquea los puertos en ambos extremos del enlace si el enlace falla en cualquier punto entre los dos dispositivos.<\/li>\n<\/ul><\/div>\n<div style='flex: 1 1 300px; min-width: 280px;'>\n<h3 style='font-size: 22px; border-bottom: 2px solid currentColor; padding-bottom: 5px; margin-top: 0; color: inherit; opacity: 0.8;'>Calidad de servicio<\/h3>\n<ul style='padding-left: 20px; font-size: 15px; color: inherit;'>\n<li style='margin-bottom: 5px;'>Velocidad de entrada y salida L\u00edmite de velocidad por control de ancho de banda del puerto<\/li>\n<li style='margin-bottom: 5px;'>8 colas de prioridad en todos los puertos de conmutaci\u00f3n<\/li>\n<li style='margin-bottom: 5px;'>Clasificaci\u00f3n de tr\u00e1fico<\/li>\n<li style='margin-bottom: 5px;'>&#8211; IEEE 802.1p CoS<\/li>\n<li style='margin-bottom: 5px;'>&#8211; Precedencia TOS \/ DSCP \/ IP de paquetes IPv4 \/ IPv6<\/li>\n<li style='margin-bottom: 5px;'>&#8211; N\u00famero de puerto IP TCP \/ UDP<\/li>\n<li style='margin-bottom: 5px;'>&#8211; Aplicaci\u00f3n de red t\u00edpica<\/li>\n<li style='margin-bottom: 5px;'>Prioridades estrictas y pol\u00edticas CoS de Round Robin pelet (WRR)<\/li>\n<li style='margin-bottom: 5px;'>Admite QoS y control de ancho de banda In \/ Out en cada puerto<\/li>\n<li style='margin-bottom: 5px;'>Pol\u00edticas de control de tr\u00e1fico en el puerto del conmutador<\/li>\n<li style='margin-bottom: 5px;'>DSCP comentando<\/li>\n<\/ul><\/div>\n<div style='flex: 1 1 300px; min-width: 280px;'>\n<h3 style='font-size: 22px; border-bottom: 2px solid currentColor; padding-bottom: 5px; margin-top: 0; color: inherit; opacity: 0.8;'>Multicast<\/h3>\n<ul style='padding-left: 20px; font-size: 15px; color: inherit;'>\n<li style='margin-bottom: 5px;'>Admite IGMP snooping v1&comma; v2 y v3<\/li>\n<li style='margin-bottom: 5px;'>Admite MLD snooping v1 y v2<\/li>\n<li style='margin-bottom: 5px;'>Soporte del modo Querier<\/li>\n<li style='margin-bottom: 5px;'>IGMP snooping port filtering<\/li>\n<li style='margin-bottom: 5px;'>MLD snooping puerto de filtrado<\/li>\n<li style='margin-bottom: 5px;'>Soporte de registro de VLAN de multidifusi\u00f3n (MVR)<\/li>\n<\/ul><\/div>\n<div style='flex: 1 1 300px; min-width: 280px;'>\n<h3 style='font-size: 22px; border-bottom: 2px solid currentColor; padding-bottom: 5px; margin-top: 0; color: inherit; opacity: 0.8;'>Seguridad<\/h3>\n<ul style='padding-left: 20px; font-size: 15px; color: inherit;'>\n<li style='margin-bottom: 5px;'><strong>Autenticaci\u00f3n<\/strong><\/li>\n<li style='margin-bottom: 5px;'>&#8211; Autenticaci\u00f3n de acceso a la red basada en el puerto \/ basado en MAC IEEE 802.1x<\/li>\n<li style='margin-bottom: 5px;'>&#8211; Cliente RADIUS incorporado para cooperar con los servidores RADIUS<\/li>\n<li style='margin-bottom: 5px;'>&#8211; Los usuarios de inicio de sesi\u00f3n de TACACS + tienen acceso a la autenticaci\u00f3n<\/li>\n<li style='margin-bottom: 5px;'>&#8211; Los usuarios de RADIUS \/ TACACS + tienen acceso a la autenticaci\u00f3n<\/li>\n<li style='margin-bottom: 5px;'><strong>Lista de control de acceso<\/strong><\/li>\n<li style='margin-bottom: 5px;'>&#8211; Lista de control de acceso (ACL) basada en IP<\/li>\n<li style='margin-bottom: 5px;'>&#8211; Lista de control de acceso basada en MAC<\/li>\n<li style='margin-bottom: 5px;'><strong>DHCP Snooping<\/strong> para filtrar mensajes DHCP no confiables<\/li>\n<li style='margin-bottom: 15px;'><strong>La inspecci\u00f3n ARP din\u00e1mica<\/strong> descarta los paquetes ARP con una direcci\u00f3n MAC no v\u00e1lida para el enlace de la direcci\u00f3n IP<\/li>\n<li style='margin-bottom: 5px;'><strong>La protecci\u00f3n de fuente de IP<\/strong> evita los ataques de suplantaci\u00f3n de IP<\/li>\n<li style='margin-bottom: 5px;'>Regla autom\u00e1tica DoS para defender el ataque DoS<\/li>\n<li style='margin-bottom: 5px;'>Gesti\u00f3n de acceso a la direcci\u00f3n IP para evitar intrusos no autorizados<\/li>\n<\/ul><\/div>\n<div style='flex: 1 1 300px; min-width: 280px;'>\n<h3 style='font-size: 22px; border-bottom: 2px solid currentColor; padding-bottom: 5px; margin-top: 0; color: inherit; opacity: 0.8;'>Administraci\u00f3n<\/h3>\n<ul style='padding-left: 20px; font-size: 15px; color: inherit;'>\n<li style='margin-bottom: 5px;'>Gesti\u00f3n de pila dual IPv4 e IPv6<\/li>\n<li style='margin-bottom: 5px;'><strong>Interfaces de administraci\u00f3n de conmutadores<\/strong><\/li>\n<li style='margin-bottom: 5px;'>&#8211; Interfaz de l\u00ednea de comandos de consola \/ Telnet<\/li>\n<li style='margin-bottom: 5px;'>&#8211; Gesti\u00f3n de conmutadores web<\/li>\n<li style='margin-bottom: 5px;'>&#8211; Gesti\u00f3n de conmutadores SNMP v1&comma; v2c y v3<\/li>\n<li style='margin-bottom: 5px;'>&#8211; Acceso seguro SSH \/ SSL<\/li>\n<li style='margin-bottom: 5px;'><strong>IPv6<\/strong> IP \/ gesti\u00f3n de NTP \/ DNS<\/li>\n<li style='margin-bottom: 5px;'>Cliente de protocolo trivial de transferencia de archivos (TFTP) incorporado<\/li>\n<li style='margin-bottom: 5px;'>BOOTP y DHCP para la asignaci\u00f3n de direcciones IP<\/li>\n<li style='margin-bottom: 5px;'><strong>Mantenimiento del sistema<\/strong><\/li>\n<li style='margin-bottom: 5px;'>&#8211; Carga \/ descarga de firmware a trav\u00e9s de HTTP \/ TFTP<\/li>\n<li style='margin-bottom: 5px;'>&#8211; Bot\u00f3n de reinicio para reiniciar el sistema o restablecer a los valores predeterminados de f\u00e1brica<\/li>\n<li style='margin-bottom: 5px;'>&#8211; Im\u00e1genes duales<\/li>\n<li style='margin-bottom: 5px;'>Rel\u00e9 DHCP<\/li>\n<li style='margin-bottom: 5px;'>Opci\u00f3n DHCP82<\/li>\n<li style='margin-bottom: 5px;'>Servidor DHCP<\/li>\n<li style='margin-bottom: 5px;'>Control de niveles de privilegios del usuario<\/li>\n<li style='margin-bottom: 5px;'>NTP (protocolo de tiempo de red)<\/li>\n<li style='margin-bottom: 5px;'>Protocolo de descubrimiento de capa de enlace (LLDP) y LLDP-MED<\/li>\n<li style='margin-bottom: 5px;'><strong>Diagn\u00f3stico de red<\/strong><\/li>\n<li style='margin-bottom: 5px;'>&#8211; Ping remoto ICMPv6 \/ ICMPv4<\/li>\n<li style='margin-bottom: 5px;'>&#8211; La tecnolog\u00eda de diagn\u00f3stico por cable proporciona el mecanismo para detectar e informar posibles problemas de cableado<\/li>\n<li style='margin-bottom: 5px;'>Alarma remota SMTP \/ Syslog<\/li>\n<li style='margin-bottom: 5px;'>Cuatro grupos RMON (historial&comma; estad\u00edsticas&comma; alarmas y eventos)<\/li>\n<li style='margin-bottom: 5px;'>Trampa SNMP para la interfaz Enlace arriba y notificaci\u00f3n de enlace abajo<\/li>\n<li style='margin-bottom: 5px;'>Registro del sistema<\/li>\n<li style='margin-bottom: 5px;'>PLANET Smart Discovery Utility para implementar administraci\u00f3n<\/li>\n<\/ul><\/div>\n<div style='flex: 1 1 300px; min-width: 280px;'>\n<h3 style='font-size: 22px; border-bottom: 2px solid currentColor; padding-bottom: 5px; margin-top: 0; color: inherit; opacity: 0.8;'>Sistema de alimentaci\u00f3n redundante (WGSW-24040R)<\/h3>\n<ul style='padding-left: 20px; font-size: 15px; color: inherit;'>\n<li style='margin-bottom: 5px;'>Redundante 100 ~ 240V AC \/ 36-60V DC de doble potencia<\/li>\n<li style='margin-bottom: 5px;'>Protecci\u00f3n de falla de alimentaci\u00f3n redundante activa-activa<\/li>\n<li style='margin-bottom: 5px;'>Copia de seguridad de falla de energ\u00eda catastr\u00f3fica en una fuente<\/li>\n<li style='margin-bottom: 5px;'>Tolerancia a fallas y resiliencia<\/li>\n<\/ul><\/div>\n<\/p><\/div>\n<p> <!-- Separador --> <\/p>\n<hr style='border: 0; border-top: 1px solid rgba(150&comma; 150&comma; 150&comma; 0.3); margin: 30px 0;'> <\/div>\n","protected":false},"excerpt":{"rendered":"<p>Switch Administrable L2+ 24 puertos 10\/100\/1000 Mbps, 4 Puertos Combo SFP<\/p>\n","protected":false},"featured_media":73947,"comment_status":"open","ping_status":"closed","template":"","meta":[],"product_brand":[],"product_cat":[1970],"product_tag":[664,2033,1971],"class_list":{"0":"post-73948","1":"product","2":"type-product","3":"status-publish","4":"has-post-thumbnail","6":"product_cat-switches","7":"product_tag-networking","8":"product_tag-planet","9":"product_tag-switches","11":"first","12":"outofstock","13":"sale","14":"shipping-taxable","15":"purchasable","16":"product-type-simple"},"_links":{"self":[{"href":"https:\/\/soydeaqui.ddns.net\/pachuca\/index.php\/wp-json\/wp\/v2\/product\/73948","targetHints":{"allow":["GET"]}}],"collection":[{"href":"https:\/\/soydeaqui.ddns.net\/pachuca\/index.php\/wp-json\/wp\/v2\/product"}],"about":[{"href":"https:\/\/soydeaqui.ddns.net\/pachuca\/index.php\/wp-json\/wp\/v2\/types\/product"}],"replies":[{"embeddable":true,"href":"https:\/\/soydeaqui.ddns.net\/pachuca\/index.php\/wp-json\/wp\/v2\/comments?post=73948"}],"wp:featuredmedia":[{"embeddable":true,"href":"https:\/\/soydeaqui.ddns.net\/pachuca\/index.php\/wp-json\/wp\/v2\/media\/73947"}],"wp:attachment":[{"href":"https:\/\/soydeaqui.ddns.net\/pachuca\/index.php\/wp-json\/wp\/v2\/media?parent=73948"}],"wp:term":[{"taxonomy":"product_brand","embeddable":true,"href":"https:\/\/soydeaqui.ddns.net\/pachuca\/index.php\/wp-json\/wp\/v2\/product_brand?post=73948"},{"taxonomy":"product_cat","embeddable":true,"href":"https:\/\/soydeaqui.ddns.net\/pachuca\/index.php\/wp-json\/wp\/v2\/product_cat?post=73948"},{"taxonomy":"product_tag","embeddable":true,"href":"https:\/\/soydeaqui.ddns.net\/pachuca\/index.php\/wp-json\/wp\/v2\/product_tag?post=73948"}],"curies":[{"name":"wp","href":"https:\/\/api.w.org\/{rel}","templated":true}]}}