{"id":73935,"date":"2026-03-19T13:41:43","date_gmt":"2026-03-19T13:41:43","guid":{"rendered":"https:\/\/soydeaqui.ddns.net\/pachuca\/index.php\/producto\/cap-ac-punto-de-acceso-cliente-para-interior-doble-banda-802-11b-g-n-ac-hasta-400-mw\/"},"modified":"2026-03-19T13:41:51","modified_gmt":"2026-03-19T13:41:51","slug":"cap-ac-punto-de-acceso-cliente-para-interior-doble-banda-802-11b-g-n-ac-hasta-400-mw","status":"publish","type":"product","link":"https:\/\/soydeaqui.ddns.net\/pachuca\/index.php\/producto\/cap-ac-punto-de-acceso-cliente-para-interior-doble-banda-802-11b-g-n-ac-hasta-400-mw\/","title":{"rendered":"(cAP ac) Punto de Acceso \/ Cliente para Interior Doble banda 802.11b\/g\/n\/ac hasta 400 mW"},"content":{"rendered":"<div style='width: 100%; max-width: 1200px; margin: 0 auto; font-family: sans-serif; line-height: 1.6; color: inherit; background-color: transparent;'>\n<div style='display: flex; flex-direction: column; gap: 30px;'>\n<div style='flex: 1 1 auto;'>\n<p style='margin: 0 0 15px 0; font-size: 15px; color: inherit;'>El cAP ac es un punto de acceso inal\u00e1mbrico muy potente y poderoso que se ve hermoso tanto en paredes como en techos. La radio inal\u00e1mbrica de doble banda simult\u00e1nea admite doble cadena de 2 GHz y 5 GHz en 802.11ac y est\u00e1ndares heredados&comma; y proporcionar\u00e1 cobertura en 360 grados a su alrededor.<\/p>\n<p style='margin: 0 0 15px 0; font-size: 15px; color: inherit;'>Aunque la radio admite el modo de repetidor&comma; los dos puertos Ethernet le permiten ampliar su red con cables&comma; incluso si se requiere alimentaci\u00f3n PoE&comma; ya que cAP ac admite 802.3af \/ en entrada PoE en el primer puerto y salida pasiva PoE en el segundo puerto.<\/p>\n<p style='margin: 0 0 15px 0; font-size: 15px; color: inherit;'>&#8211; cAP ac (Internacional) admite 2412-2484MHz y 5150MHz-5875MHz (el rango de frecuencia espec\u00edfico puede estar limitado por las regulaciones del pa\u00eds).<\/p>\n<p style='margin: 0 0 15px 0; font-size: 15px; color: inherit;'>Nueva Linea de Chipset Wi-Fi IPQ4018 para tecnologia Wave 2<\/p>\n<p> <a href='http:\/\/soporte.syscom.mx\/networking#mikrotik' style='color: inherit; text-decoration: none;'> <img style='width: 100%; height: auto; border: 1px solid rgba(150&comma;150&comma;150&comma;0.3); border-radius: 8px;' src='https:\/\/ftp3.syscom.mx\/usuarios\/raragon\/Imagenes_Generales\/Manuales_de_configuracion.jpg' alt=''> <\/a> <\/div>\n<div style='display: flex; flex-wrap: wrap; gap: 20px;'>\n<div style='flex: 1 1 300px; min-width: 280px;'>\n<div style='padding: 15px; border: 1px solid rgba(150&comma; 150&comma; 150&comma; 0.4); border-radius: 8px;'>\n<div style='font-size: 18px; font-weight: bold; margin-bottom: 10px; color: inherit;'>Especificaciones<\/div>\n<ul style='padding-left: 20px; margin: 0; font-size: 14px; list-style-type: disc; color: inherit;'>\n<li style='margin-bottom: 5px;'><strong>Product code:<\/strong> RBcAPGi-5acD2nD<\/li>\n<li style='margin-bottom: 5px;'><strong>Architecture:<\/strong> ARM 32bit<\/li>\n<li style='margin-bottom: 5px;'><strong>CPU:<\/strong> IPQ-4018<\/li>\n<li style='margin-bottom: 5px;'><strong>CPU core count:<\/strong> 4<\/li>\n<li style='margin-bottom: 5px;'><strong>CPU nominal frequency:<\/strong> 716 MHz<\/li>\n<li style='margin-bottom: 5px;'><strong>Dimensions:<\/strong> Round case: \u2300 136 mm&comma; height: 30 mm; Square case: 145 mm x 145 mm x 30 mm<\/li>\n<li style='margin-bottom: 5px;'><strong>License level:<\/strong> 4<\/li>\n<li style='margin-bottom: 5px;'><strong>Operating System:<\/strong> RouterOS<\/li>\n<li style='margin-bottom: 5px;'><strong>Size of RAM:<\/strong> 128 MB<\/li>\n<li style='margin-bottom: 5px;'><strong>Storage size:<\/strong> 16 MB<\/li>\n<li style='margin-bottom: 5px;'><strong>Storage type:<\/strong> FLASH<\/li>\n<li style='margin-bottom: 5px;'><strong>Tested ambient temperature:<\/strong> -40 to 50\u00b0 C<\/li>\n<\/ul><\/div>\n<\/p><\/div>\n<div style='flex: 1 1 300px; min-width: 280px;'>\n<div style='padding: 15px; border: 1px solid rgba(150&comma; 150&comma; 150&comma; 0.4); border-radius: 8px;'>\n<div style='font-size: 18px; font-weight: bold; margin-bottom: 10px; color: inherit;'>Alimentaci\u00f3n<\/div>\n<ul style='padding-left: 20px; margin: 0; font-size: 14px; list-style-type: disc; color: inherit;'>\n<li style='margin-bottom: 5px;'><strong>Max Power consumption:<\/strong> 13W<\/li>\n<li style='margin-bottom: 5px;'><strong>PoE in:<\/strong> 802.3af\/at<\/li>\n<li style='margin-bottom: 5px;'><strong>PoE out:<\/strong> Passive PoE<\/li>\n<li style='margin-bottom: 5px;'><strong>PoE in input Voltage:<\/strong> 17-57 V<\/li>\n<li style='margin-bottom: 5px;'><strong>Number of DC inputs:<\/strong> 1 (PoE-IN)<\/li>\n<\/ul><\/div>\n<\/p><\/div>\n<div style='flex: 1 1 300px; min-width: 280px;'>\n<div style='padding: 15px; border: 1px solid rgba(150&comma; 150&comma; 150&comma; 0.4); border-radius: 8px;'>\n<div style='font-size: 18px; font-weight: bold; margin-bottom: 10px; color: inherit;'>Inal\u00e1mbrico<\/div>\n<ul style='padding-left: 20px; margin: 0; font-size: 14px; list-style-type: disc; color: inherit;'>\n<li style='margin-bottom: 5px;'><strong>Wireless 2.4 GHz number of chains:<\/strong> 2<\/li>\n<li style='margin-bottom: 5px;'><strong>Wireless 2.4 GHz standards:<\/strong> 802.11b\/g\/n<\/li>\n<li style='margin-bottom: 5px;'><strong>Antenna gain dBi for 2.4 GHz:<\/strong> 2<\/li>\n<li style='margin-bottom: 5px;'><strong>Wireless 2.4 GHz chip model:<\/strong> IPQ-4018<\/li>\n<li style='margin-bottom: 5px;'><strong>Wireless 5 GHz number of chains:<\/strong> 2<\/li>\n<li style='margin-bottom: 5px;'><strong>Wireless 5 GHz standards:<\/strong> 802.11ac<\/li>\n<li style='margin-bottom: 5px;'><strong>Antenna gain dBi for 5 GHz:<\/strong> 2.5<\/li>\n<li style='margin-bottom: 5px;'><strong>Wireless 5 GHz chip model:<\/strong> IPQ-4018<\/li>\n<\/ul><\/div>\n<\/p><\/div>\n<div style='flex: 1 1 300px; min-width: 280px;'>\n<div style='padding: 15px; border: 1px solid rgba(150&comma; 150&comma; 150&comma; 0.4); border-radius: 8px;'>\n<div style='font-size: 18px; font-weight: bold; margin-bottom: 10px; color: inherit;'>Ethernet<\/div>\n<ul style='padding-left: 20px; margin: 0; font-size: 14px; list-style-type: disc; color: inherit;'>\n<li style='margin-bottom: 5px;'><strong>10\/100\/1000 Ethernet ports:<\/strong> 2<\/li>\n<\/ul><\/div>\n<\/p><\/div>\n<div style='flex: 1 1 300px; min-width: 280px;'>\n<div style='padding: 15px; border: 1px solid rgba(150&comma; 150&comma; 150&comma; 0.4); border-radius: 8px;'>\n<div style='font-size: 18px; font-weight: bold; margin-bottom: 10px; color: inherit;'>Especificaciones inal\u00e1mbricas<\/div>\n<ul style='padding-left: 20px; margin: 0; font-size: 14px; list-style-type: disc; color: inherit;'>\n<li style='margin-bottom: 5px;'><strong>1MBit\/s:<\/strong> Transmit: 26 dBm&comma; Receive Sensitivity: -100<\/li>\n<li style='margin-bottom: 5px;'><strong>11MBit\/s:<\/strong> Transmit: 26 dBm&comma; Receive Sensitivity: -94<\/li>\n<li style='margin-bottom: 5px;'><strong>6MBit\/s:<\/strong> Transmit: 26 dBm&comma; Receive Sensitivity: -96<\/li>\n<li style='margin-bottom: 5px;'><strong>54MBit\/s:<\/strong> Transmit: 23 dBm&comma; Receive Sensitivity: -78<\/li>\n<li style='margin-bottom: 5px;'><strong>MCS0:<\/strong> Transmit: 26 dBm&comma; Receive Sensitivity: -96<\/li>\n<li style='margin-bottom: 5px;'><strong>MCS7:<\/strong> Transmit: 22 dBm&comma; Receive Sensitivity: -73<\/li>\n<\/ul><\/div>\n<\/p><\/div>\n<div style='flex: 1 1 300px; min-width: 280px;'>\n<div style='padding: 15px; border: 1px solid rgba(150&comma; 150&comma; 150&comma; 0.4); border-radius: 8px;'>\n<div style='font-size: 18px; font-weight: bold; margin-bottom: 10px; color: inherit;'>Componentes incluidos<\/div>\n<div style='display: grid; grid-template-columns: repeat(auto-fill&comma; minmax(100px&comma; 1fr)); gap: 15px;'>\n<div style='text-align: center;'> <a href='https:\/\/img.routerboard.com\/mimg\/part331393422988m.jpg' style='color: inherit; text-decoration: none;'> <img style='width: 80px; height: 80px; border: 1px solid rgba(150&comma;150&comma;150&comma;0.3); border-radius: 4px; margin-bottom: 8px;' src='https:\/\/ftp3.syscom.mx\/usuarios\/fotos\/ROUTEROS\/85314-power_adapter.jpeg' alt=''> <\/p>\n<div style='font-size: 14px; color: inherit;'>24V 1.2A power adapter<\/div>\n<p> <\/a> <\/div>\n<div style='text-align: center;'> <a href='https:\/\/img.routerboard.com\/mimg\/part701512042489m.jpg' style='color: inherit; text-decoration: none;'> <img style='width: 80px; height: 80px; border: 1px solid rgba(150&comma;150&comma;150&comma;0.3); border-radius: 4px; margin-bottom: 8px;' src='https:\/\/ftp3.syscom.mx\/usuarios\/fotos\/ROUTEROS\/85314-ceiling_mount.jpeg' alt=''> <\/p>\n<div style='font-size: 14px; color: inherit;'>Ceiling mount<\/div>\n<p> <\/a> <\/div>\n<div style='text-align: center;'> <a href='https:\/\/img.routerboard.com\/mimg\/part111391160732m.jpg' style='color: inherit; text-decoration: none;'> <img style='width: 80px; height: 80px; border: 1px solid rgba(150&comma;150&comma;150&comma;0.3); border-radius: 4px; margin-bottom: 8px;' src='https:\/\/ftp3.syscom.mx\/usuarios\/fotos\/ROUTEROS\/85314-poe-g.jpeg' alt=''> <\/p>\n<div style='font-size: 14px; color: inherit;'>Gigabit PoE injector<\/div>\n<p> <\/a> <\/div>\n<div style='text-align: center;'> <a href='https:\/\/img.routerboard.com\/mimg\/part631497341156m.jpg' style='color: inherit; text-decoration: none;'> <img style='width: 80px; height: 80px; border: 1px solid rgba(150&comma;150&comma;150&comma;0.3); border-radius: 4px; margin-bottom: 8px;' src='https:\/\/ftp3.syscom.mx\/usuarios\/fotos\/ROUTEROS\/85314-k-46.jpeg' alt=''> <\/p>\n<div style='font-size: 14px; color: inherit;'>K-46 screw kit<\/div>\n<p> <\/a> <\/div>\n<\/p><\/div>\n<\/p><\/div>\n<\/p><\/div>\n<\/p><\/div>\n<div style='display: flex; flex-wrap: wrap; gap: 20px;'>\n<div style='flex: 1 1 300px; min-width: 280px;'>\n<div style='padding: 15px; border: 1px solid rgba(150&comma; 150&comma; 150&comma; 0.4); border-radius: 8px;'>\n<div style='font-size: 18px; font-weight: bold; margin-bottom: 10px; color: inherit;'>Caracter\u00edsticas principales de RouterOS<\/div>\n<p style='margin: 0; font-size: 14px; color: inherit;'><a href='http:\/\/soporte.syscom.mx\/networking\/mikrotik\/mikrotik-caracteristicas-principales-de-routeros' style='color: inherit; text-decoration: underline;'>M\u00e1s informaci\u00f3n<\/a><\/p>\n<\/p><\/div>\n<\/p><\/div>\n<div style='flex: 1 1 300px; min-width: 280px;'>\n<div style='padding: 15px; border: 1px solid rgba(150&comma;150&comma;150&comma;0.4); border-radius: 8px;'>\n<div style='font-size: 18px; font-weight: bold; margin-bottom: 10px; color: inherit;'>Garant\u00eda<\/div>\n<p> <a href='https:\/\/ftp3.syscom.mx\/usuarios\/fotos\/CCR101612G\/81966-garantia1.png' style='display: block;'> <img style='width: 100%; height: auto; border: 1px solid rgba(150&comma;150&comma;150&comma;0.3); border-radius: 4px;' src='https:\/\/ftp3.syscom.mx\/usuarios\/fotos\/CCR101612G\/81966-garantia1.png' alt=''> <\/a> <\/div>\n<\/p><\/div>\n<\/p><\/div>\n<\/p><\/div>\n<\/p><\/div>\n","protected":false},"excerpt":{"rendered":"<p>(cAP ac) Punto de Acceso \/ Cliente para Interior Doble banda 802.11b\/g\/n\/ac hasta 400 mW<\/p>\n","protected":false},"featured_media":73934,"comment_status":"open","ping_status":"closed","template":"","meta":[],"product_brand":[],"product_cat":[1794],"product_tag":[643,1795,1479],"class_list":{"0":"post-73935","1":"product","2":"type-product","3":"status-publish","4":"has-post-thumbnail","6":"product_cat-puntos-de-acceso","7":"product_tag-mikrotik","8":"product_tag-puntos-de-acceso","9":"product_tag-redes-wifi","11":"first","12":"instock","13":"sale","14":"shipping-taxable","15":"purchasable","16":"product-type-simple"},"_links":{"self":[{"href":"https:\/\/soydeaqui.ddns.net\/pachuca\/index.php\/wp-json\/wp\/v2\/product\/73935","targetHints":{"allow":["GET"]}}],"collection":[{"href":"https:\/\/soydeaqui.ddns.net\/pachuca\/index.php\/wp-json\/wp\/v2\/product"}],"about":[{"href":"https:\/\/soydeaqui.ddns.net\/pachuca\/index.php\/wp-json\/wp\/v2\/types\/product"}],"replies":[{"embeddable":true,"href":"https:\/\/soydeaqui.ddns.net\/pachuca\/index.php\/wp-json\/wp\/v2\/comments?post=73935"}],"wp:featuredmedia":[{"embeddable":true,"href":"https:\/\/soydeaqui.ddns.net\/pachuca\/index.php\/wp-json\/wp\/v2\/media\/73934"}],"wp:attachment":[{"href":"https:\/\/soydeaqui.ddns.net\/pachuca\/index.php\/wp-json\/wp\/v2\/media?parent=73935"}],"wp:term":[{"taxonomy":"product_brand","embeddable":true,"href":"https:\/\/soydeaqui.ddns.net\/pachuca\/index.php\/wp-json\/wp\/v2\/product_brand?post=73935"},{"taxonomy":"product_cat","embeddable":true,"href":"https:\/\/soydeaqui.ddns.net\/pachuca\/index.php\/wp-json\/wp\/v2\/product_cat?post=73935"},{"taxonomy":"product_tag","embeddable":true,"href":"https:\/\/soydeaqui.ddns.net\/pachuca\/index.php\/wp-json\/wp\/v2\/product_tag?post=73935"}],"curies":[{"name":"wp","href":"https:\/\/api.w.org\/{rel}","templated":true}]}}