{"id":73928,"date":"2026-03-19T13:41:27","date_gmt":"2026-03-19T13:41:27","guid":{"rendered":"https:\/\/soydeaqui.ddns.net\/pachuca\/index.php\/producto\/marco-con-montaje-en-muro-por-gds37x0\/"},"modified":"2026-03-19T13:41:30","modified_gmt":"2026-03-19T13:41:30","slug":"marco-con-montaje-en-muro-por-gds37x0","status":"publish","type":"product","link":"https:\/\/soydeaqui.ddns.net\/pachuca\/index.php\/producto\/marco-con-montaje-en-muro-por-gds37x0\/","title":{"rendered":"Marco con montaje en muro por GDS37X0"},"content":{"rendered":"<div style='width: 100%; max-width: 1200px; margin: 0 auto; font-family: sans-serif; line-height: 1.6; color: inherit; background-color: transparent;'>\n<div style='display: flex; flex-wrap: wrap; gap: 30px; margin-bottom: 30px;'>\n<div style='flex: 1 1 300px; min-width: 280px;'>\n<h3 style='font-size: 22px; border-bottom: 2px solid currentColor; padding-bottom: 5px; margin-top: 0; color: inherit; opacity: 0.8;'>Descripci\u00f3n<\/h3>\n<p style='font-size: 15px; color: inherit; margin-top: 0;'>El Kit de Montaje en Pared est\u00e1 disponible para usarse con el Videoportero IP GDS3710. Este kit de montaje permite que el GDS3710 se coloque alineado dentro de una pared y no sobre la superficie de la pared. Soporta una instalaci\u00f3n en pared s\u00f3lida de yeso (pared hueca) con pernos. Cuando instale el GDS3710 o el Kit de Montaje en la Pared&comma; por favor siga el c\u00f3digo local en materia de construcci\u00f3n e instalaciones el\u00e9ctricas. Se sugiere instalar el dispositivo con la base del dispositivo.<\/p>\n<\/p><\/div>\n<\/p><\/div>\n<div style='display: flex; flex-wrap: wrap; gap: 20px; margin-bottom: 30px;'>\n<div style='flex: 1 1 250px; border: 1px solid rgba(150&comma; 150&comma; 150&comma; 0.4); border-radius: 8px; overflow: hidden; display: flex; flex-direction: column;'>\n<div style='padding: 15px; border-bottom: 1px solid rgba(150&comma; 150&comma; 150&comma; 0.2); font-weight: bold; font-size: 18px; color: inherit;'>Contenido del Paquete<\/div>\n<div style='padding: 15px; color: inherit;'>\n<ul style='padding-left: 20px; margin: 0; font-size: 14px; list-style-type: disc;'>\n<li style='margin-bottom: 5px;'>1 m\u00e9nsula de instalaci\u00f3n<\/li>\n<li style='margin-bottom: 5px;'>1 placa de cubierta<\/li>\n<li style='margin-bottom: 5px;'>1 caja de pl\u00e1stico<\/li>\n<li style='margin-bottom: 5px;'>1 plantilla de perforaci\u00f3n<\/li>\n<li style='margin-bottom: 5px;'>Gu\u00eda de referencia r\u00e1pida<\/li>\n<li style='margin-bottom: 5px;'>1 armaz\u00f3n de metal<\/li>\n<li style='margin-bottom: 5px;'>Juego de 6 sujetadores y tornillos<\/li>\n<li style='margin-bottom: 5px;'>12 tornillos (2 longitudes diferentes)<\/li>\n<li style='margin-bottom: 5px;'>12 tuercas (dos estilos diferentes)<\/li>\n<li style='margin-bottom: 5px;'>6 tornillos de seguridad<\/li>\n<li style='margin-bottom: 5px;'>1 llave hexagonal de seguridad<\/li>\n<\/ul><\/div>\n<\/p><\/div>\n<div style='flex: 1 1 250px; border: 1px solid rgba(150&comma; 150&comma; 150&comma; 0.4); border-radius: 8px; overflow: hidden; display: flex; flex-direction: column;'>\n<div style='padding: 15px; border-bottom: 1px solid rgba(150&comma; 150&comma; 150&comma; 0.2); font-weight: bold; font-size: 18px; color: inherit;'>Especificaciones<\/div>\n<div style='padding: 15px; color: inherit;'>\n<ul style='padding-left: 20px; margin: 0; font-size: 14px; list-style-type: disc;'>\n<li style='margin-bottom: 5px;'><strong>Espacio Requerido en la Pared:<\/strong> 99.8mm (3&comma;93 pulgadas) x 193.88mm (7.63 pulgadas)&comma; 35mm de profundidad (1.38 pulgadas)<\/li>\n<\/ul><\/div>\n<\/p><\/div>\n<\/p><\/div>\n<hr style='border: 0; border-top: 1px solid rgba(150&comma; 150&comma; 150&comma; 0.3); margin: 30px 0;'> <\/div>\n","protected":false},"excerpt":{"rendered":"<p>Marco con montaje en muro por GDS37X0<\/p>\n","protected":false},"featured_media":73927,"comment_status":"open","ping_status":"closed","template":"","meta":[],"product_brand":[],"product_cat":[856],"product_tag":[909,557,857],"class_list":{"0":"post-73928","1":"product","2":"type-product","3":"status-publish","4":"has-post-thumbnail","6":"product_cat-videoporteros-ip","7":"product_tag-grandstream","8":"product_tag-videoporteros-e-interfonos","9":"product_tag-videoporteros-ip","11":"first","12":"instock","13":"sale","14":"shipping-taxable","15":"purchasable","16":"product-type-simple"},"_links":{"self":[{"href":"https:\/\/soydeaqui.ddns.net\/pachuca\/index.php\/wp-json\/wp\/v2\/product\/73928","targetHints":{"allow":["GET"]}}],"collection":[{"href":"https:\/\/soydeaqui.ddns.net\/pachuca\/index.php\/wp-json\/wp\/v2\/product"}],"about":[{"href":"https:\/\/soydeaqui.ddns.net\/pachuca\/index.php\/wp-json\/wp\/v2\/types\/product"}],"replies":[{"embeddable":true,"href":"https:\/\/soydeaqui.ddns.net\/pachuca\/index.php\/wp-json\/wp\/v2\/comments?post=73928"}],"wp:featuredmedia":[{"embeddable":true,"href":"https:\/\/soydeaqui.ddns.net\/pachuca\/index.php\/wp-json\/wp\/v2\/media\/73927"}],"wp:attachment":[{"href":"https:\/\/soydeaqui.ddns.net\/pachuca\/index.php\/wp-json\/wp\/v2\/media?parent=73928"}],"wp:term":[{"taxonomy":"product_brand","embeddable":true,"href":"https:\/\/soydeaqui.ddns.net\/pachuca\/index.php\/wp-json\/wp\/v2\/product_brand?post=73928"},{"taxonomy":"product_cat","embeddable":true,"href":"https:\/\/soydeaqui.ddns.net\/pachuca\/index.php\/wp-json\/wp\/v2\/product_cat?post=73928"},{"taxonomy":"product_tag","embeddable":true,"href":"https:\/\/soydeaqui.ddns.net\/pachuca\/index.php\/wp-json\/wp\/v2\/product_tag?post=73928"}],"curies":[{"name":"wp","href":"https:\/\/api.w.org\/{rel}","templated":true}]}}