{"id":73859,"date":"2026-03-19T13:38:43","date_gmt":"2026-03-19T13:38:43","guid":{"rendered":"https:\/\/soydeaqui.ddns.net\/pachuca\/index.php\/producto\/siklu-etherhaul-1200fx-1-gigabit-full-duplex-70-80ghz-banda-e\/"},"modified":"2026-03-19T13:38:57","modified_gmt":"2026-03-19T13:38:57","slug":"siklu-etherhaul-1200fx-1-gigabit-full-duplex-70-80ghz-banda-e","status":"publish","type":"product","link":"https:\/\/soydeaqui.ddns.net\/pachuca\/index.php\/producto\/siklu-etherhaul-1200fx-1-gigabit-full-duplex-70-80ghz-banda-e\/","title":{"rendered":"Siklu EtherHaul-1200FX 1 Gigabit Full Duplex 70\/80GHz Banda-E"},"content":{"rendered":"<div style='width: 100%; max-width: 1200px; margin: 0 auto; font-family: sans-serif; line-height: 1.6; color: inherit; background-color: transparent;'>\n<div style='text-align: center; margin: 20px 0;'> <img style='width: 120px; height: auto; border: 1px solid rgba(150&comma;150&comma;150&comma;0.3); border-radius: 8px;' src='https:\/\/ftp3.syscom.mx\/usuarios\/hortega\/Siklu\/Siklu.png' alt='Logo Siklu'> <\/div>\n<hr style='border: 0; border-top: 1px solid rgba(150&comma; 150&comma; 150&comma; 0.3); margin: 30px 0;'>\n<div style='display: grid; grid-template-columns: repeat(auto-fit&comma; minmax(280px&comma; 1fr)); gap: 30px; margin-bottom: 30px;'>\n<div style='background-color: rgba(86&comma; 27&comma; 75&comma; 0.05); padding: 15px; border-radius: 8px;'>\n<p style='text-align: center;'> <img style='width: 50px; height: auto; border: 1px solid rgba(150&comma;150&comma;150&comma;0.3); border-radius: 8px;' src='https:\/\/ftp3.syscom.mx\/usuarios\/fotos\/MHB100CCSPOEMWB\/153785-palomita1.png' alt='Check'> <\/p>\n<p style='font-size: 14px; color: inherit;'> Los productos de la serie Kilo de Siklu son los m\u00e1s extensamente desplegados en las ondas radio 70\/80GHz en el mundo. Esto es debido al hecho de que Siklu ha sido la primera empresa en lanzar estos productos avanzados al mercado&comma; adem\u00e1s de ser l\u00edder en el segmento de las conexiones multi Gbps en millas de distancia. Estos productos son t\u00edpicamente instalados en techos o torres&comma; y con soporte para antenas externas que el cliente puede desplegar de 0.5\u2032 a 2\u2032 antenas seg\u00fan el alcance requerido <\/p>\n<\/p><\/div>\n<div style='background-color: rgba(86&comma; 27&comma; 75&comma; 0.05); padding: 15px; border-radius: 8px;'>\n<p style='text-align: center;'> <img style='width: 50px; height: auto; border: 1px solid rgba(150&comma;150&comma;150&comma;0.3); border-radius: 8px;' src='https:\/\/ftp3.syscom.mx\/usuarios\/fotos\/MHB100CCSPOEMWB\/153785-palomita1.png' alt='Check'> <\/p>\n<p style='font-size: 14px; color: inherit;'> Las capacidades oscilan de 700Mbps TDD con el producto EH-1200TX a 10Gbps Full Duplex con el EH-8010. Con las implementaciones RFIC patentadas por Siklu&comma; estas capacidades son soportadas a un alcance de 4.3 millas (6.9 km) y a un costo que ha llevado y expandido extraordinariamente el mercado de conectividad Gigabit en los espectros de banda E. <\/p>\n<\/p><\/div>\n<div style='background-color: rgba(86&comma; 27&comma; 75&comma; 0.05); padding: 15px; border-radius: 8px;'>\n<p style='text-align: center;'> <img style='width: 50px; height: auto; border: 1px solid rgba(150&comma;150&comma;150&comma;0.3); border-radius: 8px;' src='https:\/\/ftp3.syscom.mx\/usuarios\/fotos\/MHB100CCSPOEMWB\/153785-palomita1.png' alt='Check'> <\/p>\n<p style='font-size: 14px; color: inherit;'> An\u00e1logo a la banda V o a los productos 60GHz&comma; la serie Kilo EtherHaul\u2122 soporta la amplia agilidad de frecuencia en las bandas 70\/80GHz y los haces extremadamente cortos en casi todo el ilimitado espectro para los densos despliegues de las ondas radio EtherHaul\u2122 . <\/p>\n<\/p><\/div>\n<\/p><\/div>\n<div style='text-align: center; margin: 30px 0;'>\n<div style='display: inline-block; padding: 15px; background-color: #f4f4f4; border-radius: 8px; color: #561b4b; font-size: 22px;'> Estos elementos contribuyen a crear una familia de productos que garantizan conectividad multi Gigabit para redes de backhaul m\u00f3viles&comma; dorsales de redes y extensiones de fibra a un precio y a unas distancias imbatibles. <\/div>\n<\/p><\/div>\n<div style='margin: 30px 0;'>\n<h3 style='font-size: 22px; border-bottom: 2px solid currentColor; padding-bottom: 5px; margin-top: 0; color: inherit; opacity: 0.8;'>Desempe\u00f1o y construcci\u00f3n de la clase de portadora<\/h3>\n<div style='display: flex; flex-wrap: wrap; gap: 30px; margin-top: 20px;'>\n<div style='flex: 1 1 300px; min-width: 280px;'>\n<ul style='padding-left: 20px; font-size: 14px; color: inherit;'>\n<li style='margin-bottom: 10px;'>Factor de forma peque\u00f1o&comma; sistemas conformes a IP67 para exterior<\/li>\n<li style='margin-bottom: 10px;'>Hasta 10Gbps FDD de salida para alcances m\u00e1ximos de 4.3 millas (6.9km)<\/li>\n<li style='margin-bottom: 10px;'>Integraci\u00f3n avanzada de silicio comprobada a MTBF 90-yr ter<\/li>\n<li style='margin-bottom: 10px;'>Conectividad en tiempo real con latencia <10\u00b5 seg para soportar las aplicaciones sensibles al retardo<\/li>\n<li style='margin-bottom: 10px;'>Temporizaci\u00f3n integrada opcional que funcione con todo tipo de paquetes 1588v2 y SyncE con esquemas SSM para facilitar una sincronizaci\u00f3n m\u00f3vil de backhaul cuidadosa y precisa<\/li>\n<li style='margin-bottom: 10px;'>Cargas \u00fatiles priorizadas usando modulaci\u00f3n adaptativa sincronizada sin impacto con 8 niveles de QoS.<\/li>\n<\/ul><\/div>\n<div style='flex: 1 1 300px; min-width: 280px;'> <img style='width: 100%; height: auto; border: 1px solid rgba(150&comma;150&comma;150&comma;0.3); border-radius: 8px;' src='https:\/\/ftp3.syscom.mx\/usuarios\/fotos\/EH1200FXODUHEXT\/152469-fotoeh1.png' alt='Imagen de producto'> <\/div>\n<\/p><\/div>\n<\/p><\/div>\n<div style='margin: 30px 0;'>\n<h3 style='font-size: 22px; border-bottom: 2px solid currentColor; padding-bottom: 5px; margin-top: 0; color: inherit; opacity: 0.8; text-align: right;'>Agilidad de espectro<\/h3>\n<div style='display: flex; flex-wrap: wrap; gap: 30px; margin-top: 20px;'>\n<div style='flex: 1 1 300px; min-width: 280px;'> <img style='width: 100%; height: auto; border: 1px solid rgba(150&comma;150&comma;150&comma;0.3); border-radius: 8px;' src='https:\/\/ftp3.syscom.mx\/usuarios\/fotos\/EH1200FXODUHEXT\/152469-fotoeh2.jpg' alt='Imagen de espectro'> <\/div>\n<div style='flex: 1 1 300px; min-width: 280px;'>\n<ul style='padding-left: 20px; font-size: 14px; color: inherit;'>\n<li style='margin-bottom: 10px;'>Funcionamiento sin interferencias en la banda 70\/80GHz con TDD o soporte FDD<\/li>\n<li style='margin-bottom: 10px;'>Hasta el 10GHz del espectro disponible en las bandas 70\/80GHz &comma; haces del ancho de un l\u00e1piz&comma; con una zona de Fresnel min\u00fascula hasta 32 no sobreposiciones&comma; canales seleccionados por el usuario confirman el factor de reutilizaci\u00f3n del espectro m\u00e1s alto de la industria.<\/li>\n<li style='margin-bottom: 10px;'>Un SKU soporta toda la gama en la banda 70\/80GHz<\/li>\n<\/ul><\/div>\n<\/p><\/div>\n<\/p><\/div>\n<div style='margin: 30px 0;'>\n<h3 style='font-size: 22px; border-bottom: 2px solid currentColor; padding-bottom: 5px; margin-top: 0; color: inherit; opacity: 0.8;'>Topolog\u00eda flexible e interfaces<\/h3>\n<div style='display: flex; flex-wrap: wrap; gap: 30px; margin-top: 20px;'>\n<div style='flex: 1 1 300px; min-width: 280px;'>\n<ul style='padding-left: 20px; font-size: 14px; color: inherit;'>\n<li style='margin-bottom: 10px;'>Herramientas de interconexi\u00f3n avanzadas para crear topolog\u00edas flexibles en cadenas&comma; &#8216;drop &#038; insert&#8217; y anillos resilientes de sub-50mseg<\/li>\n<li style='margin-bottom: 10px;'>Dise\u00f1ado para una f\u00e1cil instalaci\u00f3n y puesta en servicio usando herramientas embebidas para optimizar la selecci\u00f3n del canal&comma; prueba de cargas y puesta en servicio que no requieren intervenci\u00f3n.<\/li>\n<li style='margin-bottom: 10px;'>Soporte de 2 capas por medio de un interruptor Gigabit incorporada con cobre extra y puertos de fibra para habilitar la conexi\u00f3n en cascada continua<\/li>\n<li style='margin-bottom: 10px;'>PoE out para alimentaci\u00f3n externa de videoc\u00e1maras y otros dispositivos<\/li>\n<li style='margin-bottom: 10px;'>Conforme con MEF Ethernet OAM y CFM (IEEE 802.1ag \/ ITU-T Y.1731 \/ IEEE 802.3ah) para la monitorizaci\u00f3n y localizaci\u00f3n de fallas avanzada<\/li>\n<\/ul><\/div>\n<div style='flex: 1 1 300px; min-width: 280px;'> <img style='width: 100%; height: auto; border: 1px solid rgba(150&comma;150&comma;150&comma;0.3); border-radius: 8px;' src='https:\/\/ftp3.syscom.mx\/usuarios\/fotos\/EH1200FXODUHEXT\/152469-fotoeh3.jpg' alt='Imagen de topolog\u00eda'> <\/div>\n<\/p><\/div>\n<\/p><\/div>\n<div style='margin: 30px 0;'>\n<h3 style='font-size: 22px; border-bottom: 2px solid currentColor; padding-bottom: 5px; margin-top: 0; color: inherit; opacity: 0.8;'>Aplicaciones<\/h3>\n<ul style='padding-left: 20px; font-size: 14px; color: inherit; margin-top: 15px;'>\n<li style='margin-bottom: 5px;'>Banda ancha corporativa<\/li>\n<li style='margin-bottom: 5px;'>GTTH &#8211; Gigabit a la casa<\/li>\n<li style='margin-bottom: 5px;'>Backhaul para redes celulares<\/li>\n<li style='margin-bottom: 5px;'>Conectividad inter campus<\/li>\n<li style='margin-bottom: 5px;'>Redes de Video Vigilancia (CCTV)<\/li>\n<\/ul><\/div>\n<div style='margin: 30px 0;'>\n<h3 style='font-size: 22px; border-bottom: 2px solid currentColor; padding-bottom: 5px; margin-top: 0; color: inherit; opacity: 0.8;'>Especificaciones t\u00e9cnicas<\/h3>\n<div style='display: flex; flex-wrap: wrap; gap: 20px; margin-top: 20px;'>\n<div style='flex: 1 1 250px; border: 1px solid rgba(150&comma; 150&comma; 150&comma; 0.4); border-radius: 8px; overflow: hidden; display: flex; flex-direction: column;'>\n<div style='padding: 15px; border-bottom: 1px solid rgba(150&comma; 150&comma; 150&comma; 0.2); font-weight: bold; font-size: 18px; color: inherit;'>Frecuencia &#038; Duplexado<\/div>\n<div style='padding: 15px; color: inherit;'>\n<p style='margin: 0;'>71-76GHz \/ 81-86GHz&comma; FDD<\/p>\n<\/p><\/div>\n<\/p><\/div>\n<div style='flex: 1 1 250px; border: 1px solid rgba(150&comma; 150&comma; 150&comma; 0.4); border-radius: 8px; overflow: hidden; display: flex; flex-direction: column;'>\n<div style='padding: 15px; border-bottom: 1px solid rgba(150&comma; 150&comma; 150&comma; 0.2); font-weight: bold; font-size: 18px; color: inherit;'>Canales<\/div>\n<div style='padding: 15px; color: inherit;'>\n<p style='margin: 0;'>16\/8 canales sin superposici\u00f3n&comma; anchos de canales 250\/500MHz<\/p>\n<\/p><\/div>\n<\/p><\/div>\n<div style='flex: 1 1 250px; border: 1px solid rgba(150&comma; 150&comma; 150&comma; 0.4); border-radius: 8px; overflow: hidden; display: flex; flex-direction: column;'>\n<div style='padding: 15px; border-bottom: 1px solid rgba(150&comma; 150&comma; 150&comma; 0.2); font-weight: bold; font-size: 18px; color: inherit;'>Modulaci\u00f3n &#038; tasa adaptiva<\/div>\n<div style='padding: 15px; color: inherit;'>\n<p style='margin: 0;'>Hasta 5 niveles de velocidades sin errores por cambio. La codificaci\u00f3n y modulaci\u00f3n adaptativa generan una ganancia de hasta 25dB<\/p>\n<\/p><\/div>\n<\/p><\/div>\n<div style='flex: 1 1 250px; border: 1px solid rgba(150&comma; 150&comma; 150&comma; 0.4); border-radius: 8px; overflow: hidden; display: flex; flex-direction: column;'>\n<div style='padding: 15px; border-bottom: 1px solid rgba(150&comma; 150&comma; 150&comma; 0.2); font-weight: bold; font-size: 18px; color: inherit;'>Capacidad<\/div>\n<div style='padding: 15px; color: inherit;'>\n<p style='margin: 0; font-weight: bold;'>Hasta 1Gbps<\/p>\n<\/p><\/div>\n<\/p><\/div>\n<div style='flex: 1 1 250px; border: 1px solid rgba(150&comma; 150&comma; 150&comma; 0.4); border-radius: 8px; overflow: hidden; display: flex; flex-direction: column;'>\n<div style='padding: 15px; border-bottom: 1px solid rgba(150&comma; 150&comma; 150&comma; 0.2); font-weight: bold; font-size: 18px; color: inherit;'>Puertos<\/div>\n<div style='padding: 15px; color: inherit;'>\n<p style='margin: 0;'>2x RJ45<\/p>\n<\/p><\/div>\n<\/p><\/div>\n<div style='flex: 1 1 250px; border: 1px solid rgba(150&comma; 150&comma; 150&comma; 0.4); border-radius: 8px; overflow: hidden; display: flex; flex-direction: column;'>\n<div style='padding: 15px; border-bottom: 1px solid rgba(150&comma; 150&comma; 150&comma; 0.2); font-weight: bold; font-size: 18px; color: inherit;'>Sincronizaci\u00f3n de tiempo<\/div>\n<div style='padding: 15px; color: inherit;'>\n<p style='margin: 0;'>Synchronous Ethernet y 1588v2 TC<\/p>\n<\/p><\/div>\n<\/p><\/div>\n<div style='flex: 1 1 250px; border: 1px solid rgba(150&comma; 150&comma; 150&comma; 0.4); border-radius: 8px; overflow: hidden; display: flex; flex-direction: column;'>\n<div style='padding: 15px; border-bottom: 1px solid rgba(150&comma; 150&comma; 150&comma; 0.2); font-weight: bold; font-size: 18px; color: inherit;'>Seguridad<\/div>\n<div style='padding: 15px; color: inherit;'>\n<p style='margin: 0;'>AES 128-bit and 256-bit<\/p>\n<\/p><\/div>\n<\/p><\/div>\n<div style='flex: 1 1 250px; border: 1px solid rgba(150&comma; 150&comma; 150&comma; 0.4); border-radius: 8px; overflow: hidden; display: flex; flex-direction: column;'>\n<div style='padding: 15px; border-bottom: 1px solid rgba(150&comma; 150&comma; 150&comma; 0.2); font-weight: bold; font-size: 18px; color: inherit;'>Alimentaci\u00f3n<\/div>\n<div style='padding: 15px; color: inherit;'>\n<p style='margin: 0;'>36\u00f757VDC; PoE In PoE++ (IEEE 802.3at+) consumo de energ\u00eda sin PoE Out<\/p>\n<\/p><\/div>\n<\/p><\/div>\n<div style='flex: 1 1 250px; border: 1px solid rgba(150&comma; 150&comma; 150&comma; 0.4); border-radius: 8px; overflow: hidden; display: flex; flex-direction: column;'>\n<div style='padding: 15px; border-bottom: 1px solid rgba(150&comma; 150&comma; 150&comma; 0.2); font-weight: bold; font-size: 18px; color: inherit;'>PoE-Out<\/div>\n<div style='padding: 15px; color: inherit;'>\n<p style='margin: 0;'>Puerto 2: hasta 13W (IEEE 802.3af)<\/p>\n<\/p><\/div>\n<\/p><\/div>\n<div style='flex: 1 1 250px; border: 1px solid rgba(150&comma; 150&comma; 150&comma; 0.4); border-radius: 8px; overflow: hidden; display: flex; flex-direction: column;'>\n<div style='padding: 15px; border-bottom: 1px solid rgba(150&comma; 150&comma; 150&comma; 0.2); font-weight: bold; font-size: 18px; color: inherit;'>Latencia<\/div>\n<div style='padding: 15px; color: inherit;'>\n<p style='margin: 0;'>Latencia t\u00edpica Latencia en mili-segundos &#8211; 0.28ms<\/p>\n<\/p><\/div>\n<\/p><\/div>\n<div style='flex: 1 1 250px; border: 1px solid rgba(150&comma; 150&comma; 150&comma; 0.4); border-radius: 8px; overflow: hidden; display: flex; flex-direction: column;'>\n<div style='padding: 15px; border-bottom: 1px solid rgba(150&comma; 150&comma; 150&comma; 0.2); font-weight: bold; font-size: 18px; color: inherit;'>Ambiental<\/div>\n<div style='padding: 15px; color: inherit;'>\n<p style='margin: 0;'>Temperatura de operaci\u00f3n: -45\u00b0 a +55\u00b0C (-49\u00b0 a +131\u00b0F)<\/p>\n<p style='margin: 0;'>Protecci\u00f3n contra ingresos: IP67<\/p>\n<\/p><\/div>\n<\/p><\/div>\n<div style='flex: 1 1 250px; border: 1px solid rgba(150&comma; 150&comma; 150&comma; 0.4); border-radius: 8px; overflow: hidden; display: flex; flex-direction: column;'>\n<div style='padding: 15px; border-bottom: 1px solid rgba(150&comma; 150&comma; 150&comma; 0.2); font-weight: bold; font-size: 18px; color: inherit;'>Dimensiones<\/div>\n<div style='padding: 15px; color: inherit;'>\n<p style='margin: 0;'>ODU + antena 0.5 pies (Dia. x Profundidad): 20 x 23 x 15cm (7.9&#8242; x 9&#8242; x 5.9&#8242;)<\/p>\n<p style='margin: 0;'>ODU + antena 1 pie (Dia. x Profundidad): 32 x 22 cm (12.6&#8242; x 8.6&#8242;)<\/p>\n<p style='margin: 0;'>ODU + antena 2 pies (Dia. x Profundidad): 73 x 46 cm (28.7&#8242; x 18.1&#8242;)<\/p>\n<\/p><\/div>\n<\/p><\/div>\n<div style='flex: 1 1 250px; border: 1px solid rgba(150&comma; 150&comma; 150&comma; 0.4); border-radius: 8px; overflow: hidden; display: flex; flex-direction: column;'>\n<div style='padding: 15px; border-bottom: 1px solid rgba(150&comma; 150&comma; 150&comma; 0.2); font-weight: bold; font-size: 18px; color: inherit;'>Peso<\/div>\n<div style='padding: 15px; color: inherit;'>\n<p style='margin: 0;'>ODU + antena 0.5 pies: 3.8 kg (8.5 lbs)<\/p>\n<p style='margin: 0;'>ODU + antena 1 pie : 4.0 kg (8.8 lbs)<\/p>\n<p style='margin: 0;'>ODU + antena 2 pies: 9.4Kg (20.7lbs)<\/p>\n<\/p><\/div>\n<\/p><\/div>\n<div style='flex: 1 1 250px; border: 1px solid rgba(150&comma; 150&comma; 150&comma; 0.4); border-radius: 8px; overflow: hidden; display: flex; flex-direction: column;'>\n<div style='padding: 15px; border-bottom: 1px solid rgba(150&comma; 150&comma; 150&comma; 0.2); font-weight: bold; font-size: 18px; color: inherit;'>Caracter\u00edsticas Ethernet<\/div>\n<div style='padding: 15px; color: inherit;'>\n<ul style='margin: 0; padding-left: 20px; font-size: 14px;'>\n<li style='margin-bottom: 5px;'>Puente transparente IEEE 802.1d<\/li>\n<li style='margin-bottom: 5px;'>VLAN &#038; VLAN stacking&comma; 4K VLANs<\/li>\n<li style='margin-bottom: 5px;'>Servicios Ethernet que cumplen con la MEF 9&comma; 14 y 21<\/li>\n<li style='margin-bottom: 5px;'>Modo de puertos transparentes Smart Pipes<\/li>\n<li style='margin-bottom: 5px;'>Agregaci\u00f3n: LAG y LACP (IEEE 802.3ad)<\/li>\n<li style='margin-bottom: 5px;'>Conmutaci\u00f3n por protecci\u00f3n de anillos: ITU-T G.8032 ERPS<\/li>\n<li style='margin-bottom: 5px;'>Propagaci\u00f3n del estado del enlace<\/li>\n<li style='margin-bottom: 5px;'>Jumbo tramas 16KB<\/li>\n<li style='margin-bottom: 5px;'>Colas consientes configurables de QoS<\/li>\n<li style='margin-bottom: 5px;'>8 niveles de H-QoS con m\u00faltiples opciones de mapeo:<\/li>\n<ul style='margin: 5px 0 5px 30px; padding: 0;'>\n<li style='margin-bottom: 5px;'>L2: 802.1p&comma; VLAN id<\/li>\n<li style='margin-bottom: 5px;'>L2\u00bd: MPLS EXP<\/li>\n<li style='margin-bottom: 5px;'>L3: DSCP<\/li>\n<\/ul>\n<\/ul><\/div>\n<\/p><\/div>\n<div style='flex: 1 1 250px; border: 1px solid rgba(150&comma; 150&comma; 150&comma; 0.4); border-radius: 8px; overflow: hidden; display: flex; flex-direction: column;'>\n<div style='padding: 15px; border-bottom: 1px solid rgba(150&comma; 150&comma; 150&comma; 0.2); font-weight: bold; font-size: 18px; color: inherit;'>Administraci\u00f3n y aprovisionamiento<\/div>\n<div style='padding: 15px; color: inherit;'>\n<ul style='margin: 0; padding-left: 20px; font-size: 14px;'>\n<li style='margin-bottom: 5px;'>Configuraci\u00f3n Zero-touch; administraci\u00f3n In-band&comma; out-of-band<\/li>\n<li style='margin-bottom: 5px;'>Web GUI (configuraci\u00f3n de un click de las unidades local y remota) &#038; CLI<\/li>\n<li style='margin-bottom: 10px;'>embebido<\/li>\n<li style='margin-bottom: 5px;'>SNMPv2\/3&comma; TACACS+&comma; RADIUS<\/li>\n<li style='margin-bottom: 5px;'>Link OAM&#038; Connectivity FaultManagement (CFM): IEEE802.3ah &#038; IEEE802.1ag;<\/li>\n<li style='margin-bottom: 5px;'>Monitoreo: ITU-T Y.1731<\/li>\n<\/ul><\/div>\n<\/p><\/div>\n<div style='flex: 1 1 250px; border: 1px solid rgba(150&comma; 150&comma; 150&comma; 0.4); border-radius: 8px; overflow: hidden; display: flex; flex-direction: column;'>\n<div style='padding: 15px; border-bottom: 1px solid rgba(150&comma; 150&comma; 150&comma; 0.2); font-weight: bold; font-size: 18px; color: inherit;'>Cumplimiento<\/div>\n<div style='padding: 15px; color: inherit;'>\n<ul style='margin: 0; padding-left: 20px; font-size: 14px;'>\n<li style='margin-bottom: 5px;'>Radio: FCC CFR Part 101&comma; ETSI EN 302 217-2-2<\/li>\n<li style='margin-bottom: 5px;'>EMC: USA FCC 47CFR.part 15 &#038; ETSI EN 301 489;<\/li>\n<li style='margin-bottom: 5px;'>Seguridad: UL\/EN 60950<\/li>\n<\/ul><\/div>\n<\/p><\/div>\n<\/p><\/div>\n<\/p><\/div>\n<div style='margin: 30px 0; padding: 20px; background-color: rgba(86&comma; 27&comma; 75&comma; 0.05); border-left: 4px solid #561b4b; color: inherit;'>\n<p style='margin: 0; font-weight: bold;'>Los Equipos Siklu trabajan en banda Libre 100% en M\u00e9xico<\/p>\n<p style='margin: 10px 0;'>Consulta aqu\u00ed el Diario Oficial para ver su acreditaci\u00f3n<\/p>\n<p style='margin: 0;'> <a href='https:\/\/ftp3.syscom.mx\/usuarios\/hortega\/Siklu\/DOF-Se%20declara%20como%20banda%20de%20uso%20Libre%2080%20GHz.pdf' style='color: #561b4b; text-decoration: none; font-weight: bold;'>Click Aqui<\/a> <\/p>\n<\/p><\/div>\n<div style='margin: 30px 0; padding: 20px; background-color: rgba(86&comma; 27&comma; 75&comma; 0.05); border-left: 4px solid #561b4b; color: inherit;'>\n<h3 style='margin: 0 0 10px; font-size: 18px; font-weight: bold;'>Inventario de bandas de frecuencias de uso libre<\/h3>\n<p style='margin: 0;'> <a href='http:\/\/www.ift.org.mx\/espectro-radioelectrico\/bandas-de-frecuencias-del-espectro-radioelectrico-de-uso-libre' style='color: #561b4b; text-decoration: none; font-weight: bold;'>Click Aqui<\/a> <\/p>\n<\/p><\/div>\n<\/p><\/div>\n","protected":false},"excerpt":{"rendered":"<p>Siklu EtherHaul-1200FX 1 Gigabit Full Duplex 70\/80GHz Banda-E<\/p>\n","protected":false},"featured_media":73858,"comment_status":"open","ping_status":"closed","template":"","meta":[],"product_brand":[],"product_cat":[2086],"product_tag":[1991,2007,2008],"class_list":{"0":"post-73859","1":"product","2":"type-product","3":"status-publish","4":"has-post-thumbnail","6":"product_cat-otras-bandas-enlaces-de-backhaul","7":"product_tag-enlaces-de-backhaul","8":"product_tag-otras-bandas","9":"product_tag-siklu","11":"first","12":"instock","13":"sale","14":"shipping-taxable","15":"purchasable","16":"product-type-simple"},"_links":{"self":[{"href":"https:\/\/soydeaqui.ddns.net\/pachuca\/index.php\/wp-json\/wp\/v2\/product\/73859","targetHints":{"allow":["GET"]}}],"collection":[{"href":"https:\/\/soydeaqui.ddns.net\/pachuca\/index.php\/wp-json\/wp\/v2\/product"}],"about":[{"href":"https:\/\/soydeaqui.ddns.net\/pachuca\/index.php\/wp-json\/wp\/v2\/types\/product"}],"replies":[{"embeddable":true,"href":"https:\/\/soydeaqui.ddns.net\/pachuca\/index.php\/wp-json\/wp\/v2\/comments?post=73859"}],"wp:featuredmedia":[{"embeddable":true,"href":"https:\/\/soydeaqui.ddns.net\/pachuca\/index.php\/wp-json\/wp\/v2\/media\/73858"}],"wp:attachment":[{"href":"https:\/\/soydeaqui.ddns.net\/pachuca\/index.php\/wp-json\/wp\/v2\/media?parent=73859"}],"wp:term":[{"taxonomy":"product_brand","embeddable":true,"href":"https:\/\/soydeaqui.ddns.net\/pachuca\/index.php\/wp-json\/wp\/v2\/product_brand?post=73859"},{"taxonomy":"product_cat","embeddable":true,"href":"https:\/\/soydeaqui.ddns.net\/pachuca\/index.php\/wp-json\/wp\/v2\/product_cat?post=73859"},{"taxonomy":"product_tag","embeddable":true,"href":"https:\/\/soydeaqui.ddns.net\/pachuca\/index.php\/wp-json\/wp\/v2\/product_tag?post=73859"}],"curies":[{"name":"wp","href":"https:\/\/api.w.org\/{rel}","templated":true}]}}