{"id":73844,"date":"2026-03-19T13:38:06","date_gmt":"2026-03-19T13:38:06","guid":{"rendered":"https:\/\/soydeaqui.ddns.net\/pachuca\/index.php\/producto\/servidor-integrado-con-3-ranuras-para-modulos-e1-gsm-2g-y-3g-fxs-fxo-hasta-46-canales-y-hasta-64-llamadas-simultaneas-ideal-para-3cx\/"},"modified":"2026-03-19T13:38:15","modified_gmt":"2026-03-19T13:38:15","slug":"servidor-integrado-con-3-ranuras-para-modulos-e1-gsm-2g-y-3g-fxs-fxo-hasta-46-canales-y-hasta-64-llamadas-simultaneas-ideal-para-3cx","status":"publish","type":"product","link":"https:\/\/soydeaqui.ddns.net\/pachuca\/index.php\/producto\/servidor-integrado-con-3-ranuras-para-modulos-e1-gsm-2g-y-3g-fxs-fxo-hasta-46-canales-y-hasta-64-llamadas-simultaneas-ideal-para-3cx\/","title":{"rendered":"Servidor integrado con 3 ranuras para m\u00f3dulos E1, GSM 2G y 3G, FXS\/FXO, hasta 46 canales y hasta 64 llamadas simultaneas, ideal para 3CX"},"content":{"rendered":"<div style='width: 100%; max-width: 1200px; margin: 0 auto; font-family: sans-serif; line-height: 1.6; color: inherit; background-color: transparent;'>\n<div style='display: flex; flex-wrap: wrap; gap: 30px; margin-bottom: 30px;'>\n<div style='flex: 1 1 300px; min-width: 280px;'>\n<h3 style='font-size: 22px; border-bottom: 2px solid currentColor; padding-bottom: 5px; margin-top: 0; color: inherit; opacity: 0.8;'>Caracter\u00edsticas y Ventajas del Gateway Incorporado<\/h3>\n<ul style='padding-left: 20px; font-size: 15px; color: inherit;'>\n<li style='margin-bottom: 5px;'><strong>Modularidad:<\/strong> 3 ranuras para la combinaci\u00f3n deseada de:<\/li>\n<li style='margin-bottom: 5px; padding-left: 20px;'><strong>1 E1<\/strong> (30 canales)<\/li>\n<li style='margin-bottom: 5px; padding-left: 20px;'><strong>2 GSM<\/strong> (hasta 6 canales GSM)&comma; que pueden ser:\n<ul style='margin-top: 5px; margin-bottom: 5px; padding-left: 20px; list-style-type: disc;'>\n<li style='margin-bottom: 5px;'>2G Quad Band: 850\/900\/1800\/1900 MHz<\/li>\n<li style='margin-bottom: 5px;'>3G Six Band: 800\/850\/900\/1700\/1900\/2100 MHz<\/li>\n<\/ul>\n<\/li>\n<li style='margin-bottom: 5px; padding-left: 20px;'><strong>4 FXO<\/strong> (hasta 12 FXO)<\/li>\n<li style='margin-bottom: 5px; padding-left: 20px;'><strong>8 FXS<\/strong> (hasta 24 FXS)<\/li>\n<li style='margin-bottom: 5px;'><strong>M\u00e1ximo de canales:<\/strong> 46 canales por producto<\/li>\n<li style='margin-bottom: 5px;'><strong>Conexi\u00f3n:<\/strong> 2 puertos Ethernet Giga<\/li>\n<li style='margin-bottom: 5px;'><strong>Operadoras:<\/strong> Conexi\u00f3n con hasta 2 diferentes operadoras VoIPs<\/li>\n<li style='margin-bottom: 5px;'><strong>Cuentas VoIP:<\/strong> Hasta 10 cuentas VoIP<\/li>\n<li style='margin-bottom: 5px;'><strong>Canales VoIP:<\/strong> 1 canal SIP para cada canal TDM&comma; con un m\u00e1ximo de 46 canales SIP en total<\/li>\n<li style='margin-bottom: 5px;'><strong>Compatibilidad:<\/strong> Compatible con G.711 (A-law y \u03bc-law)&comma; G.729A y T.38 (fax)<\/li>\n<\/ul>\n<p style='margin-top: 20px; color: inherit;'>Obtenga m\u00e1s informaci\u00f3n sobre las caracter\u00edsticas de la UMG Modular 300 incorporada en este equipo.<\/p>\n<\/p><\/div>\n<div style='flex: 1 1 300px; min-width: 280px;'>\n<h3 style='font-size: 22px; border-bottom: 2px solid currentColor; padding-bottom: 5px; margin-top: 0; color: inherit; opacity: 0.8;'>Caracter\u00edsticas del Servidor Interno<\/h3>\n<h4 style='font-size: 18px; margin-top: 20px; margin-bottom: 10px; color: inherit; opacity: 0.9;'>Hardware<\/h4>\n<ul style='padding-left: 20px; font-size: 15px; color: inherit;'>\n<li style='margin-bottom: 5px;'><strong>Placa madre:<\/strong> IPX1800G2<\/li>\n<li style='margin-bottom: 5px;'><strong>Procesador:<\/strong> Intel Celeron J1800 Dual Core 2.41 GHz 64 bits<\/li>\n<li style='margin-bottom: 5px;'><strong>Memoria RAM:<\/strong> 2 GB con crecimiento hasta 8 GB<\/li>\n<li style='margin-bottom: 5px;'><strong>Fuente de alimentaci\u00f3n:<\/strong> CA Full Range<\/li>\n<li style='margin-bottom: 5px;'><strong>Almacenamiento:<\/strong> 120 GB de SSD<\/li>\n<li style='margin-bottom: 5px;'><strong>Red:<\/strong> 2 puertos Ethernet Giga<\/li>\n<li style='margin-bottom: 5px;'><strong>Display:<\/strong> LED programable<\/li>\n<\/ul><\/div>\n<\/p><\/div>\n<div style='display: flex; flex-wrap: wrap; gap: 20px; margin-bottom: 30px;'>\n<div style='flex: 1 1 250px; border: 1px solid rgba(150&comma; 150&comma; 150&comma; 0.4); border-radius: 8px; overflow: hidden; display: flex; flex-direction: column;'>\n<div style='padding: 15px; border-bottom: 1px solid rgba(150&comma; 150&comma; 150&comma; 0.2); font-weight: bold; font-size: 18px; color: inherit;'>Modelo de aplicaci\u00f3n<\/div>\n<div style='padding: 15px; color: inherit;'>\n<p style='margin-top: 0; margin-bottom: 20px; color: inherit;'>Rendimiento con IP- PBX 3CX<\/p>\n<div style='display: flex; flex-direction: column; gap: 10px;'>\n<div style='display: flex; gap: 10px;'>\n<div style='flex: 1 1 50%; font-weight: bold; color: inherit;'>MotherBoard<\/div>\n<div style='flex: 1 1 50%; color: inherit;'>IPX 1800 G2<\/div>\n<\/p><\/div>\n<div style='display: flex; gap: 10px;'>\n<div style='flex: 1 1 50%; font-weight: bold; color: inherit;'>CPU<\/div>\n<div style='flex: 1 1 50%; color: inherit;'>Intel Celeron J1800 Dual Core 2.41GHz 64-bits<\/div>\n<\/p><\/div>\n<div style='display: flex; gap: 10px;'>\n<div style='flex: 1 1 50%; font-weight: bold; color: inherit;'>Memoria<\/div>\n<div style='flex: 1 1 50%; color: inherit;'>4GB<\/div>\n<\/p><\/div>\n<div style='display: flex; gap: 10px;'>\n<div style='flex: 1 1 50%; font-weight: bold; color: inherit;'>Almacenamiento<\/div>\n<div style='flex: 1 1 50%; color: inherit;'>16GB SSD<\/div>\n<\/p><\/div>\n<div style='display: flex; gap: 10px;'>\n<div style='flex: 1 1 50%; font-weight: bold; color: inherit;'>Sistema operativo<\/div>\n<div style='flex: 1 1 50%; color: inherit;'>Debian 8<\/div>\n<\/p><\/div>\n<div style='display: flex; gap: 10px;'>\n<div style='flex: 1 1 50%; font-weight: bold; color: inherit;'>3CX<\/div>\n<div style='flex: 1 1 50%; color: inherit;'>PRO 15.5.3849.1<\/div>\n<\/p><\/div>\n<\/p><\/div>\n<\/p><\/div>\n<\/p><\/div>\n<div style='flex: 1 1 250px; border: 1px solid rgba(150&comma; 150&comma; 150&comma; 0.4); border-radius: 8px; overflow: hidden; display: flex; flex-direction: column;'>\n<div style='padding: 15px; border-bottom: 1px solid rgba(150&comma; 150&comma; 150&comma; 0.2); font-weight: bold; font-size: 18px; color: inherit;'>Prueba 1<\/div>\n<div style='padding: 15px; color: inherit;'>\n<ul style='padding-left: 20px; margin: 0; font-size: 14px; list-style-type: disc;'>\n<li style='margin-bottom: 5px;'>Llamadas entrantes a trav\u00e9s de troncales SIP enviadas a Grupos de Timbrado (256 extensiones registradas)<\/li>\n<li style='margin-bottom: 5px;'>Troncal SIP con c\u00f3dec G711<\/li>\n<li style='margin-bottom: 5px;'>Extensiones con G711 Codec<\/li>\n<li style='margin-bottom: 5px;'>Grabando todas las llamadas<\/li>\n<\/ul>\n<p style='margin-top: 15px; font-weight: bold; color: inherit;'>Resultado: 150 Llamadas simultaneas<\/p>\n<\/p><\/div>\n<\/p><\/div>\n<div style='flex: 1 1 250px; border: 1px solid rgba(150&comma; 150&comma; 150&comma; 0.4); border-radius: 8px; overflow: hidden; display: flex; flex-direction: column;'>\n<div style='padding: 15px; border-bottom: 1px solid rgba(150&comma; 150&comma; 150&comma; 0.2); font-weight: bold; font-size: 18px; color: inherit;'>Prueba 2<\/div>\n<div style='padding: 15px; color: inherit;'>\n<ul style='padding-left: 20px; margin: 0; font-size: 14px; list-style-type: disc;'>\n<li style='margin-bottom: 5px;'>Llamadas entrantes a trav\u00e9s de troncales SIP enviadas a Grupos de Timbrado (128 extensiones registradas)<\/li>\n<li style='margin-bottom: 5px;'>Troncal SIP con c\u00f3dec G711<\/li>\n<li style='margin-bottom: 5px;'>Extensiones con G729 Codec<\/li>\n<li style='margin-bottom: 5px;'>Grabando todas las llamadas<\/li>\n<\/ul>\n<p style='margin-top: 15px; font-weight: bold; color: inherit;'>Resultado: 64 Llamadas simultaneas<\/p>\n<\/p><\/div>\n<\/p><\/div>\n<\/p><\/div>\n<div style='display: flex; flex-wrap: wrap; gap: 30px; margin-bottom: 30px;'>\n<div style='flex: 1 1 300px; min-width: 280px;'>\n<h3 style='font-size: 22px; border-bottom: 2px solid currentColor; padding-bottom: 5px; margin-top: 0; color: inherit; opacity: 0.8;'>Rendimiento<\/h3>\n<p style='color: inherit;'>El servidor integrado puede procesar hasta 46 llamadas simult\u00e1neas&comma; divididas en 3 ranuras para cualquier combinaci\u00f3n entre las interfaces E1&comma; GSM 2G y 3G&comma; FXO o FXS.<\/p>\n<p style='color: inherit;'>La capacidad de procesamiento del servidor permite manejar hasta 64 llamadas simult\u00e1neas cuando se utilizan c\u00f3decs G.729.<\/p>\n<\/p><\/div>\n<\/p><\/div>\n<div style='display: flex; flex-wrap: wrap; gap: 30px; margin-bottom: 30px;'>\n<div style='flex: 1 1 300px; min-width: 280px;'> <img style='width: 100%; height: auto; border: 1px solid rgba(150&comma;150&comma;150&comma;0.3); border-radius: 8px;' src='https:\/\/ftp3.syscom.mx\/usuarios\/esanchez\/KHOMP\/UMGSERVER300\/UMGMODULARPRUEBA.png' alt=''> <\/div>\n<\/p><\/div>\n<\/p><\/div>\n","protected":false},"excerpt":{"rendered":"<p>Servidor integrado con 3 ranuras para m\u00f3dulos E1, GSM 2G y 3G, FXS\/FXO, hasta 46 canales y hasta 64 llamadas simultaneas, ideal para 3CX<\/p>\n","protected":false},"featured_media":73843,"comment_status":"open","ping_status":"closed","template":"","meta":[],"product_brand":[],"product_cat":[2028],"product_tag":[2029,966,2004],"class_list":{"0":"post-73844","1":"product","2":"type-product","3":"status-publish","4":"has-post-thumbnail","6":"product_cat-conmutadores-ip","7":"product_tag-conmutadores-ip","8":"product_tag-khomp","9":"product_tag-voip-telefonia-ip-videoconferencia","11":"first","12":"outofstock","13":"sale","14":"shipping-taxable","15":"purchasable","16":"product-type-simple"},"_links":{"self":[{"href":"https:\/\/soydeaqui.ddns.net\/pachuca\/index.php\/wp-json\/wp\/v2\/product\/73844","targetHints":{"allow":["GET"]}}],"collection":[{"href":"https:\/\/soydeaqui.ddns.net\/pachuca\/index.php\/wp-json\/wp\/v2\/product"}],"about":[{"href":"https:\/\/soydeaqui.ddns.net\/pachuca\/index.php\/wp-json\/wp\/v2\/types\/product"}],"replies":[{"embeddable":true,"href":"https:\/\/soydeaqui.ddns.net\/pachuca\/index.php\/wp-json\/wp\/v2\/comments?post=73844"}],"wp:featuredmedia":[{"embeddable":true,"href":"https:\/\/soydeaqui.ddns.net\/pachuca\/index.php\/wp-json\/wp\/v2\/media\/73843"}],"wp:attachment":[{"href":"https:\/\/soydeaqui.ddns.net\/pachuca\/index.php\/wp-json\/wp\/v2\/media?parent=73844"}],"wp:term":[{"taxonomy":"product_brand","embeddable":true,"href":"https:\/\/soydeaqui.ddns.net\/pachuca\/index.php\/wp-json\/wp\/v2\/product_brand?post=73844"},{"taxonomy":"product_cat","embeddable":true,"href":"https:\/\/soydeaqui.ddns.net\/pachuca\/index.php\/wp-json\/wp\/v2\/product_cat?post=73844"},{"taxonomy":"product_tag","embeddable":true,"href":"https:\/\/soydeaqui.ddns.net\/pachuca\/index.php\/wp-json\/wp\/v2\/product_tag?post=73844"}],"curies":[{"name":"wp","href":"https:\/\/api.w.org\/{rel}","templated":true}]}}