{"id":73842,"date":"2026-03-19T13:38:02","date_gmt":"2026-03-19T13:38:02","guid":{"rendered":"https:\/\/soydeaqui.ddns.net\/pachuca\/index.php\/producto\/cable-de-conexion-directa-sfp-twinax-10-gbps-de-7-m\/"},"modified":"2026-03-19T13:38:03","modified_gmt":"2026-03-19T13:38:03","slug":"cable-de-conexion-directa-sfp-twinax-10-gbps-de-7-m","status":"publish","type":"product","link":"https:\/\/soydeaqui.ddns.net\/pachuca\/index.php\/producto\/cable-de-conexion-directa-sfp-twinax-10-gbps-de-7-m\/","title":{"rendered":"Cable de Conexi\u00f3n Directa SFP+ Twinax 10 Gbps de 7 m"},"content":{"rendered":"<div style='width: 100%; max-width: 1200px; margin: 0 auto; font-family: sans-serif; line-height: 1.6; color: inherit; background-color: transparent;'> <!-- Secci\u00f3n de descripci\u00f3n general --> <\/p>\n<div style='margin-bottom: 30px;'>\n<p style='font-size: 16px; margin-top: 0;'><strong>Cable de conexi\u00f3n directa SFP+ 10 Gbps de 7 metros para stacking.<\/strong><\/p>\n<p style='font-size: 14px; margin-bottom: 0;'>El cable SP10TW SFP+ direct attach copper assembly es una alternativa econ\u00f3mica para aplicaciones de corto alcance. La soluci\u00f3n permite transmisi\u00f3n de datos en serie hasta 12Gbps en cada direcci\u00f3n. El cable de cobre act\u00faa como disipador de calor natural&comma; con bajo consumo de energ\u00eda&comma; ideal para conexiones dentro de rack o entre racks.<\/p>\n<\/p><\/div>\n<p> <!-- Secci\u00f3n de caracter\u00edsticas clave --> <\/p>\n<div style='display: flex; flex-wrap: wrap; gap: 30px; margin-bottom: 30px;'>\n<div style='flex: 1 1 300px; min-width: 280px;'>\n<h3 style='font-size: 22px; border-bottom: 2px solid currentColor; padding-bottom: 5px; margin-top: 0; color: inherit; opacity: 0.8;'>Caracter\u00edsticas clave<\/h3>\n<ul style='padding-left: 20px; font-size: 14px; color: inherit;'>\n<li style='margin-bottom: 5px;'>Compliant con SFF-8431 MSA<\/li>\n<li style='margin-bottom: 5px;'>Operaci\u00f3n a 10Gbps full-duplex<\/li>\n<li style='margin-bottom: 5px;'>Latencia 15-25 veces menor que 10GbE<\/li>\n<li style='margin-bottom: 5px;'>Consumo de 15mW por extremo<\/li>\n<li style='margin-bottom: 5px;'>Impedancia diferencial de 100 Ohm<\/li>\n<li style='margin-bottom: 5px;'>Dise\u00f1o con latch retr\u00e1ctil<\/li>\n<li style='margin-bottom: 5px;'>Firma EEPROM integrada<\/li>\n<li style='margin-bottom: 5px;'>Dise\u00f1o de latch de liberaci\u00f3n por tracci\u00f3n<\/li>\n<li style='margin-bottom: 5px;'>Braided cable 360\u00b0<\/li>\n<li style='margin-bottom: 5px;'>Dise\u00f1o de EMI skirt mejorado<\/li>\n<li style='margin-bottom: 5px;'>Dise\u00f1o lineal para uso con EDCs<\/li>\n<li style='margin-bottom: 5px;'>Entradas\/salidas AC-coupled<\/li>\n<\/ul><\/div>\n<div style='flex: 1 1 300px; min-width: 280px;'>\n<h3 style='font-size: 22px; border-bottom: 2px solid currentColor; padding-bottom: 5px; margin-top: 0; color: inherit; opacity: 0.8;'>Beneficios<\/h3>\n<ul style='padding-left: 20px; font-size: 14px; color: inherit;'>\n<li style='margin-bottom: 5px;'>Conexi\u00f3n directa entre slots SFP+ sin transceptores<\/li>\n<li style='margin-bottom: 5px;'>Bajo consumo de energ\u00eda (0.1 Watts)<\/li>\n<li style='margin-bottom: 5px;'>Compatibilidad con equipos con ranuras SFP+<\/li>\n<li style='margin-bottom: 5px;'>Tres longitudes disponibles (1&comma; 3 y 7 metros)<\/li>\n<li style='margin-bottom: 5px;'>Dise\u00f1o pasivo sin buffers o amplificadores<\/li>\n<li style='margin-bottom: 5px;'>Soporta rangos de velocidad de 10Mbps a 12Gbps<\/li>\n<li style='margin-bottom: 5px;'>Menor latencia (0.1 \u03bcs vs 1.5-2.5 \u03bcs de 10GbE)<\/li>\n<\/ul><\/div>\n<\/p><\/div>\n<p> <!-- Secci\u00f3n de especificaciones t\u00e9cnicas --> <\/p>\n<div style='display: flex; flex-wrap: wrap; gap: 20px; margin-bottom: 30px;'>\n<div style='flex: 1 1 250px; border: 1px solid rgba(150&comma; 150&comma; 150&comma; 0.4); border-radius: 8px; overflow: hidden; display: flex; flex-direction: column;'>\n<div style='padding: 15px; border-bottom: 1px solid rgba(150&comma; 150&comma; 150&comma; 0.2); font-weight: bold; font-size: 18px; color: inherit;'>Especificaciones T\u00e9cnicas<\/div>\n<div style='padding: 15px; color: inherit;'>\n<ul style='padding-left: 20px; margin: 0; font-size: 14px; list-style-type: disc;'>\n<li style='margin-bottom: 5px;'><strong>Tipo de medio:<\/strong> Twinax direct attach<\/li>\n<li style='margin-bottom: 5px;'><strong>Velocidad de datos:<\/strong> 10.3 Gbps<\/li>\n<li style='margin-bottom: 5px;'><strong>Temperatura operativa:<\/strong> 0\u00b0C a 70\u00b0C<\/li>\n<li style='margin-bottom: 5px;'><strong>Distancia:<\/strong> 1&comma; 3 o 7 metros<\/li>\n<li style='margin-bottom: 5px;'><strong>Grosor del cable:<\/strong> 30AWG a 24AWG<\/li>\n<\/ul><\/div>\n<\/p><\/div>\n<div style='flex: 1 1 250px; border: 1px solid rgba(150&comma; 150&comma; 150&comma; 0.4); border-radius: 8px; overflow: hidden; display: flex; flex-direction: column;'>\n<div style='padding: 15px; border-bottom: 1px solid rgba(150&comma; 150&comma; 150&comma; 0.2); font-weight: bold; font-size: 18px; color: inherit;'>Especificaciones El\u00e9ctricas<\/div>\n<div style='padding: 15px; color: inherit;'>\n<ul style='padding-left: 20px; margin: 0; font-size: 14px; list-style-type: disc;'>\n<li style='margin-bottom: 5px;'><strong>Voltaje:<\/strong> 1.8V a 5.5V<\/li>\n<li style='margin-bottom: 5px;'><strong>Frecuencia:<\/strong> 400kHz<\/li>\n<li style='margin-bottom: 5px;'><strong>Consumo:<\/strong> 15mW<\/li>\n<li style='margin-bottom: 5px;'><strong>Corriente:<\/strong> 4mA<\/li>\n<\/ul><\/div>\n<\/p><\/div>\n<div style='flex: 1 1 250px; border: 1px solid rgba(150&comma; 150&comma; 150&comma; 0.4); border-radius: 8px; overflow: hidden; display: flex; flex-direction: column;'>\n<div style='padding: 15px; border-bottom: 1px solid rgba(150&comma; 150&comma; 150&comma; 0.2); font-weight: bold; font-size: 18px; color: inherit;'>Condiciones Ambientales<\/div>\n<div style='padding: 15px; color: inherit;'>\n<ul style='padding-left: 20px; margin: 0; font-size: 14px; list-style-type: disc;'>\n<li style='margin-bottom: 5px;'><strong>Temperatura operativa:<\/strong> 0\u00b0C a 70\u00b0C<\/li>\n<li style='margin-bottom: 5px;'><strong>Temperatura almacenamiento:<\/strong> -40\u00b0C a 85\u00b0C<\/li>\n<li style='margin-bottom: 5px;'><strong>Humedad:<\/strong> 0-85% sin condensaci\u00f3n<\/li>\n<\/ul><\/div>\n<\/p><\/div>\n<\/p><\/div>\n<p> <!-- Separador --> <\/p>\n<hr style='border: 0; border-top: 1px solid rgba(150&comma; 150&comma; 150&comma; 0.3); margin: 30px 0;'> <!-- Secci\u00f3n de garant\u00eda --> <\/p>\n<div style='margin-top: 30px;'>\n<p style='font-size: 14px; margin: 0;'><strong>Garant\u00eda:<\/strong> 2 a\u00f1os (puede variar seg\u00fan regi\u00f3n)<\/p>\n<\/p><\/div>\n<\/p><\/div>\n","protected":false},"excerpt":{"rendered":"<p>Cable de Conexi\u00f3n Directa SFP+ Twinax 10 Gbps de 7 m<\/p>\n","protected":false},"featured_media":73841,"comment_status":"open","ping_status":"closed","template":"","meta":[],"product_brand":[],"product_cat":[663],"product_tag":[1995,664,665],"class_list":{"0":"post-73842","1":"product","2":"type-product","3":"status-publish","4":"has-post-thumbnail","6":"product_cat-transceptores-de-fibra","7":"product_tag-allied-telesis","8":"product_tag-networking","9":"product_tag-transceptores-de-fibra","11":"first","12":"outofstock","13":"sale","14":"shipping-taxable","15":"purchasable","16":"product-type-simple"},"_links":{"self":[{"href":"https:\/\/soydeaqui.ddns.net\/pachuca\/index.php\/wp-json\/wp\/v2\/product\/73842","targetHints":{"allow":["GET"]}}],"collection":[{"href":"https:\/\/soydeaqui.ddns.net\/pachuca\/index.php\/wp-json\/wp\/v2\/product"}],"about":[{"href":"https:\/\/soydeaqui.ddns.net\/pachuca\/index.php\/wp-json\/wp\/v2\/types\/product"}],"replies":[{"embeddable":true,"href":"https:\/\/soydeaqui.ddns.net\/pachuca\/index.php\/wp-json\/wp\/v2\/comments?post=73842"}],"wp:featuredmedia":[{"embeddable":true,"href":"https:\/\/soydeaqui.ddns.net\/pachuca\/index.php\/wp-json\/wp\/v2\/media\/73841"}],"wp:attachment":[{"href":"https:\/\/soydeaqui.ddns.net\/pachuca\/index.php\/wp-json\/wp\/v2\/media?parent=73842"}],"wp:term":[{"taxonomy":"product_brand","embeddable":true,"href":"https:\/\/soydeaqui.ddns.net\/pachuca\/index.php\/wp-json\/wp\/v2\/product_brand?post=73842"},{"taxonomy":"product_cat","embeddable":true,"href":"https:\/\/soydeaqui.ddns.net\/pachuca\/index.php\/wp-json\/wp\/v2\/product_cat?post=73842"},{"taxonomy":"product_tag","embeddable":true,"href":"https:\/\/soydeaqui.ddns.net\/pachuca\/index.php\/wp-json\/wp\/v2\/product_tag?post=73842"}],"curies":[{"name":"wp","href":"https:\/\/api.w.org\/{rel}","templated":true}]}}