{"id":73820,"date":"2026-03-19T13:37:15","date_gmt":"2026-03-19T13:37:15","guid":{"rendered":"https:\/\/soydeaqui.ddns.net\/pachuca\/index.php\/producto\/switch-stackeable-industrial-admin-capa-3-d-24-ptos-100-1000-sfp-4-ptos-10g-sfp\/"},"modified":"2026-03-19T13:37:17","modified_gmt":"2026-03-19T13:37:17","slug":"switch-stackeable-industrial-admin-capa-3-d-24-ptos-100-1000-sfp-4-ptos-10g-sfp","status":"publish","type":"product","link":"https:\/\/soydeaqui.ddns.net\/pachuca\/index.php\/producto\/switch-stackeable-industrial-admin-capa-3-d-24-ptos-100-1000-sfp-4-ptos-10g-sfp\/","title":{"rendered":"SWITCH STACKEABLE INDUSTRIAL ADMIN CAPA 3 D\/24 PTOS 100\/1000 SFP + 4 PTOS 10G SFP+"},"content":{"rendered":"<div style='width: 100%; max-width: 1200px; margin: 0 auto; font-family: sans-serif; line-height: 1.6; color: inherit; background-color: transparent;'>\n<h1 style='font-size: 28px; margin: 0 0 15px; color: inherit; font-weight: 600; border-bottom: 2px solid rgba(150&comma;150&comma;150&comma;0.3); padding-bottom: 8px;'>Serie IE510-28GSX<\/h1>\n<h2 style='font-size: 20px; margin: 0 0 15px; color: inherit; font-weight: 500;'>Switches apilables de fibra Gigabit de temperatura extendida<\/h2>\n<p style='margin: 0 0 20px; font-size: 15px; color: inherit; line-height: 1.5;'> Ideal para conmutadores centrales o de distribuci\u00f3n para aplicaciones industriales&comma; conecte f\u00e1cilmente dispositivos como c\u00e1maras CCTV&comma; sistemas de automatizaci\u00f3n industrial y sistemas de gesti\u00f3n de edificios incluso en los entornos m\u00e1s hostiles. <\/p>\n<p> <!-- Secci\u00f3n de caracter\u00edsticas --> <\/p>\n<div style='display: flex; flex-wrap: wrap; gap: 20px; margin-bottom: 30px;'>\n<div style='flex: 1 1 300px; min-width: 280px; background: rgba(150&comma;150&comma;150&comma;0.05); padding: 20px; border-radius: 8px; border: 1px solid rgba(150&comma;150&comma;150&comma;0.2);'>\n<h3 style='font-size: 18px; margin: 0 0 15px; color: inherit; border-bottom: 1px solid rgba(150&comma;150&comma;150&comma;0.3); padding-bottom: 8px; font-weight: 600;'>Descripci\u00f3n general<\/h3>\n<ul style='padding-left: 20px; margin: 0; font-size: 14px; color: inherit;'>\n<li style='margin-bottom: 8px;'>Un modelo de 24 puertos con cuatro puertos de enlace ascendente de 1\/10 Gigabit adicionales<\/li>\n<li style='margin-bottom: 8px;'>Ofrece una gama completa de caracter\u00edsticas de seguridad y resiliencia.<\/li>\n<li style='margin-bottom: 8px;'>Apilable y preparado para el futuro&comma; con una flexibilidad superior<\/li>\n<li style='margin-bottom: 8px;'>Ofrece fuentes de alimentaci\u00f3n duales integradas y reconfiguraci\u00f3n de la pila en l\u00ednea casi sin interrupciones<\/li>\n<\/ul><\/div>\n<div style='flex: 1 1 300px; min-width: 280px; background: rgba(150&comma;150&comma;150&comma;0.05); padding: 20px; border-radius: 8px; border: 1px solid rgba(150&comma;150&comma;150&comma;0.2);'>\n<h3 style='font-size: 18px; margin: 0 0 15px; color: inherit; border-bottom: 1px solid rgba(150&comma;150&comma;150&comma;0.3); padding-bottom: 8px; font-weight: 600;'>Caracter\u00edsticas clave<\/h3>\n<ul style='padding-left: 20px; margin: 0; font-size: 14px; color: inherit;'>\n<li style='margin-bottom: 8px;'>Sistema operativo modular AlliedWare\u00ae Plus<\/li>\n<li style='margin-bottom: 8px;'>40 Gbps de ancho de banda de apilamiento<\/li>\n<li style='margin-bottom: 8px;'>El LED de siete segmentos del panel frontal proporciona informaci\u00f3n de estado y fallas de un vistazo<\/li>\n<li style='margin-bottom: 8px;'>Ocho colas de prioridad con una jerarqu\u00eda de colas de alta prioridad para tr\u00e1fico en tiempo real y programaci\u00f3n mixta para cada puerto del switch<\/li>\n<li style='margin-bottom: 8px;'>Listas de control de acceso (ACL) basadas en encabezados de capa 3 y 4<\/li>\n<li style='margin-bottom: 8px;'>Rango de temperatura de funcionamiento de -40 \u00b0C a 75 \u00b0C (-40 \u00b0F a 167 \u00b0F)<\/li>\n<\/ul><\/div>\n<div style='flex: 1 1 300px; min-width: 280px; background: rgba(150&comma;150&comma;150&comma;0.05); padding: 20px; border-radius: 8px; border: 1px solid rgba(150&comma;150&comma;150&comma;0.2);'>\n<h3 style='font-size: 18px; margin: 0 0 15px; color: inherit; border-bottom: 1px solid rgba(150&comma;150&comma;150&comma;0.3); padding-bottom: 8px; font-weight: 600;'>Certificaciones y cumplimiento<\/h3>\n<div style='margin-top: 15px;'>\n<h4 style='font-size: 16px; margin: 0 0 8px; color: inherit; font-weight: 500;'>Listo para IPv6<\/h4>\n<p style='margin: 0; font-size: 14px; color: inherit; line-height: 1.4;'> Dirigida por el Foro IPv6&comma; la certificaci\u00f3n IPv6 Ready demuestra la conformidad con los est\u00e1ndares IPv6 y valida la interoperabilidad de los productos IPv6. <\/p>\n<\/p><\/div>\n<\/p><\/div>\n<\/p><\/div>\n<p> <!-- Separador --> <\/p>\n<hr style='border: 0; border-top: 1px solid rgba(150&comma; 150&comma; 150&comma; 0.3); margin: 30px 0;'> <\/div>\n","protected":false},"excerpt":{"rendered":"<p>SWITCH STACKEABLE INDUSTRIAL ADMIN CAPA 3 D\/24 PTOS 100\/1000 SFP + 4 PTOS 10G SFP+<\/p>\n","protected":false},"featured_media":73819,"comment_status":"open","ping_status":"closed","template":"","meta":[],"product_brand":[],"product_cat":[1984],"product_tag":[1995,1985,664],"class_list":{"0":"post-73820","1":"product","2":"type-product","3":"status-publish","4":"has-post-thumbnail","6":"product_cat-industrial","7":"product_tag-allied-telesis","8":"product_tag-industrial","9":"product_tag-networking","11":"first","12":"outofstock","13":"sale","14":"shipping-taxable","15":"purchasable","16":"product-type-simple"},"_links":{"self":[{"href":"https:\/\/soydeaqui.ddns.net\/pachuca\/index.php\/wp-json\/wp\/v2\/product\/73820","targetHints":{"allow":["GET"]}}],"collection":[{"href":"https:\/\/soydeaqui.ddns.net\/pachuca\/index.php\/wp-json\/wp\/v2\/product"}],"about":[{"href":"https:\/\/soydeaqui.ddns.net\/pachuca\/index.php\/wp-json\/wp\/v2\/types\/product"}],"replies":[{"embeddable":true,"href":"https:\/\/soydeaqui.ddns.net\/pachuca\/index.php\/wp-json\/wp\/v2\/comments?post=73820"}],"wp:featuredmedia":[{"embeddable":true,"href":"https:\/\/soydeaqui.ddns.net\/pachuca\/index.php\/wp-json\/wp\/v2\/media\/73819"}],"wp:attachment":[{"href":"https:\/\/soydeaqui.ddns.net\/pachuca\/index.php\/wp-json\/wp\/v2\/media?parent=73820"}],"wp:term":[{"taxonomy":"product_brand","embeddable":true,"href":"https:\/\/soydeaqui.ddns.net\/pachuca\/index.php\/wp-json\/wp\/v2\/product_brand?post=73820"},{"taxonomy":"product_cat","embeddable":true,"href":"https:\/\/soydeaqui.ddns.net\/pachuca\/index.php\/wp-json\/wp\/v2\/product_cat?post=73820"},{"taxonomy":"product_tag","embeddable":true,"href":"https:\/\/soydeaqui.ddns.net\/pachuca\/index.php\/wp-json\/wp\/v2\/product_tag?post=73820"}],"curies":[{"name":"wp","href":"https:\/\/api.w.org\/{rel}","templated":true}]}}