{"id":73806,"date":"2026-03-19T13:36:41","date_gmt":"2026-03-19T13:36:41","guid":{"rendered":"https:\/\/soydeaqui.ddns.net\/pachuca\/index.php\/producto\/gateway-kmg-sbc-90-para-hasta-300-llamadas-sip-o-hasta-90-con-transcodificacion\/"},"modified":"2026-03-19T13:36:55","modified_gmt":"2026-03-19T13:36:55","slug":"gateway-kmg-sbc-90-para-hasta-300-llamadas-sip-o-hasta-90-con-transcodificacion","status":"publish","type":"product","link":"https:\/\/soydeaqui.ddns.net\/pachuca\/index.php\/producto\/gateway-kmg-sbc-90-para-hasta-300-llamadas-sip-o-hasta-90-con-transcodificacion\/","title":{"rendered":"Gateway KMG SBC 90 para hasta 300 llamadas SIP o hasta 90 con transcodificaci\u00f3n"},"content":{"rendered":"<div style='width: 100%; max-width: 1200px; margin: 0 auto; font-family: sans-serif; line-height: 1.6; color: inherit; background-color: transparent;'> <!-- Secci\u00f3n principal --> <\/p>\n<div style='margin-bottom: 30px;'>\n<p style='font-size: 15px; margin-bottom: 15px; color: inherit;'> Desarrollado para empresas de call center que trabajan con conexi\u00f3n SIP en los agentes y operadoras VoIP&comma; el KMG SBC 90 garantiza conexi\u00f3n segura entre la red local y la operadora VoIP gracias al SBC Khomp. Este proporciona seguridad a su red SIP mediante el cifrado de los datos&comma; para proteger las sesiones de comunicaci\u00f3n contra la interceptaci\u00f3n de terceros. Los recursos de seguridad&comma; tales como el cifrado y la ocultaci\u00f3n de la topolog\u00eda&comma; est\u00e1n disponibles en todas las llamadas de manera simult\u00e1nea&comma; sin costo adicional. <\/p>\n<\/p><\/div>\n<p> <!-- Caracter\u00edsticas y Beneficios --> <\/p>\n<div style='margin-bottom: 30px;'>\n<h3 style='font-size: 22px; border-bottom: 2px solid currentColor; padding-bottom: 5px; margin-top: 0; color: inherit; opacity: 0.8;'>Caracter\u00edsticas y Beneficios<\/h3>\n<p> <!-- Recursos nativos --> <\/p>\n<div style='margin-top: 20px;'>\n<h4 style='font-size: 18px; margin-top: 0; color: inherit; opacity: 0.8;'>Recursos nativos en todos los modelos KMG MS<\/h4>\n<ul style='padding-left: 20px; font-size: 15px; color: inherit;'>\n<li style='margin-bottom: 5px;'>INTERFACE WEB para configuraci\u00f3n&comma; monitoreo y diagn\u00f3sticos facilitados<\/li>\n<li style='margin-bottom: 5px;'>ROUTING SCRIPT para automatizaci\u00f3n de las funciones de enrutamiento<\/li>\n<li style='margin-bottom: 5px;'>RTP BRIDGE para un n\u00famero mayor de llamadas SIP simult\u00e1neas<\/li>\n<li style='margin-bottom: 5px;'>CIFRADO DE LOS DATOS para seguridad de su red VoIP<\/li>\n<\/ul><\/div>\n<p> <!-- Recursos opcionales --> <\/p>\n<div style='margin-top: 20px;'>\n<h4 style='font-size: 18px; margin-top: 0; color: inherit; opacity: 0.8;'>Nuevos recursos opcionales para su soluci\u00f3n*<\/h4>\n<ul style='padding-left: 20px; font-size: 15px; color: inherit;'>\n<li style='margin-bottom: 5px;'>SBC FOR ROUTING todos los recursos avanzados de enrutamiento de llamadas SIP-SIP<\/li>\n<li style='margin-bottom: 5px;'>KMG ANALYTICS clasificador de llamadas de Khomp para garantizar la eficiencia de las llamadas productivas del call center<\/li>\n<li style='margin-bottom: 5px;'>STAND-ALONE SURVIVABILITY (SAS) modo de supervivencia en caso de fallas en el PBX<\/li>\n<li style='margin-bottom: 5px;'>COMPATIBILIDAD CON SS7&comma; ISUP Y SIGTRAN para interconexi\u00f3n en el n\u00facleo de las operadoras<\/li>\n<li style='margin-bottom: 5px;'>REGISTER AUTHORIZATION para autorizaci\u00f3n previa de solicitudes de registro de tel\u00e9fonos IP externos<\/li>\n<li style='margin-bottom: 5px;'>KMG MONITOR para monitoreo interactivo y an\u00e1lisis de datos en tiempo real<\/li>\n<li style='margin-bottom: 5px;'>KSMS SYSTEM para campa\u00f1as de SMS con todas las estad\u00edsticas para su an\u00e1lisis<\/li>\n<\/ul>\n<p style='font-size: 14px; margin-top: 15px; color: inherit; opacity: 0.8;'>* Recursos adquiridos a trav\u00e9s de licencias adicionales.<\/p>\n<\/p><\/div>\n<p> <!-- Caracter\u00edsticas t\u00e9cnicas --> <\/p>\n<div style='margin-top: 20px;'>\n<h4 style='font-size: 18px; margin-top: 0; color: inherit; opacity: 0.8;'>Caracter\u00edsticas del KMG 200 MS<\/h4>\n<ul style='padding-left: 20px; font-size: 15px; color: inherit;'>\n<li style='margin-bottom: 5px;'>Modular&comma; 1 o 2 enlaces E1 en el propio gabinete<\/li>\n<li style='margin-bottom: 5px;'>Opci\u00f3n con conectores BNC o RJ45<\/li>\n<li style='margin-bottom: 5px;'>Opcional dispositivo E1 bypass para tratamiento de falla energ\u00e9tica en el gateway<\/li>\n<li style='margin-bottom: 5px;'>Opcional hasta 2 m\u00f3dulos de telefon\u00eda externos adicionales para llamadas GSM 2G o 3G&comma; FXO y\/o FXS. M\u00e1ximo de 60 llamadas simult\u00e1neas<\/li>\n<li style='margin-bottom: 5px;'>Hasta 60 llamadas SIP SBC con transcodificaci\u00f3n o hasta 240 llamadas SIP \u2013 SIP en modo Bridge<\/li>\n<li style='margin-bottom: 5px;'>Enlaces R2 e ISDN<\/li>\n<\/ul><\/div>\n<\/p><\/div>\n<p> <!-- Im\u00e1genes --> <\/p>\n<div style='display: flex; flex-wrap: wrap; gap: 30px; margin-bottom: 30px;'>\n<div style='flex: 1 1 400px; min-width: 300px;'> <img style='width: 100%; height: auto; border: 1px solid rgba(150&comma;150&comma;150&comma;0.3); border-radius: 8px;' src='https:\/\/ftp3.syscom.mx\/usuarios\/esanchez\/KHOMP\/KMG3200\/Captura.JPG' alt=''> <\/div>\n<div style='flex: 1 1 400px; min-width: 300px;'> <img style='width: 100%; height: auto; border: 1px solid rgba(150&comma;150&comma;150&comma;0.3); border-radius: 8px;' src='https:\/\/ftp3.syscom.mx\/usuarios\/esanchez\/KHOMP\/SBC90\/KMG-90-SBC-ESP.png' alt=''> <\/div>\n<\/p><\/div>\n<p> <!-- Separador final --> <\/p>\n<hr style='border: 0; border-top: 1px solid rgba(150&comma; 150&comma; 150&comma; 0.3); margin: 30px 0;'> <\/div>\n","protected":false},"excerpt":{"rendered":"<p>Gateway KMG SBC 90 para hasta 300 llamadas SIP o hasta 90 con transcodificaci\u00f3n<\/p>\n","protected":false},"featured_media":73805,"comment_status":"open","ping_status":"closed","template":"","meta":[],"product_brand":[],"product_cat":[2091],"product_tag":[966,2092,2004],"class_list":{"0":"post-73806","1":"product","2":"type-product","3":"status-publish","4":"has-post-thumbnail","6":"product_cat-sesion-border-controllers","7":"product_tag-khomp","8":"product_tag-sesion-border-controllers","9":"product_tag-voip-telefonia-ip-videoconferencia","11":"first","12":"outofstock","13":"sale","14":"shipping-taxable","15":"purchasable","16":"product-type-simple"},"_links":{"self":[{"href":"https:\/\/soydeaqui.ddns.net\/pachuca\/index.php\/wp-json\/wp\/v2\/product\/73806","targetHints":{"allow":["GET"]}}],"collection":[{"href":"https:\/\/soydeaqui.ddns.net\/pachuca\/index.php\/wp-json\/wp\/v2\/product"}],"about":[{"href":"https:\/\/soydeaqui.ddns.net\/pachuca\/index.php\/wp-json\/wp\/v2\/types\/product"}],"replies":[{"embeddable":true,"href":"https:\/\/soydeaqui.ddns.net\/pachuca\/index.php\/wp-json\/wp\/v2\/comments?post=73806"}],"wp:featuredmedia":[{"embeddable":true,"href":"https:\/\/soydeaqui.ddns.net\/pachuca\/index.php\/wp-json\/wp\/v2\/media\/73805"}],"wp:attachment":[{"href":"https:\/\/soydeaqui.ddns.net\/pachuca\/index.php\/wp-json\/wp\/v2\/media?parent=73806"}],"wp:term":[{"taxonomy":"product_brand","embeddable":true,"href":"https:\/\/soydeaqui.ddns.net\/pachuca\/index.php\/wp-json\/wp\/v2\/product_brand?post=73806"},{"taxonomy":"product_cat","embeddable":true,"href":"https:\/\/soydeaqui.ddns.net\/pachuca\/index.php\/wp-json\/wp\/v2\/product_cat?post=73806"},{"taxonomy":"product_tag","embeddable":true,"href":"https:\/\/soydeaqui.ddns.net\/pachuca\/index.php\/wp-json\/wp\/v2\/product_tag?post=73806"}],"curies":[{"name":"wp","href":"https:\/\/api.w.org\/{rel}","templated":true}]}}