{"id":73800,"date":"2026-03-19T13:36:29","date_gmt":"2026-03-19T13:36:29","guid":{"rendered":"https:\/\/soydeaqui.ddns.net\/pachuca\/index.php\/producto\/switch-stackeable-capa-3-24-ptos-gigabit-4-ptos-sfp-10g-fuentes-hot-swap\/"},"modified":"2026-03-19T13:36:31","modified_gmt":"2026-03-19T13:36:31","slug":"switch-stackeable-capa-3-24-ptos-gigabit-4-ptos-sfp-10g-fuentes-hot-swap","status":"publish","type":"product","link":"https:\/\/soydeaqui.ddns.net\/pachuca\/index.php\/producto\/switch-stackeable-capa-3-24-ptos-gigabit-4-ptos-sfp-10g-fuentes-hot-swap\/","title":{"rendered":"Switch Stackeable Capa 3, 24 ptos Gigabit, 4 ptos SFP+ 10G, Fuentes HOT SWAP"},"content":{"rendered":"<div style='width: 100%; max-width: 1200px; margin: 0 auto; font-family: sans-serif; line-height: 1.6; color: inherit; background-color: transparent;'> <!-- T\u00edtulo y descripci\u00f3n --> <\/p>\n<div style='margin-bottom: 30px;'>\n<h1 style='font-size: 28px; margin: 0 0 10px; font-weight: 600; color: inherit;'>x510DP-28GTX<\/h1>\n<div style='font-size: 16px; margin-bottom: 10px; color: inherit;'>Switch de fuente de alimentaci\u00f3n dual Gigabit apilable<\/div>\n<div style='color: #e74c3c; font-weight: bold; font-size: 14px; margin-bottom: 10px;'>IMPORTANTE: La fuente de alimentaci\u00f3n se vende por separado.<\/div>\n<\/p><\/div>\n<p> <!-- Descripci\u00f3n principal --> <\/p>\n<div style='margin-bottom: 30px; font-size: 15px; color: inherit;'>\n<p style='margin-bottom: 15px;'>El switch de borde Gigabit apilable Allied Telesis x510DP-28GTX es el switch superior de rack (ToR) del centro de datos ideal&comma; con 24 puertos 10\/100\/1000T y 4 puertos de enlace ascendente 10G SFP+ para una conectividad de servidor y almacenamiento de alta velocidad.<\/p>\n<p style='margin-bottom: 0;'>Las fuentes de alimentaci\u00f3n de CA o CC intercambiables en caliente con flujo de aire inverso garantizan el m\u00e1ximo tiempo de actividad. Allied Telesis VCStack permite conectar m\u00faltiples unidades como un solo chasis virtual&comma; creando una soluci\u00f3n altamente resistente sin un solo punto de fallo que incluso se pueda distribuir a largas distancias. El x510DP-28GTX es la elecci\u00f3n perfecta para aplicaciones cr\u00edticas de centro de datos que requieren un servicio ininterrumpido.<\/p>\n<\/p><\/div>\n<p> <!-- Especificaciones principales --> <\/p>\n<div style='margin-bottom: 30px;'>\n<h3 style='font-size: 20px; border-bottom: 2px solid currentColor; padding-bottom: 5px; margin-top: 0; margin-bottom: 15px; color: inherit; opacity: 0.8;'>Especificaciones<\/h3>\n<p> <!-- Especificaciones en grid --> <\/p>\n<div style='display: grid; grid-template-columns: repeat(auto-fill&comma; minmax(250px&comma; 1fr)); gap: 20px; margin-bottom: 20px;'>\n<div style='border: 1px solid rgba(150&comma; 150&comma; 150&comma; 0.4); border-radius: 8px; padding: 15px;'>\n<div style='font-weight: bold; margin-bottom: 10px; color: inherit;'>Puertos<\/div>\n<ul style='padding-left: 20px; margin: 0; font-size: 14px; list-style-type: disc; color: inherit;'>\n<li style='margin-bottom: 5px;'>24 puertos 10\/100\/1000T (RJ-45)<\/li>\n<li style='margin-bottom: 5px;'>4 puertos SFP+ de 1\/10 Gigabit (2 si se apila)<\/li>\n<li>2 puertos de apilamiento Gigabit (configurables como puertos Ethernet 1G\/10G adicionales cuando no est\u00e1 apilado)<\/li>\n<\/ul><\/div>\n<div style='border: 1px solid rgba(150&comma; 150&comma; 150&comma; 0.4); border-radius: 8px; padding: 15px;'>\n<div style='font-weight: bold; margin-bottom: 10px; color: inherit;'>Rendimiento<\/div>\n<ul style='padding-left: 20px; margin: 0; font-size: 14px; list-style-type: disc; color: inherit;'>\n<li style='margin-bottom: 5px;'>Tejido de conmutaci\u00f3n: 128 Gbps<\/li>\n<li>Tasa de reenv\u00edo: 95.2 Mpps<\/li>\n<\/ul><\/div>\n<div style='border: 1px solid rgba(150&comma; 150&comma; 150&comma; 0.4); border-radius: 8px; padding: 15px;'>\n<div style='font-weight: bold; margin-bottom: 10px; color: inherit;'>Caracter\u00edsticas f\u00edsicas<\/div>\n<ul style='padding-left: 20px; margin: 0; font-size: 14px; list-style-type: disc; color: inherit;'>\n<li style='margin-bottom: 5px;'>440 x 480 x 44 mm (17&comma;32 x 18&comma;89 x 1&comma;73 pulgadas)<\/li>\n<li style='margin-bottom: 5px;'>Montaje en rack<\/li>\n<li style='margin-bottom: 5px;'>Peso sin embalar: 5&comma;3 kg (11&comma;68 lb)<\/li>\n<li>Peso empaquetado: 7&comma;3 kg (16&comma;09 lb)<\/li>\n<\/ul><\/div>\n<div style='border: 1px solid rgba(150&comma; 150&comma; 150&comma; 0.4); border-radius: 8px; padding: 15px;'>\n<div style='font-weight: bold; margin-bottom: 10px; color: inherit;'>Alimentaci\u00f3n<\/div>\n<ul style='padding-left: 20px; margin: 0; font-size: 14px; list-style-type: disc; color: inherit;'>\n<li style='margin-bottom: 5px;'>Fuentes de alimentaci\u00f3n intercambiables en caliente (CA o CC)<\/li>\n<li style='margin-bottom: 5px;'>Consumo m\u00e1ximo de energ\u00eda sin carga PoE: 66 W<\/li>\n<li style='margin-bottom: 5px;'>Disipaci\u00f3n m\u00e1xima de calor sin carga PoE: 225 BTU\/h<\/li>\n<li>Flujo de aire inverso<\/li>\n<\/ul><\/div>\n<\/p><\/div>\n<\/p><\/div>\n<p> <!-- Caracter\u00edsticas adicionales --> <\/p>\n<div style='margin-bottom: 30px;'>\n<h3 style='font-size: 20px; border-bottom: 2px solid currentColor; padding-bottom: 5px; margin-top: 0; margin-bottom: 15px; color: inherit; opacity: 0.8;'>Caracter\u00edsticas adicionales<\/h3>\n<div style='display: grid; grid-template-columns: repeat(auto-fill&comma; minmax(250px&comma; 1fr)); gap: 20px;'>\n<div style='border: 1px solid rgba(150&comma; 150&comma; 150&comma; 0.4); border-radius: 8px; padding: 15px;'>\n<div style='font-weight: bold; margin-bottom: 10px; color: inherit;'>Conectividad<\/div>\n<ul style='padding-left: 20px; margin: 0; font-size: 14px; list-style-type: disc; color: inherit;'>\n<li style='margin-bottom: 5px;'>Soporta Allied Telesis VCStack<\/li>\n<li style='margin-bottom: 5px;'>No tiene puertos SFP 100\/1000X<\/li>\n<li>No tiene puertos PoE<\/li>\n<\/ul><\/div>\n<div style='border: 1px solid rgba(150&comma; 150&comma; 150&comma; 0.4); border-radius: 8px; padding: 15px;'>\n<div style='font-weight: bold; margin-bottom: 10px; color: inherit;'>Caracter\u00edsticas f\u00edsicas adicionales<\/div>\n<ul style='padding-left: 20px; margin: 0; font-size: 14px; list-style-type: disc; color: inherit;'>\n<li style='margin-bottom: 5px;'>Dimensiones empaquetadas: 57 x 53 x 15 cm (22&comma;4 x 20&comma;9 x 5&comma;9 pulgadas)<\/li>\n<li>Ruido sin carga PoE: 44 dBA<\/li>\n<\/ul><\/div>\n<\/p><\/div>\n<\/p><\/div>\n<p> <!-- Separador --> <\/p>\n<hr style='border: 0; border-top: 1px solid rgba(150&comma; 150&comma; 150&comma; 0.3); margin: 30px 0;'> <\/div>\n","protected":false},"excerpt":{"rendered":"<p>Switch Stackeable Capa 3, 24 ptos Gigabit, 4 ptos SFP+ 10G, Fuentes HOT SWAP<\/p>\n","protected":false},"featured_media":73799,"comment_status":"open","ping_status":"closed","template":"","meta":[],"product_brand":[],"product_cat":[1970],"product_tag":[1995,664,1971],"class_list":{"0":"post-73800","1":"product","2":"type-product","3":"status-publish","4":"has-post-thumbnail","6":"product_cat-switches","7":"product_tag-allied-telesis","8":"product_tag-networking","9":"product_tag-switches","11":"first","12":"outofstock","13":"sale","14":"shipping-taxable","15":"purchasable","16":"product-type-simple"},"_links":{"self":[{"href":"https:\/\/soydeaqui.ddns.net\/pachuca\/index.php\/wp-json\/wp\/v2\/product\/73800","targetHints":{"allow":["GET"]}}],"collection":[{"href":"https:\/\/soydeaqui.ddns.net\/pachuca\/index.php\/wp-json\/wp\/v2\/product"}],"about":[{"href":"https:\/\/soydeaqui.ddns.net\/pachuca\/index.php\/wp-json\/wp\/v2\/types\/product"}],"replies":[{"embeddable":true,"href":"https:\/\/soydeaqui.ddns.net\/pachuca\/index.php\/wp-json\/wp\/v2\/comments?post=73800"}],"wp:featuredmedia":[{"embeddable":true,"href":"https:\/\/soydeaqui.ddns.net\/pachuca\/index.php\/wp-json\/wp\/v2\/media\/73799"}],"wp:attachment":[{"href":"https:\/\/soydeaqui.ddns.net\/pachuca\/index.php\/wp-json\/wp\/v2\/media?parent=73800"}],"wp:term":[{"taxonomy":"product_brand","embeddable":true,"href":"https:\/\/soydeaqui.ddns.net\/pachuca\/index.php\/wp-json\/wp\/v2\/product_brand?post=73800"},{"taxonomy":"product_cat","embeddable":true,"href":"https:\/\/soydeaqui.ddns.net\/pachuca\/index.php\/wp-json\/wp\/v2\/product_cat?post=73800"},{"taxonomy":"product_tag","embeddable":true,"href":"https:\/\/soydeaqui.ddns.net\/pachuca\/index.php\/wp-json\/wp\/v2\/product_tag?post=73800"}],"curies":[{"name":"wp","href":"https:\/\/api.w.org\/{rel}","templated":true}]}}