{"id":73786,"date":"2026-03-19T13:36:00","date_gmt":"2026-03-19T13:36:00","guid":{"rendered":"https:\/\/soydeaqui.ddns.net\/pachuca\/index.php\/producto\/switch-industrial-administrable-capa2-8-puertos-gigabit-con-poe-802-3at-2-puertos-sfp-de-100-1g-y-2-puertos-sfp-de-100-1g-2-5g\/"},"modified":"2026-03-19T13:36:06","modified_gmt":"2026-03-19T13:36:06","slug":"switch-industrial-administrable-capa2-8-puertos-gigabit-con-poe-802-3at-2-puertos-sfp-de-100-1g-y-2-puertos-sfp-de-100-1g-2-5g","status":"publish","type":"product","link":"https:\/\/soydeaqui.ddns.net\/pachuca\/index.php\/producto\/switch-industrial-administrable-capa2-8-puertos-gigabit-con-poe-802-3at-2-puertos-sfp-de-100-1g-y-2-puertos-sfp-de-100-1g-2-5g\/","title":{"rendered":"Switch Industrial Administrable Capa2, 8 Puertos Gigabit con PoE+ 802.3at, 2 Puertos SFP de 100\/1G y 2 Puertos SFP de 100\/1G\/2.5G"},"content":{"rendered":"<div style='width: 100%; max-width: 1200px; margin: 0 auto; font-family: sans-serif; line-height: 1.6; color: inherit; background-color: transparent;'>\n<div style='display: flex; flex-wrap: wrap; gap: 30px; margin-bottom: 30px;'>\n<div style='flex: 1 1 300px; min-width: 280px;'>\n<h3 style='font-size: 22px; border-bottom: 2px solid currentColor; padding-bottom: 5px; margin-top: 0; color: inherit; opacity: 0.8;'>Caracter\u00edsticas Principales<\/h3>\n<p style='font-size: 15px; color: inherit; text-align: center;'> <img style='width: 30px; height: 30px; vertical-align: middle; margin: 0 5px;' src='https:\/\/www.planet.com.tw\/storage\/icons\/0icon_PoE+.png' alt='PoE+'> <img style='width: 30px; height: 30px; vertical-align: middle; margin: 0 5px;' src='https:\/\/www.planet.com.tw\/storage\/icons\/1icon_Alive-Check.png' alt='Comprobaci\u00f3n de vida'> <img style='width: 30px; height: 30px; vertical-align: middle; margin: 0 5px;' src='https:\/\/www.planet.com.tw\/storage\/icons\/6icon_RING.png' alt='ANILLO'> <img style='width: 30px; height: 30px; vertical-align: middle; margin: 0 5px;' src='https:\/\/www.planet.com.tw\/storage\/icons\/3icon_ONVIF.png' alt='ONVIF'> <img style='width: 30px; height: 30px; vertical-align: middle; margin: 0 5px;' src='https:\/\/www.planet.com.tw\/storage\/icons\/633\/Cyber-Security.png' alt='Ciberseguridad'> <img style='width: 30px; height: 30px; vertical-align: middle; margin: 0 5px;' src='https:\/\/www.planet.com.tw\/storage\/icons\/3icon_1588-PTP.png' alt='1588 PTP'> <\/p>\n<p style='font-size: 15px; color: inherit; text-align: center;'> <strong style='color: #2880b9;'>Soluci\u00f3n PoE gestionable avanzada para entornos exigentes<\/strong> <\/p>\n<p style='font-size: 15px; color: inherit; text-align: center;'> El switch PoE L2+ industrial gestionable PLANET IGS-5225-8P4S&comma; con ocho puertos PoE+ 10\/100\/1000BASE-T 802.3at (cada uno con una potencia de hasta 36 Watts)&comma; dos puertos SFP 100\/1G BASE-X y dos puertos SFP 100\/1000\/2500 BASE-X en una robusta carcasa met\u00e1lica IP30&comma; se puede instalar en cualquier entorno complejo. Ofrece interfaces de gesti\u00f3n IPv6\/IPv4 intuitivas y avanzadas&comma; numerosas funciones de conmutaci\u00f3n L2\/L4&comma; capacidad de enrutamiento est\u00e1tico de capa 3 y tecnolog\u00eda avanzada de anillo ERPS ITU-G.8032 para mejorar la r\u00e1pida capacidad de autorrecuperaci\u00f3n. Adem\u00e1s&comma; cuenta con las funciones PoE inteligentes PLANET para controlar aplicaciones de vigilancia IP y redes inal\u00e1mbricas PoE en exteriores. Ofrece un funcionamiento fiable&comma; estable y silencioso en un rango de temperaturas de -40 a 75 \u00b0C. <\/p>\n<\/p><\/div>\n<\/p><\/div>\n<div style='display: flex; flex-wrap: wrap; justify-content: center; gap: 20px; margin-bottom: 30px;'> <img style='width: 100%; max-width: 600px; height: auto; border: 1px solid rgba(150&comma;150&comma;150&comma;0.3); border-radius: 8px; margin: 10px 0;' src='https:\/\/www.planet.com.tw\/storage\/products\/49638\/IGS-5225-8P4Sv5-1.png' alt=''> <img style='width: 100%; max-width: 600px; height: auto; border: 1px solid rgba(150&comma;150&comma;150&comma;0.3); border-radius: 8px; margin: 10px 0;' src='https:\/\/www.planet.com.tw\/storage\/products\/49638\/IGS-5225-8P2T4S_IGS-5225-8P4Sv4_IGS-5225-8P2T2Sv3-1.png' alt=''> <img style='width: 100%; max-width: 600px; height: auto; border: 1px solid rgba(150&comma;150&comma;150&comma;0.3); border-radius: 8px; margin: 10px 0;' src='https:\/\/www.planet.com.tw\/storage\/products\/49638\/IGS-5225-8P4Sv4-7.png' alt=''> <img style='width: 100%; max-width: 600px; height: auto; border: 1px solid rgba(150&comma;150&comma;150&comma;0.3); border-radius: 8px; margin: 10px 0;' src='https:\/\/www.planet.com.tw\/storage\/products\/49638\/IGS-5225-8P4Sv4-8.png' alt=''> <\/div>\n<div style='display: flex; flex-wrap: wrap; gap: 20px; margin-bottom: 30px;'>\n<div style='flex: 1 1 250px; border: 1px solid rgba(150&comma; 150&comma; 150&comma; 0.4); border-radius: 8px; overflow: hidden; display: flex; flex-direction: column;'>\n<div style='padding: 15px; border-bottom: 1px solid rgba(150&comma; 150&comma; 150&comma; 0.2); font-weight: bold; font-size: 18px; color: inherit;'>Puerto f\u00edsico<\/div>\n<div style='padding: 15px; color: inherit;'>\n<ul style='padding-left: 20px; margin: 0; font-size: 14px; list-style-type: disc;'>\n<li style='margin-bottom: 5px;'>8 puertos RJ45 Gigabit Ethernet 10\/100\/1000BASE-T con funci\u00f3n de inyector PoE+ IEEE 802.3at<\/li>\n<li style='margin-bottom: 5px;'>2 puertos SFP 100\/1000BASE-X para detecci\u00f3n autom\u00e1tica de tipo SFP<\/li>\n<li style='margin-bottom: 5px;'>2 puertos SFP 100\/1000\/2500BASE-X para detecci\u00f3n autom\u00e1tica de tipo SFP<\/li>\n<li style='margin-bottom: 5px;'>Una interfaz de consola RJ45 para administraci\u00f3n y configuraci\u00f3n b\u00e1sicas<\/li>\n<li style='margin-bottom: 5px; color: #e74c3c;'>NO INCLUYE FUENTE DE VOLTAJE (Fuente Recomendada <a href='https:\/\/www.syscom.mx\/producto\/NDR24048-MEANWELL-168706.html' style='color: #2880b9; text-decoration: none; font-weight: 600;'>NDR24048<\/a>)<\/li>\n<\/ul><\/div>\n<\/p><\/div>\n<div style='flex: 1 1 250px; border: 1px solid rgba(150&comma; 150&comma; 150&comma; 0.4); border-radius: 8px; overflow: hidden; display: flex; flex-direction: column;'>\n<div style='padding: 15px; border-bottom: 1px solid rgba(150&comma; 150&comma; 150&comma; 0.2); font-weight: bold; font-size: 18px; color: inherit;'>Alimentaci\u00f3n a trav\u00e9s de Ethernet<\/div>\n<div style='padding: 15px; color: inherit;'>\n<ul style='padding-left: 20px; margin: 0; font-size: 14px; list-style-type: disc;'>\n<li style='margin-bottom: 5px;'>Cumple con la norma IEEE 802.3at Power over Ethernet Plus\/end-span PSE<\/li>\n<li style='margin-bottom: 5px;'>Admite alimentaci\u00f3n PoE de hasta 36 Watts para cada puerto PoE<\/li>\n<li style='margin-bottom: 5px;'>Detecta autom\u00e1ticamente el dispositivo alimentado (PD)<\/li>\n<li style='margin-bottom: 5px;'>La protecci\u00f3n del circuito evita interferencias de energ\u00eda entre los puertos<\/li>\n<li style='margin-bottom: 5px;'>Alimentaci\u00f3n el\u00e9ctrica remota hasta 100m<\/li>\n<li style='margin-bottom: 5px;'>Funciones de gesti\u00f3n de PoE\n<ul style='padding-left: 20px; margin: 5px 0;'>\n<li style='margin-bottom: 3px;'>Control del modo de administraci\u00f3n PoE<\/li>\n<li style='margin-bottom: 3px;'>Opci\u00f3n de configuraci\u00f3n del presupuesto de PoE<\/li>\n<li style='margin-bottom: 3px;'>Habilitar\/deshabilitar la funci\u00f3n PoE por puerto<\/li>\n<li style='margin-bottom: 3px;'>Prioridad de alimentaci\u00f3n de energ\u00eda del puerto PoE<\/li>\n<li style='margin-bottom: 3px;'>L\u00edmite de potencia por puerto PoE<\/li>\n<li style='margin-bottom: 3px;'>Control de modo extendido PoE para admitir alimentaci\u00f3n de energ\u00eda hasta una distancia de hasta 160 metros<\/li>\n<\/ul>\n<\/li>\n<li style='margin-bottom: 5px;'>Funciones PoE inteligentes\n<ul style='padding-left: 20px; margin: 5px 0;'>\n<li style='margin-bottom: 3px;'>Control del umbral de temperatura<\/li>\n<li style='margin-bottom: 3px;'>Control del umbral de uso de PoE<\/li>\n<li style='margin-bottom: 3px;'>Programaci\u00f3n de PoE<\/li>\n<\/ul>\n<\/li>\n<\/ul><\/div>\n<\/p><\/div>\n<div style='flex: 1 1 250px; border: 1px solid rgba(150&comma; 150&comma; 150&comma; 0.4); border-radius: 8px; overflow: hidden; display: flex; flex-direction: column;'>\n<div style='padding: 15px; border-bottom: 1px solid rgba(150&comma; 150&comma; 150&comma; 0.2); font-weight: bold; font-size: 18px; color: inherit;'>Protocolo industrial<\/div>\n<div style='padding: 15px; color: inherit;'>\n<ul style='padding-left: 20px; margin: 0; font-size: 14px; list-style-type: disc;'>\n<li style='margin-bottom: 5px;'>Modbus TCP para monitorizaci\u00f3n en tiempo real en el sistema SCADA<\/li>\n<li style='margin-bottom: 5px;'>Modo de reloj transparente IEEE 1588v2 PTP (Protocolo de tiempo de precisi\u00f3n)<\/li>\n<\/ul><\/div>\n<\/p><\/div>\n<div style='flex: 1 1 250px; border: 1px solid rgba(150&comma; 150&comma; 150&comma; 0.4); border-radius: 8px; overflow: hidden; display: flex; flex-direction: column;'>\n<div style='padding: 15px; border-bottom: 1px solid rgba(150&comma; 150&comma; 150&comma; 0.2); font-weight: bold; font-size: 18px; color: inherit;'>Carcasa industrial e instalaci\u00f3n<\/div>\n<div style='padding: 15px; color: inherit;'>\n<ul style='padding-left: 20px; margin: 0; font-size: 14px; list-style-type: disc;'>\n<li style='margin-bottom: 5px;'>Caja de aluminio IP30<\/li>\n<li style='margin-bottom: 5px;'>Dise\u00f1o para montaje en riel DIN o en pared<\/li>\n<li style='margin-bottom: 5px;'>48~54 V CC&comma; alimentaci\u00f3n redundante con protecci\u00f3n contra polaridad inversa<\/li>\n<li style='margin-bottom: 5px;'>Admite protecci\u00f3n ESD Ethernet de 6 KV CC<\/li>\n<li style='margin-bottom: 5px;'>Temperatura de funcionamiento de -40 a 75 grados C<\/li>\n<\/ul><\/div>\n<\/p><\/div>\n<div style='flex: 1 1 250px; border: 1px solid rgba(150&comma; 150&comma; 150&comma; 0.4); border-radius: 8px; overflow: hidden; display: flex; flex-direction: column;'>\n<div style='padding: 15px; border-bottom: 1px solid rgba(150&comma; 150&comma; 150&comma; 0.2); font-weight: bold; font-size: 18px; color: inherit;'>Entrada digital y salida digital<\/div>\n<div style='padding: 15px; color: inherit;'>\n<ul style='padding-left: 20px; margin: 0; font-size: 14px; list-style-type: disc;'>\n<li style='margin-bottom: 5px;'>2 entradas digitales (DI)<\/li>\n<li style='margin-bottom: 5px;'>2 salidas digitales (DO)<\/li>\n<\/ul><\/div>\n<\/p><\/div>\n<div style='flex: 1 1 250px; border: 1px solid rgba(150&comma; 150&comma; 150&comma; 0.4); border-radius: 8px; overflow: hidden; display: flex; flex-direction: column;'>\n<div style='padding: 15px; border-bottom: 1px solid rgba(150&comma; 150&comma; 150&comma; 0.2); font-weight: bold; font-size: 18px; color: inherit;'>Caracter\u00edsticas de enrutamiento IP de capa 3<\/div>\n<div style='padding: 15px; color: inherit;'>\n<ul style='padding-left: 20px; margin: 0; font-size: 14px; list-style-type: disc;'>\n<li style='margin-bottom: 5px;'>Admite un m\u00e1ximo de 32 rutas est\u00e1ticas y resumen de rutas<\/li>\n<li style='margin-bottom: 5px;'>La interfaz de enrutamiento proporciona un modo de enrutamiento por VLAN<\/li>\n<\/ul><\/div>\n<\/p><\/div>\n<div style='flex: 1 1 250px; border: 1px solid rgba(150&comma; 150&comma; 150&comma; 0.4); border-radius: 8px; overflow: hidden; display: flex; flex-direction: column;'>\n<div style='padding: 15px; border-bottom: 1px solid rgba(150&comma; 150&comma; 150&comma; 0.2); font-weight: bold; font-size: 18px; color: inherit;'>Caracter\u00edsticas de Capa 2<\/div>\n<div style='padding: 15px; color: inherit;'>\n<ul style='padding-left: 20px; margin: 0; font-size: 14px; list-style-type: disc;'>\n<li style='margin-bottom: 5px;'>Control de ancho de banda por puerto de Ingress Shaper y l\u00edmite de velocidad de egreso<\/li>\n<li style='margin-bottom: 5px;'>8 colas de prioridad en todos los puertos del conmutador<\/li>\n<li style='margin-bottom: 5px;'>Clasificaci\u00f3n del tr\u00e1fico\n<ul style='padding-left: 20px; margin: 5px 0;'>\n<li style='margin-bottom: 3px;'>Clase de servicio IEEE 802.1p<\/li>\n<li style='margin-bottom: 3px;'>Prioridad IP TOS\/DSCP\/IP<\/li>\n<li style='margin-bottom: 3px;'>N\u00famero de puerto IP TCP\/UDP<\/li>\n<li style='margin-bottom: 3px;'>Aplicaci\u00f3n de red t\u00edpica<\/li>\n<\/ul>\n<\/li>\n<li style='margin-bottom: 5px;'>Admite QoS y control de ancho de banda de entrada\/salida en cada puerto<\/li>\n<\/ul><\/div>\n<\/p><\/div>\n<div style='flex: 1 1 250px; border: 1px solid rgba(150&comma; 150&comma; 150&comma; 0.4); border-radius: 8px; overflow: hidden; display: flex; flex-direction: column;'>\n<div style='padding: 15px; border-bottom: 1px solid rgba(150&comma; 150&comma; 150&comma; 0.2); font-weight: bold; font-size: 18px; color: inherit;'>Multicast<\/div>\n<div style='padding: 15px; color: inherit;'>\n<ul style='padding-left: 20px; margin: 0; font-size: 14px; list-style-type: disc;'>\n<li style='margin-bottom: 5px;'>Admite snooping IGMP IPv4 v1&comma; v2 y v3<\/li>\n<li style='margin-bottom: 5px;'>Admite snooping MLD IPv6 v1 y v2<\/li>\n<li style='margin-bottom: 5px;'>Filtrado de puertos de vigilancia IGMP IPv4<\/li>\n<li style='margin-bottom: 5px;'>Filtrado de puertos de vigilancia MLD IPv6<\/li>\n<li style='margin-bottom: 5px;'>MVR (Registro de VLAN de multidifusi\u00f3n)<\/li>\n<\/ul><\/div>\n<\/p><\/div>\n<div style='flex: 1 1 250px; border: 1px solid rgba(150&comma; 150&comma; 150&comma; 0.4); border-radius: 8px; overflow: hidden; display: flex; flex-direction: column;'>\n<div style='padding: 15px; border-bottom: 1px solid rgba(150&comma; 150&comma; 150&comma; 0.2); font-weight: bold; font-size: 18px; color: inherit;'>Seguridad<\/div>\n<div style='padding: 15px; color: inherit;'>\n<ul style='padding-left: 20px; margin: 0; font-size: 14px; list-style-type: disc;'>\n<li style='margin-bottom: 5px;'>Autenticaci\u00f3n\n<ul style='padding-left: 20px; margin: 5px 0;'>\n<li style='margin-bottom: 3px;'>Autenticaci\u00f3n de acceso a red basada en puerto\/MAC IEEE 802.1x<\/li>\n<li style='margin-bottom: 3px;'>Cliente RADIUS integrado para cooperar con los servidores RADIUS<\/li>\n<li style='margin-bottom: 3px;'>Autenticaci\u00f3n de acceso de usuarios de inicio de sesi\u00f3n de TACACS+<\/li>\n<li style='margin-bottom: 3px;'>Autenticaci\u00f3n de acceso de usuarios RADIUS\/TACACS+<\/li>\n<\/ul>\n<\/li>\n<li style='margin-bottom: 5px;'>Lista de control de acceso\n<ul style='padding-left: 20px; margin: 5px 0;'>\n<li style='margin-bottom: 3px;'>Lista de control de acceso (ACL) basada en IP<\/li>\n<li style='margin-bottom: 3px;'>Lista de control de acceso basada en MAC<\/li>\n<\/ul>\n<\/li>\n<li style='margin-bottom: 5px;'>Vinculaci\u00f3n de la direcci\u00f3n MAC\/IP de origen<\/li>\n<li style='margin-bottom: 5px;'>Inspecci\u00f3n de DHCP para filtrar mensajes DHCP no confiables<\/li>\n<li style='margin-bottom: 5px;'>La inspecci\u00f3n ARP din\u00e1mica descarta paquetes ARP con una vinculaci\u00f3n de direcci\u00f3n MAC a direcci\u00f3n IP no v\u00e1lida<\/li>\n<li style='margin-bottom: 5px;'>IP Source Guard previene ataques de suplantaci\u00f3n de IP<\/li>\n<li style='margin-bottom: 5px;'>Gesti\u00f3n de acceso a direcciones IP para evitar intrusos no autorizados<\/li>\n<\/ul><\/div>\n<\/p><\/div>\n<div style='flex: 1 1 250px; border: 1px solid rgba(150&comma; 150&comma; 150&comma; 0.4); border-radius: 8px; overflow: hidden; display: flex; flex-direction: column;'>\n<div style='padding: 15px; border-bottom: 1px solid rgba(150&comma; 150&comma; 150&comma; 0.2); font-weight: bold; font-size: 18px; color: inherit;'>Gesti\u00f3n<\/div>\n<div style='padding: 15px; color: inherit;'>\n<ul style='padding-left: 20px; margin: 0; font-size: 14px; list-style-type: disc;'>\n<li style='margin-bottom: 5px;'>Gesti\u00f3n IPv4 y IPv6 dual stack<\/li>\n<li style='margin-bottom: 5px;'>Interfaces de gesti\u00f3n de conmutadores\n<ul style='padding-left: 20px; margin: 5px 0;'>\n<li style='margin-bottom: 3px;'>Gesti\u00f3n de conmutadores web<\/li>\n<li style='margin-bottom: 3px;'>Interfaz de l\u00ednea de comandos de consola y Telnet<\/li>\n<li style='margin-bottom: 3px;'>Administraci\u00f3n de conmutadores SNMP v1 y v2c<\/li>\n<li style='margin-bottom: 3px;'>Acceso seguro SSHv2&comma; TLSv1.2 y SNMP v3<\/li>\n<\/ul>\n<\/li>\n<li style='margin-bottom: 5px;'>Administraci\u00f3n de SNMP<\/li>\n<li style='margin-bottom: 5px;'>Gesti\u00f3n de direcciones IP\/NTP\/DNS IPv6<\/li>\n<li style='margin-bottom: 5px;'>BOOTP y DHCP para la asignaci\u00f3n de direcciones IP<\/li>\n<li style='margin-bottom: 5px;'>Retransmisi\u00f3n DHCP y opci\u00f3n DHCP82<\/li>\n<li style='margin-bottom: 5px;'>Servidor DHCP<\/li>\n<li style='margin-bottom: 5px;'>Control de niveles de privilegios de usuario<\/li>\n<li style='margin-bottom: 5px;'>NTP (Protocolo de tiempo de red)<\/li>\n<li style='margin-bottom: 5px;'>UPnP<\/li>\n<li style='margin-bottom: 5px;'>Diagn\u00f3stico de red\n<ul style='padding-left: 20px; margin: 5px 0;'>\n<li style='margin-bottom: 3px;'>Ping remoto ICMPv6\/ICMPv4<\/li>\n<li style='margin-bottom: 3px;'>La tecnolog\u00eda de diagn\u00f3stico de cables proporciona el mecanismo para detectar e informar posibles problemas de cableado.<\/li>\n<li style='margin-bottom: 3px;'>SFP-DDM (Monitor de diagn\u00f3stico digital)<\/li>\n<\/ul>\n<\/li>\n<li style='margin-bottom: 5px;'>Alarma remota de trap SMTP&comma; Syslog y SNMP<\/li>\n<li style='margin-bottom: 5px;'>Sistema PLANET NMS y CloudViewer para la gesti\u00f3n de implementaciones<\/li>\n<\/ul><\/div>\n<\/p><\/div>\n<\/p><\/div>\n<hr style='border: 0; border-top: 1px solid rgba(150&comma; 150&comma; 150&comma; 0.3); margin: 30px 0;'> <\/div>\n","protected":false},"excerpt":{"rendered":"<p>Switch Industrial Administrable Capa2, 8 Puertos Gigabit con PoE+ 802.3at, 2 Puertos SFP de 100\/1G y 2 Puertos SFP de 100\/1G\/2.5G<\/p>\n","protected":false},"featured_media":73785,"comment_status":"open","ping_status":"closed","template":"","meta":[],"product_brand":[],"product_cat":[1984],"product_tag":[1985,664,2033],"class_list":{"0":"post-73786","1":"product","2":"type-product","3":"status-publish","4":"has-post-thumbnail","6":"product_cat-industrial","7":"product_tag-industrial","8":"product_tag-networking","9":"product_tag-planet","11":"first","12":"outofstock","13":"sale","14":"shipping-taxable","15":"purchasable","16":"product-type-simple"},"_links":{"self":[{"href":"https:\/\/soydeaqui.ddns.net\/pachuca\/index.php\/wp-json\/wp\/v2\/product\/73786","targetHints":{"allow":["GET"]}}],"collection":[{"href":"https:\/\/soydeaqui.ddns.net\/pachuca\/index.php\/wp-json\/wp\/v2\/product"}],"about":[{"href":"https:\/\/soydeaqui.ddns.net\/pachuca\/index.php\/wp-json\/wp\/v2\/types\/product"}],"replies":[{"embeddable":true,"href":"https:\/\/soydeaqui.ddns.net\/pachuca\/index.php\/wp-json\/wp\/v2\/comments?post=73786"}],"wp:featuredmedia":[{"embeddable":true,"href":"https:\/\/soydeaqui.ddns.net\/pachuca\/index.php\/wp-json\/wp\/v2\/media\/73785"}],"wp:attachment":[{"href":"https:\/\/soydeaqui.ddns.net\/pachuca\/index.php\/wp-json\/wp\/v2\/media?parent=73786"}],"wp:term":[{"taxonomy":"product_brand","embeddable":true,"href":"https:\/\/soydeaqui.ddns.net\/pachuca\/index.php\/wp-json\/wp\/v2\/product_brand?post=73786"},{"taxonomy":"product_cat","embeddable":true,"href":"https:\/\/soydeaqui.ddns.net\/pachuca\/index.php\/wp-json\/wp\/v2\/product_cat?post=73786"},{"taxonomy":"product_tag","embeddable":true,"href":"https:\/\/soydeaqui.ddns.net\/pachuca\/index.php\/wp-json\/wp\/v2\/product_tag?post=73786"}],"curies":[{"name":"wp","href":"https:\/\/api.w.org\/{rel}","templated":true}]}}