{"id":73781,"date":"2026-03-19T13:35:47","date_gmt":"2026-03-19T13:35:47","guid":{"rendered":"https:\/\/soydeaqui.ddns.net\/pachuca\/index.php\/producto\/convertidor-de-medios-ethernet-a-travez-de-vdsl2\/"},"modified":"2026-03-19T13:35:55","modified_gmt":"2026-03-19T13:35:55","slug":"convertidor-de-medios-ethernet-a-travez-de-vdsl2","status":"publish","type":"product","link":"https:\/\/soydeaqui.ddns.net\/pachuca\/index.php\/producto\/convertidor-de-medios-ethernet-a-travez-de-vdsl2\/","title":{"rendered":"Convertidor de Medios Ethernet a Travez de VDSL2"},"content":{"rendered":"<div style='width: 100%; max-width: 1200px; margin: 0 auto; font-family: sans-serif; line-height: 1.6; color: inherit; background-color: transparent;'> <!-- Secci\u00f3n de iconos --> <\/p>\n<div style='display: flex; flex-wrap: wrap; gap: 15px; justify-content: center; margin-bottom: 30px;'> <img style='width: auto; height: 40px; border: 1px solid rgba(150&comma;150&comma;150&comma;0.3); border-radius: 8px;' src='https:\/\/www.planet.com.tw\/storage\/icons\/4icon_VDSL2_30a.png' alt='VDSL2 30a'> <img style='width: auto; height: 40px; border: 1px solid rgba(150&comma;150&comma;150&comma;0.3); border-radius: 8px;' src='https:\/\/www.planet.com.tw\/storage\/icons\/4icon_auto_nego.png' alt='Negociaci\u00f3n autom\u00e1tica'> <img style='width: auto; height: 40px; border: 1px solid rgba(150&comma;150&comma;150&comma;0.3); border-radius: 8px;' src='https:\/\/www.planet.com.tw\/storage\/icons\/4icon_plug_play.png' alt='Conectar y usar'> <img style='width: auto; height: 40px; border: 1px solid rgba(150&comma;150&comma;150&comma;0.3); border-radius: 8px;' src='https:\/\/www.planet.com.tw\/storage\/icons\/2icon_COCPE_Mode.png' alt='Modo CD\/CPE'> <img style='width: auto; height: 40px; border: 1px solid rgba(150&comma;150&comma;150&comma;0.3); border-radius: 8px;' src='https:\/\/www.planet.com.tw\/storage\/icons\/5icon_auto.png' alt='MDI\/MDI-X autom\u00e1tico'> <img style='width: auto; height: 40px; border: 1px solid rgba(150&comma;150&comma;150&comma;0.3); border-radius: 8px;' src='https:\/\/www.planet.com.tw\/storage\/icons\/7icon_Metal-Housing.png' alt='Carcasa met\u00e1lica KG'> <\/div>\n<p> <!-- Descripci\u00f3n principal --> <\/p>\n<div style='margin-bottom: 30px; text-align: center;'>\n<p style='margin: 0 0 15px; font-size: 16px; color: inherit; font-weight: bold;'>Compatible con cables telef\u00f3nicos de cobre existentes.<\/p>\n<p style='margin: 0; font-size: 16px; color: inherit;'> El VC-231 tambi\u00e9n es un convertidor Ethernet de largo alcance (LRE) que proporciona un puerto Ethernet RJ-45 y una toma telef\u00f3nica RJ-11 para conexi\u00f3n VDSL2. Al usar el divisor adicional del paquete del VC-231&comma; el divisor puede proporcionar un divisor POTS para compartir la l\u00ednea telef\u00f3nica existente con POTS; por lo tanto&comma; no es necesario reemplazar el cableado de cobre existente. Simplemente conecte el VC-231 con el divisor adicional a la toma telef\u00f3nica RJ-11 existente y se puede conectar una red VDSL2 de alto rendimiento. El VC-231 es ideal para usarse como un extensor Ethernet a una red Ethernet existente. <\/p>\n<\/p><\/div>\n<p> <!-- Imagen principal --> <\/p>\n<div style='margin: 30px 0; text-align: center;'> <img style='width: 100%; max-width: 605px; height: auto; border: 1px solid rgba(150&comma;150&comma;150&comma;0.3); border-radius: 8px;' src='http:\/\/www.planet.com.tw\/en\/product\/images\/26448\/VC-231-1_L.gif' alt=''> <\/div>\n<p> <!-- Secci\u00f3n de especificaciones --> <\/p>\n<div style='display: flex; flex-wrap: wrap; gap: 30px; margin-bottom: 30px;'>\n<div style='flex: 1 1 300px; min-width: 280px;'>\n<h3 style='font-size: 22px; border-bottom: 2px solid currentColor; padding-bottom: 5px; margin-top: 0; color: inherit; opacity: 0.8;'>Caracter\u00edsticas Principales<\/h3>\n<ul style='padding-left: 20px; font-size: 15px; color: inherit;'>\n<li style='margin-bottom: 5px;'>Soluci\u00f3n de puente CO\/CPE <strong>de perfil VDSL2 17a\/30a<\/strong> rentable<\/li>\n<li style='margin-bottom: 5px;'>CO\/CPE seleccionable mediante interruptor DIP<\/li>\n<li style='margin-bottom: 5px;'>Define un plan de banda sim\u00e9trico para la transmisi\u00f3n de se\u00f1ales ascendentes y descendentes.<\/li>\n<li style='margin-bottom: 5px;'>Un conector RJ-11 para puerto VDSL con conexi\u00f3n VDSL&comma; divisor adicional para conexi\u00f3n POST<\/li>\n<li style='margin-bottom: 5px;'>Un puerto RJ-45 de 10\/100 Mbps&comma; negociaci\u00f3n autom\u00e1tica y MDI\/MDI-X autom\u00e1tico<\/li>\n<li style='margin-bottom: 5px;'>Transceptor independiente VDSL2 para aplicaciones de m\u00f3dem puente simples<\/li>\n<li style='margin-bottom: 5px;'>Ventaja del tiempo m\u00ednimo de instalaci\u00f3n (Simplemente como Plug-and-Play).<\/li>\n<\/ul><\/div>\n<div style='flex: 1 1 300px; min-width: 280px;'>\n<h3 style='font-size: 22px; border-bottom: 2px solid currentColor; padding-bottom: 5px; margin-top: 0; color: inherit; opacity: 0.8;'>Caracter\u00edsticas F\u00edsicas y El\u00e9ctricas<\/h3>\n<ul style='padding-left: 20px; font-size: 15px; color: inherit;'>\n<li style='margin-bottom: 5px;'><strong>Puerto:<\/strong> 1 Puerto RJ45 10\/100BaseTx<\/li>\n<li style='margin-bottom: 5px;'><strong>Conector telef\u00f3nico:<\/strong> 1 Conector telef\u00f3nico hembra VDSL<\/li>\n<li style='margin-bottom: 5px;'><strong>Interruptor DIP:<\/strong> 4 posiciones<\/li>\n<li style='margin-bottom: 5px;'><strong>Alimentaci\u00f3n:<\/strong> 5 Vcc a 2 A (si incluye fuente de alimentaci\u00f3n)<\/li>\n<li style='margin-bottom: 5px;'><strong>Consumo:<\/strong> 6.6 W<\/li>\n<li style='margin-bottom: 5px;'><strong>Dimensiones:<\/strong> 94 x 70.3 x 26.2 mm<\/li>\n<li style='margin-bottom: 5px;'><strong>Peso:<\/strong> 199 g<\/li>\n<li style='margin-bottom: 5px;'><strong>Temperatura:<\/strong> 0 &#8211; 50\u00b0C<\/li>\n<\/ul><\/div>\n<div style='flex: 1 1 300px; min-width: 280px;'>\n<h3 style='font-size: 22px; border-bottom: 2px solid currentColor; padding-bottom: 5px; margin-top: 0; color: inherit; opacity: 0.8;'>El Paquete Incluye<\/h3>\n<ul style='padding-left: 20px; font-size: 15px; color: inherit;'>\n<li style='margin-bottom: 5px;'>1 &#8211; Convertidor de medios<\/li>\n<li style='margin-bottom: 5px;'>1 &#8211; Manual de usuario<\/li>\n<li style='margin-bottom: 5px;'>1 &#8211; Fuente de voltaje de 5 Vcc\/ 2 A<\/li>\n<li style='margin-bottom: 5px;'>1 &#8211; Spitter<\/li>\n<li style='margin-bottom: 5px;'>1 &#8211; Cable telef\u00f3nico RJ11<\/li>\n<\/ul><\/div>\n<\/p><\/div>\n<p> <!-- Separador --> <\/p>\n<hr style='border: 0; border-top: 1px solid rgba(150&comma; 150&comma; 150&comma; 0.3); margin: 30px 0;'> <\/div>\n","protected":false},"excerpt":{"rendered":"<p>Convertidor de Medios Ethernet a Travez de VDSL2<\/p>\n","protected":false},"featured_media":73780,"comment_status":"open","ping_status":"closed","template":"","meta":[],"product_brand":[],"product_cat":[2000],"product_tag":[2001,664,2033],"class_list":{"0":"post-73781","1":"product","2":"type-product","3":"status-publish","4":"has-post-thumbnail","6":"product_cat-convertidores-de-medios","7":"product_tag-convertidores-de-medios","8":"product_tag-networking","9":"product_tag-planet","11":"first","12":"instock","13":"sale","14":"shipping-taxable","15":"purchasable","16":"product-type-simple"},"_links":{"self":[{"href":"https:\/\/soydeaqui.ddns.net\/pachuca\/index.php\/wp-json\/wp\/v2\/product\/73781","targetHints":{"allow":["GET"]}}],"collection":[{"href":"https:\/\/soydeaqui.ddns.net\/pachuca\/index.php\/wp-json\/wp\/v2\/product"}],"about":[{"href":"https:\/\/soydeaqui.ddns.net\/pachuca\/index.php\/wp-json\/wp\/v2\/types\/product"}],"replies":[{"embeddable":true,"href":"https:\/\/soydeaqui.ddns.net\/pachuca\/index.php\/wp-json\/wp\/v2\/comments?post=73781"}],"wp:featuredmedia":[{"embeddable":true,"href":"https:\/\/soydeaqui.ddns.net\/pachuca\/index.php\/wp-json\/wp\/v2\/media\/73780"}],"wp:attachment":[{"href":"https:\/\/soydeaqui.ddns.net\/pachuca\/index.php\/wp-json\/wp\/v2\/media?parent=73781"}],"wp:term":[{"taxonomy":"product_brand","embeddable":true,"href":"https:\/\/soydeaqui.ddns.net\/pachuca\/index.php\/wp-json\/wp\/v2\/product_brand?post=73781"},{"taxonomy":"product_cat","embeddable":true,"href":"https:\/\/soydeaqui.ddns.net\/pachuca\/index.php\/wp-json\/wp\/v2\/product_cat?post=73781"},{"taxonomy":"product_tag","embeddable":true,"href":"https:\/\/soydeaqui.ddns.net\/pachuca\/index.php\/wp-json\/wp\/v2\/product_tag?post=73781"}],"curies":[{"name":"wp","href":"https:\/\/api.w.org\/{rel}","templated":true}]}}