{"id":73776,"date":"2026-03-19T13:35:37","date_gmt":"2026-03-19T13:35:37","guid":{"rendered":"https:\/\/soydeaqui.ddns.net\/pachuca\/index.php\/producto\/mups-inyector-poe-con-respaldo-de-bateria-bateria-no-incluida\/"},"modified":"2026-03-19T13:35:39","modified_gmt":"2026-03-19T13:35:39","slug":"mups-inyector-poe-con-respaldo-de-bateria-bateria-no-incluida","status":"publish","type":"product","link":"https:\/\/soydeaqui.ddns.net\/pachuca\/index.php\/producto\/mups-inyector-poe-con-respaldo-de-bateria-bateria-no-incluida\/","title":{"rendered":"(mUPS) Inyector PoE con Respaldo de Bateria (Bateria no incluida)"},"content":{"rendered":"<div style='width: 100%; max-width: 1200px; margin: 0 auto; font-family: sans-serif; line-height: 1.6; color: inherit; background-color: transparent;'>\n<div style='display: flex; flex-direction: column; gap: 20px;'>\n<p style='margin: 0; padding: 0; color: inherit; font-size: 15px;'> El mUPS es un inyector PoE con capacidad de respaldo de bater\u00eda con un conector de bater\u00eda de 12 V. Funciona igual que un inyector Gigabit PoE&comma; pero cuando se pierde energ\u00eda&comma; cambia a la bater\u00eda de 12 V. Incluso si su fuente de alimentaci\u00f3n es de 28 V&comma; el RouterBOARD conectado no se reiniciar\u00e1 cuando se pierda la fuente de alimentaci\u00f3n&comma; sino que cambiar\u00e1 a la bater\u00eda de 12 V de forma transparente. Los LED indican el uso de la l\u00ednea CC o de la bater\u00eda&comma; la carga de la bater\u00eda y el nivel bajo de la bater\u00eda (<50%). <\/p>\n<p style='margin: 0; padding: 0; color: inherit; font-size: 15px;'> En RouterOS es posible detectar cuando se ejecuta con energ\u00eda de la bater\u00eda al monitorear el voltaje de entrada con secuencias de comandos&comma; ya que el voltaje cambiar\u00e1 sin un reinicio de RouterOS. <\/p>\n<p style='margin: 0; padding: 0; color: inherit; font-size: 15px;'> El mUPS es un dispositivo simple y compacto para hacer que su red sea m\u00e1s confiable&comma; o para situaciones donde la entrada de energ\u00eda estable no est\u00e1 disponible&comma; como instalaciones solares o automotrices. <\/p>\n<p style='margin: 0; padding: 0; color: inherit; font-size: 15px;'> Puede usar el mUPS con una sola bater\u00eda de 12V (AGM&comma; gel&comma; \u00e1cido de plomo&comma; bater\u00edas regulares de autom\u00f3viles&comma; bater\u00edas marinas de ciclo profundo&comma; etc.). <\/p>\n<p style='margin: 0; padding: 0; color: inherit; font-size: 15px;'> Nota: la bater\u00eda de 12 V no est\u00e1 incluida y debe montarse en otro lugar. <\/p>\n<\/p><\/div>\n<div style='margin-top: 30px;'>\n<h3 style='font-size: 20px; margin-top: 0; margin-bottom: 15px; color: inherit; border-bottom: 2px solid currentColor; padding-bottom: 5px; opacity: 0.8;'>Especificaciones<\/h3>\n<div style='display: flex; flex-wrap: wrap; gap: 20px;'>\n<div style='flex: 1 1 250px; border: 1px solid rgba(150&comma; 150&comma; 150&comma; 0.4); border-radius: 8px; overflow: hidden; display: flex; flex-direction: column;'>\n<div style='padding: 15px; border-bottom: 1px solid rgba(150&comma; 150&comma; 150&comma; 0.2); font-weight: bold; font-size: 18px; color: inherit;'>Detalles<\/div>\n<div style='padding: 15px; color: inherit;'>\n<ul style='padding-left: 20px; margin: 0; font-size: 14px; list-style-type: disc;'>\n<li style='margin-bottom: 5px;'><strong>Product code:<\/strong> mUPS<\/li>\n<li style='margin-bottom: 5px;'><strong>N\u00famero de entradas DC:<\/strong> 2 (DC jack&comma; PoE-IN)<\/li>\n<li style='margin-bottom: 5px;'><strong>Voltaje de entrada DC jack:<\/strong> 12-28 V<\/li>\n<li style='margin-bottom: 5px;'><strong>Voltaje de entrada PoE in:<\/strong> 12-28 V<\/li>\n<\/ul><\/div>\n<\/p><\/div>\n<\/p><\/div>\n<\/p><\/div>\n<div style='margin-top: 30px;'>\n<h3 style='font-size: 20px; margin-top: 0; margin-bottom: 15px; color: inherit; border-bottom: 2px solid currentColor; padding-bottom: 5px; opacity: 0.8;'>Contenido del paquete<\/h3>\n<div style='display: grid; grid-template-columns: repeat(auto-fill&comma; minmax(130px&comma; 1fr)); gap: 20px;'>\n<div style='border: 1px solid rgba(150&comma; 150&comma; 150&comma; 0.3); border-radius: 8px; padding: 15px; text-align: center;'> <img style='width: 100%; height: auto; border: 1px solid rgba(150&comma;150&comma;150&comma;0.3); border-radius: 8px; margin-bottom: 10px;' src='https:\/\/img.routerboard.com\/mimg\/part111391160732s.jpg' alt='Gigabit PoE injector'> <span style='font-size: 14px; color: inherit;'>Gigabit PoE injector<\/span> <\/div>\n<div style='border: 1px solid rgba(150&comma;150&comma;150&comma;0.3); border-radius: 8px; padding: 15px; text-align: center;'> <img style='width: 100%; height: auto; border: 1px solid rgba(150&comma;150&comma;150&comma;0.3); border-radius: 8px; margin-bottom: 10px;' src='https:\/\/img.routerboard.com\/mimg\/part91391160033s.jpg' alt='Plastic zip tie'> <span style='font-size: 14px; color: inherit;'>Plastic zip tie<\/span> <\/div>\n<div style='border: 1px solid rgba(150&comma;150&comma;150&comma;0.3); border-radius: 8px; padding: 15px; text-align: center;'> <img style='width: 100%; height: auto; border: 1px solid rgba(150&comma;150&comma;150&comma;0.3); border-radius: 8px; margin-bottom: 10px;' src='https:\/\/img.routerboard.com\/mimg\/part661499777872s.jpg' alt='wAP mount bracket'> <span style='font-size: 14px; color: inherit;'>wAP mount bracket<\/span> <\/div>\n<div style='border: 1px solid rgba(150&comma;150&comma;150&comma;0.3); border-radius: 8px; padding: 15px; text-align: center;'> <img style='width: 100%; height: auto; border: 1px solid rgba(150&comma;150&comma;150&comma;0.3); border-radius: 8px; margin-bottom: 10px;' src='https:\/\/img.routerboard.com\/mimg\/part681502957925s.jpg' alt='24V 1.5A power adapter'> <span style='font-size: 14px; color: inherit;'>24V 1.5A power adapter<\/span> <\/div>\n<div style='border: 1px solid rgba(150&comma;150&comma;150&comma;0.3); border-radius: 8px; padding: 15px; text-align: center;'> <img style='width: 100%; height: auto; border: 1px solid rgba(150&comma;150&comma;150&comma;0.3); border-radius: 8px; margin-bottom: 10px;' src='https:\/\/img.routerboard.com\/mimg\/part671502957896s.jpg' alt='Battery DC wire Mount bracket with T2 Tab terminal'> <span style='font-size: 14px; color: inherit;'>Battery DC wire Mount bracket with T2 Tab terminal<\/span> <\/div>\n<div style='border: 1px solid rgba(150&comma;150&comma;150&comma;0.3); border-radius: 8px; padding: 15px; text-align: center;'> <img style='width: 100%; height: auto; border: 1px solid rgba(150&comma;150&comma;150&comma;0.3); border-radius: 8px; margin-bottom: 10px;' src='https:\/\/img.routerboard.com\/mimg\/part691502957958s.jpg' alt='K52 screw kit'> <span style='font-size: 14px; color: inherit;'>K52 screw kit<\/span> <\/div>\n<\/p><\/div>\n<\/p><\/div>\n<\/p><\/div>\n","protected":false},"excerpt":{"rendered":"<p>(mUPS) Inyector PoE con Respaldo de Bateria (Bateria no incluida)<\/p>\n","protected":false},"featured_media":73775,"comment_status":"open","ping_status":"closed","template":"","meta":[],"product_brand":[],"product_cat":[1222],"product_tag":[643,62,1062],"class_list":{"0":"post-73776","1":"product","2":"type-product","3":"status-publish","4":"has-post-thumbnail","6":"product_cat-todos-ups-respaldo","7":"product_tag-mikrotik","8":"product_tag-todos","9":"product_tag-ups-respaldo","11":"first","12":"outofstock","13":"sale","14":"shipping-taxable","15":"purchasable","16":"product-type-simple"},"_links":{"self":[{"href":"https:\/\/soydeaqui.ddns.net\/pachuca\/index.php\/wp-json\/wp\/v2\/product\/73776","targetHints":{"allow":["GET"]}}],"collection":[{"href":"https:\/\/soydeaqui.ddns.net\/pachuca\/index.php\/wp-json\/wp\/v2\/product"}],"about":[{"href":"https:\/\/soydeaqui.ddns.net\/pachuca\/index.php\/wp-json\/wp\/v2\/types\/product"}],"replies":[{"embeddable":true,"href":"https:\/\/soydeaqui.ddns.net\/pachuca\/index.php\/wp-json\/wp\/v2\/comments?post=73776"}],"wp:featuredmedia":[{"embeddable":true,"href":"https:\/\/soydeaqui.ddns.net\/pachuca\/index.php\/wp-json\/wp\/v2\/media\/73775"}],"wp:attachment":[{"href":"https:\/\/soydeaqui.ddns.net\/pachuca\/index.php\/wp-json\/wp\/v2\/media?parent=73776"}],"wp:term":[{"taxonomy":"product_brand","embeddable":true,"href":"https:\/\/soydeaqui.ddns.net\/pachuca\/index.php\/wp-json\/wp\/v2\/product_brand?post=73776"},{"taxonomy":"product_cat","embeddable":true,"href":"https:\/\/soydeaqui.ddns.net\/pachuca\/index.php\/wp-json\/wp\/v2\/product_cat?post=73776"},{"taxonomy":"product_tag","embeddable":true,"href":"https:\/\/soydeaqui.ddns.net\/pachuca\/index.php\/wp-json\/wp\/v2\/product_tag?post=73776"}],"curies":[{"name":"wp","href":"https:\/\/api.w.org\/{rel}","templated":true}]}}