{"id":73743,"date":"2026-03-19T13:34:17","date_gmt":"2026-03-19T13:34:17","guid":{"rendered":"https:\/\/soydeaqui.ddns.net\/pachuca\/index.php\/producto\/switch-stack-l3-48-ranuras-sfp-4-ranuras-qsfp-2-bahias-para-fuente-de-alimentacion\/"},"modified":"2026-03-19T13:34:18","modified_gmt":"2026-03-19T13:34:18","slug":"switch-stack-l3-48-ranuras-sfp-4-ranuras-qsfp-2-bahias-para-fuente-de-alimentacion","status":"publish","type":"product","link":"https:\/\/soydeaqui.ddns.net\/pachuca\/index.php\/producto\/switch-stack-l3-48-ranuras-sfp-4-ranuras-qsfp-2-bahias-para-fuente-de-alimentacion\/","title":{"rendered":"Switch Stack L3, 48 ranuras SFP+, 4 ranuras QSFP+, 2 bah\u00edas para fuente de alimentaci\u00f3n"},"content":{"rendered":"<div style='width: 100%; max-width: 1200px; margin: 0 auto; font-family: sans-serif; line-height: 1.6; color: inherit; background-color: transparent;'> <!-- T\u00edtulo del producto (oculto ya que est\u00e1 en otra parte de la p\u00e1gina) --> <\/p>\n<div style='display: none;'>\n<h1 style='font-size: 3rem; margin: 0; padding: 0; color: inherit; font-weight: 400; line-height: 1.2em; background-color: transparent;'> <span style='display: inline-block; color: inherit;'>DC2552XS\/L3<\/span> <\/h1>\n<\/p><\/div>\n<p> <!-- Descripci\u00f3n corta --> <\/p>\n<div style='margin-bottom: 30px;'>\n<div style='font-size: 1.1rem; color: inherit; opacity: 0.8; background-color: transparent;'> Conmutador apilable de capa 3 de 10 Gigabit <\/div>\n<\/p><\/div>\n<p> <!-- Contenido principal --> <\/p>\n<div style='margin-bottom: 30px;'>\n<p style='margin: 0 0 1.5em 0; color: inherit; font-size: 15px; background-color: transparent;'> Para un centro de datos empresarial m\u00e1s inteligente&comma; conecte servidores e instalaciones de almacenamiento con una estructura de red de alta velocidad y baja latencia que sea m\u00e1s r\u00e1pida&comma; ecol\u00f3gica y f\u00e1cil de administrar. <\/p>\n<p> <!-- Descripci\u00f3n general --> <\/p>\n<div style='margin-top: 2em; margin-bottom: 1.5em;'>\n<h3 style='font-size: 1.5rem; font-weight: 500; margin: 0 0 1em 0; padding-bottom: 0.5em; border-bottom: 2px solid currentColor; color: inherit; opacity: 0.8; background-color: transparent;'> Descripci\u00f3n general <\/h3>\n<ul style='padding-left: 1.5em; margin: 1em 0; color: inherit; font-size: 14px; background-color: transparent;'>\n<li style='margin-bottom: 0.75em; list-style-type: disc;'> Proporciona conectividad de 10 GbE de alta densidad en un paquete resistente y apilable <\/li>\n<li style='margin-bottom: 0.75em; list-style-type: disc;'> Puede acomodar una fuente de alimentaci\u00f3n resistente 1+1 <\/li>\n<li style='margin-bottom: 0.75em; list-style-type: disc;'> Ofrece 1280 Gbps de tejido de conmutaci\u00f3n con latencia ultra baja de sub-\u03bcseg. <\/li>\n<li style='margin-bottom: 0.75em; list-style-type: disc;'> Utiliza flujo de aire de atr\u00e1s hacia adelante <\/li>\n<li style='margin-bottom: 0.75em; list-style-type: disc;'> Listo para SDN y compatible con OpenFlow v1 <\/li>\n<\/ul><\/div>\n<\/p><\/div>\n<p> <!-- Separador --> <\/p>\n<hr style='border: 0; border-top: 1px solid rgba(150&comma; 150&comma; 150&comma; 0.3); margin: 30px 0;'> <\/div>\n","protected":false},"excerpt":{"rendered":"<p>Switch Stack L3, 48 ranuras SFP+, 4 ranuras QSFP+, 2 bah\u00edas para fuente de alimentaci\u00f3n<\/p>\n","protected":false},"featured_media":73742,"comment_status":"open","ping_status":"closed","template":"","meta":[],"product_brand":[],"product_cat":[1970],"product_tag":[1995,664,1971],"class_list":{"0":"post-73743","1":"product","2":"type-product","3":"status-publish","4":"has-post-thumbnail","6":"product_cat-switches","7":"product_tag-allied-telesis","8":"product_tag-networking","9":"product_tag-switches","11":"first","12":"outofstock","13":"sale","14":"shipping-taxable","15":"purchasable","16":"product-type-simple"},"_links":{"self":[{"href":"https:\/\/soydeaqui.ddns.net\/pachuca\/index.php\/wp-json\/wp\/v2\/product\/73743","targetHints":{"allow":["GET"]}}],"collection":[{"href":"https:\/\/soydeaqui.ddns.net\/pachuca\/index.php\/wp-json\/wp\/v2\/product"}],"about":[{"href":"https:\/\/soydeaqui.ddns.net\/pachuca\/index.php\/wp-json\/wp\/v2\/types\/product"}],"replies":[{"embeddable":true,"href":"https:\/\/soydeaqui.ddns.net\/pachuca\/index.php\/wp-json\/wp\/v2\/comments?post=73743"}],"wp:featuredmedia":[{"embeddable":true,"href":"https:\/\/soydeaqui.ddns.net\/pachuca\/index.php\/wp-json\/wp\/v2\/media\/73742"}],"wp:attachment":[{"href":"https:\/\/soydeaqui.ddns.net\/pachuca\/index.php\/wp-json\/wp\/v2\/media?parent=73743"}],"wp:term":[{"taxonomy":"product_brand","embeddable":true,"href":"https:\/\/soydeaqui.ddns.net\/pachuca\/index.php\/wp-json\/wp\/v2\/product_brand?post=73743"},{"taxonomy":"product_cat","embeddable":true,"href":"https:\/\/soydeaqui.ddns.net\/pachuca\/index.php\/wp-json\/wp\/v2\/product_cat?post=73743"},{"taxonomy":"product_tag","embeddable":true,"href":"https:\/\/soydeaqui.ddns.net\/pachuca\/index.php\/wp-json\/wp\/v2\/product_tag?post=73743"}],"curies":[{"name":"wp","href":"https:\/\/api.w.org\/{rel}","templated":true}]}}