{"id":73733,"date":"2026-03-19T13:33:51","date_gmt":"2026-03-19T13:33:51","guid":{"rendered":"https:\/\/soydeaqui.ddns.net\/pachuca\/index.php\/producto\/access-point-router-wi-fi-aircube-ac-mimo-2x2-doble-banda-2-4-ghz-hasta-300-mbps-5-ghz-hasta-800-mbps\/"},"modified":"2026-03-19T13:34:02","modified_gmt":"2026-03-19T13:34:02","slug":"access-point-router-wi-fi-aircube-ac-mimo-2x2-doble-banda-2-4-ghz-hasta-300-mbps-5-ghz-hasta-800-mbps","status":"publish","type":"product","link":"https:\/\/soydeaqui.ddns.net\/pachuca\/index.php\/producto\/access-point-router-wi-fi-aircube-ac-mimo-2x2-doble-banda-2-4-ghz-hasta-300-mbps-5-ghz-hasta-800-mbps\/","title":{"rendered":"Access Point\/Router Wi-Fi airCube AC, MIMO 2&#215;2, doble banda 2.4 GHz (hasta 300 Mbps), 5 GHz (hasta 800 Mbps)"},"content":{"rendered":"<div style='width: 100%; max-width: 1200px; margin: 0 auto; font-family: sans-serif; line-height: 1.6; color: inherit; background-color: transparent;'> <!-- Secci\u00f3n de caracter\u00edsticas principales --> <\/p>\n<div style='display: flex; flex-wrap: wrap; gap: 30px; margin-bottom: 30px;'>\n<div style='flex: 1 1 300px; min-width: 280px;'>\n<h3 style='font-size: 22px; border-bottom: 2px solid currentColor; padding-bottom: 5px; margin-top: 0; color: inherit; opacity: 0.8;'>Puertos<\/h3>\n<ul style='padding-left: 20px; font-size: 15px; color: inherit;'>\n<li style='margin-bottom: 5px;'>4 puertos Gigabit Ethernet<\/li>\n<\/ul><\/div>\n<div style='flex: 1 1 300px; min-width: 280px;'>\n<h3 style='font-size: 22px; border-bottom: 2px solid currentColor; padding-bottom: 5px; margin-top: 0; color: inherit; opacity: 0.8;'>Administraci\u00f3n<\/h3>\n<ul style='padding-left: 20px; font-size: 15px; color: inherit;'>\n<li style='margin-bottom: 5px;'>UNMS App<\/li>\n<li style='margin-bottom: 5px;'>Interfaz gr\u00e1fica de Usuario Web UI<\/li>\n<li style='margin-bottom: 5px;'>UNMS\u2122 (Ubiquiti Network Management System)<\/li>\n<\/ul><\/div>\n<div style='flex: 1 1 300px; min-width: 280px;'>\n<h3 style='font-size: 22px; border-bottom: 2px solid currentColor; padding-bottom: 5px; margin-top: 0; color: inherit; opacity: 0.8;'>Caracter\u00edsticas<\/h3>\n<ul style='padding-left: 20px; font-size: 15px; color: inherit;'>\n<li style='margin-bottom: 5px;'>Modo de operaci\u00f3n: Access Point o Router<\/li>\n<li style='margin-bottom: 5px;'>Alimenta estaciones airMAX 24V PoE<\/li>\n<li style='margin-bottom: 5px;'>Doble banda&comma; 802.11ac&comma; MIMO 2&#215;2<\/li>\n<li style='margin-bottom: 5px;'>Hasta 300 Mbps en 2.4 GHz&comma; con antena integrada de 4 dBi<\/li>\n<li style='margin-bottom: 5px;'>Hasta 800 Mbps en 5 GHz&comma; con antena integrada de 5 dBi<\/li>\n<li style='margin-bottom: 5px;'>Alimentado por PoE pasivo de 24V o adaptador de corriente<\/li>\n<\/ul><\/div>\n<div style='flex: 1 1 300px; min-width: 280px;'>\n<h3 style='font-size: 22px; border-bottom: 2px solid currentColor; padding-bottom: 5px; margin-top: 0; color: inherit; opacity: 0.8;'>Caracter\u00edsticas F\u00edsicas y El\u00e9ctricas<\/h3>\n<ul style='padding-left: 20px; font-size: 15px; color: inherit;'>\n<li style='margin-bottom: 5px;'>Alimentaci\u00f3n: 24 VDC&comma; 0.83 A o PoE 24 V de entrada en puerto LAN1<\/li>\n<li style='margin-bottom: 5px;'>Dimensiones: 87.80 x 89.50 x 89.25 mm<\/li>\n<li style='margin-bottom: 5px;'>Peso: 280 g<\/li>\n<li style='margin-bottom: 5px;'>Temperatura de Operaci\u00f3n: -10 a 50 \u00b0C<\/li>\n<\/ul><\/div>\n<div style='flex: 1 1 300px; min-width: 280px;'>\n<h3 style='font-size: 22px; border-bottom: 2px solid currentColor; padding-bottom: 5px; margin-top: 0; color: inherit; opacity: 0.8;'>Incluye<\/h3>\n<ul style='padding-left: 20px; font-size: 15px; color: inherit;'>\n<li style='margin-bottom: 5px;'>1 Router ACB-AC<\/li>\n<li style='margin-bottom: 5px;'>1 adaptador de corriente<\/li>\n<\/ul><\/div>\n<div style='flex: 1 1 300px; min-width: 280px;'>\n<h3 style='font-size: 22px; border-bottom: 2px solid currentColor; padding-bottom: 5px; margin-top: 0; color: inherit; opacity: 0.8;'>Garant\u00eda<\/h3>\n<ul style='padding-left: 20px; font-size: 15px; color: inherit;'>\n<li style='margin-bottom: 5px;'>1 A\u00f1o<\/li>\n<\/ul><\/div>\n<\/p><\/div>\n<p> <!-- Contenido adicional con im\u00e1genes --> <\/p>\n<div style='margin-bottom: 30px;'>\n<h3 style='text-align: center; font-size: 18px; margin-bottom: 15px; color: inherit; opacity: 0.8;'>Contenido del paquete<\/h3>\n<div style='display: flex; justify-content: center; margin-bottom: 15px;'> <img style='width: 100%; max-width: 500px; height: auto; border: 1px solid rgba(150&comma;150&comma;150&comma;0.3); border-radius: 8px;' src='https:\/\/ftp3.syscom.mx\/usuarios\/fotos\/ACBAC\/136335-acbaccontenido.png' alt=''> <\/div>\n<\/p><\/div>\n<p> <!-- Tabla comparativa --> <\/p>\n<div style='margin-bottom: 30px;'>\n<h3 style='text-align: center; font-size: 18px; margin-bottom: 15px; color: inherit; opacity: 0.8;'>Tabla comparativa de modelos<\/h3>\n<div style='display: flex; justify-content: center;'> <img style='width: 100%; max-width: 779px; height: auto; border: 1px solid rgba(150&comma;150&comma;150&comma;0.3); border-radius: 8px;' src='https:\/\/ftp3.syscom.mx\/usuarios\/adiaz\/UBNT\/airCube\/Comparacion.PNG' alt=''> <\/div>\n<\/p><\/div>\n<p> <!-- Secci\u00f3n de caracter\u00edsticas con im\u00e1genes --> <\/p>\n<div style='display: flex; flex-direction: column; gap: 30px; margin-bottom: 30px;'>\n<div style='display: flex; flex-direction: column; align-items: center; text-align: center;'>\n<h3 style='font-size: 18px; margin-bottom: 10px; color: inherit; opacity: 0.8;'>Super antena<\/h3>\n<p style='margin-bottom: 15px; font-size: 14px; color: inherit;'>La innovadora s\u00faper antena proporciona una cobertura de \u00e1rea amplia m\u00e1s all\u00e1 de los puntos de acceso Wi-Fi normales.<\/p>\n<p> <img style='width: 100%; max-width: 514px; height: auto; border: 1px solid rgba(150&comma;150&comma;150&comma;0.3); border-radius: 8px;' src='https:\/\/prd-www-cdn.ubnt.com\/media\/images\/product-features\/aircube-features-antenna2-2x.jpg' alt=''> <\/div>\n<div style='display: flex; flex-direction: column; align-items: center; text-align: center;'>\n<h3 style='font-size: 18px; margin-bottom: 10px; color: inherit; opacity: 0.8;'>Salida de PoE 24V para estaciones airMAX<\/h3>\n<p style='margin-bottom: 15px; font-size: 14px; color: inherit;'>El airCube puede alimentar y suministrar energ\u00eda a un CPE de airMAX utilizando 24V PoE<\/p>\n<p> <img style='width: 100%; max-width: 517px; height: auto; border: 1px solid rgba(150&comma;150&comma;150&comma;0.3); border-radius: 8px;' src='https:\/\/prd-www-cdn.ubnt.com\/media\/images\/product-features\/aircube-feature-poe2-2x.jpg' alt=''> <\/div>\n<div style='display: flex; flex-direction: column; align-items: center; text-align: center;'>\n<h3 style='font-size: 18px; margin-bottom: 10px; color: inherit; opacity: 0.8;'>Configuraci\u00f3n a trav\u00e9s de UISP App<\/h3>\n<p style='margin-bottom: 15px; font-size: 14px; color: inherit;'>Use la aplicaci\u00f3n intuitiva UISP Mobile app para iOS y Android para instalar y configurar airCube.<\/p>\n<p> <img style='width: 100%; max-width: 524px; height: auto; border: 1px solid rgba(150&comma;150&comma;150&comma;0.3); border-radius: 8px;' src='https:\/\/prd-www-cdn.ubnt.com\/media\/images\/product-features\/aircube-feature-easy-install2-2x.jpg' alt=''> <\/div>\n<div style='display: flex; flex-direction: column; align-items: center; text-align: center;'>\n<h3 style='font-size: 18px; margin-bottom: 10px; color: inherit; opacity: 0.8;'>Soporte de plataforma UISP<\/h3>\n<p style='margin-bottom: 15px; font-size: 14px; color: inherit;'>El software de gesti\u00f3n de red Ubiquiti simplifica la gesti\u00f3n remota de la red.<\/p>\n<p> <img style='width: 100%; max-width: 1166px; height: auto; border: 1px solid rgba(150&comma;150&comma;150&comma;0.3); border-radius: 8px;' src='https:\/\/prd-www-cdn.ubnt.com\/media\/images\/product-features\/aircube-feature-unms-2x.jpg' alt=''> <\/div>\n<div style='display: flex; flex-direction: column; align-items: center; text-align: center;'>\n<h3 style='font-size: 18px; margin-bottom: 10px; color: inherit; opacity: 0.8;'>Dise\u00f1o elegante<\/h3>\n<p style='margin-bottom: 15px; font-size: 14px; color: inherit;'>El atractivo dise\u00f1o de airCube permite posicionarlo en cualquier lugar de la habitaci\u00f3n&comma; lo que mejora el rendimiento de la conexi\u00f3n Wi-Fi.<\/p>\n<p> <img style='width: 100%; max-width: 1168px; height: auto; border: 1px solid rgba(150&comma;150&comma;150&comma;0.3); border-radius: 8px;' src='https:\/\/prd-www-cdn.ubnt.com\/media\/images\/product-features\/aircube-feature-sleek-design01-2x.jpg' alt=''> <\/div>\n<\/p><\/div>\n<p> <!-- Separador final --> <\/p>\n<hr style='border: 0; border-top: 1px solid rgba(150&comma; 150&comma; 150&comma; 0.3); margin: 30px 0;'> <\/div>\n","protected":false},"excerpt":{"rendered":"<p>Access Point\/Router Wi-Fi airCube AC, MIMO 2&#215;2, doble banda 2.4 GHz (hasta 300 Mbps), 5 GHz (hasta 800 Mbps)<\/p>\n","protected":false},"featured_media":73732,"comment_status":"open","ping_status":"closed","template":"","meta":[],"product_brand":[],"product_cat":[1794],"product_tag":[1795,1479,166],"class_list":{"0":"post-73733","1":"product","2":"type-product","3":"status-publish","4":"has-post-thumbnail","6":"product_cat-puntos-de-acceso","7":"product_tag-puntos-de-acceso","8":"product_tag-redes-wifi","9":"product_tag-ubiquiti","11":"first","12":"outofstock","13":"sale","14":"shipping-taxable","15":"purchasable","16":"product-type-simple"},"_links":{"self":[{"href":"https:\/\/soydeaqui.ddns.net\/pachuca\/index.php\/wp-json\/wp\/v2\/product\/73733","targetHints":{"allow":["GET"]}}],"collection":[{"href":"https:\/\/soydeaqui.ddns.net\/pachuca\/index.php\/wp-json\/wp\/v2\/product"}],"about":[{"href":"https:\/\/soydeaqui.ddns.net\/pachuca\/index.php\/wp-json\/wp\/v2\/types\/product"}],"replies":[{"embeddable":true,"href":"https:\/\/soydeaqui.ddns.net\/pachuca\/index.php\/wp-json\/wp\/v2\/comments?post=73733"}],"wp:featuredmedia":[{"embeddable":true,"href":"https:\/\/soydeaqui.ddns.net\/pachuca\/index.php\/wp-json\/wp\/v2\/media\/73732"}],"wp:attachment":[{"href":"https:\/\/soydeaqui.ddns.net\/pachuca\/index.php\/wp-json\/wp\/v2\/media?parent=73733"}],"wp:term":[{"taxonomy":"product_brand","embeddable":true,"href":"https:\/\/soydeaqui.ddns.net\/pachuca\/index.php\/wp-json\/wp\/v2\/product_brand?post=73733"},{"taxonomy":"product_cat","embeddable":true,"href":"https:\/\/soydeaqui.ddns.net\/pachuca\/index.php\/wp-json\/wp\/v2\/product_cat?post=73733"},{"taxonomy":"product_tag","embeddable":true,"href":"https:\/\/soydeaqui.ddns.net\/pachuca\/index.php\/wp-json\/wp\/v2\/product_tag?post=73733"}],"curies":[{"name":"wp","href":"https:\/\/api.w.org\/{rel}","templated":true}]}}