{"id":7373,"date":"2026-03-18T06:55:31","date_gmt":"2026-03-18T06:55:31","guid":{"rendered":"https:\/\/soydeaqui.ddns.net\/pachuca\/index.php\/producto\/sensor-de-movimiento-inalambrico-de-la-serie-5800\/"},"modified":"2026-03-18T06:55:31","modified_gmt":"2026-03-18T06:55:31","slug":"sensor-de-movimiento-inalambrico-de-la-serie-5800","status":"publish","type":"product","link":"https:\/\/soydeaqui.ddns.net\/pachuca\/index.php\/producto\/sensor-de-movimiento-inalambrico-de-la-serie-5800\/","title":{"rendered":"Sensor de Movimiento Inalambrico de la serie 5800"},"content":{"rendered":"<div style='width: 100%; max-width: 1200px; margin: 0 auto; font-family: sans-serif; line-height: 1.6; color: inherit; background-color: transparent;'>\n<div style='display: flex; flex-wrap: wrap; gap: 30px; margin-bottom: 30px;'>\n<div style='flex: 1 1 300px; min-width: 280px;'>\n<h3 style='font-size: 22px; border-bottom: 2px solid currentColor; padding-bottom: 5px; margin-top: 0; color: inherit; opacity: 0.8;'>Caracter\u00edsticas<\/h3>\n<ul style='padding-left: 20px; font-size: 15px; color: inherit;'>\n<li style='margin-bottom: 5px;'>La serie 5800PIR de detectores de movimiento inal\u00e1mbricos son sensores de alto rendimiento y f\u00e1ciles de instalar que cuentan con dise\u00f1os elegantes y compactos que son ideales para aplicaciones donde la est\u00e9tica o la discreci\u00f3n son cr\u00edticas<\/li>\n<li style='margin-bottom: 5px;'>La instalaci\u00f3n es f\u00e1cil&comma; sin puentes&comma; interruptores ni desmontaje&comma; menos restricciones de montaje y un modo de prueba de paseo autom\u00e1tico que enciende el LED de prueba de paseo durante diez minutos&comma; lo que ahorra a los instaladores dos viajes por la escalera<\/li>\n<li style='margin-bottom: 5px;'>El detector de movimiento 5800PIR-RES es un transmisor de RF compatible con sistemas de alarma compatibles con dispositivos inal\u00e1mbricos de la serie 5800<\/li>\n<li style='margin-bottom: 5px;'>Tiene un patr\u00f3n de protecci\u00f3n de 10 X 12 m y proporciona hasta 36 Kg. de inmunidad de mascotas<\/li>\n<li style='margin-bottom: 5px;'>1 a\u00f1o de garant\u00eda<\/li>\n<\/ul><\/div>\n<\/p><\/div>\n<div style='display: flex; flex-wrap: wrap; gap: 20px; margin-bottom: 30px;'>\n<div style='flex: 1 1 250px; border: 1px solid rgba(150&comma; 150&comma; 150&comma; 0.4); border-radius: 8px; overflow: hidden; display: flex; flex-direction: column;'>\n<div style='padding: 15px; border-bottom: 1px solid rgba(150&comma; 150&comma; 150&comma; 0.2); font-weight: bold; font-size: 18px; color: inherit;'>Caracter\u00edsticas Principales<\/div>\n<div style='padding: 15px; color: inherit;'> <img style='width: 100%; height: auto; border: 1px solid rgba(150&comma;150&comma;150&comma;0.3); border-radius: 8px;' src='data:image\/png;base64&comma;iVBORw0KGgoAAAANSUhEUgAAAeMAAAHQCAYAAACSmQI7AAAgAElEQVR4nOzdz0vj6v8\/\/Gdu3v9GRgQ7i2EIJcu2c+asHHSQfoDFhUKnC6kbUeGucIPO6tPCDe0NWrqxuFDBLgYL7zKMMrM6nsm4DBLExVQoTuD7b\/ReJG3TNknTHxprnw8YzkyS62dy8up1Je0l\/J\/\/838aABD+\/5Igoqfx6\/8+9rsK9IQuLi6wuLjodzXoCWpeG8Lh4WEDAP7f3xW\/60Q0Nf6f1zG\/q0BEz4jQaDQaACAIAm5U1e\/6EL14QVnm\/2tThOecvARlGY1GA\/+X3xUhIiKadgzGREREPmMwJiIi8hmDMRERkc8YjImIiHzGYExEROSz\/wP41j30E31E7gAAAABJRU5ErkJggg==' alt=''> <\/div>\n<\/p><\/div>\n<\/p><\/div>\n<hr style='border: 0; border-top: 1px solid rgba(150&comma; 150&comma; 150&comma; 0.3); margin: 30px 0;'> <\/div>\n","protected":false},"excerpt":{"rendered":"<p>Sensor de Movimiento Inalambrico de la serie 5800<\/p>\n","protected":false},"featured_media":7372,"comment_status":"open","ping_status":"closed","template":"","meta":[],"product_brand":[],"product_cat":[18],"product_tag":[19,209,20],"class_list":{"0":"post-7373","1":"product","2":"type-product","3":"status-publish","4":"has-post-thumbnail","6":"product_cat-movimiento-para-interior","7":"product_tag-detectores-sensores","8":"product_tag-honeywell","9":"product_tag-movimiento-para-interior","11":"first","12":"outofstock","13":"sale","14":"shipping-taxable","15":"purchasable","16":"product-type-simple"},"_links":{"self":[{"href":"https:\/\/soydeaqui.ddns.net\/pachuca\/index.php\/wp-json\/wp\/v2\/product\/7373","targetHints":{"allow":["GET"]}}],"collection":[{"href":"https:\/\/soydeaqui.ddns.net\/pachuca\/index.php\/wp-json\/wp\/v2\/product"}],"about":[{"href":"https:\/\/soydeaqui.ddns.net\/pachuca\/index.php\/wp-json\/wp\/v2\/types\/product"}],"replies":[{"embeddable":true,"href":"https:\/\/soydeaqui.ddns.net\/pachuca\/index.php\/wp-json\/wp\/v2\/comments?post=7373"}],"wp:featuredmedia":[{"embeddable":true,"href":"https:\/\/soydeaqui.ddns.net\/pachuca\/index.php\/wp-json\/wp\/v2\/media\/7372"}],"wp:attachment":[{"href":"https:\/\/soydeaqui.ddns.net\/pachuca\/index.php\/wp-json\/wp\/v2\/media?parent=7373"}],"wp:term":[{"taxonomy":"product_brand","embeddable":true,"href":"https:\/\/soydeaqui.ddns.net\/pachuca\/index.php\/wp-json\/wp\/v2\/product_brand?post=7373"},{"taxonomy":"product_cat","embeddable":true,"href":"https:\/\/soydeaqui.ddns.net\/pachuca\/index.php\/wp-json\/wp\/v2\/product_cat?post=7373"},{"taxonomy":"product_tag","embeddable":true,"href":"https:\/\/soydeaqui.ddns.net\/pachuca\/index.php\/wp-json\/wp\/v2\/product_tag?post=7373"}],"curies":[{"name":"wp","href":"https:\/\/api.w.org\/{rel}","templated":true}]}}