{"id":73725,"date":"2026-03-19T13:33:31","date_gmt":"2026-03-19T13:33:31","guid":{"rendered":"https:\/\/soydeaqui.ddns.net\/pachuca\/index.php\/producto\/access-point-wifi-cnpilot-e501s-para-exterior-ip67-grado-industrial-filtros-para-coexistencia-con-redes-lte-doble-banda-antena-sectorial-90-120-grados-y-puerto-poe-secundario\/"},"modified":"2026-03-19T13:33:32","modified_gmt":"2026-03-19T13:33:32","slug":"access-point-wifi-cnpilot-e501s-para-exterior-ip67-grado-industrial-filtros-para-coexistencia-con-redes-lte-doble-banda-antena-sectorial-90-120-grados-y-puerto-poe-secundario","status":"publish","type":"product","link":"https:\/\/soydeaqui.ddns.net\/pachuca\/index.php\/producto\/access-point-wifi-cnpilot-e501s-para-exterior-ip67-grado-industrial-filtros-para-coexistencia-con-redes-lte-doble-banda-antena-sectorial-90-120-grados-y-puerto-poe-secundario\/","title":{"rendered":"Access Point WiFi cnPilot e501S para exterior, IP67 grado industrial, Filtros para coexistencia con redes LTE, doble banda, antena sectorial 90-120 grados y puerto PoE secundario"},"content":{"rendered":"<div style='width: 100%; max-width: 1200px; margin: 0 auto; font-family: sans-serif; line-height: 1.6; color: inherit;'>\n<div style='display: flex; flex-direction: column; gap: 30px;'> <!-- Hero Section --> <\/p>\n<div style='text-align: center;'>\n<h1 style='font-size: 2.625rem; margin: 0 0 0.875rem; font-weight: 400; line-height: 1.04762; color: inherit; text-shadow: rgba(0&comma;0&comma;0&comma;0.2) 2px 4px 3px;'> <span>e501S Outdoor Sector<\/span> <\/h1>\n<p> <img style='width: 300px; height: 61px; border: 1px solid rgba(150&comma;150&comma;150&comma;0.3); border-radius: 8px;' src='https:\/\/ftp3.syscom.mx\/usuarios\/dquezada\/Cambium\/cnPilot\/e700\/cnpilot-logo.png' alt='Logo Cambium Networks'> <\/div>\n<p> <!-- Spec Tags --> <\/p>\n<div style='display: flex; flex-wrap: wrap; gap: 10px; justify-content: center;'>\n<div style='background: rgba(235&comma;235&comma;235&comma;0.4); border-radius: 8px; padding: 4px 13px; font-size: 17px; line-height: 19px;'>\n<div>802.11ac<\/div>\n<div>Standard + MESH<\/div>\n<\/p><\/div>\n<div style='background: rgba(235&comma;235&comma;235&comma;0.4); border-radius: 8px; padding: 4px 13px; font-size: 17px; line-height: 19px;'>\n<div>256<\/div>\n<div>usuarios<\/div>\n<\/p><\/div>\n<div style='background: rgba(235&comma;235&comma;235&comma;0.4); border-radius: 8px; padding: 4px 13px; font-size: 17px; line-height: 19px;'>\n<div>Sectorial<\/div>\n<div>90-120\u00ba<\/div>\n<\/p><\/div>\n<div style='background: rgba(235&comma;235&comma;235&comma;0.4); border-radius: 8px; padding: 4px 13px; font-size: 17px; line-height: 19px;'>\n<div>Controlador<\/div>\n<div>gratuito<\/div>\n<\/p><\/div>\n<\/p><\/div>\n<hr style='border: 0; border-top: 1px solid rgba(150&comma;150&comma;150&comma;0.3); margin: 30px 0;'> <!-- Feature Grid --> <\/p>\n<div style='display: grid; grid-template-columns: repeat(auto-fill&comma; minmax(280px&comma; 1fr)); gap: 30px;'> <!-- Feature 1 --> <\/p>\n<div style='border: 1px solid rgba(150&comma;150&comma;150&comma;0.3); border-radius: 8px; overflow: hidden;'>\n<div style='padding: 15px; border-bottom: 1px solid rgba(150&comma;150&comma;150&comma;0.2); font-weight: bold; font-size: 18px; color: inherit;'>GESTI\u00d3N EN cn-MAESTRO<\/div>\n<div style='padding: 15px; font-size: 14px;'> Gesti\u00f3n integral de toda la red para manejo de inventario&comma; incorporaci\u00f3n de dispositivos&comma; operaciones diarias&comma; mantenimiento&comma; configuraci\u00f3n y aprovisionamiento&comma; as\u00ed como la creaci\u00f3n de ticket y\/o vouchers&comma; control de tiempos y Anchos de Banda&comma; y portal cautivo. <\/div>\n<\/p><\/div>\n<p> <!-- Feature 2 --> <\/p>\n<div style='border: 1px solid rgba(150&comma;150&comma;150&comma;0.3); border-radius: 8px; overflow: hidden;'>\n<div style='padding: 15px; border-bottom: 1px solid rgba(150&comma;150&comma;150&comma;0.2); font-weight: bold; font-size: 18px; color: inherit;'>DISE\u00d1ADO PARA ALTA CAPACIDAD<\/div>\n<div style='padding: 15px; font-size: 14px;'> Admite hasta 256 usuarios activos y 16 SSID. <\/div>\n<\/p><\/div>\n<p> <!-- Feature 3 --> <\/p>\n<div style='border: 1px solid rgba(150&comma;150&comma;150&comma;0.3); border-radius: 8px; overflow: hidden;'>\n<div style='padding: 15px; border-bottom: 1px solid rgba(150&comma;150&comma;150&comma;0.2); font-weight: bold; font-size: 18px; color: inherit;'>CLASIFICACI\u00d3N IP67<\/div>\n<div style='padding: 15px; font-size: 14px;'> Dise\u00f1ado para soportar ambientes exteriores exigentes&comma; resistentes al viento&comma; la arena y la lluvia&comma; y evitar da\u00f1os internos por la acumulaci\u00f3n de humedad. <\/div>\n<\/p><\/div>\n<p> <!-- Feature 4 --> <\/p>\n<div style='border: 1px solid rgba(150&comma;150&comma;150&comma;0.3); border-radius: 8px; overflow: hidden;'>\n<div style='padding: 15px; border-bottom: 1px solid rgba(150&comma;150&comma;150&comma;0.2); font-weight: bold; font-size: 18px; color: inherit;'>BACKHAUL AVANZADO<\/div>\n<div style='padding: 15px; font-size: 14px;'> Capacidad de backhauling para dise\u00f1os tipo MESH e implementaciones de redes centralizadas <\/div>\n<\/p><\/div>\n<p> <!-- Feature 5 --> <\/p>\n<div style='border: 1px solid rgba(150&comma;150&comma;150&comma;0.3); border-radius: 8px; overflow: hidden;'>\n<div style='padding: 15px; border-bottom: 1px solid rgba(150&comma;150&comma;150&comma;0.2); font-weight: bold; font-size: 18px; color: inherit;'>EL MEJOR RADIO PARA SU PRECIO<\/div>\n<div style='padding: 15px; font-size: 14px;'> e501S Ofrece una soluci\u00f3n de red Wi-Fi para exteriores confiable y de alta capacidad a un costo significativamente menor que sus competidores de calidad alta <\/div>\n<\/p><\/div>\n<p> <!-- Feature 6 --> <\/p>\n<div style='border: 1px solid rgba(150&comma;150&comma;150&comma;0.3); border-radius: 8px; overflow: hidden;'>\n<div style='padding: 15px; border-bottom: 1px solid rgba(150&comma;150&comma;150&comma;0.2); font-weight: bold; font-size: 18px; color: inherit;'>MIMO 2&#215;2<\/div>\n<\/p><\/div>\n<\/p><\/div>\n<hr style='border: 0; border-top: 1px solid rgba(150&comma;150&comma;150&comma;0.3); margin: 30px 0;'> <!-- Product Description --> <\/p>\n<div>\n<p style='font-size: 15px; color: inherit;'>cnPilot e501S es un punto de acceso de para exteriores 802.11ac MIMO 2&#215;2 de doble banda simult\u00e1nea&comma; hasta 1.167 Gbps. Combina la sencillez y la simplicidad en la instalaci\u00f3n&comma; con la gesti\u00f3n en cloud del cnMaestro. El E500 es un equipo perfecto para aquellos operadores que quieran extender su red en entornos empresariales&comma; para proporcionar conectividad Wi-Fi a dispositivos como smartphones&comma; tablets o port\u00e1tiles.<\/p>\n<h3 style='font-size: 20px; border-bottom: 2px solid currentColor; padding-bottom: 5px; margin-top: 25px; margin-bottom: 15px; color: inherit;'>Modo de operaci\u00f3n<\/h3>\n<ul style='padding-left: 20px; font-size: 14px; color: inherit;'>\n<li style='margin-bottom: 5px;'>Access Point y MESH<\/li>\n<li style='margin-bottom: 5px;'>N\u00famero m\u00e1ximo de dispositivos conectados: 256 dispositivos Wi-Fi<\/li>\n<\/ul>\n<h3 style='font-size: 20px; border-bottom: 2px solid currentColor; padding-bottom: 5px; margin-top: 25px; margin-bottom: 15px; color: inherit;'>Caracter\u00edsticas principales<\/h3>\n<ul style='padding-left: 20px; font-size: 14px; color: inherit;'>\n<li style='margin-bottom: 5px;'>Filtro LTE contra interferencia; ayuda a evitar interferencia generada por equipos LTE<\/li>\n<li style='margin-bottom: 5px;'>IP67&comma; con hardware grado industrial para temperaturas de -30 a 60\u00b0C<\/li>\n<li style='margin-bottom: 5px;'>Cobertura 90-120\u00b0<\/li>\n<li style='margin-bottom: 5px;'>Puerto PoE secundario para alimentar equipos ePMP&comma; PMP 450 o dispositivos 802.3af (para activar&comma; el equipo deber\u00e1 de ser alimentado con PoE modelo POE-450I y deber\u00e1 instalar glandula protectora modelo N000065L033A)<\/li>\n<li style='margin-bottom: 5px;'>Protecci\u00f3n ESD para evitar descargas electroestaticas<\/li>\n<li style='margin-bottom: 5px;'>Slot Kensington para asegurar el equipo en el lugar de instalaci\u00f3n<\/li>\n<\/ul>\n<h3 style='font-size: 20px; border-bottom: 2px solid currentColor; padding-bottom: 5px; margin-top: 25px; margin-bottom: 15px; color: inherit;'>Caracter\u00edsticas generales<\/h3>\n<ul style='padding-left: 20px; font-size: 14px; color: inherit;'>\n<li style='margin-bottom: 5px;'>Est\u00e1ndar 802.11 a\/b\/g\/n\/ac<\/li>\n<li style='margin-bottom: 5px;'>MIMO 2X2<\/li>\n<li style='margin-bottom: 5px;'>Potencia de salida: 2.4 GHz: 29 dBm (794 mW)&comma; 5 GHz: 28 dBm (630 mW)<\/li>\n<li style='margin-bottom: 5px;'>Antena sectorial integrada de 10.5 dBi en 2.4 GHz y 13 dBi en 5 GHz<\/li>\n<li style='margin-bottom: 5px;'>Desempe\u00f1o: 300 Mbps @ 2.4 GHz&comma; 867 Mbps @ 5 GHz<\/li>\n<li style='margin-bottom: 5px;'>Consumo: 13W sin activar PoE secundario o 61W si activa PoE secundario con fuente POE-450I<\/li>\n<li style='margin-bottom: 5px;'>Soporta hasta 16 SSID<\/li>\n<\/ul>\n<h3 style='font-size: 20px; border-bottom: 2px solid currentColor; padding-bottom: 5px; margin-top: 25px; margin-bottom: 15px; color: inherit;'>Paquete incluye<\/h3>\n<div style='text-align: center;'> <img style='width: 100%; height: auto; border: 1px solid rgba(150&comma;150&comma;150&comma;0.3); border-radius: 8px;' src='https:\/\/ftp3.syscom.mx\/usuarios\/dquezada\/Cambium\/cnPilot\/e501s\/incluye.JPG' alt='Paquete incluye'> <\/p>\n<div style='font-size: 14px; margin-top: 10px; color: inherit;'><em>*<strong>Incluye fuente de alimentaci\u00f3n PoE.<\/strong><\/em><\/div>\n<\/p><\/div>\n<h3 style='font-size: 20px; border-bottom: 2px solid currentColor; padding-bottom: 5px; margin-top: 25px; margin-bottom: 15px; color: inherit;'>Comparativa cnPilot para exterior<\/h3>\n<div style='text-align: center;'> <img style='width: 100%; height: auto; border: 1px solid rgba(150&comma;150&comma;150&comma;0.3); border-radius: 8px;' src='https:\/\/ftp3.syscom.mx\/usuarios\/dquezada\/Cambium\/cnPilot\/e700\/Comparativa.JPG' alt='Comparativa cnPilot'> <\/div>\n<\/p><\/div>\n<p> <!-- Video --> <\/p>\n<div style='position: relative; padding-bottom: 56.25%; height: 0; overflow: hidden; margin: 30px 0;'>   <\/div>\n<\/p><\/div>\n","protected":false},"excerpt":{"rendered":"<p>Access Point WiFi cnPilot e501S para exterior, IP67 grado industrial, Filtros para coexistencia con redes LTE, doble banda, antena sectorial 90-120 grados y puerto PoE secundario<\/p>\n","protected":false},"featured_media":73724,"comment_status":"open","ping_status":"closed","template":"","meta":[],"product_brand":[],"product_cat":[1794],"product_tag":[1316,1795,1479],"class_list":{"0":"post-73725","1":"product","2":"type-product","3":"status-publish","4":"has-post-thumbnail","6":"product_cat-puntos-de-acceso","7":"product_tag-cambium-networks","8":"product_tag-puntos-de-acceso","9":"product_tag-redes-wifi","11":"first","12":"outofstock","13":"sale","14":"shipping-taxable","15":"purchasable","16":"product-type-simple"},"_links":{"self":[{"href":"https:\/\/soydeaqui.ddns.net\/pachuca\/index.php\/wp-json\/wp\/v2\/product\/73725","targetHints":{"allow":["GET"]}}],"collection":[{"href":"https:\/\/soydeaqui.ddns.net\/pachuca\/index.php\/wp-json\/wp\/v2\/product"}],"about":[{"href":"https:\/\/soydeaqui.ddns.net\/pachuca\/index.php\/wp-json\/wp\/v2\/types\/product"}],"replies":[{"embeddable":true,"href":"https:\/\/soydeaqui.ddns.net\/pachuca\/index.php\/wp-json\/wp\/v2\/comments?post=73725"}],"wp:featuredmedia":[{"embeddable":true,"href":"https:\/\/soydeaqui.ddns.net\/pachuca\/index.php\/wp-json\/wp\/v2\/media\/73724"}],"wp:attachment":[{"href":"https:\/\/soydeaqui.ddns.net\/pachuca\/index.php\/wp-json\/wp\/v2\/media?parent=73725"}],"wp:term":[{"taxonomy":"product_brand","embeddable":true,"href":"https:\/\/soydeaqui.ddns.net\/pachuca\/index.php\/wp-json\/wp\/v2\/product_brand?post=73725"},{"taxonomy":"product_cat","embeddable":true,"href":"https:\/\/soydeaqui.ddns.net\/pachuca\/index.php\/wp-json\/wp\/v2\/product_cat?post=73725"},{"taxonomy":"product_tag","embeddable":true,"href":"https:\/\/soydeaqui.ddns.net\/pachuca\/index.php\/wp-json\/wp\/v2\/product_tag?post=73725"}],"curies":[{"name":"wp","href":"https:\/\/api.w.org\/{rel}","templated":true}]}}