{"id":73709,"date":"2026-03-19T13:32:53","date_gmt":"2026-03-19T13:32:53","guid":{"rendered":"https:\/\/soydeaqui.ddns.net\/pachuca\/index.php\/producto\/lhg-hp5-cliente-de-alta-potencia-en-5ghz-802-11-a-n-con-antena-de-rejilla-de-24-5dbi\/"},"modified":"2026-03-19T13:33:06","modified_gmt":"2026-03-19T13:33:06","slug":"lhg-hp5-cliente-de-alta-potencia-en-5ghz-802-11-a-n-con-antena-de-rejilla-de-24-5dbi","status":"publish","type":"product","link":"https:\/\/soydeaqui.ddns.net\/pachuca\/index.php\/producto\/lhg-hp5-cliente-de-alta-potencia-en-5ghz-802-11-a-n-con-antena-de-rejilla-de-24-5dbi\/","title":{"rendered":"(LHG HP5) Cliente de Alta Potencia en 5GHz 802.11 a\/n con Antena de Rejilla de 24.5dBi"},"content":{"rendered":"<div style='width: 100%; max-width: 1200px; margin: 0 auto; font-family: sans-serif; line-height: 1.6; color: inherit; background-color: transparent;'> <!-- Imagen principal --> <\/p>\n<div style='margin-bottom: 30px;'> <img style='width: 100%; height: auto; border: 1px solid rgba(150&comma;150&comma;150&comma;0.3); border-radius: 8px;' src='https:\/\/ftp3.syscom.mx\/usuarios\/fotos\/RBLHG5HPND\/136371-banner_rblhg-5hpnd.png' alt=''> <\/div>\n<p> <!-- Descripci\u00f3n principal --> <\/p>\n<div style='margin-bottom: 30px; font-size: 15px;'>\n<p style='margin: 0 0 15px 0;'>El LHG es un dispositivo inal\u00e1mbrico compacto y ligero de 5GHz 802&comma;11 a\/n con una antena de red de doble polarizaci\u00f3n integrada de 24&comma;5 dBi. LHG HP5 viene con dos veces m\u00e1s potencia de salida que nuestro LHG 5 regular&comma; y est\u00e1 dise\u00f1ado para alcanzar hasta un 60% de distancias m\u00e1s largas.<\/p>\n<p style='margin: 0 0 15px 0;'>El dise\u00f1o de la red garantiza la protecci\u00f3n contra el viento&comma; y el hecho de que el elemento de antena est\u00e9 integrado en la unidad inal\u00e1mbrica significa que no hay p\u00e9rdida de cables.<\/p>\n<\/p><\/div>\n<p> <!-- Secciones con cards --> <\/p>\n<div style='display: grid; grid-template-columns: repeat(auto-fill&comma; minmax(280px&comma; 1fr)); gap: 20px; margin-bottom: 30px;'> <!-- Especificaciones --> <\/p>\n<div style='border: 1px solid rgba(150&comma; 150&comma; 150&comma; 0.4); border-radius: 8px; overflow: hidden; display: flex; flex-direction: column;'>\n<div style='padding: 15px; border-bottom: 1px solid rgba(150&comma; 150&comma; 150&comma; 0.2); font-weight: bold; font-size: 18px; color: inherit;'>Especificaciones<\/div>\n<div style='padding: 15px; color: inherit;'>\n<ul style='padding-left: 20px; margin: 0; font-size: 14px; list-style-type: disc;'>\n<li style='margin-bottom: 5px;'><strong>C\u00f3digo del producto:<\/strong> RBLHG-5HPnD<\/li>\n<li style='margin-bottom: 5px;'><strong>Arquitectura:<\/strong> MIPSBE<\/li>\n<li style='margin-bottom: 5px;'><strong>CPU:<\/strong> AR9344<\/li>\n<li style='margin-bottom: 5px;'><strong>N\u00facleos:<\/strong> 1<\/li>\n<li style='margin-bottom: 5px;'><strong>Frecuencia CPU:<\/strong> 600 MHz<\/li>\n<li style='margin-bottom: 5px;'><strong>Dimensiones:<\/strong> \u00d8 391 x 222 mm<\/li>\n<li style='margin-bottom: 5px;'><strong>Licencia RouterOS:<\/strong> 3<\/li>\n<li style='margin-bottom: 5px;'><strong>Sistema operativo:<\/strong> <a style='color: inherit; text-decoration: underline;' href='https:\/\/wiki.mikrotik.com\/wiki\/Manual:TOC' target='_blank'>RouterOS<\/a><\/li>\n<li style='margin-bottom: 5px;'><strong>RAM:<\/strong> 64 MB<\/li>\n<li style='margin-bottom: 5px;'><strong>Almacenamiento:<\/strong> 16 MB FLASH<\/li>\n<li style='margin-bottom: 5px;'><strong>MTBF:<\/strong> Aproximadamente 100&#8217;000 horas a 25\u00b0C<\/li>\n<li style='margin-bottom: 5px;'><strong>Temperatura:<\/strong> -40 \u00b0C a 70 \u00b0C<\/li>\n<\/ul><\/div>\n<\/p><\/div>\n<p> <!-- Alimentaci\u00f3n --> <\/p>\n<div style='border: 1px solid rgba(150&comma; 150&comma; 150&comma; 0.4); border-radius: 8px; overflow: hidden; display: flex; flex-direction: column;'>\n<div style='padding: 15px; border-bottom: 1px solid rgba(150&comma; 150&comma; 150&comma; 0.2); font-weight: bold; font-size: 18px; color: inherit;'>Alimentaci\u00f3n<\/div>\n<div style='padding: 15px; color: inherit;'>\n<ul style='padding-left: 20px; margin: 0; font-size: 14px; list-style-type: disc;'>\n<li style='margin-bottom: 5px;'><strong>Entrada:<\/strong> PoE-IN<\/li>\n<li style='margin-bottom: 5px;'><strong>Consumo:<\/strong> 7 W<\/li>\n<li style='margin-bottom: 5px;'><strong>Refrigeraci\u00f3n:<\/strong> Pasivo<\/li>\n<li style='margin-bottom: 5px;'><strong>PoE:<\/strong> PoE pasivo<\/li>\n<li style='margin-bottom: 5px;'><strong>Voltaje:<\/strong> 10-28 V<\/li>\n<\/ul><\/div>\n<\/p><\/div>\n<p> <!-- Inal\u00e1mbricas --> <\/p>\n<div style='border: 1px solid rgba(150&comma; 150&comma; 150&comma; 0.4); border-radius: 8px; overflow: hidden; display: flex; flex-direction: column;'>\n<div style='padding: 15px; border-bottom: 1px solid rgba(150&comma; 150&comma; 150&comma; 0.2); font-weight: bold; font-size: 18px; color: inherit;'>Especificaciones inal\u00e1mbricas<\/div>\n<div style='padding: 15px; color: inherit;'>\n<ul style='padding-left: 20px; margin: 0; font-size: 14px; list-style-type: disc;'>\n<li style='margin-bottom: 5px;'><strong>Velocidad 5 GHz:<\/strong> 300 Mbit\/s<\/li>\n<li style='margin-bottom: 5px;'><strong>Cadenas 5 GHz:<\/strong> 2<\/li>\n<li style='margin-bottom: 5px;'><strong>Est\u00e1ndares:<\/strong> 802.11a\/n<\/li>\n<li style='margin-bottom: 5px;'><strong>Ganancia antena:<\/strong> 24.5 dBi<\/li>\n<li style='margin-bottom: 5px;'><strong>Chip 5 GHz:<\/strong> AR9344<\/li>\n<li style='margin-bottom: 5px;'><strong>Generaci\u00f3n:<\/strong> Wi-Fi 4<\/li>\n<\/ul><\/div>\n<\/p><\/div>\n<p> <!-- Ethernet --> <\/p>\n<div style='border: 1px solid rgba(150&comma; 150&comma; 150&comma; 0.4); border-radius: 8px; overflow: hidden; display: flex; flex-direction: column;'>\n<div style='padding: 15px; border-bottom: 1px solid rgba(150&comma; 150&comma; 150&comma; 0.2); font-weight: bold; font-size: 18px; color: inherit;'>Ethernet<\/div>\n<div style='padding: 15px; color: inherit;'>\n<ul style='padding-left: 20px; margin: 0; font-size: 14px; list-style-type: disc;'>\n<li style='margin-bottom: 5px;'><strong>Puertos:<\/strong> 1 x 10\/100<\/li>\n<\/ul><\/div>\n<\/p><\/div>\n<p> <!-- Certificaciones --> <\/p>\n<div style='border: 1px solid rgba(150&comma; 150&comma; 150&comma; 0.4); border-radius: 8px; overflow: hidden; display: flex; flex-direction: column;'>\n<div style='padding: 15px; border-bottom: 1px solid rgba(150&comma; 150&comma; 150&comma; 0.2); font-weight: bold; font-size: 18px; color: inherit;'>Certificaciones<\/div>\n<div style='padding: 15px; color: inherit;'>\n<ul style='padding-left: 20px; margin: 0; font-size: 14px; list-style-type: disc;'>\n<li style='margin-bottom: 5px;'><strong>Certificaciones:<\/strong> CE&comma; FCC&comma; IC&comma; EAC&comma; ROHS<\/li>\n<\/ul><\/div>\n<\/p><\/div>\n<p> <!-- Tabla de rendimiento inal\u00e1mbrico --> <\/p>\n<div style='border: 1px solid rgba(150&comma; 150&comma; 150&comma; 0.4); border-radius: 8px; overflow: hidden; display: flex; flex-direction: column;'>\n<div style='padding: 15px; border-bottom: 1px solid rgba(150&comma; 150&comma; 150&comma; 0.2); font-weight: bold; font-size: 18px; color: inherit;'>Rendimiento inal\u00e1mbrico 5GHz<\/div>\n<div style='padding: 15px; color: inherit;'>\n<table style='width: 100%; border-collapse: collapse; font-size: 14px;'>\n<thead>\n<tr style='background-color: rgba(150&comma;150&comma;150&comma;0.1);'>\n<th style='text-align: left; padding: 8px; border-bottom: 1px solid rgba(150&comma;150&comma;150&comma;0.3);'>Velocidad<\/th>\n<th style='text-align: left; padding: 8px; border-bottom: 1px solid rgba(150&comma;150&comma;150&comma;0.3);'>Transmisi\u00f3n (dBm)<\/th>\n<th style='text-align: left; padding: 8px; border-bottom: 1px solid rgba(150&comma;150&comma;150&comma;0.3);'>Sensibilidad<\/th>\n<\/tr>\n<\/thead>\n<tbody>\n<tr style='border-bottom: 1px solid rgba(150&comma;150&comma;150&comma;0.2);'>\n<td style='padding: 8px 0;'>6 MBit\/s<\/td>\n<td style='padding: 8px 0;'>28<\/td>\n<td style='padding: 8px 0;'>-96<\/td>\n<\/tr>\n<tr style='border-bottom: 1px solid rgba(150&comma;150&comma;150&comma;0.2);'>\n<td style='padding: 8px 0;'>54 MBit\/s<\/td>\n<td style='padding: 8px 0;'>25<\/td>\n<td style='padding: 8px 0;'>-80<\/td>\n<\/tr>\n<tr style='border-bottom: 1px solid rgba(150&comma;150&comma;150&comma;0.2);'>\n<td style='padding: 8px 0;'>MCS0<\/td>\n<td style='padding: 8px 0;'>28<\/td>\n<td style='padding: 8px 0;'>-96<\/td>\n<\/tr>\n<tr style='border-bottom: 1px solid rgba(150&comma;150&comma;150&comma;0.2);'>\n<td style='padding: 8px 0;'>MCS7<\/td>\n<td style='padding: 8px 0;'>24<\/td>\n<td style='padding: 8px 0;'>-75<\/td>\n<\/tr>\n<\/tbody>\n<\/table><\/div>\n<\/p><\/div>\n<p> <!-- Piezas incluidas --> <\/p>\n<div style='border: 1px solid rgba(150&comma; 150&comma; 150&comma; 0.4); border-radius: 8px; overflow: hidden; display: flex; flex-direction: column;'>\n<div style='padding: 15px; border-bottom: 1px solid rgba(150&comma; 150&comma; 150&comma; 0.2); font-weight: bold; font-size: 18px; color: inherit;'>Piezas incluidas<\/div>\n<div style='padding: 15px; color: inherit;'>\n<div style='display: grid; grid-template-columns: repeat(auto-fill&comma; minmax(130px&comma; 1fr)); gap: 15px;'>\n<div style='text-align: center;'> <a style='color: inherit; text-decoration: none;' href='https:\/\/i.mt.lv\/cdn\/rb_images\/part171391162306m.jpg'> <img style='width: 80px; height: auto; border: 1px solid rgba(150&comma;150&comma;150&comma;0.3); border-radius: 4px; margin-bottom: 8px;' src='https:\/\/i.mt.lv\/cdn\/rb_images\/part171391162306s.jpg' alt=''> <\/p>\n<div style='font-size: 13px;'>Adaptador de corriente de 24V 0.38A<\/div>\n<p> <\/a> <\/div>\n<div style='text-align: center;'> <a style='color: inherit; text-decoration: none;' href='https:\/\/i.mt.lv\/cdn\/rb_images\/part81391162677m.jpg'> <img style='width: 80px; height: auto; border: 1px solid rgba(150&comma;150&comma;150&comma;0.3); border-radius: 4px; margin-bottom: 8px;' src='https:\/\/i.mt.lv\/cdn\/rb_images\/part81391162677s.jpg' alt=''> <\/p>\n<div style='font-size: 13px;'>Anillos met\u00e1licos (dos)<\/div>\n<p> <\/a> <\/div>\n<div style='text-align: center;'> <a style='color: inherit; text-decoration: none;' href='https:\/\/i.mt.lv\/cdn\/rb_images\/part101391160012m.jpg'> <img style='width: 80px; height: auto; border: 1px solid rgba(150&comma;150&comma;150&comma;0.3); border-radius: 4px; margin-bottom: 8px;' src='https:\/\/i.mt.lv\/cdn\/rb_images\/part101391160012s.jpg' alt=''> <\/p>\n<div style='font-size: 13px;'>Inyector PoE<\/div>\n<p> <\/a> <\/div>\n<div style='text-align: center;'> <a style='color: inherit; text-decoration: none;' href='https:\/\/i.mt.lv\/cdn\/rb_images\/part611491991806m.jpg'> <img style='width: 80px; height: auto; border: 1px solid rgba(150&comma;150&comma;150&comma;0.3); border-radius: 4px; margin-bottom: 8px;' src='https:\/\/i.mt.lv\/cdn\/rb_images\/part611491991806s.jpg' alt=''> <\/p>\n<div style='font-size: 13px;'>Kit K-LHG<\/div>\n<p> <\/a> <\/div>\n<\/p><\/div>\n<\/p><\/div>\n<\/p><\/div>\n<\/p><\/div>\n<p> <!-- Nota de licencia --> <\/p>\n<div style='margin-bottom: 30px; padding: 15px; border-left: 3px solid rgba(150&comma;150&comma;150&comma;0.4); font-size: 14px;'> <em>El dispositivo tiene un sistema operativo preinstalado y licenciado. No es necesaria ninguna compra separada y el producto est\u00e1 listo para usar. El dispositivo incluye actualizaciones de software gratuitas durante la vida \u00fatil del producto o un m\u00ednimo de 5 a\u00f1os a partir de la fecha de compra.<\/em> <\/div>\n<p> <!-- Garant\u00eda --> <\/p>\n<div style='text-align: center; margin: 30px 0;'> <img style='width: 150px; height: 150px; border: 1px solid rgba(150&comma;150&comma;150&comma;0.3); border-radius: 8px;' src='https:\/\/ftp3.syscom.mx\/usuarios\/fotos\/CCR10097G1C1S+PC\/137052-garantia1.png' alt=''> <\/div>\n<\/p><\/div>\n","protected":false},"excerpt":{"rendered":"<p>(LHG HP5) Cliente de Alta Potencia en 5GHz 802.11 a\/n con Antena de Rejilla de 24.5dBi<\/p>\n","protected":false},"featured_media":73708,"comment_status":"open","ping_status":"closed","template":"","meta":[],"product_brand":[],"product_cat":[1998],"product_tag":[1999,1980,643],"class_list":{"0":"post-73709","1":"product","2":"type-product","3":"status-publish","4":"has-post-thumbnail","6":"product_cat-5-y-6-ghz","7":"product_tag-5-y-6-ghz","8":"product_tag-enlaces-ptp-y-ptmp","9":"product_tag-mikrotik","11":"first","12":"outofstock","13":"sale","14":"shipping-taxable","15":"purchasable","16":"product-type-simple"},"_links":{"self":[{"href":"https:\/\/soydeaqui.ddns.net\/pachuca\/index.php\/wp-json\/wp\/v2\/product\/73709","targetHints":{"allow":["GET"]}}],"collection":[{"href":"https:\/\/soydeaqui.ddns.net\/pachuca\/index.php\/wp-json\/wp\/v2\/product"}],"about":[{"href":"https:\/\/soydeaqui.ddns.net\/pachuca\/index.php\/wp-json\/wp\/v2\/types\/product"}],"replies":[{"embeddable":true,"href":"https:\/\/soydeaqui.ddns.net\/pachuca\/index.php\/wp-json\/wp\/v2\/comments?post=73709"}],"wp:featuredmedia":[{"embeddable":true,"href":"https:\/\/soydeaqui.ddns.net\/pachuca\/index.php\/wp-json\/wp\/v2\/media\/73708"}],"wp:attachment":[{"href":"https:\/\/soydeaqui.ddns.net\/pachuca\/index.php\/wp-json\/wp\/v2\/media?parent=73709"}],"wp:term":[{"taxonomy":"product_brand","embeddable":true,"href":"https:\/\/soydeaqui.ddns.net\/pachuca\/index.php\/wp-json\/wp\/v2\/product_brand?post=73709"},{"taxonomy":"product_cat","embeddable":true,"href":"https:\/\/soydeaqui.ddns.net\/pachuca\/index.php\/wp-json\/wp\/v2\/product_cat?post=73709"},{"taxonomy":"product_tag","embeddable":true,"href":"https:\/\/soydeaqui.ddns.net\/pachuca\/index.php\/wp-json\/wp\/v2\/product_tag?post=73709"}],"curies":[{"name":"wp","href":"https:\/\/api.w.org\/{rel}","templated":true}]}}