{"id":737,"date":"2026-03-18T05:43:33","date_gmt":"2026-03-18T05:43:33","guid":{"rendered":"https:\/\/soydeaqui.ddns.net\/pachuca\/index.php\/producto\/boton-de-llamada-sos-para-asistencia-de-enfermeria\/"},"modified":"2026-03-18T05:43:34","modified_gmt":"2026-03-18T05:43:34","slug":"boton-de-llamada-sos-para-asistencia-de-enfermeria","status":"publish","type":"product","link":"https:\/\/soydeaqui.ddns.net\/pachuca\/index.php\/producto\/boton-de-llamada-sos-para-asistencia-de-enfermeria\/","title":{"rendered":"boton de llamada sos para asistencia de enfermeria"},"content":{"rendered":"<div style='width: 100%; max-width: 1200px; margin: 0 auto; font-family: sans-serif; line-height: 1.6; color: inherit; background-color: transparent;'>\n<div style='display: flex; flex-wrap: wrap; gap: 30px; margin-bottom: 30px;'>\n<div style='flex: 1 1 300px; min-width: 280px;'>\n<h3 style='font-size: 22px; border-bottom: 2px solid currentColor; padding-bottom: 5px; margin-top: 0; color: inherit; opacity: 0.8;'>Descripci\u00f3n<\/h3>\n<p style='font-size: 15px; color: inherit; margin-top: 15px;'>El pulsador de llamada SOS impermeable Retekess TH010 IP67 es un dispositivo de comunicaci\u00f3n de emergencias fiable&comma; adecuado para hospitales&comma; enfermer\u00edas&comma; residencias de ancianos y cl\u00ednicas. Gracias a su bot\u00f3n de llamada SOS de larga distancia con un solo toque&comma; los usuarios pueden enviar r\u00e1pidamente alertas durante emergencias. Su c\u00f3modo material de tacto de silicona garantiza una agradable experiencia de uso&comma; al tiempo que es fuerte y resistente a las ca\u00eddas. El bot\u00f3n magn\u00e9tico recargable permite una carga f\u00e1cil y c\u00f3moda. Viene con un cord\u00f3n&comma; por lo que es port\u00e1til y se puede llevar a todas partes. Adem\u00e1s&comma; su grado de impermeabilidad IP67 permite usarlo sin preocupaciones incluso en entornos h\u00famedos. El TH010 es especialmente \u00fatil para llamadas de emergencia a personas mayores&comma; enfermos y ni\u00f1os. En general&comma; este pulsador de llamada ofrece una soluci\u00f3n pr\u00e1ctica y fiable para obtener una respuesta y asistencia r\u00e1pidas en situaciones cr\u00edticas.<\/p>\n<\/div>\n<\/div>\n<\/div>\n","protected":false},"excerpt":{"rendered":"<p>boton de llamada sos para asistencia de enfermeria<\/p>\n","protected":false},"featured_media":736,"comment_status":"open","ping_status":"closed","template":"","meta":[],"product_brand":[],"product_cat":[167],"product_tag":[93,168,235],"class_list":{"0":"post-737","1":"product","2":"type-product","3":"status-publish","4":"has-post-thumbnail","6":"product_cat-botones-de-panico","7":"product_tag-accesorios","8":"product_tag-botones-de-panico","9":"product_tag-retekess","11":"first","12":"outofstock","13":"sale","14":"shipping-taxable","15":"purchasable","16":"product-type-simple"},"_links":{"self":[{"href":"https:\/\/soydeaqui.ddns.net\/pachuca\/index.php\/wp-json\/wp\/v2\/product\/737","targetHints":{"allow":["GET"]}}],"collection":[{"href":"https:\/\/soydeaqui.ddns.net\/pachuca\/index.php\/wp-json\/wp\/v2\/product"}],"about":[{"href":"https:\/\/soydeaqui.ddns.net\/pachuca\/index.php\/wp-json\/wp\/v2\/types\/product"}],"replies":[{"embeddable":true,"href":"https:\/\/soydeaqui.ddns.net\/pachuca\/index.php\/wp-json\/wp\/v2\/comments?post=737"}],"wp:featuredmedia":[{"embeddable":true,"href":"https:\/\/soydeaqui.ddns.net\/pachuca\/index.php\/wp-json\/wp\/v2\/media\/736"}],"wp:attachment":[{"href":"https:\/\/soydeaqui.ddns.net\/pachuca\/index.php\/wp-json\/wp\/v2\/media?parent=737"}],"wp:term":[{"taxonomy":"product_brand","embeddable":true,"href":"https:\/\/soydeaqui.ddns.net\/pachuca\/index.php\/wp-json\/wp\/v2\/product_brand?post=737"},{"taxonomy":"product_cat","embeddable":true,"href":"https:\/\/soydeaqui.ddns.net\/pachuca\/index.php\/wp-json\/wp\/v2\/product_cat?post=737"},{"taxonomy":"product_tag","embeddable":true,"href":"https:\/\/soydeaqui.ddns.net\/pachuca\/index.php\/wp-json\/wp\/v2\/product_tag?post=737"}],"curies":[{"name":"wp","href":"https:\/\/api.w.org\/{rel}","templated":true}]}}