{"id":73683,"date":"2026-03-19T13:31:52","date_gmt":"2026-03-19T13:31:52","guid":{"rendered":"https:\/\/soydeaqui.ddns.net\/pachuca\/index.php\/producto\/sbx8106-chasis-de-6-ranuras-de-montaje-en-rack-con-bandeja-de-ventilador\/"},"modified":"2026-03-19T13:31:54","modified_gmt":"2026-03-19T13:31:54","slug":"sbx8106-chasis-de-6-ranuras-de-montaje-en-rack-con-bandeja-de-ventilador","status":"publish","type":"product","link":"https:\/\/soydeaqui.ddns.net\/pachuca\/index.php\/producto\/sbx8106-chasis-de-6-ranuras-de-montaje-en-rack-con-bandeja-de-ventilador\/","title":{"rendered":"(SBx8106) Chasis de 6 ranuras de montaje en rack con bandeja de ventilador"},"content":{"rendered":"<div style='width: 100%; max-width: 1200px; margin: 0 auto; font-family: sans-serif; line-height: 1.6; color: inherit; background-color: transparent;'>\n<div style='display: flex; flex-wrap: wrap; gap: 30px; margin-bottom: 30px;'>\n<div style='flex: 1 1 300px; min-width: 280px;'>\n<h3 style='font-size: 22px; border-bottom: 2px solid currentColor; padding-bottom: 5px; margin-top: 0; color: inherit; opacity: 0.8;'>Descripci\u00f3n<\/h3>\n<ul style='padding-left: 20px; font-size: 15px; color: inherit;'>\n<li style='margin-bottom: 5px;'>F\u00e1cilmente el chasis m\u00e1s eficiente en energ\u00eda de su clase&comma; el SwitchBlade x8100 Series presenta un menor coste de propiedad&comma; y es mejor para el planeta. Un interruptor. Posibilidades ilimitadas.<\/li>\n<li style='margin-bottom: 5px;'>Dise\u00f1ado para ofrecer alta disponibilidad&comma; rendimiento de velocidad por cable y un alto n\u00famero de puertos<\/li>\n<li style='margin-bottom: 5px;'>El dise\u00f1o altamente resistente incluye controladores duales&comma; PSU duales y rutas de backplane pasivo redundantes dobles<\/li>\n<li style='margin-bottom: 5px;'>Las tarjetas de control dual est\u00e1n asociadas con cuatro ranuras para tarjetas de l\u00ednea en el chasis de 6 ranuras<\/li>\n<li style='margin-bottom: 5px;'>Opciones de tarjeta de l\u00ednea Gigabit y 10 Gigabit<\/li>\n<li style='margin-bottom: 5px;'>Fuentes de alimentaci\u00f3n de alta eficiencia y juegos de chips de baja potencia<\/li>\n<\/ul><\/div>\n<\/p><\/div>\n<div style='display: flex; flex-wrap: wrap; gap: 20px; margin-bottom: 30px;'>\n<div style='flex: 1 1 250px; border: 1px solid rgba(150&comma; 150&comma; 150&comma; 0.4); border-radius: 8px; overflow: hidden; display: flex; flex-direction: column;'>\n<div style='padding: 15px; border-bottom: 1px solid rgba(150&comma; 150&comma; 150&comma; 0.2); font-weight: bold; font-size: 18px; color: inherit;'>Caracter\u00edsticas clave<\/div>\n<div style='padding: 15px; color: inherit;'>\n<ul style='padding-left: 20px; margin: 0; font-size: 14px; list-style-type: disc;'>\n<li style='margin-bottom: 5px;'>Tarjeta de l\u00ednea modular SBx81XLEM 40G<\/li>\n<li style='margin-bottom: 5px;'>Allied Telesis Autonomous Management Framework\u2122 Plus (AMF Plus)<\/li>\n<li style='margin-bottom: 5px;'>Monitorizaci\u00f3n de fibra activa\u2122 (AFM)<\/li>\n<li style='margin-bottom: 5px;'>Enrutamiento basado en pol\u00edticas<\/li>\n<li style='margin-bottom: 5px;'>Compatibilidad con Microsoft Network Load Balancing (MS NLB)<\/li>\n<\/ul><\/div>\n<\/p><\/div>\n<\/p><\/div>\n<hr style='border: 0; border-top: 1px solid rgba(150&comma; 150&comma; 150&comma; 0.3); margin: 30px 0;'> <\/div>\n","protected":false},"excerpt":{"rendered":"<p>(SBx8106) Chasis de 6 ranuras de montaje en rack con bandeja de ventilador<\/p>\n","protected":false},"featured_media":73682,"comment_status":"open","ping_status":"closed","template":"","meta":[],"product_brand":[],"product_cat":[1970],"product_tag":[1995,664,1971],"class_list":{"0":"post-73683","1":"product","2":"type-product","3":"status-publish","4":"has-post-thumbnail","6":"product_cat-switches","7":"product_tag-allied-telesis","8":"product_tag-networking","9":"product_tag-switches","11":"first","12":"outofstock","13":"sale","14":"shipping-taxable","15":"purchasable","16":"product-type-simple"},"_links":{"self":[{"href":"https:\/\/soydeaqui.ddns.net\/pachuca\/index.php\/wp-json\/wp\/v2\/product\/73683","targetHints":{"allow":["GET"]}}],"collection":[{"href":"https:\/\/soydeaqui.ddns.net\/pachuca\/index.php\/wp-json\/wp\/v2\/product"}],"about":[{"href":"https:\/\/soydeaqui.ddns.net\/pachuca\/index.php\/wp-json\/wp\/v2\/types\/product"}],"replies":[{"embeddable":true,"href":"https:\/\/soydeaqui.ddns.net\/pachuca\/index.php\/wp-json\/wp\/v2\/comments?post=73683"}],"wp:featuredmedia":[{"embeddable":true,"href":"https:\/\/soydeaqui.ddns.net\/pachuca\/index.php\/wp-json\/wp\/v2\/media\/73682"}],"wp:attachment":[{"href":"https:\/\/soydeaqui.ddns.net\/pachuca\/index.php\/wp-json\/wp\/v2\/media?parent=73683"}],"wp:term":[{"taxonomy":"product_brand","embeddable":true,"href":"https:\/\/soydeaqui.ddns.net\/pachuca\/index.php\/wp-json\/wp\/v2\/product_brand?post=73683"},{"taxonomy":"product_cat","embeddable":true,"href":"https:\/\/soydeaqui.ddns.net\/pachuca\/index.php\/wp-json\/wp\/v2\/product_cat?post=73683"},{"taxonomy":"product_tag","embeddable":true,"href":"https:\/\/soydeaqui.ddns.net\/pachuca\/index.php\/wp-json\/wp\/v2\/product_tag?post=73683"}],"curies":[{"name":"wp","href":"https:\/\/api.w.org\/{rel}","templated":true}]}}