{"id":73662,"date":"2026-03-19T13:31:04","date_gmt":"2026-03-19T13:31:04","guid":{"rendered":"https:\/\/soydeaqui.ddns.net\/pachuca\/index.php\/producto\/antena-direccional-para-ptp820-6ft-7-8-ghz\/"},"modified":"2026-03-19T13:31:06","modified_gmt":"2026-03-19T13:31:06","slug":"antena-direccional-para-ptp820-6ft-7-8-ghz","status":"publish","type":"product","link":"https:\/\/soydeaqui.ddns.net\/pachuca\/index.php\/producto\/antena-direccional-para-ptp820-6ft-7-8-ghz\/","title":{"rendered":"Antena direccional para PTP820 6ft, 7-8 GHz"},"content":{"rendered":"<div style='width: 100%; max-width: 1200px; margin: 0 auto; font-family: sans-serif; line-height: 1.6; color: inherit; background-color: transparent;'> <!-- Secci\u00f3n de caracter\u00edsticas principales --> <\/p>\n<div style='display: flex; flex-wrap: wrap; gap: 30px; margin-bottom: 30px;'>\n<div style='flex: 1 1 300px; min-width: 280px;'>\n<h3 style='font-size: 22px; border-bottom: 2px solid currentColor; padding-bottom: 5px; margin-top: 0; color: inherit; opacity: 0.8;'>Caracter\u00edsticas Generales<\/h3>\n<ul style='padding-left: 20px; font-size: 15px; color: inherit;'>\n<li style='margin-bottom: 5px;'><strong>Tipo:<\/strong> Antena direccional de microondas<\/li>\n<li style='margin-bottom: 5px;'><strong>Marca:<\/strong> ValuLine\u00ae<\/li>\n<li style='margin-bottom: 5px;'><strong>Tipo de antena:<\/strong> High Performance Low Profile Antenna<\/li>\n<li style='margin-bottom: 5px;'><strong>Polarizaci\u00f3n:<\/strong> Simple<\/li>\n<li style='margin-bottom: 5px;'><strong>Conector:<\/strong> PDR84<\/li>\n<li style='margin-bottom: 5px;'><strong>Color:<\/strong> Blanco<\/li>\n<li style='margin-bottom: 5px;'><strong>Material del radomo:<\/strong> Pol\u00edmero<\/li>\n<li style='margin-bottom: 5px;'><strong>Color del radomo:<\/strong> Gris<\/li>\n<li style='margin-bottom: 5px;'><strong>Estructura:<\/strong> Reflector de una pieza<\/li>\n<li style='margin-bottom: 5px;'><strong>Flash:<\/strong> No incluido<\/li>\n<\/ul><\/div>\n<div style='flex: 1 1 300px; min-width: 280px;'>\n<h3 style='font-size: 22px; border-bottom: 2px solid currentColor; padding-bottom: 5px; margin-top: 0; color: inherit; opacity: 0.8;'>Especificaciones Mec\u00e1nicas<\/h3>\n<ul style='padding-left: 20px; font-size: 15px; color: inherit;'>\n<li style='margin-bottom: 5px;'><strong>Di\u00e1metro:<\/strong> 1.8 m (6 ft)<\/li>\n<li style='margin-bottom: 5px;'><strong>Di\u00e1metro del tubo de montaje:<\/strong> 115 mm\u2013120 mm (4.5 in\u20134.7 in)<\/li>\n<li style='margin-bottom: 5px;'><strong>Ajuste fino de azimut:<\/strong> \u00b115\u00b0<\/li>\n<li style='margin-bottom: 5px;'><strong>Ajuste fino de elevaci\u00f3n:<\/strong> \u00b15\u00b0<\/li>\n<li style='margin-bottom: 5px;'><strong>Velocidad de viento operativa:<\/strong> 180 km\/h (111.847 mph)<\/li>\n<li style='margin-bottom: 5px;'><strong>Velocidad de viento de supervivencia:<\/strong> 250 km\/h (155.343 mph)<\/li>\n<li style='margin-bottom: 5px;'><strong>Soportes laterales:<\/strong> Incluye 1&comma; opcional 1 interno<\/li>\n<\/ul><\/div>\n<div style='flex: 1 1 300px; min-width: 280px;'>\n<h3 style='font-size: 22px; border-bottom: 2px solid currentColor; padding-bottom: 5px; margin-top: 0; color: inherit; opacity: 0.8;'>Especificaciones El\u00e9ctricas<\/h3>\n<ul style='padding-left: 20px; font-size: 15px; color: inherit;'>\n<li style='margin-bottom: 5px;'><strong>Banda de operaci\u00f3n:<\/strong> 7.125\u20138.500 GHz<\/li>\n<li style='margin-bottom: 5px;'><strong>Cross Polarization Discrimination (XPD):<\/strong> 32 dB<\/li>\n<li style='margin-bottom: 5px;'><strong>Ancho de haz horizontal:<\/strong> 1.5\u00b0<\/li>\n<li style='margin-bottom: 5px;'><strong>Ancho de haz vertical:<\/strong> 1.5\u00b0<\/li>\n<\/ul><\/div>\n<\/p><\/div>\n<p> <!-- Secci\u00f3n de fuerzas de viento --> <\/p>\n<div style='display: flex; flex-wrap: wrap; gap: 30px; margin-bottom: 30px;'>\n<div style='flex: 1 1 300px; min-width: 280px;'>\n<h3 style='font-size: 22px; border-bottom: 2px solid currentColor; padding-bottom: 5px; margin-top: 0; color: inherit; opacity: 0.8;'>Fuerzas de Viento<\/h3>\n<ul style='padding-left: 20px; font-size: 15px; color: inherit;'>\n<li style='margin-bottom: 5px;'><strong>Fuerza axial (FA):<\/strong> 10670 N (2&comma;398.712 lbf)<\/li>\n<li style='margin-bottom: 5px;'><strong>\u00c1ngulo a para MT Max:<\/strong> -120\u00b0<\/li>\n<li style='margin-bottom: 5px;'><strong>Fuerza lateral (FS):<\/strong> 5286 N (1&comma;188.34 lbf)<\/li>\n<li style='margin-bottom: 5px;'><strong>Momento de torsi\u00f3n (MT):<\/strong> 4752 N-m (42&comma;058.742 in lb)<\/li>\n<li style='margin-bottom: 5px;'><strong>Zcg sin hielo:<\/strong> 363 mm (14.291 in)<\/li>\n<li style='margin-bottom: 5px;'><strong>Zcg con hielo radial 1\/2&#8242; (12 mm):<\/strong> 543 mm (21.378 in)<\/li>\n<li style='margin-bottom: 5px;'><strong>Peso con hielo radial 1\/2&#8242; (12 mm):<\/strong> 234 kg (515.881 lb)<\/li>\n<\/ul><\/div>\n<div style='flex: 1 1 300px; min-width: 280px;'>\n<h3 style='font-size: 22px; border-bottom: 2px solid currentColor; padding-bottom: 5px; margin-top: 0; color: inherit; opacity: 0.8;'>Especificaciones de Empaque<\/h3>\n<ul style='padding-left: 20px; font-size: 15px; color: inherit;'>\n<li style='margin-bottom: 5px;'><strong>Altura empaquetado:<\/strong> 2110 mm (83.071 in)<\/li>\n<li style='margin-bottom: 5px;'><strong>Ancho empaquetado:<\/strong> 450 mm (17.717 in)<\/li>\n<li style='margin-bottom: 5px;'><strong>Largo empaquetado:<\/strong> 1900 mm (74.803 in)<\/li>\n<li style='margin-bottom: 5px;'><strong>Tipo de empaque:<\/strong> Empaque est\u00e1ndar<\/li>\n<li style='margin-bottom: 5px;'><strong>Volumen:<\/strong> 1.8 m\u00b3 (63.566 ft\u00b3)<\/li>\n<li style='margin-bottom: 5px;'><strong>Peso bruto:<\/strong> 127 kg (279.987 lb)<\/li>\n<li style='margin-bottom: 5px;'><strong>Peso neto:<\/strong> 86 kg (189.597 lb)<\/li>\n<\/ul><\/div>\n<div style='flex: 1 1 300px; min-width: 280px;'>\n<h3 style='font-size: 22px; border-bottom: 2px solid currentColor; padding-bottom: 5px; margin-top: 0; color: inherit; opacity: 0.8;'>Cumplimiento Regulatorio<\/h3>\n<ul style='padding-left: 20px; font-size: 15px; color: inherit;'>\n<li style='margin-bottom: 5px;'><strong>ISO 9001:2015:<\/strong> Dise\u00f1ado&comma; fabricado y\/o distribuido bajo este sistema de gesti\u00f3n de calidad<\/li>\n<li style='margin-bottom: 5px;'><strong>REACH-SVHC:<\/strong> Conforme seg\u00fan revisi\u00f3n SVHC en www.commscope.com\/ProductCompliance<\/li>\n<\/ul><\/div>\n<\/p><\/div>\n<p> <!-- Secci\u00f3n de notas importantes --> <\/p>\n<div style='margin-bottom: 30px;'>\n<h3 style='font-size: 22px; border-bottom: 2px solid currentColor; padding-bottom: 5px; margin-top: 0; color: inherit; opacity: 0.8;'>Notas Importantes<\/h3>\n<ul style='padding-left: 20px; font-size: 15px; color: inherit;'>\n<li style='margin-bottom: 5px;'>Velocidad de viento operativa: Para antenas VHLP(X)&comma; SHP(X)&comma; HX y USX&comma; es la velocidad donde la desviaci\u00f3n m\u00e1xima es 0.3 x el ancho de haz de 3 dB de la antena. Para otras antenas&comma; la desviaci\u00f3n es \u2264 0.1 grados.<\/li>\n<li style='margin-bottom: 5px;'>Velocidad de viento de supervivencia: M\u00e1xima velocidad que soporta la antena&comma; incluyendo monturas y radomes&comma; sin deformaci\u00f3n permanente. Puede requerir re-alineaci\u00f3n. Aplica con la cantidad especificada de hielo radial.<\/li>\n<li style='margin-bottom: 5px;'>Banda de operaci\u00f3n: Corresponde a recomendaciones CCIR o asignaciones comunes mundialmente. Otros rangos disponibles bajo pedido especial.<\/li>\n<li style='margin-bottom: 5px;'>Cross Polarization Discrimination (XPD): Diferencia entre el pico de la se\u00f1al co-polarizada y la se\u00f1al cross-polarizada m\u00e1xima en un \u00e1ngulo dos veces el ancho de haz de 3 dB.<\/li>\n<li style='margin-bottom: 5px;'>Empaque: Empaque est\u00e1ndar adecuado para exportaci\u00f3n. Las antenas se env\u00edan en cajas de cart\u00f3n reciclable o madera contrachapada seg\u00fan el producto. Opciones de empaque resistente disponibles.<\/li>\n<\/ul><\/div>\n<p> <!-- Separador final --> <\/p>\n<hr style='border: 0; border-top: 1px solid rgba(150&comma; 150&comma; 150&comma; 0.3); margin: 30px 0;'> <\/div>\n","protected":false},"excerpt":{"rendered":"<p>Antena direccional para PTP820 6ft, 7-8 GHz<\/p>\n","protected":false},"featured_media":32,"comment_status":"open","ping_status":"closed","template":"","meta":[],"product_brand":[],"product_cat":[1918],"product_tag":[1404,1316,1919],"class_list":{"0":"post-73662","1":"product","2":"type-product","3":"status-publish","4":"has-post-thumbnail","6":"product_cat-direccionales","7":"product_tag-antenas","8":"product_tag-cambium-networks","9":"product_tag-direccionales","11":"first","12":"outofstock","13":"sale","14":"shipping-taxable","15":"purchasable","16":"product-type-simple"},"_links":{"self":[{"href":"https:\/\/soydeaqui.ddns.net\/pachuca\/index.php\/wp-json\/wp\/v2\/product\/73662","targetHints":{"allow":["GET"]}}],"collection":[{"href":"https:\/\/soydeaqui.ddns.net\/pachuca\/index.php\/wp-json\/wp\/v2\/product"}],"about":[{"href":"https:\/\/soydeaqui.ddns.net\/pachuca\/index.php\/wp-json\/wp\/v2\/types\/product"}],"replies":[{"embeddable":true,"href":"https:\/\/soydeaqui.ddns.net\/pachuca\/index.php\/wp-json\/wp\/v2\/comments?post=73662"}],"wp:featuredmedia":[{"embeddable":true,"href":"https:\/\/soydeaqui.ddns.net\/pachuca\/index.php\/wp-json\/wp\/v2\/media\/32"}],"wp:attachment":[{"href":"https:\/\/soydeaqui.ddns.net\/pachuca\/index.php\/wp-json\/wp\/v2\/media?parent=73662"}],"wp:term":[{"taxonomy":"product_brand","embeddable":true,"href":"https:\/\/soydeaqui.ddns.net\/pachuca\/index.php\/wp-json\/wp\/v2\/product_brand?post=73662"},{"taxonomy":"product_cat","embeddable":true,"href":"https:\/\/soydeaqui.ddns.net\/pachuca\/index.php\/wp-json\/wp\/v2\/product_cat?post=73662"},{"taxonomy":"product_tag","embeddable":true,"href":"https:\/\/soydeaqui.ddns.net\/pachuca\/index.php\/wp-json\/wp\/v2\/product_tag?post=73662"}],"curies":[{"name":"wp","href":"https:\/\/api.w.org\/{rel}","templated":true}]}}