{"id":73656,"date":"2026-03-19T13:30:49","date_gmt":"2026-03-19T13:30:49","guid":{"rendered":"https:\/\/soydeaqui.ddns.net\/pachuca\/index.php\/producto\/gateway-umg-104-con-1-puerto-e1-t1rj45-30-canales-e1-sbc-hasta-28-canales-con-licencia-3-puertos-de-red-100-1000-mbps\/"},"modified":"2026-03-19T13:30:53","modified_gmt":"2026-03-19T13:30:53","slug":"gateway-umg-104-con-1-puerto-e1-t1rj45-30-canales-e1-sbc-hasta-28-canales-con-licencia-3-puertos-de-red-100-1000-mbps","status":"publish","type":"product","link":"https:\/\/soydeaqui.ddns.net\/pachuca\/index.php\/producto\/gateway-umg-104-con-1-puerto-e1-t1rj45-30-canales-e1-sbc-hasta-28-canales-con-licencia-3-puertos-de-red-100-1000-mbps\/","title":{"rendered":"Gateway UMG 104 con 1 puerto E1\/T1(RJ45), 30 Canales E1, SBC hasta 28 canales (con licencia), 3 puertos de red 100\/1000 Mbps"},"content":{"rendered":"<div style='width: 100%; max-width: 1200px; margin: 0 auto; font-family: sans-serif; line-height: 1.6; color: inherit; background-color: transparent;'>\n<div style='display: flex; flex-wrap: wrap; gap: 30px; margin-bottom: 30px;'>\n<div style='flex: 1 1 300px; min-width: 280px;'>\n<p style='font-size: 15px; color: inherit; margin-top: 0;'> La UMG 104 es una user media gateway ideal para peque\u00f1as y medianas empresas que desean los beneficios de la telefon\u00eda VoIP&comma; con un equipo de inversi\u00f3n competitiva y alta confiabilidad. <\/p>\n<p style='font-size: 15px; color: inherit;'> Con la UMG 104 se puede conectar a 3 operadoras VoIP con enlace dedicado. A cada una de ellas se asigna una regi\u00f3n en particular y&comma; de esta forma&comma; se reducen los gastos con llamadas nacionales e internacionales a valores mucho m\u00e1s bajos que los de las tarifas convencionales. <\/p>\n<\/p><\/div>\n<\/p><\/div>\n<div style='display: flex; flex-wrap: wrap; gap: 20px; margin-bottom: 30px;'>\n<div style='flex: 1 1 250px; border: 1px solid rgba(150&comma; 150&comma; 150&comma; 0.4); border-radius: 8px; overflow: hidden; display: flex; flex-direction: column;'>\n<div style='padding: 15px; border-bottom: 1px solid rgba(150&comma; 150&comma; 150&comma; 0.2); font-weight: bold; font-size: 18px; color: inherit;'>Caracter\u00edsticas y Ventajas Principales<\/div>\n<div style='padding: 15px; color: inherit;'>\n<ul style='padding-left: 20px; margin: 0; font-size: 14px; list-style-type: disc;'>\n<li style='margin-bottom: 5px;'>Capacidad de conexi\u00f3n f\u00edsica con hasta 3 operadoras VoIP&comma; lo que permite un mejor rendimiento del enlace con la operadora.<\/li>\n<li style='margin-bottom: 5px;'>3 puertos Ethernet Giga para enlace dedicado con las operadoras<\/li>\n<li style='margin-bottom: 5px;'>1 puerto Ethernet Giga frontal para administraci\u00f3n<\/li>\n<li style='margin-bottom: 5px;'>1 enlace E1 (30 canales)<\/li>\n<li style='margin-bottom: 5px;'>30 canales VoIP<\/li>\n<li style='margin-bottom: 5px;'>Hasta 10 registros en diferentes operadoras VoIP<\/li>\n<li style='margin-bottom: 5px;'>Interfaz web amigable para la configuraci\u00f3n&comma; la supervisi\u00f3n y el diagn\u00f3stico<\/li>\n<li style='margin-bottom: 5px;'>Compatibilidad con las se\u00f1alizaciones R2&comma; ISDN y SIP<\/li>\n<li style='margin-bottom: 5px;'>Compatibilidad con codecs G.711 (A-law y \u03bc-law)&comma; G.729A y T.38 (fax)<\/li>\n<li style='margin-bottom: 5px;'>Compatibilidad con SNMP<\/li>\n<li style='margin-bottom: 5px;'>Billetaje personalizable por CDR<\/li>\n<\/ul><\/div>\n<\/p><\/div>\n<div style='flex: 1 1 250px; border: 1px solid rgba(150&comma; 150&comma; 150&comma; 0.4); border-radius: 8px; overflow: hidden; display: flex; flex-direction: column;'>\n<div style='padding: 15px; border-bottom: 1px solid rgba(150&comma; 150&comma; 150&comma; 0.2); font-weight: bold; font-size: 18px; color: inherit;'>Aplicaciones<\/div>\n<div style='padding: 15px; color: inherit;'>\n<ul style='padding-left: 20px; margin: 0; font-size: 14px; list-style-type: disc;'>\n<li style='margin-bottom: 5px;'>Uso corporativo: ideal para enrutamiento de llamadas entre matriz y filiales mediante la red IP<\/li>\n<li style='margin-bottom: 5px;'>Uso en operadoras VoIP: indicado para su entrega a sus suscriptores<\/li>\n<li style='margin-bottom: 5px;'>Reorientaci\u00f3n de llamadas a rutas de menor costo<\/li>\n<li style='margin-bottom: 5px;'>Enrutamiento de llamadas por prefijo<\/li>\n<li style='margin-bottom: 5px;'>Fidelizaci\u00f3n por operadora<\/li>\n<\/ul><\/div>\n<\/p><\/div>\n<div style='flex: 1 1 250px; border: 1px solid rgba(150&comma; 150&comma; 150&comma; 0.4); border-radius: 8px; overflow: hidden; display: flex; flex-direction: column;'>\n<div style='padding: 15px; border-bottom: 1px solid rgba(150&comma; 150&comma; 150&comma; 0.2); font-weight: bold; font-size: 18px; color: inherit;'>Caracter\u00edsticas F\u00edsicas y El\u00e9ctricas<\/div>\n<div style='padding: 15px; color: inherit;'>\n<ul style='padding-left: 20px; margin: 0; font-size: 14px; list-style-type: disc;'>\n<li style='margin-bottom: 5px;'><strong>Fuente de alimentaci\u00f3n:<\/strong> Entrada: 100-240 V 50\/60 Hz Salida 12V\/2.5A (no incluye fuente de alimentaci\u00f3n)<\/li>\n<li style='margin-bottom: 5px;'>Incluye cable de corriente<\/li>\n<li style='margin-bottom: 5px;'>Consumo m\u00e1ximo de energ\u00eda: 42W<\/li>\n<li style='margin-bottom: 5px;'>Dimensiones: 43&comma;7 x 4&comma;4 x 28&comma;0 cm<\/li>\n<\/ul><\/div>\n<\/p><\/div>\n<\/p><\/div>\n<div style='display: flex; flex-wrap: wrap; gap: 30px; margin-bottom: 30px;'>\n<div style='flex: 1 1 300px; min-width: 280px;'>\n<div style='padding: 15px; border: 1px solid rgba(255&comma; 87&comma; 34&comma; 0.4); border-radius: 8px; background-color: rgba(255&comma; 87&comma; 34&comma; 0.05); color: inherit;'> <strong style='color: inherit;'>No incluye fuente&comma; cotizar la fuente UMGFUENTE<\/strong> <\/div>\n<\/p><\/div>\n<\/p><\/div>\n<hr style='border: 0; border-top: 1px solid rgba(150&comma; 150&comma; 150&comma; 0.3); margin: 30px 0;'> <\/div>\n","protected":false},"excerpt":{"rendered":"<p>Gateway UMG 104 con 1 puerto E1\/T1(RJ45), 30 Canales E1, SBC hasta 28 canales (con licencia), 3 puertos de red 100\/1000 Mbps<\/p>\n","protected":false},"featured_media":73655,"comment_status":"open","ping_status":"closed","template":"","meta":[],"product_brand":[],"product_cat":[2070],"product_tag":[2071,966,2004],"class_list":{"0":"post-73656","1":"product","2":"type-product","3":"status-publish","4":"has-post-thumbnail","6":"product_cat-gateways-y-atas","7":"product_tag-gateways-y-atas","8":"product_tag-khomp","9":"product_tag-voip-telefonia-ip-videoconferencia","11":"first","12":"outofstock","13":"sale","14":"shipping-taxable","15":"purchasable","16":"product-type-simple"},"_links":{"self":[{"href":"https:\/\/soydeaqui.ddns.net\/pachuca\/index.php\/wp-json\/wp\/v2\/product\/73656","targetHints":{"allow":["GET"]}}],"collection":[{"href":"https:\/\/soydeaqui.ddns.net\/pachuca\/index.php\/wp-json\/wp\/v2\/product"}],"about":[{"href":"https:\/\/soydeaqui.ddns.net\/pachuca\/index.php\/wp-json\/wp\/v2\/types\/product"}],"replies":[{"embeddable":true,"href":"https:\/\/soydeaqui.ddns.net\/pachuca\/index.php\/wp-json\/wp\/v2\/comments?post=73656"}],"wp:featuredmedia":[{"embeddable":true,"href":"https:\/\/soydeaqui.ddns.net\/pachuca\/index.php\/wp-json\/wp\/v2\/media\/73655"}],"wp:attachment":[{"href":"https:\/\/soydeaqui.ddns.net\/pachuca\/index.php\/wp-json\/wp\/v2\/media?parent=73656"}],"wp:term":[{"taxonomy":"product_brand","embeddable":true,"href":"https:\/\/soydeaqui.ddns.net\/pachuca\/index.php\/wp-json\/wp\/v2\/product_brand?post=73656"},{"taxonomy":"product_cat","embeddable":true,"href":"https:\/\/soydeaqui.ddns.net\/pachuca\/index.php\/wp-json\/wp\/v2\/product_cat?post=73656"},{"taxonomy":"product_tag","embeddable":true,"href":"https:\/\/soydeaqui.ddns.net\/pachuca\/index.php\/wp-json\/wp\/v2\/product_tag?post=73656"}],"curies":[{"name":"wp","href":"https:\/\/api.w.org\/{rel}","templated":true}]}}