{"id":73650,"date":"2026-03-19T13:30:33","date_gmt":"2026-03-19T13:30:33","guid":{"rendered":"https:\/\/soydeaqui.ddns.net\/pachuca\/index.php\/producto\/gateway-umg-100-con-1-puerto-e1rj-45-30-canales-e1-1-puerto-de-red-100-1000-mbps\/"},"modified":"2026-03-19T13:30:45","modified_gmt":"2026-03-19T13:30:45","slug":"gateway-umg-100-con-1-puerto-e1rj-45-30-canales-e1-1-puerto-de-red-100-1000-mbps","status":"publish","type":"product","link":"https:\/\/soydeaqui.ddns.net\/pachuca\/index.php\/producto\/gateway-umg-100-con-1-puerto-e1rj-45-30-canales-e1-1-puerto-de-red-100-1000-mbps\/","title":{"rendered":"Gateway UMG 100 con 1 puerto E1(RJ 45), 30 Canales E1, 1 puerto de red 100\/1000 Mbps"},"content":{"rendered":"<div style='width: 100%; max-width: 1200px; margin: 0 auto; font-family: sans-serif; line-height: 1.6; color: inherit; background-color: transparent;'> <!-- Secci\u00f3n principal --> <\/p>\n<div style='margin-bottom: 30px;'>\n<p style='margin-top: 0; font-size: 15px; color: inherit;'>UMG 100 es un dispositivo de user gateway de la l\u00ednea de media gateways de Khomp&comma; desarrollada para atender escenarios de peque\u00f1o porte con la garant\u00eda de alto rendimiento. Este equipo admite 1 enlace E1&comma; hasta 30 canales VoIP&comma; registro en hasta dos cuentas SIP diferentes y fue preparado para conectarse a la Red P\u00fablica de Telefon\u00eda (STFC)&comma; enlaces VoIP&comma; soft-switches y equipos PABX.<\/p>\n<\/p><\/div>\n<p> <!-- Secci\u00f3n de caracter\u00edsticas y beneficios --> <\/p>\n<div style='display: flex; flex-wrap: wrap; gap: 30px; margin-bottom: 30px;'>\n<div style='flex: 1 1 300px; min-width: 280px;'>\n<h3 style='font-size: 22px; border-bottom: 2px solid currentColor; padding-bottom: 5px; margin-top: 0; color: inherit; opacity: 0.8;'>Caracter\u00edsticas y Beneficios<\/h3>\n<ul style='padding-left: 20px; font-size: 15px; color: inherit;'>\n<li style='margin-bottom: 5px;'>1 E1<\/li>\n<li style='margin-bottom: 5px;'>30 canales<\/li>\n<li style='margin-bottom: 5px;'>Compatibilidad con hasta 10 cuentas SIP<\/li>\n<li style='margin-bottom: 5px;'>Compatibilidad con G.711 (A-law y \u03bc-law)&comma; G.729A y T.38 (fax)<\/li>\n<\/ul><\/div>\n<p> <!-- Secci\u00f3n de especificaciones de software --> <\/p>\n<div style='flex: 1 1 300px; min-width: 280px;'>\n<h3 style='font-size: 22px; border-bottom: 2px solid currentColor; padding-bottom: 5px; margin-top: 0; color: inherit; opacity: 0.8;'>Especificaciones de software<\/h3>\n<ul style='padding-left: 20px; font-size: 15px; color: inherit;'>\n<li style='margin-bottom: 5px;'>Compatibilidad con SNMP<\/li>\n<li style='margin-bottom: 5px;'>Enrutamiento de llamadas por prefijo<\/li>\n<li style='margin-bottom: 5px;'>Fidelizaci\u00f3n por operadora<\/li>\n<li style='margin-bottom: 5px;'>Billetaje por CDR personalizable (CDR \u2013 Call Detail Record)<\/li>\n<li style='margin-bottom: 5px;'>Generaci\u00f3n de registros para diagn\u00f3stico<\/li>\n<li style='margin-bottom: 5px;'>Status del enlace E1<\/li>\n<li style='margin-bottom: 5px;'>Diagn\u00f3stico detallado del enlace E1<\/li>\n<li style='margin-bottom: 5px;'>Interfaz para configuraci\u00f3n<\/li>\n<\/ul><\/div>\n<p> <!-- Secci\u00f3n de interfaces --> <\/p>\n<div style='flex: 1 1 300px; min-width: 280px;'>\n<h3 style='font-size: 22px; border-bottom: 2px solid currentColor; padding-bottom: 5px; margin-top: 0; color: inherit; opacity: 0.8;'>Interfaces<\/h3>\n<ul style='padding-left: 20px; font-size: 15px; color: inherit;'>\n<li style='margin-bottom: 5px;'>Conexiones para E1: RJ45<\/li>\n<li style='margin-bottom: 5px;'>Red Gigabyte: puerto de red 100\/1000 Base-T<\/li>\n<\/ul><\/div>\n<p> <!-- Secci\u00f3n de especificaciones f\u00edsicas y el\u00e9ctricas --> <\/p>\n<div style='flex: 1 1 300px; min-width: 280px;'>\n<h3 style='font-size: 22px; border-bottom: 2px solid currentColor; padding-bottom: 5px; margin-top: 0; color: inherit; opacity: 0.8;'>Especificaciones f\u00edsicas y el\u00e9ctricas<\/h3>\n<ul style='padding-left: 20px; font-size: 15px; color: inherit;'>\n<li style='margin-bottom: 5px;'><strong>Tensi\u00f3n de Energ\u00eda \u2013 Entrada:<\/strong> 100-240V 50\/60 Hz&comma; Salida 12V\/3.5A (no incluye fuente de alimentaci\u00f3n)<\/li>\n<li style='margin-bottom: 5px;'>Incluye cable de corriente<\/li>\n<li style='margin-bottom: 5px;'><strong>Dimensiones:<\/strong> 4&comma;5cm (altura) x 16&comma;5cm (anchura) x 11&comma;5cm (largo)<\/li>\n<li style='margin-bottom: 5px;'>LED de estado del equipo<\/li>\n<li style='margin-bottom: 5px;'>Bot\u00f3n de restablecer\/restaurar<\/li>\n<\/ul><\/div>\n<\/p><\/div>\n<p> <!-- Separador --> <\/p>\n<hr style='border: 0; border-top: 1px solid rgba(150&comma; 150&comma; 150&comma; 0.3); margin: 30px 0;'> <!-- Secci\u00f3n de integraci\u00f3n --> <\/p>\n<div style='display: flex; flex-wrap: wrap; gap: 30px; margin-bottom: 30px;'>\n<div style='flex: 1 1 300px; min-width: 280px;'>\n<h3 style='font-size: 22px; border-bottom: 2px solid currentColor; padding-bottom: 5px; margin-top: 0; color: inherit; opacity: 0.8;'>Integraci\u00f3n con IP-PBX<\/h3>\n<p> <img style='width: 100%; height: auto; border: 1px solid rgba(150&comma;150&comma;150&comma;0.3); border-radius: 8px;' src='https:\/\/ftp3.syscom.mx\/usuarios\/esanchez\/KHOMP\/UMG100\/UMG-100-PABX-1.jpg' alt=''> <\/div>\n<div style='flex: 1 1 300px; min-width: 280px;'>\n<h3 style='font-size: 22px; border-bottom: 2px solid currentColor; padding-bottom: 5px; margin-top: 0; color: inherit; opacity: 0.8;'>Integraci\u00f3n con PBX Tradicional<\/h3>\n<p> <img style='width: 100%; height: auto; border: 1px solid rgba(150&comma;150&comma;150&comma;0.3); border-radius: 8px;' src='https:\/\/ftp3.syscom.mx\/usuarios\/esanchez\/KHOMP\/UMG100\/UMG-100-PABX-TRADICIONAL.jpg' alt=''> <\/div>\n<\/p><\/div>\n<\/p><\/div>\n","protected":false},"excerpt":{"rendered":"<p>Gateway UMG 100 con 1 puerto E1(RJ 45), 30 Canales E1, 1 puerto de red 100\/1000 Mbps<\/p>\n","protected":false},"featured_media":73649,"comment_status":"open","ping_status":"closed","template":"","meta":[],"product_brand":[],"product_cat":[2070],"product_tag":[2071,966,2004],"class_list":{"0":"post-73650","1":"product","2":"type-product","3":"status-publish","4":"has-post-thumbnail","6":"product_cat-gateways-y-atas","7":"product_tag-gateways-y-atas","8":"product_tag-khomp","9":"product_tag-voip-telefonia-ip-videoconferencia","11":"first","12":"outofstock","13":"sale","14":"shipping-taxable","15":"purchasable","16":"product-type-simple"},"_links":{"self":[{"href":"https:\/\/soydeaqui.ddns.net\/pachuca\/index.php\/wp-json\/wp\/v2\/product\/73650","targetHints":{"allow":["GET"]}}],"collection":[{"href":"https:\/\/soydeaqui.ddns.net\/pachuca\/index.php\/wp-json\/wp\/v2\/product"}],"about":[{"href":"https:\/\/soydeaqui.ddns.net\/pachuca\/index.php\/wp-json\/wp\/v2\/types\/product"}],"replies":[{"embeddable":true,"href":"https:\/\/soydeaqui.ddns.net\/pachuca\/index.php\/wp-json\/wp\/v2\/comments?post=73650"}],"wp:featuredmedia":[{"embeddable":true,"href":"https:\/\/soydeaqui.ddns.net\/pachuca\/index.php\/wp-json\/wp\/v2\/media\/73649"}],"wp:attachment":[{"href":"https:\/\/soydeaqui.ddns.net\/pachuca\/index.php\/wp-json\/wp\/v2\/media?parent=73650"}],"wp:term":[{"taxonomy":"product_brand","embeddable":true,"href":"https:\/\/soydeaqui.ddns.net\/pachuca\/index.php\/wp-json\/wp\/v2\/product_brand?post=73650"},{"taxonomy":"product_cat","embeddable":true,"href":"https:\/\/soydeaqui.ddns.net\/pachuca\/index.php\/wp-json\/wp\/v2\/product_cat?post=73650"},{"taxonomy":"product_tag","embeddable":true,"href":"https:\/\/soydeaqui.ddns.net\/pachuca\/index.php\/wp-json\/wp\/v2\/product_tag?post=73650"}],"curies":[{"name":"wp","href":"https:\/\/api.w.org\/{rel}","templated":true}]}}