{"id":73637,"date":"2026-03-19T13:30:05","date_gmt":"2026-03-19T13:30:05","guid":{"rendered":"https:\/\/soydeaqui.ddns.net\/pachuca\/index.php\/producto\/hex-poe-routerboard-5-puertos-gigabit-ethernet-poe-802-3at-1-puerto-usb\/"},"modified":"2026-03-19T13:30:17","modified_gmt":"2026-03-19T13:30:17","slug":"hex-poe-routerboard-5-puertos-gigabit-ethernet-poe-802-3at-1-puerto-usb","status":"publish","type":"product","link":"https:\/\/soydeaqui.ddns.net\/pachuca\/index.php\/producto\/hex-poe-routerboard-5-puertos-gigabit-ethernet-poe-802-3at-1-puerto-usb\/","title":{"rendered":"(hEX PoE) Routerboard 5 puertos Gigabit Ethernet PoE 802.3at, 1 Puerto USB"},"content":{"rendered":"<div style='width: 100%; max-width: 1200px; margin: 0 auto; font-family: sans-serif; line-height: 1.6; color: inherit; background-color: transparent;'>\n<h1 style='font-size: 24px; margin: 0; padding: 0; color: inherit;'><span>hEX PoE<\/span><\/h1>\n<p style='font-size: 14px; color: #717171; margin: 0; padding: 10px 0;'>hEX PoE es un router Gigabit Ethernet de cinco puertos para lugares donde no se requiere conectividad inal\u00e1mbrica. El dispositivo tiene un puerto USB 2.0 y un puerto SFP para la adici\u00f3n de conectividad de fibra \u00f3ptica. Los puertos 2-5 pueden alimentar otros dispositivos capaces de PoE con la misma tensi\u00f3n que se aplica a la unidad.<\/p>\n<p style='font-size: 14px; color: #717171; margin: 0; padding: 10px 0;'>Es asequible&comma; peque\u00f1o y f\u00e1cil de usar&comma; pero al mismo tiempo&comma; viene con un muy potente CPU de 800 MHz&comma; capaz de todas las configuraciones avanzadas que RouterOS. Menos adaptadores de corriente y cables de qu\u00e9 preocuparse! La corriente m\u00e1xima es 1A por puerto&comma; puertos Ethernet est\u00e1n blindados.<\/p>\n<p style='font-size: 14px; color: #717171; margin: 0; padding: 10px 0;'>Tambi\u00e9n es compatible con 802.3at\/af est\u00e1ndar o pasiva de PoE entrada\/salida. Puertos Ethernet 2-5 pueden alimentar otros dispositivos capaces PoE con la misma tensi\u00f3n que se aplica a la unidad. Menos adaptadores de corriente y cables de qu\u00e9 preocuparse! Se puede alimentar af\/at en modo B (4&comma;5 +) (7&comma;8 -) con dispositivos compatibles&comma; si se utiliza 48-57 tensi\u00f3n de entrada&comma; (Fuente de Poder de 48volts se vende por separado).<\/p>\n<p><span style='color: #757575; font-size: 14px;'>Nota Importante: El al usar la fuente de 48 ~ 56 V&comma; \u00fanicamente alimentar\u00e1 equipos 802.3af\/at<\/span><\/p>\n<p>*.<\/p>\n<p style='text-align: center; margin: 30px 0;'><a href='http:\/\/soporte.syscom.mx\/networking#mikrotik'><img style='width: 100%; max-width: 960px; height: auto; border: 1px solid rgba(150&comma;150&comma;150&comma;0.3); border-radius: 8px;' src='https:\/\/ftp3.syscom.mx\/usuarios\/raragon\/Imagenes_Generales\/Manuales_de_configuracion.jpg' alt='Manuales de configuraci\u00f3n'><\/a><\/p>\n<h1 style='font-size: 22px; margin: 30px 0 20px; padding: 0; color: inherit;'><a href='http:\/\/soporte.syscom.mx\/networking\/mikrotik\/mikrotik-caracteristicas-principales-de-routeros' style='color: inherit; text-decoration: none; border-bottom: 1px dashed currentColor; opacity: 0.8;'>Caracter\u00edsticas principales de RouterOS<\/a><\/h1>\n<p> <!-- Secci\u00f3n de especificaciones --> <\/p>\n<div style='display: flex; flex-wrap: wrap; gap: 30px; margin-bottom: 30px;'>\n<div style='flex: 1 1 300px; min-width: 280px;'>\n<h3 style='font-size: 20px; border-bottom: 2px solid currentColor; padding-bottom: 5px; margin-top: 0; color: inherit; opacity: 0.8;'>Especificaciones Generales<\/h3>\n<ul style='padding-left: 20px; font-size: 15px; color: inherit;'>\n<li style='margin-bottom: 5px;'><strong>Codigo de Producto:<\/strong> RB960PGS<\/li>\n<li style='margin-bottom: 5px;'><strong>Arquitectura:<\/strong> MIPS-BE<\/li>\n<li style='margin-bottom: 5px;'><strong>CPU:<\/strong> QCA9557<\/li>\n<li style='margin-bottom: 5px;'><strong>Cantidad de Nucleos CPU:<\/strong> 1<\/li>\n<li style='margin-bottom: 5px;'><strong>Frecuencia del CPU:<\/strong> 800 MHz<\/li>\n<li style='margin-bottom: 5px;'><strong>License level:<\/strong> 4<\/li>\n<li style='margin-bottom: 5px;'><strong>Memoria RAM:<\/strong> 128 MB<\/li>\n<li style='margin-bottom: 5px;'><strong>Almacenamiento:<\/strong> 16 MB<\/li>\n<li style='margin-bottom: 5px;'><strong>Tipo de almacenamiento:<\/strong> FLASH<\/li>\n<li style='margin-bottom: 5px;'><strong>Temperatura de operaci\u00f3n:<\/strong> -40 + 70 C<\/li>\n<\/ul><\/div>\n<div style='flex: 1 1 300px; min-width: 280px;'>\n<h3 style='font-size: 20px; border-bottom: 2px solid currentColor; padding-bottom: 5px; margin-top: 0; color: inherit; opacity: 0.8;'>Alimentaci\u00f3n<\/h3>\n<ul style='padding-left: 20px; font-size: 15px; color: inherit;'>\n<li style='margin-bottom: 5px;'><strong>Consumo de energ\u00eda:<\/strong> 9W<\/li>\n<li style='margin-bottom: 5px;'><strong>Fuentes de alimentaci\u00f3n:<\/strong> 2 (DC jack&comma; PoE-IN)<\/li>\n<li style='margin-bottom: 5px;'><strong>Alimentaci\u00f3n PoE:<\/strong> PoE Pasivo<\/li>\n<li style='margin-bottom: 5px;'><strong>Voltaje de entrada en jack:<\/strong> 12-57 V DC<\/li>\n<li style='margin-bottom: 5px;'><strong>Voltaje de entrada en PoE:<\/strong> 12-57 V DC<\/li>\n<li style='margin-bottom: 5px;'><strong>Salida PoE:<\/strong> 802.3af\/at requiere fuente de alimentaci\u00f3n de 48-57 V DC<\/li>\n<\/ul><\/div>\n<div style='flex: 1 1 300px; min-width: 280px;'>\n<h3 style='font-size: 20px; border-bottom: 2px solid currentColor; padding-bottom: 5px; margin-top: 0; color: inherit; opacity: 0.8;'>Conectividad<\/h3>\n<ul style='padding-left: 20px; font-size: 15px; color: inherit;'>\n<li style='margin-bottom: 5px;'><strong>Puertos Ethernet:<\/strong> 5 x 10\/100\/1000 Mbps<\/li>\n<li style='margin-bottom: 5px;'><strong>Puerto SFP:<\/strong> 1<\/li>\n<li style='margin-bottom: 5px;'><strong>Numero de puertos USB:<\/strong> 1<\/li>\n<li style='margin-bottom: 5px;'><strong>Reinicio de alimentaci\u00f3n USB:<\/strong> S\u00ed<\/li>\n<li style='margin-bottom: 5px;'><strong>Tipo de slot USB:<\/strong> USB tipo A<\/li>\n<li style='margin-bottom: 5px;'><strong>Monitor de temperatura PCB:<\/strong> S\u00ed<\/li>\n<li style='margin-bottom: 5px;'><strong>Monitor de Voltaje:<\/strong> S\u00ed<\/li>\n<\/ul><\/div>\n<\/p><\/div>\n<p> <!-- Tabla de rendimiento --> <\/p>\n<div style='margin: 30px 0;'>\n<h3 style='font-size: 20px; border-bottom: 2px solid currentColor; padding-bottom: 5px; margin-top: 0; color: inherit; opacity: 0.8;'>Resultados de pruebas Ethernet<\/h3>\n<div style='overflow-x: auto;'>\n<table style='width: 100%; border-collapse: collapse; margin-top: 15px; color: inherit;'>\n<thead>\n<tr style='background-color: rgba(150&comma;150&comma;150&comma;0.1);'>\n<th style='padding: 10px; border: 1px solid rgba(150&comma;150&comma;150&comma;0.3); text-align: left;'><strong>RB960PGS<\/strong><\/th>\n<th style='padding: 10px; border: 1px solid rgba(150&comma;150&comma;150&comma;0.3); text-align: left;'><strong>QCA9557 (800Mhz) 1G all port test<\/strong><\/th>\n<\/tr>\n<tr style='background-color: rgba(150&comma;150&comma;150&comma;0.1);'>\n<th style='padding: 10px; border: 1px solid rgba(150&comma;150&comma;150&comma;0.3);'>Modo<\/th>\n<th style='padding: 10px; border: 1px solid rgba(150&comma;150&comma;150&comma;0.3);'>Configuraci\u00f3n<\/th>\n<th style='padding: 10px; border: 1px solid rgba(150&comma;150&comma;150&comma;0.3);'>1518 byte<\/th>\n<th style='padding: 10px; border: 1px solid rgba(150&comma;150&comma;150&comma;0.3);'>512 byte<\/th>\n<th style='padding: 10px; border: 1px solid rgba(150&comma;150&comma;150&comma;0.3);'>64 byte<\/th>\n<\/tr>\n<\/thead>\n<tbody>\n<tr>\n<td style='padding: 10px; border: 1px solid rgba(150&comma;150&comma;150&comma;0.3);'>Bridging<\/td>\n<td style='padding: 10px; border: 1px solid rgba(150&comma;150&comma;150&comma;0.3);'>none (fast path)<\/td>\n<td style='padding: 10px; border: 1px solid rgba(150&comma;150&comma;150&comma;0.3);'>161.9 kpps<br \/>1&comma;966.1 Mbps<\/td>\n<td style='padding: 10px; border: 1px solid rgba(150&comma;150&comma;150&comma;0.3);'>401.5 kpps<br \/>1&comma;644.5 Mbps<\/td>\n<td style='padding: 10px; border: 1px solid rgba(150&comma;150&comma;150&comma;0.3);'>542.3 kpps<br \/>277.7 Mbps<\/td>\n<\/tr>\n<tr style='background-color: rgba(150&comma;150&comma;150&comma;0.05);'>\n<td style='padding: 10px; border: 1px solid rgba(150&comma;150&comma;150&comma;0.3);'>Bridging<\/td>\n<td style='padding: 10px; border: 1px solid rgba(150&comma;150&comma;150&comma;0.3);'>25 bridge filter rules<\/td>\n<td style='padding: 10px; border: 1px solid rgba(150&comma;150&comma;150&comma;0.3);'>143.2 kpps<br \/>1&comma;739.0 Mbps<\/td>\n<td style='padding: 10px; border: 1px solid rgba(150&comma;150&comma;150&comma;0.3);'>145.5 kpps<br \/>596.0 Mbps<\/td>\n<td style='padding: 10px; border: 1px solid rgba(150&comma;150&comma;150&comma;0.3);'>146.2 kpps<br \/>74.9 Mbps<\/td>\n<\/tr>\n<tr>\n<td style='padding: 10px; border: 1px solid rgba(150&comma;150&comma;150&comma;0.3);'>Routing<\/td>\n<td style='padding: 10px; border: 1px solid rgba(150&comma;150&comma;150&comma;0.3);'>none (fast path)<\/td>\n<td style='padding: 10px; border: 1px solid rgba(150&comma;150&comma;150&comma;0.3);'>161.9 kpps<br \/>1&comma;966.1 Mbps<\/td>\n<td style='padding: 10px; border: 1px solid rgba(150&comma;150&comma;150&comma;0.3);'>396.3 kpps<br \/>1&comma;623.2 Mbps<\/td>\n<td style='padding: 10px; border: 1px solid rgba(150&comma;150&comma;150&comma;0.3);'>521.7 kpps<br \/>267.1 Mbps<\/td>\n<\/tr>\n<tr style='background-color: rgba(150&comma;150&comma;150&comma;0.05);'>\n<td style='padding: 10px; border: 1px solid rgba(150&comma;150&comma;150&comma;0.3);'>Routing<\/td>\n<td style='padding: 10px; border: 1px solid rgba(150&comma;150&comma;150&comma;0.3);'>25 simple queues<\/td>\n<td style='padding: 10px; border: 1px solid rgba(150&comma;150&comma;150&comma;0.3);'>161.9 kpps<br \/>1&comma;966.1 Mbps<\/td>\n<td style='padding: 10px; border: 1px solid rgba(150&comma;150&comma;150&comma;0.3);'>217.2 kpps<br \/>889.7 Mbps<\/td>\n<td style='padding: 10px; border: 1px solid rgba(150&comma;150&comma;150&comma;0.3);'>216.0 kpps<br \/>110.6 Mbps<\/td>\n<\/tr>\n<tr>\n<td style='padding: 10px; border: 1px solid rgba(150&comma;150&comma;150&comma;0.3);'>Routing<\/td>\n<td style='padding: 10px; border: 1px solid rgba(150&comma;150&comma;150&comma;0.3);'>25 ip filter rules<\/td>\n<td style='padding: 10px; border: 1px solid rgba(150&comma;150&comma;150&comma;0.3);'>74.6 kpps<br \/>905.9 Mbps<\/td>\n<td style='padding: 10px; border: 1px solid rgba(150&comma;150&comma;150&comma;0.3);'>78.0 kpps<br \/>319.5 Mbps<\/td>\n<td style='padding: 10px; border: 1px solid rgba(150&comma;150&comma;150&comma;0.3);'>76.5 kpps<br \/>39.2 Mbps<\/td>\n<\/tr>\n<\/tbody>\n<\/table><\/div>\n<p style='font-size: 11px; margin-top: 15px; color: inherit;'>* All tests are done with Xena Networks specialized test equipment (XenaBay)&comma; and done according to RFC2544 (Xena2544)<\/p>\n<p style='font-size: 11px; color: inherit;'>* Max throughput is determined with 30+ second attempts with 0&comma;1% packet loss tolerance in 64&comma; 512&comma; 1518 byte packet sizes<\/p>\n<p style='font-size: 11px; color: inherit;'>* Values in Italic indicate that max throughput was reached without maxing out CPU&comma; but because board interface configuration was maxed out<\/p>\n<p style='font-size: 11px; color: inherit;'>* Test results show device maximum performance&comma; and are reached using mentioned hardware and software configuration&comma; different configurations most likely will result in lower results<\/p>\n<\/p><\/div>\n<p> <!-- Im\u00e1genes --> <\/p>\n<div style='margin: 30px 0;'>\n<h3 style='font-size: 20px; border-bottom: 2px solid currentColor; padding-bottom: 5px; margin-top: 0; color: inherit; opacity: 0.8;'>Partes Incluidas<\/h3>\n<div style='display: flex; flex-wrap: wrap; gap: 20px; margin-top: 20px;'>\n<div style='flex: 1 1 200px; min-width: 200px;'> <img style='width: 100%; height: auto; border: 1px solid rgba(150&comma;150&comma;150&comma;0.3); border-radius: 8px;' src='https:\/\/ftp3.syscom.mx\/usuarios\/fotos\/RB960PGS\/139122-garantia1.png' alt='Garant\u00eda'> <\/div>\n<div style='flex: 1 1 200px; min-width: 200px;'> <a href='https:\/\/img.routerboard.com\/mimg\/part21391161421m.jpg'> <img style='width: 100%; height: auto; border: 1px solid rgba(150&comma;150&comma;150&comma;0.3); border-radius: 8px;' src='https:\/\/img.routerboard.com\/mimg\/part21391161421s.jpg' alt='24V 2.5A power adapter'> <\/a> <\/div>\n<div style='flex: 1 1 200px; min-width: 200px;'> <a href='https:\/\/img.routerboard.com\/mimg\/part41391160693m.jpg'> <img style='width: 100%; height: auto; border: 1px solid rgba(150&comma;150&comma;150&comma;0.3); border-radius: 8px;' src='https:\/\/img.routerboard.com\/mimg\/part41391160693s.jpg' alt='IEC cord'> <\/a> <\/div>\n<\/p><\/div>\n<\/p><\/div>\n<p> <!-- Nota final --> <\/p>\n<p style='font-size: 14px; margin-top: 30px;'>*Im\u00e1genes meramente ilustrativas.<\/p>\n<\/p><\/div>\n","protected":false},"excerpt":{"rendered":"<p>(hEX PoE) Routerboard 5 puertos Gigabit Ethernet PoE 802.3at, 1 Puerto USB<\/p>\n","protected":false},"featured_media":73636,"comment_status":"open","ping_status":"closed","template":"","meta":[],"product_brand":[],"product_cat":[2036,2035,2034],"product_tag":[2039,2038,643,664,2037],"class_list":{"0":"post-73637","1":"product","2":"type-product","3":"status-publish","4":"has-post-thumbnail","6":"product_cat-balanceadores","7":"product_cat-firewalls","8":"product_cat-routers","9":"product_tag-balanceadores","10":"product_tag-firewalls","11":"product_tag-mikrotik","12":"product_tag-networking","13":"product_tag-routers","15":"first","16":"instock","17":"sale","18":"shipping-taxable","19":"purchasable","20":"product-type-simple"},"_links":{"self":[{"href":"https:\/\/soydeaqui.ddns.net\/pachuca\/index.php\/wp-json\/wp\/v2\/product\/73637","targetHints":{"allow":["GET"]}}],"collection":[{"href":"https:\/\/soydeaqui.ddns.net\/pachuca\/index.php\/wp-json\/wp\/v2\/product"}],"about":[{"href":"https:\/\/soydeaqui.ddns.net\/pachuca\/index.php\/wp-json\/wp\/v2\/types\/product"}],"replies":[{"embeddable":true,"href":"https:\/\/soydeaqui.ddns.net\/pachuca\/index.php\/wp-json\/wp\/v2\/comments?post=73637"}],"wp:featuredmedia":[{"embeddable":true,"href":"https:\/\/soydeaqui.ddns.net\/pachuca\/index.php\/wp-json\/wp\/v2\/media\/73636"}],"wp:attachment":[{"href":"https:\/\/soydeaqui.ddns.net\/pachuca\/index.php\/wp-json\/wp\/v2\/media?parent=73637"}],"wp:term":[{"taxonomy":"product_brand","embeddable":true,"href":"https:\/\/soydeaqui.ddns.net\/pachuca\/index.php\/wp-json\/wp\/v2\/product_brand?post=73637"},{"taxonomy":"product_cat","embeddable":true,"href":"https:\/\/soydeaqui.ddns.net\/pachuca\/index.php\/wp-json\/wp\/v2\/product_cat?post=73637"},{"taxonomy":"product_tag","embeddable":true,"href":"https:\/\/soydeaqui.ddns.net\/pachuca\/index.php\/wp-json\/wp\/v2\/product_tag?post=73637"}],"curies":[{"name":"wp","href":"https:\/\/api.w.org\/{rel}","templated":true}]}}