{"id":73629,"date":"2026-03-19T13:29:46","date_gmt":"2026-03-19T13:29:46","guid":{"rendered":"https:\/\/soydeaqui.ddns.net\/pachuca\/index.php\/producto\/cloud-router-switch-crs125-24g-1s-in-24-puertos-gigabit-ethernet-y-1-puerto-sfp-para-escritorio\/"},"modified":"2026-03-19T13:29:48","modified_gmt":"2026-03-19T13:29:48","slug":"cloud-router-switch-crs125-24g-1s-in-24-puertos-gigabit-ethernet-y-1-puerto-sfp-para-escritorio","status":"publish","type":"product","link":"https:\/\/soydeaqui.ddns.net\/pachuca\/index.php\/producto\/cloud-router-switch-crs125-24g-1s-in-24-puertos-gigabit-ethernet-y-1-puerto-sfp-para-escritorio\/","title":{"rendered":"Cloud Router Switch CRS125-24G-1S-IN 24 Puertos Gigabit Ethernet y 1 Puerto SFP, para Escritorio"},"content":{"rendered":"<div style='width: 100%; max-width: 1200px; margin: 0 auto; font-family: sans-serif; line-height: 1.6; color: inherit; background-color: transparent;'> <!-- T\u00edtulo principal --> <\/p>\n<div style='margin-bottom: 20px;'>\n<h1 style='font-size: 28px; margin: 0; padding: 0; color: inherit; font-weight: bold;'>CRS125-24G-1S-IN<\/h1>\n<\/p><\/div>\n<p> <!-- Descripci\u00f3n principal --> <\/p>\n<div style='margin-bottom: 30px;'>\n<p style='font-size: 15px; color: inherit; opacity: 0.8; margin: 0 0 15px 0;'> Cloud Router Switch es nuestra nueva serie Smart Switch. Combina las mejores caracter\u00edsticas de un router totalmente funcional y un conmutador de capa 3&comma; es alimentado por el RouterOS. Todas las opciones de configuraci\u00f3n del switch espec\u00edficos est\u00e1n disponibles en un men\u00fa especial&comma; pero si lo desea&comma; los puertos pueden ser retirados de la configuraci\u00f3n del switch&comma; y se utilizan con fines de enrutamiento. <\/p>\n<p style='font-size: 15px; color: inherit; opacity: 0.8; margin: 0 0 15px 0;'> Elija los puertos de conmutaci\u00f3n de velocidad de cable&comma; o para fines de enrutamiento. <\/p>\n<p style='font-size: 15px; color: inherit; opacity: 0.8; margin: 0 0 15px 0;'> Perfecta SOHO router&comma; switch&comma; todo en una caja: <\/p>\n<ul style='padding-left: 20px; font-size: 15px; color: inherit; margin: 0 0 20px 0;'>\n<li style='margin-bottom: 5px;'>Ethernet&comma; fibra&comma; o 4G (con m\u00f3dem USB opcional) Conexi\u00f3n de la puerta de enlace a Internet<\/li>\n<li style='margin-bottom: 5px;'>RouterOS gateway \/ firewall \/ router VPN con refrigeraci\u00f3n pasiva<\/li>\n<li style='margin-bottom: 5px;'>hasta veinte y cinco puertos de conmutaci\u00f3n Gigabit (1xSFP y 24xRJ45)<\/li>\n<\/ul>\n<p style='font-size: 15px; color: inherit; opacity: 0.8; margin: 0 0 20px 0;'> La caja incluye: Switch&comma; fuente de alimentaci\u00f3n del Router <\/p>\n<\/p><\/div>\n<p> <!-- Secci\u00f3n de especificaciones --> <\/p>\n<div style='display: flex; flex-wrap: wrap; gap: 30px; margin-bottom: 30px;'>\n<div style='flex: 1 1 300px; min-width: 280px;'>\n<h3 style='font-size: 20px; border-bottom: 2px solid currentColor; padding-bottom: 5px; margin-top: 0; margin-bottom: 15px; color: inherit; opacity: 0.8;'>Especificaciones<\/h3>\n<ul style='padding-left: 20px; font-size: 14px; color: inherit; list-style-type: disc;'>\n<li style='margin-bottom: 8px;'><strong>Product code:<\/strong> CRS125-24G-1S-IN<\/li>\n<li style='margin-bottom: 8px;'><strong>Arquitectura:<\/strong> MIPS-BE<\/li>\n<li style='margin-bottom: 8px;'><strong>CPU:<\/strong> AR9344<\/li>\n<li style='margin-bottom: 8px;'><strong>N\u00facleos de CPU:<\/strong> 1<\/li>\n<li style='margin-bottom: 8px;'><strong>Frecuencia de CPU:<\/strong> 600 MHz<\/li>\n<li style='margin-bottom: 8px;'><strong>Dimensiones:<\/strong> 285x145x45mm<\/li>\n<li style='margin-bottom: 8px;'><strong>Nivel de licencia:<\/strong> 5<\/li>\n<li style='margin-bottom: 8px;'><strong>Consumo m\u00e1ximo:<\/strong> 15W<\/li>\n<li style='margin-bottom: 8px;'><strong>Puertos USB:<\/strong> 1<\/li>\n<li style='margin-bottom: 8px;'><strong>Sistema operativo:<\/strong> RouterOS<\/li>\n<li style='margin-bottom: 8px;'><strong>Monitoreo de temperatura:<\/strong> S\u00ed<\/li>\n<li style='margin-bottom: 8px;'><strong>PoE en entrada:<\/strong> S\u00ed<\/li>\n<li style='margin-bottom: 8px;'><strong>Jack de alimentaci\u00f3n:<\/strong> 1<\/li>\n<li style='margin-bottom: 8px;'><strong>SFP DDMI:<\/strong> S\u00ed<\/li>\n<li style='margin-bottom: 8px;'><strong>Puertos SFP:<\/strong> 1<\/li>\n<li style='margin-bottom: 8px;'><strong>Puerto serial:<\/strong> RJ45<\/li>\n<li style='margin-bottom: 8px;'><strong>Memoria RAM:<\/strong> 128 MB<\/li>\n<li style='margin-bottom: 8px;'><strong>Almacenamiento:<\/strong> 128 MB NAND<\/li>\n<li style='margin-bottom: 8px;'><strong>Tensi\u00f3n soportada:<\/strong> 8 V &#8211; 28 V<\/li>\n<li style='margin-bottom: 8px;'><strong>Temperatura operativa:<\/strong> -35\u00b0C a +65\u00b0C<\/li>\n<li style='margin-bottom: 8px;'><strong>USB Power Reset:<\/strong> S\u00ed<\/li>\n<li style='margin-bottom: 8px;'><strong>Tipo USB:<\/strong> microUSB tipo AB<\/li>\n<li style='margin-bottom: 8px;'><strong>Monitoreo de voltaje:<\/strong> S\u00ed<\/li>\n<\/ul><\/div>\n<p> <!-- Tabla de rendimiento --> <\/p>\n<div style='flex: 1 1 300px; min-width: 280px;'>\n<h3 style='font-size: 20px; border-bottom: 2px solid currentColor; padding-bottom: 5px; margin-top: 0; margin-bottom: 15px; color: inherit; opacity: 0.8;'>Rendimiento de conmutaci\u00f3n<\/h3>\n<div style='overflow-x: auto;'>\n<table style='width: 100%; border-collapse: collapse; margin-bottom: 20px; color: inherit;'>\n<thead>\n<tr style='background-color: rgba(120&comma;120&comma;120&comma;0.1);'>\n<th style='padding: 10px; border: 1px solid rgba(150&comma;150&comma;150&comma;0.3); border-bottom: 2px solid rgba(150&comma;150&comma;150&comma;0.4);'>Modo<\/th>\n<th style='padding: 10px; border: 1px solid rgba(150&comma;150&comma;150&comma;0.3); border-bottom: 2px solid rgba(150&comma;150&comma;150&comma;0.4);'>Paquetes 64 bytes<\/th>\n<th style='padding: 10px; border: 1px solid rgba(150&comma;150&comma;150&comma;0.3); border-bottom: 2px solid rgba(150&comma;150&comma;150&comma;0.4);'>Paquetes 1518 bytes<\/th>\n<\/tr>\n<\/thead>\n<tbody>\n<tr style='background-color: rgba(120&comma;120&comma;120&comma;0.05);'>\n<td style='padding: 10px; border: 1px solid rgba(150&comma;150&comma;150&comma;0.3);'>Conmutaci\u00f3n<\/td>\n<td style='padding: 10px; border: 1px solid rgba(150&comma;150&comma;150&comma;0.3);'>37&comma;202.4 kpps \/ 19&comma;047.6 Mbps<\/td>\n<td style='padding: 10px; border: 1px solid rgba(150&comma;150&comma;150&comma;0.3);'>2&comma;031.9 kpps \/ 24&comma;674.9 Mbps<\/td>\n<\/tr>\n<tr>\n<td style='padding: 10px; border: 1px solid rgba(150&comma;150&comma;150&comma;0.3);'>Enrutamiento<\/td>\n<td style='padding: 10px; border: 1px solid rgba(150&comma;150&comma;150&comma;0.3);'>226.9 kpps \/ 116.2 Mbps<\/td>\n<td style='padding: 10px; border: 1px solid rgba(150&comma;150&comma;150&comma;0.3);'>81.0 kpps \/ 983.7 Mbps<\/td>\n<\/tr>\n<\/tbody>\n<\/table><\/div>\n<h3 style='font-size: 20px; border-bottom: 2px solid currentColor; padding-bottom: 5px; margin-top: 20px; margin-bottom: 15px; color: inherit; opacity: 0.8;'>Rendimiento Ethernet<\/h3>\n<div style='overflow-x: auto;'>\n<table style='width: 100%; border-collapse: collapse; margin-bottom: 20px; color: inherit;'>\n<thead>\n<tr style='background-color: rgba(120&comma;120&comma;120&comma;0.1);'>\n<th style='padding: 10px; border: 1px solid rgba(150&comma;150&comma;150&comma;0.3); border-bottom: 2px solid rgba(150&comma;150&comma;150&comma;0.4);'>Modo<\/th>\n<th style='padding: 10px; border: 1px solid rgba(150&comma;150&comma;150&comma;0.3); border-bottom: 2px solid rgba(150&comma;150&comma;150&comma;0.4);'>Paquetes 64 bytes<\/th>\n<th style='padding: 10px; border: 1px solid rgba(150&comma;150&comma;150&comma;0.3); border-bottom: 2px solid rgba(150&comma;150&comma;150&comma;0.4);'>Paquetes 1518 bytes<\/th>\n<\/tr>\n<\/thead>\n<tbody>\n<tr style='background-color: rgba(120&comma;120&comma;120&comma;0.05);'>\n<td style='padding: 10px; border: 1px solid rgba(150&comma;150&comma;150&comma;0.3);'>Puente<\/td>\n<td style='padding: 10px; border: 1px solid rgba(150&comma;150&comma;150&comma;0.3);'>269.6 kpps \/ 138.0 Mbps<\/td>\n<td style='padding: 10px; border: 1px solid rgba(150&comma;150&comma;150&comma;0.3);'>81.0 kpps \/ 983.7 Mbps<\/td>\n<\/tr>\n<tr>\n<td style='padding: 10px; border: 1px solid rgba(150&comma;150&comma;150&comma;0.3);'>Enrutamiento<\/td>\n<td style='padding: 10px; border: 1px solid rgba(150&comma;150&comma;150&comma;0.3);'>60.5 kpps \/ 31.0 Mbps<\/td>\n<td style='padding: 10px; border: 1px solid rgba(150&comma;150&comma;150&comma;0.3);'>56.8 kpps \/ 689.8 Mbps<\/td>\n<\/tr>\n<\/tbody>\n<\/table><\/div>\n<div style='margin-top: 20px;'>\n<p style='font-size: 13px; color: inherit; opacity: 0.8; margin: 0 0 8px 0;'>* Todos los tests realizados con equipo especializado Xena Networks (XenaBay)&comma; seg\u00fan RFC2544 (Xena2544)<\/p>\n<p style='font-size: 13px; color: inherit; opacity: 0.8; margin: 0 0 8px 0;'>* Rendimiento m\u00e1ximo determinado con pruebas de 30+ segundos con 0.1% de p\u00e9rdida de paquetes en tama\u00f1os de 64&comma; 512&comma; 1518 bytes<\/p>\n<p style='font-size: 13px; color: inherit; opacity: 0.8; margin: 0 0 8px 0;'>* Valores en cursiva indican que se alcanz\u00f3 el rendimiento m\u00e1ximo sin saturar la CPU&comma; sino por l\u00edmites de configuraci\u00f3n de hardware<\/p>\n<p style='font-size: 13px; color: inherit; opacity: 0.8; margin: 0 0 8px 0;'>* Resultados muestran el rendimiento m\u00e1ximo del dispositivo&comma; usando la configuraci\u00f3n de hardware y software mencionada&comma; configuraciones diferentes dar\u00e1n resultados menores<\/p>\n<\/p><\/div>\n<\/p><\/div>\n<\/p><\/div>\n<p> <!-- Imagen --> <\/p>\n<div style='margin-top: 30px;'> <img style='width: 100%; height: auto; border: 1px solid rgba(150&comma;150&comma;150&comma;0.3); border-radius: 8px;' src='https:\/\/ftp3.syscom.mx\/usuarios\/fotos\/CRS12524G1SIN\/139013-garantia1.png' alt=''> <\/div>\n<\/p><\/div>\n","protected":false},"excerpt":{"rendered":"<p>Cloud Router Switch CRS125-24G-1S-IN 24 Puertos Gigabit Ethernet y 1 Puerto SFP, para Escritorio<\/p>\n","protected":false},"featured_media":73628,"comment_status":"open","ping_status":"closed","template":"","meta":[],"product_brand":[],"product_cat":[1970],"product_tag":[643,664,1971],"class_list":{"0":"post-73629","1":"product","2":"type-product","3":"status-publish","4":"has-post-thumbnail","6":"product_cat-switches","7":"product_tag-mikrotik","8":"product_tag-networking","9":"product_tag-switches","11":"first","12":"outofstock","13":"sale","14":"shipping-taxable","15":"purchasable","16":"product-type-simple"},"_links":{"self":[{"href":"https:\/\/soydeaqui.ddns.net\/pachuca\/index.php\/wp-json\/wp\/v2\/product\/73629","targetHints":{"allow":["GET"]}}],"collection":[{"href":"https:\/\/soydeaqui.ddns.net\/pachuca\/index.php\/wp-json\/wp\/v2\/product"}],"about":[{"href":"https:\/\/soydeaqui.ddns.net\/pachuca\/index.php\/wp-json\/wp\/v2\/types\/product"}],"replies":[{"embeddable":true,"href":"https:\/\/soydeaqui.ddns.net\/pachuca\/index.php\/wp-json\/wp\/v2\/comments?post=73629"}],"wp:featuredmedia":[{"embeddable":true,"href":"https:\/\/soydeaqui.ddns.net\/pachuca\/index.php\/wp-json\/wp\/v2\/media\/73628"}],"wp:attachment":[{"href":"https:\/\/soydeaqui.ddns.net\/pachuca\/index.php\/wp-json\/wp\/v2\/media?parent=73629"}],"wp:term":[{"taxonomy":"product_brand","embeddable":true,"href":"https:\/\/soydeaqui.ddns.net\/pachuca\/index.php\/wp-json\/wp\/v2\/product_brand?post=73629"},{"taxonomy":"product_cat","embeddable":true,"href":"https:\/\/soydeaqui.ddns.net\/pachuca\/index.php\/wp-json\/wp\/v2\/product_cat?post=73629"},{"taxonomy":"product_tag","embeddable":true,"href":"https:\/\/soydeaqui.ddns.net\/pachuca\/index.php\/wp-json\/wp\/v2\/product_tag?post=73629"}],"curies":[{"name":"wp","href":"https:\/\/api.w.org\/{rel}","templated":true}]}}