{"id":73614,"date":"2026-03-19T13:29:11","date_gmt":"2026-03-19T13:29:11","guid":{"rendered":"https:\/\/soydeaqui.ddns.net\/pachuca\/index.php\/producto\/gateway-umg-300-modular-con-3-ranuras-para-modulos-o-tarjetas-de-e1-gsm-2g-y-3g-fxs-y-o-fxo-hasta-46-canales\/"},"modified":"2026-03-19T13:29:24","modified_gmt":"2026-03-19T13:29:24","slug":"gateway-umg-300-modular-con-3-ranuras-para-modulos-o-tarjetas-de-e1-gsm-2g-y-3g-fxs-y-o-fxo-hasta-46-canales","status":"publish","type":"product","link":"https:\/\/soydeaqui.ddns.net\/pachuca\/index.php\/producto\/gateway-umg-300-modular-con-3-ranuras-para-modulos-o-tarjetas-de-e1-gsm-2g-y-3g-fxs-y-o-fxo-hasta-46-canales\/","title":{"rendered":"Gateway UMG 300 Modular con 3 ranuras para m\u00f3dulos o tarjetas de E1, GSM 2G y 3G, FXS y\/o FXO, hasta 46 canales"},"content":{"rendered":"<div style='width: 100%; max-width: 1200px; margin: 0 auto; font-family: sans-serif; line-height: 1.6; color: inherit; background-color: transparent;'>\n<div style='display: flex; flex-wrap: wrap; gap: 30px; margin-bottom: 30px;'>\n<div style='flex: 1 1 300px; min-width: 280px;'>\n<h3 style='font-size: 22px; border-bottom: 2px solid currentColor; padding-bottom: 5px; margin-top: 0; color: inherit; opacity: 0.8;'>Caracter\u00edsticas y Ventajas Principales<\/h3>\n<ul style='padding-left: 20px; font-size: 15px; color: inherit;'>\n<li style='margin-bottom: 5px;'><strong>Modularidad:<\/strong> 3 ranuras para la combinaci\u00f3n deseada de:<\/li>\n<ul style='padding-left: 20px;'>\n<li style='margin-bottom: 5px;'>1 E1 (30 canales)<\/li>\n<li style='margin-bottom: 5px;'>2 GSM (hasta 6 canales GSM)&comma; que pueden ser:<\/li>\n<ul style='padding-left: 20px;'>\n<li style='margin-bottom: 5px;'>\u2013 2G Quad Band: 850\/900\/1800\/1900 MHz<\/li>\n<li style='margin-bottom: 5px;'>\u2013 3G Six Band: 800\/850\/900\/1700\/1900\/2100 MHz<\/li>\n<\/ul>\n<li style='margin-bottom: 5px;'>4 FXO (hasta 12 FXO)<\/li>\n<li style='margin-bottom: 5px;'>8 FXS (hasta 24 FXS)<\/li>\n<li style='margin-bottom: 5px;'>Un m\u00e1ximo de 46 canales por producto<\/li>\n<li style='margin-bottom: 5px;'>2 puertas Ethernet Giga<\/li>\n<li style='margin-bottom: 5px;'>Conexi\u00f3n con hasta 2 diferentes operadoras VoIP<\/li>\n<li style='margin-bottom: 5px;'>Hasta 10 cuentas VoIP<\/li>\n<li style='margin-bottom: 5px;'>Canales VoIP: 1 canal SIP para cada canal TDM&comma; totalizando el m\u00e1ximo de 46 canales SIP<\/li>\n<li style='margin-bottom: 5px;'>Display gr\u00e1fico OLED que permite la supervisi\u00f3n de la informaci\u00f3n importante del equipo (opcional)<\/li>\n<li style='margin-bottom: 5px;'>Interfaz web de f\u00e1cil uso para la configuraci\u00f3n&comma; la supervisi\u00f3n y el diagn\u00f3stico<\/li>\n<li style='margin-bottom: 5px;'>Compatibilidad con las se\u00f1alizaciones R2&comma; ISDN y SIP<\/li>\n<li style='margin-bottom: 5px;'>Compatibilidad con SNMP<\/li>\n<li style='margin-bottom: 5px;'>Compatibilidad con G.711 (A-law y \u03bc-law)&comma; G.729A y T.38 (fax)<\/li>\n<li style='margin-bottom: 5px;'><strong>Billetaje personalizable por CDR<\/strong><\/li>\n<li style='margin-bottom: 5px;'><strong>No incluye eliminador de corriente<\/strong><\/li>\n<\/ul>\n<\/ul><\/div>\n<\/p><\/div>\n<div style='display: flex; flex-wrap: wrap; gap: 30px; margin-bottom: 30px;'>\n<div style='flex: 1 1 300px; min-width: 280px;'>\n<h3 style='font-size: 22px; border-bottom: 2px solid currentColor; padding-bottom: 5px; margin-top: 0; color: inherit; opacity: 0.8;'>Aplicaciones<\/h3>\n<ul style='padding-left: 20px; font-size: 15px; color: inherit;'>\n<li style='margin-bottom: 5px;'>Uso corporativo: ideal para enrutamiento de llamadas entre matriz y filiales mediante la red IP<\/li>\n<li style='margin-bottom: 5px;'>Uso en operadoras VoIP: indicado para su entrega a sus suscriptores<\/li>\n<li style='margin-bottom: 5px;'>Reorientaci\u00f3n de llamadas a rutas de menor costo<\/li>\n<li style='margin-bottom: 5px;'>Enrutamiento de llamadas por prefijo<\/li>\n<li style='margin-bottom: 5px;'>Fidelizaci\u00f3n por operadora<\/li>\n<\/ul><\/div>\n<\/p><\/div>\n<div style='display: flex; flex-wrap: wrap; gap: 30px; margin-bottom: 30px;'>\n<div style='flex: 1 1 300px; min-width: 280px;'>\n<h3 style='font-size: 22px; border-bottom: 2px solid currentColor; padding-bottom: 5px; margin-top: 0; color: inherit; opacity: 0.8;'>Caracter\u00edsticas F\u00edsicas y El\u00e9ctricas<\/h3>\n<ul style='padding-left: 20px; font-size: 15px; color: inherit;'>\n<li style='margin-bottom: 5px;'><strong>Fuente de alimentaci\u00f3n:<\/strong> Entrada: 100-240 V 50\/60 Hz Salida 12V\/2.5A (no incluye fuente de alimentaci\u00f3n)<\/li>\n<li style='margin-bottom: 5px;'><strong>Incluye:<\/strong> cable de corriente<\/li>\n<li style='margin-bottom: 5px;'><strong>Dimensiones:<\/strong> 4&comma;5 (altura) x 21&comma;1 (ancho) x 18&comma;2 cm (longitud)<\/li>\n<\/ul><\/div>\n<\/p><\/div>\n<div style='display: flex; flex-wrap: wrap; gap: 30px; margin-bottom: 30px;'>\n<div style='flex: 1 1 300px; min-width: 280px;'>\n<h3 style='font-size: 22px; border-bottom: 2px solid currentColor; padding-bottom: 5px; margin-top: 0; color: inherit; opacity: 0.8;'>Integraci\u00f3n con PBX IP y Operadora VoIP<\/h3>\n<div style='margin-top: 15px;'> <img style='width: 100%; height: auto; border: 1px solid rgba(150&comma;150&comma;150&comma;0.3); border-radius: 8px;' src='https:\/\/ftp3.syscom.mx\/usuarios\/esanchez\/KHOMP\/UMGSERVER300\/UMGMODULARPRUEBA.png' alt=''> <\/div>\n<\/p><\/div>\n<\/p><\/div>\n<\/p><\/div>\n","protected":false},"excerpt":{"rendered":"<p>Gateway UMG 300 Modular con 3 ranuras para m\u00f3dulos o tarjetas de E1, GSM 2G y 3G, FXS y\/o FXO, hasta 46 canales<\/p>\n","protected":false},"featured_media":73613,"comment_status":"open","ping_status":"closed","template":"","meta":[],"product_brand":[],"product_cat":[2070],"product_tag":[2071,966,2004],"class_list":{"0":"post-73614","1":"product","2":"type-product","3":"status-publish","4":"has-post-thumbnail","6":"product_cat-gateways-y-atas","7":"product_tag-gateways-y-atas","8":"product_tag-khomp","9":"product_tag-voip-telefonia-ip-videoconferencia","11":"first","12":"outofstock","13":"sale","14":"shipping-taxable","15":"purchasable","16":"product-type-simple"},"_links":{"self":[{"href":"https:\/\/soydeaqui.ddns.net\/pachuca\/index.php\/wp-json\/wp\/v2\/product\/73614","targetHints":{"allow":["GET"]}}],"collection":[{"href":"https:\/\/soydeaqui.ddns.net\/pachuca\/index.php\/wp-json\/wp\/v2\/product"}],"about":[{"href":"https:\/\/soydeaqui.ddns.net\/pachuca\/index.php\/wp-json\/wp\/v2\/types\/product"}],"replies":[{"embeddable":true,"href":"https:\/\/soydeaqui.ddns.net\/pachuca\/index.php\/wp-json\/wp\/v2\/comments?post=73614"}],"wp:featuredmedia":[{"embeddable":true,"href":"https:\/\/soydeaqui.ddns.net\/pachuca\/index.php\/wp-json\/wp\/v2\/media\/73613"}],"wp:attachment":[{"href":"https:\/\/soydeaqui.ddns.net\/pachuca\/index.php\/wp-json\/wp\/v2\/media?parent=73614"}],"wp:term":[{"taxonomy":"product_brand","embeddable":true,"href":"https:\/\/soydeaqui.ddns.net\/pachuca\/index.php\/wp-json\/wp\/v2\/product_brand?post=73614"},{"taxonomy":"product_cat","embeddable":true,"href":"https:\/\/soydeaqui.ddns.net\/pachuca\/index.php\/wp-json\/wp\/v2\/product_cat?post=73614"},{"taxonomy":"product_tag","embeddable":true,"href":"https:\/\/soydeaqui.ddns.net\/pachuca\/index.php\/wp-json\/wp\/v2\/product_tag?post=73614"}],"curies":[{"name":"wp","href":"https:\/\/api.w.org\/{rel}","templated":true}]}}