{"id":73591,"date":"2026-03-19T13:28:18","date_gmt":"2026-03-19T13:28:18","guid":{"rendered":"https:\/\/soydeaqui.ddns.net\/pachuca\/index.php\/producto\/rb1100ahx4-cpu-4-nucleos-13-puertos-gigabit-ethernet-1-gb-memoria-licencia-nivel-6\/"},"modified":"2026-03-19T13:28:19","modified_gmt":"2026-03-19T13:28:19","slug":"rb1100ahx4-cpu-4-nucleos-13-puertos-gigabit-ethernet-1-gb-memoria-licencia-nivel-6","status":"publish","type":"product","link":"https:\/\/soydeaqui.ddns.net\/pachuca\/index.php\/producto\/rb1100ahx4-cpu-4-nucleos-13-puertos-gigabit-ethernet-1-gb-memoria-licencia-nivel-6\/","title":{"rendered":"RB1100AHx4, CPU 4 N\u00facleos, 13 Puertos Gigabit Ethernet, 1 GB Memoria, Licencia Nivel 6"},"content":{"rendered":"<div style='width: 100%; max-width: 1200px; margin: 0 auto; font-family: sans-serif; line-height: 1.6; color: inherit; background-color: transparent;'> <!-- Descripci\u00f3n principal --> <\/p>\n<div style='margin-bottom: 30px;'>\n<h1 style='font-size: 24px; margin: 0; padding: 0; color: inherit;'>RB1100AHx4<\/h1>\n<p style='margin: 10px 0; padding: 0; font-size: 14px; color: #717171;'> Nuevo RB1100AHx4 tiene CPU Annapurna Alpine AL21400 con cuatro n\u00facleos de Cortex A15 frecuencia de reloj de 1&comma;4 GHz cada uno&comma; para un caudal m\u00e1ximo de hasta 7.5Gbps. El dispositivo es compatible con la aceleraci\u00f3n de hardware IPsec y es m\u00e1s r\u00e1pido en esto que cualquier dispositivo RouterBOARD anterior (hasta 2.2Gbps con AES128). <\/p>\n<p style='margin: 10px 0; padding: 0; font-size: 14px; color: #717171;'> La unidad viene con la caja de montaje en rack 1U&comma; 13x puertos Gigabit Ethernet&comma; puerto serie RS232 y fuentes de alimentaci\u00f3n redundantes duales (con 48V DC de alimentaci\u00f3n de telecomunicaciones y apoyo 802.3at\/af). <\/p>\n<p style='margin: 10px 0; padding: 0; font-size: 14px; color: #717171;'> * Esta edici\u00f3n no cuenta con Disco Duro&comma; ni cable SATA <\/p>\n<\/p><\/div>\n<p> <!-- Nota importante --> <\/p>\n<div style='margin-bottom: 30px;'>\n<h2 style='margin: 0; padding: 0; font-size: 14px; color: #717171;'> Arquitectura del RouterBOARD: ARM <\/h2>\n<p style='margin: 10px 0; padding: 0; font-size: 14px; color: #717171;'> <strong>Nota Importante:<\/strong><br \/> Tipo de Arquitectura no Compatible con User Manager. <\/p>\n<p style='margin: 10px 0; padding: 10px; font-size: 12.6px; color: #222222; background-color: rgba(255&comma; 255&comma; 238&comma; 0.7);'> User manager soporte experimental para arquitecturas SMIPS&comma; ARM and MMIPS (RB1100AHx4&comma; RB3011&comma; RB750Gr3 etc.) estara disponible apartir de la versi\u00f3n 6.42rc14 <\/p>\n<\/p><\/div>\n<p> <!-- Manual de configuraci\u00f3n --> <\/p>\n<div style='margin-bottom: 30px;'> <a href='http:\/\/soporte.syscom.mx\/networking#mikrotik'> <img style='width: 100%; height: auto; border: 1px solid rgba(150&comma;150&comma;150&comma;0.3); border-radius: 8px;' src='https:\/\/ftp3.syscom.mx\/usuarios\/raragon\/Imagenes_Generales\/Manuales_de_configuracion.jpg' alt='Manual de configuraci\u00f3n' \/> <\/a> <\/div>\n<p> <!-- Caracter\u00edsticas principales de RouterOS --> <\/p>\n<div style='margin-bottom: 30px;'>\n<h1 style='font-size: 28px; margin: 0 0 17px; color: #3a3c4c;'> <a href='http:\/\/soporte.syscom.mx\/networking\/mikrotik\/mikrotik-caracteristicas-principales-de-routeros' style='color: inherit; text-decoration: none;'> Caracter\u00edsticas principales de RouterOS <\/a> <\/h1>\n<\/p><\/div>\n<p> <!-- Especificaciones Generales --> <\/p>\n<div style='display: flex; flex-wrap: wrap; gap: 20px; margin-bottom: 30px;'>\n<div style='flex: 1 1 300px; min-width: 280px;'>\n<h3 style='font-size: 20px; border-bottom: 2px solid currentColor; padding-bottom: 5px; margin-top: 0; color: inherit; opacity: 0.8;'>Especificaciones Generales<\/h3>\n<ul style='padding-left: 20px; font-size: 14px; color: inherit;'>\n<li style='margin-bottom: 5px;'><strong>Codigo de Producto:<\/strong> RB1100Dx4<\/li>\n<li style='margin-bottom: 5px;'><strong>Arquitectura:<\/strong> ARM 32bit<\/li>\n<li style='margin-bottom: 5px;'><strong>CPU:<\/strong> AL21400-1400-A0-E-1AN-8-C<\/li>\n<li style='margin-bottom: 5px;'><strong>Cantidad de Nucleos del CPU:<\/strong> 4<\/li>\n<li style='margin-bottom: 5px;'><strong>Frecuencia del CPU:<\/strong> 1.4 GHz<\/li>\n<li style='margin-bottom: 5px;'><strong>Dimensiones:<\/strong> 444 x 148 x 47 mm<\/li>\n<li style='margin-bottom: 5px;'><strong>Nivel de Licencia:<\/strong> 6<\/li>\n<li style='margin-bottom: 5px;'><strong>Sistema Operativo:<\/strong> RouterOS<\/li>\n<li style='margin-bottom: 5px;'><strong>Memoria RAM:<\/strong> 1 GB<\/li>\n<li style='margin-bottom: 5px;'><strong>Almacenamiento:<\/strong> 128 MB<\/li>\n<li style='margin-bottom: 5px;'><strong>Tipo de Almacenamiento:<\/strong> NAND<\/li>\n<\/ul><\/div>\n<p> <!-- Alimentaci\u00f3n --> <\/p>\n<div style='flex: 1 1 300px; min-width: 280px;'>\n<h3 style='font-size: 20px; border-bottom: 2px solid currentColor; padding-bottom: 5px; margin-top: 0; color: inherit; opacity: 0.8;'>Alimentaci\u00f3n<\/h3>\n<ul style='padding-left: 20px; font-size: 14px; color: inherit;'>\n<li style='margin-bottom: 5px;'><strong>Consumo energetico:<\/strong> 25W<\/li>\n<li style='margin-bottom: 5px;'><strong>Fuentes de alimentaci\u00f3n:<\/strong> 2 (PoE-IN&comma; 2-pin terminal)<\/li>\n<li style='margin-bottom: 5px;'><strong>Tipo de Alimentaci\u00f3n PoE:<\/strong> 802.3af\/at<\/li>\n<li style='margin-bottom: 5px;'><strong>Voltaje de alimentaci\u00f3n PoE:<\/strong> 20-57 V<\/li>\n<li style='margin-bottom: 5px;'><strong>Voltaje de alimentaci\u00f3n terminal de bloques:<\/strong> -48&comma; 12-57 V<\/li>\n<li style='margin-bottom: 5px;'><strong>Cantidad de entradas AC:<\/strong> 2<\/li>\n<li style='margin-bottom: 5px;'><strong>Voltaje de alimentaci\u00f3n AC:<\/strong> 100-240 V<\/li>\n<\/ul><\/div>\n<p> <!-- Ethernet --> <\/p>\n<div style='flex: 1 1 300px; min-width: 280px;'>\n<h3 style='font-size: 20px; border-bottom: 2px solid currentColor; padding-bottom: 5px; margin-top: 0; color: inherit; opacity: 0.8;'>Ethernet<\/h3>\n<ul style='padding-left: 20px; font-size: 14px; color: inherit;'>\n<li style='margin-bottom: 5px;'><strong>Puertos Ethernet:<\/strong> 13 x 10\/100\/1000 Mbps<\/li>\n<\/ul><\/div>\n<p> <!-- Perifericos --> <\/p>\n<div style='flex: 1 1 300px; min-width: 280px;'>\n<h3 style='font-size: 20px; border-bottom: 2px solid currentColor; padding-bottom: 5px; margin-top: 0; color: inherit; opacity: 0.8;'>Perifericos<\/h3>\n<ul style='padding-left: 20px; font-size: 14px; color: inherit;'>\n<li style='margin-bottom: 5px;'><strong>Almacenamiento extendido:<\/strong> 60GB M.2 SSD (incluido)<\/li>\n<li style='margin-bottom: 5px;'><strong>Slots M.2:<\/strong> 2<\/li>\n<li style='margin-bottom: 5px;'><strong>Puertos SATA:<\/strong> 2x SATA3<\/li>\n<li style='margin-bottom: 5px;'><strong>Puerto Serial (Consola):<\/strong> RS232<\/li>\n<\/ul><\/div>\n<p> <!-- Otros --> <\/p>\n<div style='flex: 1 1 300px; min-width: 280px;'>\n<h3 style='font-size: 20px; border-bottom: 2px solid currentColor; padding-bottom: 5px; margin-top: 0; color: inherit; opacity: 0.8;'>Otros<\/h3>\n<ul style='padding-left: 20px; font-size: 14px; color: inherit;'>\n<li style='margin-bottom: 5px;'><strong>Monitos actual:<\/strong> Si<\/li>\n<li style='margin-bottom: 5px;'><strong>Monitor de temperatura PCB:<\/strong> Si<\/li>\n<li style='margin-bottom: 5px;'><strong>Monitor de Voltage:<\/strong> Si<\/li>\n<\/ul><\/div>\n<\/p><\/div>\n<p> <!-- Resultados de pruebas Ethernet --> <\/p>\n<div style='margin-bottom: 30px;'>\n<h3 style='font-size: 20px; border-bottom: 2px solid currentColor; padding-bottom: 5px; margin: 30px 0 15px; color: inherit; opacity: 0.8;'>Resultados de pruebas Ethernet<\/h3>\n<div style='overflow-x: auto;'>\n<table style='width: 100%; border-collapse: collapse; margin-bottom: 20px; color: inherit;'>\n<thead style='background-color: rgba(230&comma; 230&comma; 230&comma; 0.3);'>\n<tr>\n<th style='padding: 10px; border: 1px solid rgba(150&comma;150&comma;150&comma;0.3); text-align: left;' colspan='2'>RB1100Dx4<\/th>\n<th style='padding: 10px; border: 1px solid rgba(150&comma;150&comma;150&comma;0.3); text-align: left;' colspan='6'>AL21400 1G all port test<\/th>\n<\/tr>\n<tr>\n<th style='padding: 10px; border: 1px solid rgba(150&comma;150&comma;150&comma;0.3);'>Modo<\/th>\n<th style='padding: 10px; border: 1px solid rgba(150&comma;150&comma;150&comma;0.3);'>Configuraci\u00f3n<\/th>\n<th style='padding: 10px; border: 1px solid rgba(150&comma;150&comma;150&comma;0.3);' colspan='2'>1518 byte<\/th>\n<th style='padding: 10px; border: 1px solid rgba(150&comma;150&comma;150&comma;0.3);' colspan='2'>512 byte<\/th>\n<th style='padding: 10px; border: 1px solid rgba(150&comma;150&comma;150&comma;0.3);' colspan='2'>64 byte<\/th>\n<\/tr>\n<tr>\n<th style='padding: 10px; border: 1px solid rgba(150&comma;150&comma;150&comma;0.3);'>kpps<\/th>\n<th style='padding: 10px; border: 1px solid rgba(150&comma;150&comma;150&comma;0.3);'>Mbps<\/th>\n<th style='padding: 10px; border: 1px solid rgba(150&comma;150&comma;150&comma;0.3);'>kpps<\/th>\n<th style='padding: 10px; border: 1px solid rgba(150&comma;150&comma;150&comma;0.3);'>Mbps<\/th>\n<th style='padding: 10px; border: 1px solid rgba(150&comma;150&comma;150&comma;0.3);'>kpps<\/th>\n<th style='padding: 10px; border: 1px solid rgba(150&comma;150&comma;150&comma;0.3);'>Mbps<\/th>\n<\/tr>\n<\/thead>\n<tbody>\n<tr style='background-color: rgba(230&comma; 230&comma; 230&comma; 0.3);'>\n<td style='padding: 10px; border: 1px solid rgba(150&comma;150&comma;150&comma;0.3);'>Bridging<\/td>\n<td style='padding: 10px; border: 1px solid rgba(150&comma;150&comma;150&comma;0.3);'>none (fast path)<\/td>\n<td style='padding: 10px; border: 1px solid rgba(150&comma;150&comma;150&comma;0.3);'>606.5<\/td>\n<td style='padding: 10px; border: 1px solid rgba(150&comma;150&comma;150&comma;0.3);'>7&comma;365.3<\/td>\n<td style='padding: 10px; border: 1px solid rgba(150&comma;150&comma;150&comma;0.3);'>1&comma;736.4<\/td>\n<td style='padding: 10px; border: 1px solid rgba(150&comma;150&comma;150&comma;0.3);'>7&comma;112.3<\/td>\n<td style='padding: 10px; border: 1px solid rgba(150&comma;150&comma;150&comma;0.3);'>5&comma;509.7<\/td>\n<td style='padding: 10px; border: 1px solid rgba(150&comma;150&comma;150&comma;0.3);'>2&comma;821.0<\/td>\n<\/tr>\n<tr>\n<td style='padding: 10px; border: 1px solid rgba(150&comma;150&comma;150&comma;0.3);'>Bridging<\/td>\n<td style='padding: 10px; border: 1px solid rgba(150&comma;150&comma;150&comma;0.3);'>25 bridge filter rules<\/td>\n<td style='padding: 10px; border: 1px solid rgba(150&comma;150&comma;150&comma;0.3);'>606.5<\/td>\n<td style='padding: 10px; border: 1px solid rgba(150&comma;150&comma;150&comma;0.3);'>7&comma;365.3<\/td>\n<td style='padding: 10px; border: 1px solid rgba(150&comma;150&comma;150&comma;0.3);'>1&comma;107.8<\/td>\n<td style='padding: 10px; border: 1px solid rgba(150&comma;150&comma;150&comma;0.3);'>4&comma;537.5<\/td>\n<td style='padding: 10px; border: 1px solid rgba(150&comma;150&comma;150&comma;0.3);'>1&comma;153.2<\/td>\n<td style='padding: 10px; border: 1px solid rgba(150&comma;150&comma;150&comma;0.3);'>590.4<\/td>\n<\/tr>\n<tr style='background-color: rgba(230&comma; 230&comma; 230&comma; 0.3);'>\n<td style='padding: 10px; border: 1px solid rgba(150&comma;150&comma;150&comma;0.3);'>Routing<\/td>\n<td style='padding: 10px; border: 1px solid rgba(150&comma;150&comma;150&comma;0.3);'>none (fast path)<\/td>\n<td style='padding: 10px; border: 1px solid rgba(150&comma;150&comma;150&comma;0.3);'>606.5<\/td>\n<td style='padding: 10px; border: 1px solid rgba(150&comma;150&comma;150&comma;0.3);'>7&comma;365.3<\/td>\n<td style='padding: 10px; border: 1px solid rgba(150&comma;150&comma;150&comma;0.3);'>1&comma;736.4<\/td>\n<td style='padding: 10px; border: 1px solid rgba(150&comma;150&comma;150&comma;0.3);'>7&comma;112.3<\/td>\n<td style='padding: 10px; border: 1px solid rgba(150&comma;150&comma;150&comma;0.3);'>5092.3<\/td>\n<td style='padding: 10px; border: 1px solid rgba(150&comma;150&comma;150&comma;0.3);'>2&comma;607.3<\/td>\n<\/tr>\n<tr>\n<td style='padding: 10px; border: 1px solid rgba(150&comma;150&comma;150&comma;0.3);'>Routing<\/td>\n<td style='padding: 10px; border: 1px solid rgba(150&comma;150&comma;150&comma;0.3);'>25 simple queues<\/td>\n<td style='padding: 10px; border: 1px solid rgba(150&comma;150&comma;150&comma;0.3);'>606.5<\/td>\n<td style='padding: 10px; border: 1px solid rgba(150&comma;150&comma;150&comma;0.3);'>7&comma;365.3<\/td>\n<td style='padding: 10px; border: 1px solid rgba(150&comma;150&comma;150&comma;0.3);'>933.6<\/td>\n<td style='padding: 10px; border: 1px solid rgba(150&comma;150&comma;150&comma;0.3);'>3&comma;824.0<\/td>\n<td style='padding: 10px; border: 1px solid rgba(150&comma;150&comma;150&comma;0.3);'>960.3<\/td>\n<td style='padding: 10px; border: 1px solid rgba(150&comma;150&comma;150&comma;0.3);'>491.7<\/td>\n<\/tr>\n<tr style='background-color: rgba(230&comma; 230&comma; 230&comma; 0.3);'>\n<td style='padding: 10px; border: 1px solid rgba(150&comma;150&comma;150&comma;0.3);'>Routing<\/td>\n<td style='padding: 10px; border: 1px solid rgba(150&comma;150&comma;150&comma;0.3);'>25 ip filter rules<\/td>\n<td style='padding: 10px; border: 1px solid rgba(150&comma;150&comma;150&comma;0.3);'>543.7<\/td>\n<td style='padding: 10px; border: 1px solid rgba(150&comma;150&comma;150&comma;0.3);'>6&comma;602.7<\/td>\n<td style='padding: 10px; border: 1px solid rgba(150&comma;150&comma;150&comma;0.3);'>561.8<\/td>\n<td style='padding: 10px; border: 1px solid rgba(150&comma;150&comma;150&comma;0.3);'>2&comma;301.1<\/td>\n<td style='padding: 10px; border: 1px solid rgba(150&comma;150&comma;150&comma;0.3);'>564.6<\/td>\n<td style='padding: 10px; border: 1px solid rgba(150&comma;150&comma;150&comma;0.3);'>289.1<\/td>\n<\/tr>\n<\/tbody>\n<\/table><\/div>\n<p style='font-size: 11px; margin: 10px 0 0; padding: 0; color: inherit;'> <strong>Notas:<\/strong> <\/p>\n<ul style='padding-left: 20px; margin: 10px 0 0; font-size: 11px; color: inherit; list-style-type: disc;'>\n<li style='margin-bottom: 5px;'>All tests are done with Xena Networks specialized test equipment (XenaBay)&comma; and done according to RFC2544 (Xena2544)<\/li>\n<li style='margin-bottom: 5px;'>Max throughput is determined with 30+ second attempts with 0&comma;1% packet loss tolerance in 64&comma; 512&comma; 1518 byte packet sizes<\/li>\n<li style='margin-bottom: 5px;'>Values in Italic indicate that max throughput was reached without maxing out CPU&comma; but because board interface configuration was maxed out<\/li>\n<li style='margin-bottom: 5px;'>Test results show device maximum performance&comma; and are reached using mentioned hardware and software configuration&comma; different configurations most likely will result in lower results<\/li>\n<\/ul>\n<\/p><\/div>\n<p> <!-- Incluye --> <\/p>\n<div style='margin-bottom: 30px;'>\n<h3 style='font-size: 20px; border-bottom: 2px solid currentColor; padding-bottom: 5px; margin: 30px 0 15px; color: inherit; opacity: 0.8;'>Incluye<\/h3>\n<ul style='display: flex; flex-wrap: wrap; gap: 20px; padding-left: 0; list-style: none;'>\n<li style='flex: 1 1 200px; min-width: 180px;'> <img style='width: 100%; height: auto; border: 1px solid rgba(150&comma;150&comma;150&comma;0.3); border-radius: 8px;' src='https:\/\/i.mt.lv\/cdn\/rb_images\/part601491991700s.jpg' alt='K10 R2 screw kit' \/>\n<p style='text-align: center; margin: 10px 0 0; font-size: 14px; color: inherit;'>K10 R2 screw kit<\/p>\n<\/li>\n<li style='flex: 1 1 200px; min-width: 180px;'> <img style='width: 100%; height: auto; border: 1px solid rgba(150&comma;150&comma;150&comma;0.3); border-radius: 8px;' src='https:\/\/i.mt.lv\/cdn\/rb_images\/part381398168452s.jpg' alt='Rack ears' \/>\n<p style='text-align: center; margin: 10px 0 0; font-size: 14px; color: inherit;'>Rack ears<\/p>\n<\/li>\n<li style='flex: 1 1 200px; min-width: 180px;'> <img style='width: 100%; height: auto; border: 1px solid rgba(150&comma;150&comma;150&comma;0.3); border-radius: 8px;' src='https:\/\/i.mt.lv\/cdn\/rb_images\/part741522226845s.jpg' alt='2x IEC cords' \/>\n<p style='text-align: center; margin: 10px 0 0; font-size: 14px; color: inherit;'>2x IEC cords<\/p>\n<\/li>\n<\/ul><\/div>\n<p> <!-- Garant\u00eda --> <\/p>\n<div style='margin-bottom: 30px;'> <img style='width: 100%; max-width: 302px; height: auto; border: 1px solid rgba(150&comma;150&comma;150&comma;0.3); border-radius: 8px;' src='https:\/\/ftp3.syscom.mx\/usuarios\/fotos\/RB1100AHX4\/136766-garantia1.png' alt='Garant\u00eda' \/> <\/p>\n<p style='margin-top: 15px; font-size: 14px; color: inherit;'>Garant\u00eda<\/p>\n<\/p><\/div>\n<p> <!-- Separador final --> <\/p>\n<hr style='border: 0; border-top: 1px solid rgba(150&comma; 150&comma; 150&comma; 0.3); margin: 30px 0;'> <\/div>\n","protected":false},"excerpt":{"rendered":"<p>RB1100AHx4, CPU 4 N\u00facleos, 13 Puertos Gigabit Ethernet, 1 GB Memoria, Licencia Nivel 6<\/p>\n","protected":false},"featured_media":73590,"comment_status":"open","ping_status":"closed","template":"","meta":[],"product_brand":[],"product_cat":[2036,2035,2034],"product_tag":[2039,2038,643,664,2037],"class_list":{"0":"post-73591","1":"product","2":"type-product","3":"status-publish","4":"has-post-thumbnail","6":"product_cat-balanceadores","7":"product_cat-firewalls","8":"product_cat-routers","9":"product_tag-balanceadores","10":"product_tag-firewalls","11":"product_tag-mikrotik","12":"product_tag-networking","13":"product_tag-routers","15":"first","16":"outofstock","17":"sale","18":"shipping-taxable","19":"purchasable","20":"product-type-simple"},"_links":{"self":[{"href":"https:\/\/soydeaqui.ddns.net\/pachuca\/index.php\/wp-json\/wp\/v2\/product\/73591","targetHints":{"allow":["GET"]}}],"collection":[{"href":"https:\/\/soydeaqui.ddns.net\/pachuca\/index.php\/wp-json\/wp\/v2\/product"}],"about":[{"href":"https:\/\/soydeaqui.ddns.net\/pachuca\/index.php\/wp-json\/wp\/v2\/types\/product"}],"replies":[{"embeddable":true,"href":"https:\/\/soydeaqui.ddns.net\/pachuca\/index.php\/wp-json\/wp\/v2\/comments?post=73591"}],"wp:featuredmedia":[{"embeddable":true,"href":"https:\/\/soydeaqui.ddns.net\/pachuca\/index.php\/wp-json\/wp\/v2\/media\/73590"}],"wp:attachment":[{"href":"https:\/\/soydeaqui.ddns.net\/pachuca\/index.php\/wp-json\/wp\/v2\/media?parent=73591"}],"wp:term":[{"taxonomy":"product_brand","embeddable":true,"href":"https:\/\/soydeaqui.ddns.net\/pachuca\/index.php\/wp-json\/wp\/v2\/product_brand?post=73591"},{"taxonomy":"product_cat","embeddable":true,"href":"https:\/\/soydeaqui.ddns.net\/pachuca\/index.php\/wp-json\/wp\/v2\/product_cat?post=73591"},{"taxonomy":"product_tag","embeddable":true,"href":"https:\/\/soydeaqui.ddns.net\/pachuca\/index.php\/wp-json\/wp\/v2\/product_tag?post=73591"}],"curies":[{"name":"wp","href":"https:\/\/api.w.org\/{rel}","templated":true}]}}