{"id":73588,"date":"2026-03-19T13:28:08","date_gmt":"2026-03-19T13:28:08","guid":{"rendered":"https:\/\/soydeaqui.ddns.net\/pachuca\/index.php\/producto\/hap-mini-router-3-puertos-10-100-mbps-wi-fi-2-4-ghz-802-11-b-g-n-antena-360o-1-5-dbi-hasta-158-mw-de-potencia\/"},"modified":"2026-03-19T13:28:12","modified_gmt":"2026-03-19T13:28:12","slug":"hap-mini-router-3-puertos-10-100-mbps-wi-fi-2-4-ghz-802-11-b-g-n-antena-360o-1-5-dbi-hasta-158-mw-de-potencia","status":"publish","type":"product","link":"https:\/\/soydeaqui.ddns.net\/pachuca\/index.php\/producto\/hap-mini-router-3-puertos-10-100-mbps-wi-fi-2-4-ghz-802-11-b-g-n-antena-360o-1-5-dbi-hasta-158-mw-de-potencia\/","title":{"rendered":"(hAP mini) Router 3 puertos 10\/100 Mbps, Wi-Fi 2.4 GHz 802.11 b\/g\/n, Antena 360\u00ba 1.5 dBi, hasta 158 mW de potencia"},"content":{"rendered":"<div style='width: 100%; max-width: 1200px; margin: 0 auto; font-family: sans-serif; line-height: 1.6; color: inherit; background-color: transparent;'> <!-- Descripci\u00f3n principal --> <\/p>\n<div style='margin-bottom: 30px;'>\n<h1 style='font-size: 24px; margin-top: 0; color: inherit;'>hAP mini<\/h1>\n<p style='margin-top: 15px; margin-bottom: 15px;'>El hAP mini es un peque\u00f1o punto de acceso inal\u00e1mbrico de 2 GHz para el hogar o peque\u00f1as oficinas. Cuenta con tres puertos&comma; que se configuran como un puerto de Internet y dos puertos LAN&comma; pero puede ser reconfigurado como se desee&comma; utilizando las potentes opciones de configuraci\u00f3n RouterOS.<\/p>\n<p style='margin-top: 15px; margin-bottom: 15px;'>El potente CPU 650MHz le da acceso total a la amplia variedad de funciones que ofrece el RouterOS vers\u00e1til sistema operativo&comma; pero si lo que quieres es un punto de acceso simple &#8211; ya est\u00e1 configurado fuera de la caja. Usted s\u00f3lo tendr\u00e1 que abrir su p\u00e1gina de configuraci\u00f3n web y proporcionar una contrase\u00f1a para ella.<\/p>\n<p style='margin-top: 15px; margin-bottom: 15px;'><span style='font-size: 14px; color: inherit; opacity: 0.7;'>Arquitectura del RouterBOARD: SMIPS<\/span><\/p>\n<div style='margin: 20px 0; padding: 15px; background-color: rgba(128&comma; 128&comma; 128&comma; 0.05); border-left: 4px solid rgba(128&comma; 128&comma; 128&comma; 0.3);'>\n<p style='margin: 0; font-size: 14px; color: inherit;'><strong style='color: inherit;'>Nota Importante:<\/strong> Tipo de Arquitectura no Compatible con User Manager.<\/p>\n<\/p><\/div>\n<div style='margin: 30px 0; text-align: center;'> <a href='http:\/\/soporte.syscom.mx\/networking#mikrotik' style='display: inline-block;'> <img style='width: 100%; max-width: 600px; height: auto; border: 1px solid rgba(150&comma;150&comma;150&comma;0.3); border-radius: 8px;' src='https:\/\/ftp3.syscom.mx\/usuarios\/raragon\/Imagenes_Generales\/Manuales_de_configuracion.jpg' alt='Manuales de configuraci\u00f3n' \/> <\/a> <\/div>\n<\/p><\/div>\n<p> <!-- Caracter\u00edsticas principales --> <\/p>\n<div style='margin-bottom: 30px;'>\n<h2 style='font-size: 22px; border-bottom: 2px solid currentColor; padding-bottom: 5px; margin-top: 0; color: inherit; opacity: 0.8;'>Caracter\u00edsticas principales de RouterOS<\/h2>\n<\/p><\/div>\n<p> <!-- Especificaciones t\u00e9cnicas --> <\/p>\n<div style='display: flex; flex-wrap: wrap; gap: 30px; margin-bottom: 30px;'>\n<div style='flex: 1 1 300px; min-width: 280px;'>\n<h3 style='font-size: 20px; border-bottom: 2px solid currentColor; padding-bottom: 5px; margin-top: 0; color: inherit; opacity: 0.8;'>Especificaciones Generales<\/h3>\n<ul style='padding-left: 20px; font-size: 15px; color: inherit; list-style-type: none; margin: 0; padding: 0;'>\n<li style='margin-bottom: 8px;'><strong style='color: inherit;'>Product code:<\/strong> RB931-2nD<\/li>\n<li style='margin-bottom: 8px;'><strong style='color: inherit;'>CPU nominal frequency:<\/strong> 650 MHz<\/li>\n<li style='margin-bottom: 8px;'><strong style='color: inherit;'>CPU core count:<\/strong> 1<\/li>\n<li style='margin-bottom: 8px;'><strong style='color: inherit;'>Size of RAM:<\/strong> 32 MB<\/li>\n<li style='margin-bottom: 8px;'><strong style='color: inherit;'>10\/100 Ethernet ports:<\/strong> 3<\/li>\n<li style='margin-bottom: 8px;'><strong style='color: inherit;'>Wireless chip model:<\/strong> QCA9533<\/li>\n<li style='margin-bottom: 8px;'><strong style='color: inherit;'>Wireless standards:<\/strong> 802.11b\/g\/n<\/li>\n<li style='margin-bottom: 8px;'><strong style='color: inherit;'>Power Jack:<\/strong> 1<\/li>\n<li style='margin-bottom: 8px;'><strong style='color: inherit;'>Supported input voltage:<\/strong> 5 V &#8211; 5 V<\/li>\n<li style='margin-bottom: 8px;'><strong style='color: inherit;'>Dimensions:<\/strong> 48 x 78 x 81mm<\/li>\n<li style='margin-bottom: 8px;'><strong style='color: inherit;'>Operating System:<\/strong> RouterOS<\/li>\n<li style='margin-bottom: 8px;'><strong style='color: inherit;'>License level:<\/strong> 4<\/li>\n<li style='margin-bottom: 8px;'><strong style='color: inherit;'>Antenna gain:<\/strong> 1.5<\/li>\n<li style='margin-bottom: 8px;'><strong style='color: inherit;'>CPU:<\/strong> QCA9533<\/li>\n<li style='margin-bottom: 8px;'><strong style='color: inherit;'>Max Power consumption:<\/strong> 3.5W<\/li>\n<li style='margin-bottom: 8px;'><strong style='color: inherit;'>Number of chains:<\/strong> 2<\/li>\n<li style='margin-bottom: 8px;'><strong style='color: inherit;'>Storage type:<\/strong> FLASH<\/li>\n<li style='margin-bottom: 8px;'><strong style='color: inherit;'>Storage size:<\/strong> 16 MB<\/li>\n<\/ul><\/div>\n<p> <!-- Especificaciones inal\u00e1mbricas --> <\/p>\n<div style='flex: 1 1 300px; min-width: 280px;'>\n<h3 style='font-size: 20px; border-bottom: 2px solid currentColor; padding-bottom: 5px; margin-top: 0; color: inherit; opacity: 0.8;'>Especificaciones Inal\u00e1mbricas<\/h3>\n<div style='overflow-x: auto;'>\n<table style='width: 100%; border-collapse: collapse; color: inherit; margin-top: 15px;'>\n<thead>\n<tr>\n<th style='text-align: left; padding: 8px; border-bottom: 1px solid rgba(150&comma;150&comma;150&comma;0.3);'>Velocidad<\/th>\n<th style='text-align: left; padding: 8px; border-bottom: 1px solid rgba(150&comma;150&comma;150&comma;0.3);'>Potencia (dBm)<\/th>\n<th style='text-align: left; padding: 8px; border-bottom: 1px solid rgba(150&comma;150&comma;150&comma;0.3);'>Sensibilidad (dB)<\/th>\n<th style='text-align: left; padding: 8px; border-bottom: 1px solid rgba(150&comma;150&comma;150&comma;0.3);'>Potencia (mW)<\/th>\n<\/tr>\n<\/thead>\n<tbody>\n<tr style='background-color: rgba(128&comma; 128&comma; 128&comma; 0.03);'>\n<td style='padding: 8px; border-bottom: 1px solid rgba(150&comma;150&comma;150&comma;0.2);'>1MBit\/s<\/td>\n<td style='padding: 8px; border-bottom: 1px solid rgba(150&comma;150&comma;150&comma;0.2);'>22<\/td>\n<td style='padding: 8px; border-bottom: 1px solid rgba(150&comma;150&comma;150&comma;0.2);'>-96<\/td>\n<td style='padding: 8px; border-bottom: 1px solid rgba(150&comma;150&comma;150&comma;0.2);'>158<\/td>\n<\/tr>\n<tr>\n<td style='padding: 8px; border-bottom: 1px solid rgba(150&comma;150&comma;150&comma;0.2);'>11MBit\/s<\/td>\n<td style='padding: 8px; border-bottom: 1px solid rgba(150&comma;150&comma;150&comma;0.2);'>22<\/td>\n<td style='padding: 8px; border-bottom: 1px solid rgba(150&comma;150&comma;150&comma;0.2);'>-89<\/td>\n<td style='padding: 8px; border-bottom: 1px solid rgba(150&comma;150&comma;150&comma;0.2);'>158<\/td>\n<\/tr>\n<tr style='background-color: rgba(128&comma; 128&comma; 128&comma; 0.03);'>\n<td style='padding: 8px; border-bottom: 1px solid rgba(150&comma;150&comma;150&comma;0.2);'>6MBit\/s<\/td>\n<td style='padding: 8px; border-bottom: 1px solid rgba(150&comma;150&comma;150&comma;0.2);'>20<\/td>\n<td style='padding: 8px; border-bottom: 1px solid rgba(150&comma;150&comma;150&comma;0.2);'>-93<\/td>\n<td style='padding: 8px; border-bottom: 1px solid rgba(150&comma;150&comma;150&comma;0.2);'>100<\/td>\n<\/tr>\n<tr>\n<td style='padding: 8px; border-bottom: 1px solid rgba(150&comma;150&comma;150&comma;0.2);'>54MBit\/s<\/td>\n<td style='padding: 8px; border-bottom: 1px solid rgba(150&comma;150&comma;150&comma;0.2);'>18<\/td>\n<td style='padding: 8px; border-bottom: 1px solid rgba(150&comma;150&comma;150&comma;0.2);'>-74<\/td>\n<td style='padding: 8px; border-bottom: 1px solid rgba(150&comma;150&comma;150&comma;0.2);'>63<\/td>\n<\/tr>\n<tr style='background-color: rgba(128&comma; 128&comma; 128&comma; 0.03);'>\n<td style='padding: 8px; border-bottom: 1px solid rgba(150&comma;150&comma;150&comma;0.2);'>MCS0<\/td>\n<td style='padding: 8px; border-bottom: 1px solid rgba(150&comma;150&comma;150&comma;0.2);'>20<\/td>\n<td style='padding: 8px; border-bottom: 1px solid rgba(150&comma;150&comma;150&comma;0.2);'>-93<\/td>\n<td style='padding: 8px; border-bottom: 1px solid rgba(150&comma;150&comma;150&comma;0.2);'>100<\/td>\n<\/tr>\n<tr>\n<td style='padding: 8px; border-bottom: 1px solid rgba(150&comma;150&comma;150&comma;0.2);'>MCS7<\/td>\n<td style='padding: 8px; border-bottom: 1px solid rgba(150&comma;150&comma;150&comma;0.2);'>16<\/td>\n<td style='padding: 8px; border-bottom: 1px solid rgba(150&comma;150&comma;150&comma;0.2);'>71<\/td>\n<td style='padding: 8px; border-bottom: 1px solid rgba(150&comma;150&comma;150&comma;0.2);'>40<\/td>\n<\/tr>\n<\/tbody>\n<\/table><\/div>\n<\/p><\/div>\n<\/p><\/div>\n<p> <!-- Imagen de garant\u00eda --> <\/p>\n<div style='margin: 30px 0; text-align: center;'> <img style='width: 100%; max-width: 302px; height: auto; border: 1px solid rgba(150&comma;150&comma;150&comma;0.3); border-radius: 8px;' src='https:\/\/ftp3.syscom.mx\/usuarios\/fotos\/CCR101612G\/81966-garantia1.png' alt='Garant\u00eda' \/> <\/div>\n<\/p><\/div>\n","protected":false},"excerpt":{"rendered":"<p>(hAP mini) Router 3 puertos 10\/100 Mbps, Wi-Fi 2.4 GHz 802.11 b\/g\/n, Antena 360\u00ba 1.5 dBi, hasta 158 mW de potencia<\/p>\n","protected":false},"featured_media":73587,"comment_status":"open","ping_status":"closed","template":"","meta":[],"product_brand":[],"product_cat":[2024],"product_tag":[643,1479,2025],"class_list":{"0":"post-73588","1":"product","2":"type-product","3":"status-publish","4":"has-post-thumbnail","6":"product_cat-routers-inalambricos","7":"product_tag-mikrotik","8":"product_tag-redes-wifi","9":"product_tag-routers-inalambricos","11":"first","12":"outofstock","13":"sale","14":"shipping-taxable","15":"purchasable","16":"product-type-simple"},"_links":{"self":[{"href":"https:\/\/soydeaqui.ddns.net\/pachuca\/index.php\/wp-json\/wp\/v2\/product\/73588","targetHints":{"allow":["GET"]}}],"collection":[{"href":"https:\/\/soydeaqui.ddns.net\/pachuca\/index.php\/wp-json\/wp\/v2\/product"}],"about":[{"href":"https:\/\/soydeaqui.ddns.net\/pachuca\/index.php\/wp-json\/wp\/v2\/types\/product"}],"replies":[{"embeddable":true,"href":"https:\/\/soydeaqui.ddns.net\/pachuca\/index.php\/wp-json\/wp\/v2\/comments?post=73588"}],"wp:featuredmedia":[{"embeddable":true,"href":"https:\/\/soydeaqui.ddns.net\/pachuca\/index.php\/wp-json\/wp\/v2\/media\/73587"}],"wp:attachment":[{"href":"https:\/\/soydeaqui.ddns.net\/pachuca\/index.php\/wp-json\/wp\/v2\/media?parent=73588"}],"wp:term":[{"taxonomy":"product_brand","embeddable":true,"href":"https:\/\/soydeaqui.ddns.net\/pachuca\/index.php\/wp-json\/wp\/v2\/product_brand?post=73588"},{"taxonomy":"product_cat","embeddable":true,"href":"https:\/\/soydeaqui.ddns.net\/pachuca\/index.php\/wp-json\/wp\/v2\/product_cat?post=73588"},{"taxonomy":"product_tag","embeddable":true,"href":"https:\/\/soydeaqui.ddns.net\/pachuca\/index.php\/wp-json\/wp\/v2\/product_tag?post=73588"}],"curies":[{"name":"wp","href":"https:\/\/api.w.org\/{rel}","templated":true}]}}