{"id":73512,"date":"2026-03-19T13:25:10","date_gmt":"2026-03-19T13:25:10","guid":{"rendered":"https:\/\/soydeaqui.ddns.net\/pachuca\/index.php\/producto\/transceptor-minigbic-sfp-monomodo-1000lx-distancia-hasta-10km-conector-lc-temperatura-industrial\/"},"modified":"2026-03-19T13:25:11","modified_gmt":"2026-03-19T13:25:11","slug":"transceptor-minigbic-sfp-monomodo-1000lx-distancia-hasta-10km-conector-lc-temperatura-industrial","status":"publish","type":"product","link":"https:\/\/soydeaqui.ddns.net\/pachuca\/index.php\/producto\/transceptor-minigbic-sfp-monomodo-1000lx-distancia-hasta-10km-conector-lc-temperatura-industrial\/","title":{"rendered":"Transceptor MiniGbic SFP Monomodo 1000LX, distancia hasta 10Km, conector LC, Temperatura-Industrial"},"content":{"rendered":"<div style='width: 100%; max-width: 1200px; margin: 0 auto; font-family: sans-serif; line-height: 1.6; color: inherit;'>\n<div style='display: flex; flex-wrap: wrap; gap: 20px; margin-bottom: 30px;'>\n<div style='flex: 1 1 250px; border: 1px solid rgba(150&comma; 150&comma; 150&comma; 0.4); border-radius: 8px; overflow: hidden; display: flex; flex-direction: column;'>\n<div style='padding: 15px; border-bottom: 1px solid rgba(150&comma; 150&comma; 150&comma; 0.2); font-weight: bold; font-size: 18px; color: inherit;'>Especificaciones del producto<\/div>\n<div style='padding: 15px; color: inherit;'>\n<ul style='padding-left: 20px; margin: 0; font-size: 14px; list-style-type: disc;'>\n<li style='margin-bottom: 5px;'><strong>Modelo:<\/strong> AT-SPLX10\/I<\/li>\n<li style='margin-bottom: 5px;'><strong>Tipo de Fibra:<\/strong> SMF<\/li>\n<li style='margin-bottom: 5px;'><strong>Tipo de Conector:<\/strong> LC<\/li>\n<li style='margin-bottom: 5px;'><strong>Distancia m\u00e1xima:<\/strong> 10 km<\/li>\n<li style='margin-bottom: 5px;'><strong>Longitud de onda Tx\/Rx (nm):<\/strong> 1310<\/li>\n<li style='margin-bottom: 5px;'><strong>DDM:<\/strong> Si<\/li>\n<li style='margin-bottom: 5px;'><strong>Transmisi\u00f3n M\u00ednima:<\/strong> -9 dBm<br \/><strong>Transmisi\u00f3n M\u00e1xima:<\/strong> -3 dBm<\/li>\n<li style='margin-bottom: 5px;'><strong>Sensibilidad:<\/strong> -19 dBm<\/li>\n<li style='margin-bottom: 5px;'><strong>Power Budget:<\/strong> 10 dBm<\/li>\n<li style='margin-bottom: 5px;'><strong>Overload:<\/strong> -3 dBm<\/li>\n<li style='margin-bottom: 5px;'><strong>Temperatura de operaci\u00f3n:<\/strong> -40 to 85\u00b0 C (-40 to 185\u00b0 F)<\/li>\n<\/ul><\/div>\n<\/p><\/div>\n<\/p><\/div>\n<div style='margin-bottom: 30px; font-size: 14px; color: inherit;'>\n<p>SMF = Single Mode Fiber<\/p>\n<p>DDM = Digital Diagnostics Monitoring<\/p>\n<\/p><\/div>\n<hr style='border: 0; border-top: 1px solid rgba(150&comma; 150&comma; 150&comma; 0.3); margin: 30px 0;'>\n<div style='margin-top: 30px; font-size: 14px; color: inherit;'>\n<p><strong>Garant\u00eda 1 a\u00f1o&comma; para un a\u00f1o adicional registra el producto en el siguiente link:<\/strong><br \/> <a href='http:\/\/www.alliedtelesis.com\/support\/maintenance-and-warranty\/register' style='color: inherit; text-decoration: underline;'>http:\/\/www.alliedtelesis.com\/support\/maintenance-and-warranty\/register<\/a><\/p>\n<\/p><\/div>\n<\/p><\/div>\n","protected":false},"excerpt":{"rendered":"<p>Transceptor MiniGbic SFP Monomodo 1000LX, distancia hasta 10Km, conector LC, Temperatura-Industrial<\/p>\n","protected":false},"featured_media":73511,"comment_status":"open","ping_status":"closed","template":"","meta":[],"product_brand":[],"product_cat":[663],"product_tag":[1995,664,665],"class_list":{"0":"post-73512","1":"product","2":"type-product","3":"status-publish","4":"has-post-thumbnail","6":"product_cat-transceptores-de-fibra","7":"product_tag-allied-telesis","8":"product_tag-networking","9":"product_tag-transceptores-de-fibra","11":"first","12":"instock","13":"sale","14":"shipping-taxable","15":"purchasable","16":"product-type-simple"},"_links":{"self":[{"href":"https:\/\/soydeaqui.ddns.net\/pachuca\/index.php\/wp-json\/wp\/v2\/product\/73512","targetHints":{"allow":["GET"]}}],"collection":[{"href":"https:\/\/soydeaqui.ddns.net\/pachuca\/index.php\/wp-json\/wp\/v2\/product"}],"about":[{"href":"https:\/\/soydeaqui.ddns.net\/pachuca\/index.php\/wp-json\/wp\/v2\/types\/product"}],"replies":[{"embeddable":true,"href":"https:\/\/soydeaqui.ddns.net\/pachuca\/index.php\/wp-json\/wp\/v2\/comments?post=73512"}],"wp:featuredmedia":[{"embeddable":true,"href":"https:\/\/soydeaqui.ddns.net\/pachuca\/index.php\/wp-json\/wp\/v2\/media\/73511"}],"wp:attachment":[{"href":"https:\/\/soydeaqui.ddns.net\/pachuca\/index.php\/wp-json\/wp\/v2\/media?parent=73512"}],"wp:term":[{"taxonomy":"product_brand","embeddable":true,"href":"https:\/\/soydeaqui.ddns.net\/pachuca\/index.php\/wp-json\/wp\/v2\/product_brand?post=73512"},{"taxonomy":"product_cat","embeddable":true,"href":"https:\/\/soydeaqui.ddns.net\/pachuca\/index.php\/wp-json\/wp\/v2\/product_cat?post=73512"},{"taxonomy":"product_tag","embeddable":true,"href":"https:\/\/soydeaqui.ddns.net\/pachuca\/index.php\/wp-json\/wp\/v2\/product_tag?post=73512"}],"curies":[{"name":"wp","href":"https:\/\/api.w.org\/{rel}","templated":true}]}}