{"id":73504,"date":"2026-03-19T13:24:50","date_gmt":"2026-03-19T13:24:50","guid":{"rendered":"https:\/\/soydeaqui.ddns.net\/pachuca\/index.php\/producto\/estacion-base-super-cobertura-wifi-360o-hasta-1-km-mimo-8x8-ip67-1167-mbps-doble-banda\/"},"modified":"2026-03-19T13:25:02","modified_gmt":"2026-03-19T13:25:02","slug":"estacion-base-super-cobertura-wifi-360o-hasta-1-km-mimo-8x8-ip67-1167-mbps-doble-banda","status":"publish","type":"product","link":"https:\/\/soydeaqui.ddns.net\/pachuca\/index.php\/producto\/estacion-base-super-cobertura-wifi-360o-hasta-1-km-mimo-8x8-ip67-1167-mbps-doble-banda\/","title":{"rendered":"Estaci\u00f3n Base Super Cobertura WiFi 360\u00ba Hasta 1 km, MIMO 8&#215;8, IP67, 1167 Mbps, Doble Banda"},"content":{"rendered":"<div style='width: 100%; max-width: 1200px; margin: 0 auto; font-family: sans-serif; line-height: 1.6; color: inherit; background-color: transparent;'> <!-- Im\u00e1genes principales --> <\/p>\n<div style='display: flex; flex-wrap: wrap; gap: 15px; margin-bottom: 30px;'> <img style='flex: 1 1 300px; max-width: 300px; height: auto; border: 1px solid rgba(150&comma;150&comma;150&comma;0.3); border-radius: 8px;' src='https:\/\/ftp3.syscom.mx\/usuarios\/hortega\/Altai\/Altai.png' alt=''> <img style='flex: 1 1 230px; max-width: 230px; height: auto; border: 1px solid rgba(150&comma;150&comma;150&comma;0.3); border-radius: 8px;' src='https:\/\/ftp3.syscom.mx\/usuarios\/fotos\/C1N\/74401-image_2019_11_19t22_34_31_506z.png' alt=''> <img style='flex: 1 1 400px; max-width: 400px; height: auto; border: 1px solid rgba(150&comma;150&comma;150&comma;0.3); border-radius: 8px; margin: 0 auto;' src='https:\/\/ftp3.syscom.mx\/usuarios\/fotos\/A8INAC\/140244-a8in_ac.png' alt=''> <\/div>\n<p> <!-- Distancia m\u00e1xima --> <\/p>\n<div style='text-align: center; margin: 30px 0;'>\n<p style='font-weight: bold; font-size: 18px; margin: 0;'><strong>Distancia M\u00e1xima<\/strong> Hasta <strong>1 km<\/strong> para dispositivos Wi-Fi \/ 2.4 5 GHz<\/p>\n<\/p><\/div>\n<p> <!-- Tabla de caracter\u00edsticas --> <\/p>\n<div style='display: grid; grid-template-columns: repeat(auto-fit&comma; minmax(250px&comma; 1fr)); gap: 20px; margin-bottom: 30px;'>\n<div style='border: 1px solid rgba(150&comma; 150&comma; 150&comma; 0.4); border-radius: 8px; padding: 15px;'>\n<div style='display: flex; align-items: center; margin-bottom: 15px;'> <img style='width: 61px; height: auto; margin-right: 10px;' src='https:\/\/ftp3.syscom.mx\/usuarios\/hortega\/Altai\/Logos\/Wifi.png' alt=''> <\/p>\n<h4 style='margin: 0; font-size: 16px; color: inherit;'>Est\u00e1ndar Wi-Fi<\/h4>\n<\/p><\/div>\n<p style='margin: 0; font-size: 14px;'>802.11 a\/b\/g\/n\/ac<\/p>\n<\/p><\/div>\n<div style='border: 1px solid rgba(150&comma; 150&comma; 150&comma; 0.4); border-radius: 8px; padding: 15px;'>\n<div style='display: flex; align-items: center; margin-bottom: 15px;'> <img style='width: 48px; height: auto; margin-right: 10px;' src='https:\/\/ftp3.syscom.mx\/usuarios\/hortega\/Altai\/Logos\/usuarios.png' alt=''> <\/p>\n<h4 style='margin: 0; font-size: 16px; color: inherit;'>Usuarios Concurrentes<\/h4>\n<\/p><\/div>\n<p style='margin: 0; font-size: 14px;'><strong>512<\/strong> dispositivos concurrentes<\/p>\n<\/p><\/div>\n<div style='border: 1px solid rgba(150&comma; 150&comma; 150&comma; 0.4); border-radius: 8px; padding: 15px;'>\n<div style='display: flex; align-items: center; margin-bottom: 15px;'> <img style='width: 57px; height: auto; margin-right: 10px;' src='https:\/\/ftp3.syscom.mx\/usuarios\/hortega\/Altai\/Logos\/velocidad.png' alt=''> <\/p>\n<h4 style='margin: 0; font-size: 16px; color: inherit;'>Velocidad<\/h4>\n<\/p><\/div>\n<ul style='padding-left: 20px; margin: 0; font-size: 14px;'>\n<li style='margin-bottom: 5px;'><strong>300<\/strong> Mbps &#8211; 2.4 GHz<\/li>\n<li style='margin-bottom: 5px;'><strong>867<\/strong> Mbps &#8211; 5 GHz<\/li>\n<\/ul><\/div>\n<div style='border: 1px solid rgba(150&comma; 150&comma; 150&comma; 0.4); border-radius: 8px; padding: 15px;'>\n<div style='display: flex; align-items: center; margin-bottom: 15px;'> <img style='width: 52px; height: auto; margin-right: 10px;' src='https:\/\/ftp3.syscom.mx\/usuarios\/hortega\/Altai\/Logos\/repetidor.png' alt=''> <\/p>\n<h4 style='margin: 0; font-size: 16px; color: inherit;'>Modos de Operaci\u00f3n<\/h4>\n<\/p><\/div>\n<p style='margin: 0; font-size: 14px;'>Access Point \/ Cliente \/ Repetidor Altai<\/p>\n<\/p><\/div>\n<div style='border: 1px solid rgba(150&comma; 150&comma; 150&comma; 0.4); border-radius: 8px; padding: 15px;'>\n<div style='display: flex; align-items: center; margin-bottom: 15px;'> <img style='width: 36px; height: auto; margin-right: 10px;' src='https:\/\/ftp3.syscom.mx\/usuarios\/hortega\/Altai\/Logos\/potencia.png' alt=''> <\/p>\n<h4 style='margin: 0; font-size: 16px; color: inherit;'>Potencia<\/h4>\n<\/p><\/div>\n<p style='margin: 0; font-size: 14px;'><strong>26 dBm<\/strong> Max. TX Power<\/p>\n<\/p><\/div>\n<div style='border: 1px solid rgba(150&comma; 150&comma; 150&comma; 0.4); border-radius: 8px; padding: 15px;'>\n<div style='display: flex; align-items: center; margin-bottom: 15px;'> <img style='width: 53px; height: auto; margin-right: 10px;' src='https:\/\/ftp3.syscom.mx\/usuarios\/hortega\/Altai\/Logos\/nube.png' alt=''> <\/p>\n<h4 style='margin: 0; font-size: 16px; color: inherit;'>Gesti\u00f3n<\/h4>\n<\/p><\/div>\n<p style='margin: 0; font-size: 14px;'>Soporte Altai Care \/ On-Premise<\/p>\n<\/p><\/div>\n<\/p><\/div>\n<hr style='border: 0; border-top: 1px solid rgba(150&comma; 150&comma; 150&comma; 0.3); margin: 30px 0;'> <!-- Caracter\u00edsticas principales --> <\/p>\n<div style='display: flex; flex-wrap: wrap; gap: 30px; margin-bottom: 30px;'>\n<div style='flex: 1 1 300px; min-width: 280px;'>\n<h3 style='font-size: 22px; border-bottom: 2px solid currentColor; padding-bottom: 5px; margin-top: 0; color: inherit; opacity: 0.8;'>Caracter\u00edsticas Principales<\/h3>\n<ul style='padding-left: 20px; font-size: 15px; color: inherit;'>\n<li style='margin-bottom: 5px;'>Modos de operaci\u00f3n: AP\/Bridge\/ Repetidor<\/li>\n<li style='margin-bottom: 5px;'>Tecnolog\u00eda MIMO 8X8 en 2.4 GHz de Alta Sensibilidad en Recepci\u00f3n.<\/li>\n<li style='margin-bottom: 5px;'>Tecnolog\u00eda MIMO 2X2 en 5.1-5.8 GHz de alta capacidad para backhaul&comma; acceso WiFi o conexiones PTMP.<\/li>\n<li style='margin-bottom: 5px;'>Hasta 300 Mbps en 2.4 GHz y 867 Mbps en 5.1 \u2013 5.8 GHz<\/li>\n<li style='margin-bottom: 5px;'>Potencia 27 dBm en 2.4 GHz y 29 dBm en 5 GHz.<\/li>\n<li style='margin-bottom: 5px;'>Distancia para laptop\/smartphone en 2.4 GHz hasta 1 km con l\u00ednea de vista plena.<\/li>\n<li style='margin-bottom: 5px;'>Distancia para laptop\/smartphone en 5.1-5.8 GHz hasta 900 m con l\u00ednea de vista plena.<\/li>\n<li style='margin-bottom: 5px;'>Hasta 1024 dispositivos en total sumando ambas bandas en condiciones \u00f3ptimas.<\/li>\n<li style='margin-bottom: 5px;'>Fast Roaming 802.11r.<\/li>\n<li style='margin-bottom: 5px;'>Band steering.<\/li>\n<\/ul><\/div>\n<div style='flex: 1 1 300px; min-width: 280px;'>\n<h3 style='font-size: 22px; border-bottom: 2px solid currentColor; padding-bottom: 5px; margin-top: 0; color: inherit; opacity: 0.8;'>Caracter\u00edsticas F\u00edsicas y El\u00e9ctricas<\/h3>\n<ul style='padding-left: 20px; font-size: 15px; color: inherit;'>\n<li style='margin-bottom: 5px;'>Antena integrada en 2.4 GHz&comma; 14 dBi&comma; Dual-Slant \u00b145\u00b0&comma; 360\u00b0 H\/14\u00b0 V.<\/li>\n<li style='margin-bottom: 5px;'>2 conectores N-Hembra para antena en 5 GHz. (no incluida).<\/li>\n<li style='margin-bottom: 5px;'>Puerto 10\/100\/1000 Mbps.<\/li>\n<li style='margin-bottom: 5px;'>Instalaci\u00f3n en pared&comma; m\u00e1stil o torre a grandes alturas de 9 a 12 m.<\/li>\n<li style='margin-bottom: 5px;'>Dimensiones: 455 x 431 x 163 mm.<\/li>\n<li style='margin-bottom: 5px;'>Peso: 10.5 kg.<\/li>\n<li style='margin-bottom: 5px;'><strong>Alimentaci\u00f3n: 56 Vcc&comma; 1.1 A&comma; v\u00eda inyector PoE pasivo incluido.<\/strong><\/li>\n<li style='margin-bottom: 5px;'>Soporta temperatura de -40 \u00b0C to +60 \u00b0C<\/li>\n<\/ul><\/div>\n<div style='flex: 1 1 300px; min-width: 280px;'>\n<h3 style='font-size: 22px; border-bottom: 2px solid currentColor; padding-bottom: 5px; margin-top: 0; color: inherit; opacity: 0.8;'>La Caja Incluye<\/h3>\n<ul style='padding-left: 20px; font-size: 15px; color: inherit;'>\n<li style='margin-bottom: 5px;'>1 Punto de Acceso A8inAC<\/li>\n<li style='margin-bottom: 5px;'>Kit de montaje<\/li>\n<li style='margin-bottom: 5px;'>1 PoE Pasivo de 56 V.<\/li>\n<\/ul><\/div>\n<\/p><\/div>\n<hr style='border: 0; border-top: 1px solid rgba(150&comma; 150&comma; 150&comma; 0.3); margin: 30px 0;'> <!-- Videos de YouTube --> <\/p>\n<div style='margin-bottom: 30px;'>\n<div style='position: relative; padding-bottom: 56.25%; height: 0; overflow: hidden; margin-bottom: 15px;'>   <\/div>\n<div style='position: relative; padding-bottom: 56.25%; height: 0; overflow: hidden; margin-bottom: 15px;'>   <\/div>\n<div style='position: relative; padding-bottom: 56.25%; height: 0; overflow: hidden; margin-bottom: 15px;'>   <\/div>\n<div style='position: relative; padding-bottom: 56.25%; height: 0; overflow: hidden; margin-bottom: 15px;'>   <\/div>\n<\/p><\/div>\n<p> <!-- Aplicaciones --> <\/p>\n<div style='margin-bottom: 30px;'>\n<h3 style='font-size: 22px; border-bottom: 2px solid currentColor; padding-bottom: 5px; margin-top: 0; color: inherit; opacity: 0.8; text-align: center;'>Aplicaciones<\/h3>\n<div style='display: grid; grid-template-columns: repeat(auto-fit&comma; minmax(180px&comma; 1fr)); gap: 20px; margin-top: 20px;'>\n<div style='text-align: center;'> <img style='width: 100%; height: auto; border: 1px solid rgba(150&comma;150&comma;150&comma;0.3); border-radius: 8px;' src='https:\/\/ftp3.syscom.mx\/usuarios\/fotos\/VX200\/175994-mineria.jpeg' alt='Miner\u00eda'> <\/p>\n<p style='margin: 10px 0 0; font-size: 14px;'><strong>\u2022 Miner\u00eda<\/strong><\/p>\n<\/p><\/div>\n<div style='text-align: center;'> <img style='width: 100%; height: auto; border: 1px solid rgba(150&comma;150&comma;150&comma;0.3); border-radius: 8px;' src='https:\/\/ftp3.syscom.mx\/usuarios\/fotos\/VX200\/175994-puertos.jpeg' alt='Puertos\/Contenedores'> <\/p>\n<p style='margin: 10px 0 0; font-size: 14px;'><strong>\u2022 Puertos\/Contenedores<\/strong><\/p>\n<\/p><\/div>\n<div style='text-align: center;'> <img style='width: 100%; height: auto; border: 1px solid rgba(150&comma;150&comma;150&comma;0.3); border-radius: 8px;' src='https:\/\/ftp3.syscom.mx\/usuarios\/fotos\/VX200\/175994-estadios.jpeg' alt='Estadios'> <\/p>\n<p style='margin: 10px 0 0; font-size: 14px;'><strong>\u2022 Estadios<\/strong><\/p>\n<\/p><\/div>\n<div style='text-align: center;'> <img style='width: 100%; height: auto; border: 1px solid rgba(150&comma;150&comma;150&comma;0.3); border-radius: 8px;' src='https:\/\/ftp3.syscom.mx\/usuarios\/fotos\/A3W\/80581-aeropuertos.jpeg' alt='Aeropuertos'> <\/p>\n<p style='margin: 10px 0 0; font-size: 14px;'><strong>\u2022 Aeropuertos<\/strong><\/p>\n<\/p><\/div>\n<div style='text-align: center;'> <img style='width: 100%; height: auto; border: 1px solid rgba(150&comma;150&comma;150&comma;0.3); border-radius: 8px;' src='https:\/\/ftp3.syscom.mx\/usuarios\/fotos\/VX200\/175994-complejohabitacional.jpeg' alt='Complejos Tur\u00edsticos'> <\/p>\n<p style='margin: 10px 0 0; font-size: 14px;'><strong>\u2022 Complejos Tur\u00edsticos<\/strong><\/p>\n<\/p><\/div>\n<div style='text-align: center;'> <img style='width: 100%; height: auto; border: 1px solid rgba(150&comma;150&comma;150&comma;0.3); border-radius: 8px;' src='https:\/\/ftp3.syscom.mx\/usuarios\/fotos\/A3C\/80582-campus.jpeg' alt='Campus\/Educaci\u00f3n'> <\/p>\n<p style='margin: 10px 0 0; font-size: 14px;'><strong>\u2022 Campus\/Educaci\u00f3n<\/strong><\/p>\n<\/p><\/div>\n<div style='text-align: center;'> <img style='width: 100%; height: auto; border: 1px solid rgba(150&comma;150&comma;150&comma;0.3); border-radius: 8px;' src='https:\/\/ftp3.syscom.mx\/usuarios\/fotos\/VX200\/175994-hoteleria.jpeg' alt='Hoteler\u00eda'> <\/p>\n<p style='margin: 10px 0 0; font-size: 14px;'><strong>\u2022 Hoteler\u00eda<\/strong><\/p>\n<\/p><\/div>\n<div style='text-align: center;'> <img style='width: 100%; height: auto; border: 1px solid rgba(150&comma;150&comma;150&comma;0.3); border-radius: 8px;' src='https:\/\/ftp3.syscom.mx\/usuarios\/fotos\/VX200\/175994-metropolis.jpeg' alt='Urbano\/Habitacional'> <\/p>\n<p style='margin: 10px 0 0; font-size: 14px;'><strong>\u2022 Urbano\/Habitacional<\/strong><\/p>\n<\/p><\/div>\n<\/p><\/div>\n<\/p><\/div>\n<p> <!-- Nota importante --> <\/p>\n<div style='background-color: rgba(184&comma; 49&comma; 47&comma; 0.1); border-left: 4px solid #b8312f; padding: 15px; margin: 30px 0; font-size: 14px; color: #b8312f;'>\n<p style='margin: 0;'>La m\u00e1xima distancia en cobertura&comma; capacidad de dispositivos m\u00f3viles WiFi&comma; velocidades de conexi\u00f3n&comma; etc. depender\u00e1 particularmente de cada sitio de instalaci\u00f3n&comma; l\u00ednea de vista plena 100%&comma; niveles de ruido e interferencia&comma; tipo de dispositivos WiFi&comma; alineaci\u00f3n y altura de las antenas.<\/p>\n<\/p><\/div>\n<\/p><\/div>\n","protected":false},"excerpt":{"rendered":"<p>Estaci\u00f3n Base Super Cobertura WiFi 360\u00ba Hasta 1 km, MIMO 8&#215;8, IP67, 1167 Mbps, Doble Banda<\/p>\n","protected":false},"featured_media":73503,"comment_status":"open","ping_status":"closed","template":"","meta":[],"product_brand":[],"product_cat":[1794],"product_tag":[1950,1795,1479],"class_list":{"0":"post-73504","1":"product","2":"type-product","3":"status-publish","4":"has-post-thumbnail","6":"product_cat-puntos-de-acceso","7":"product_tag-altai-technologies","8":"product_tag-puntos-de-acceso","9":"product_tag-redes-wifi","11":"first","12":"outofstock","13":"sale","14":"shipping-taxable","15":"purchasable","16":"product-type-simple"},"_links":{"self":[{"href":"https:\/\/soydeaqui.ddns.net\/pachuca\/index.php\/wp-json\/wp\/v2\/product\/73504","targetHints":{"allow":["GET"]}}],"collection":[{"href":"https:\/\/soydeaqui.ddns.net\/pachuca\/index.php\/wp-json\/wp\/v2\/product"}],"about":[{"href":"https:\/\/soydeaqui.ddns.net\/pachuca\/index.php\/wp-json\/wp\/v2\/types\/product"}],"replies":[{"embeddable":true,"href":"https:\/\/soydeaqui.ddns.net\/pachuca\/index.php\/wp-json\/wp\/v2\/comments?post=73504"}],"wp:featuredmedia":[{"embeddable":true,"href":"https:\/\/soydeaqui.ddns.net\/pachuca\/index.php\/wp-json\/wp\/v2\/media\/73503"}],"wp:attachment":[{"href":"https:\/\/soydeaqui.ddns.net\/pachuca\/index.php\/wp-json\/wp\/v2\/media?parent=73504"}],"wp:term":[{"taxonomy":"product_brand","embeddable":true,"href":"https:\/\/soydeaqui.ddns.net\/pachuca\/index.php\/wp-json\/wp\/v2\/product_brand?post=73504"},{"taxonomy":"product_cat","embeddable":true,"href":"https:\/\/soydeaqui.ddns.net\/pachuca\/index.php\/wp-json\/wp\/v2\/product_cat?post=73504"},{"taxonomy":"product_tag","embeddable":true,"href":"https:\/\/soydeaqui.ddns.net\/pachuca\/index.php\/wp-json\/wp\/v2\/product_tag?post=73504"}],"curies":[{"name":"wp","href":"https:\/\/api.w.org\/{rel}","templated":true}]}}