{"id":73496,"date":"2026-03-19T13:24:33","date_gmt":"2026-03-19T13:24:33","guid":{"rendered":"https:\/\/soydeaqui.ddns.net\/pachuca\/index.php\/producto\/disco-duro-purple-de-2tb-3-anos-de-garantia-para-videovigilancia\/"},"modified":"2026-03-19T13:24:44","modified_gmt":"2026-03-19T13:24:44","slug":"disco-duro-purple-de-2tb-3-anos-de-garantia-para-videovigilancia","status":"publish","type":"product","link":"https:\/\/soydeaqui.ddns.net\/pachuca\/index.php\/producto\/disco-duro-purple-de-2tb-3-anos-de-garantia-para-videovigilancia\/","title":{"rendered":"Disco Duro PURPLE de 2TB \/ 3 A\u00d1OS DE GARANT\u00cdA \/ Para Videovigilancia"},"content":{"rendered":"<div style='width: 100%; max-width: 1200px; margin: 0 auto; font-family: sans-serif; line-height: 1.6; color: inherit; background-color: transparent;'> <!-- Secci\u00f3n de introducci\u00f3n --> <\/p>\n<div style='margin-bottom: 30px;'>\n<h2 style='font-size: 22px; border-bottom: 2px solid currentColor; padding-bottom: 5px; margin-top: 0; color: inherit; opacity: 0.8;'>Asegure el funcionamiento de su sistema y reduzca enormemente los costos de operaci\u00f3n<\/h2>\n<h3 style='font-size: 18px; margin-top: 0; margin-bottom: 15px; color: inherit; opacity: 0.8;'>Almacenamiento definitivo para estar protegido<\/h3>\n<p style='margin-bottom: 15px; font-size: 15px; color: inherit;'>Creado para sistemas de seguridad de alta definici\u00f3n que operan de forma ininterrumpida (24\/7). Los discos WD Purple cuentan con una carga de trabajo de hasta 180TB\/a\u00f1o&comma; soportan hasta 64 c\u00e1maras y est\u00e1n optimizados para sistemas de videovigilancia.<\/p>\n<ul style='padding-left: 20px; font-size: 15px; color: inherit;'>\n<li style='margin-bottom: 10px;'><strong>El disco duro adecuado para el trabajo adecuado<\/strong><br \/>Los discos duros WD Purple han sido ideados espec\u00edficamente para las demandas extremas de los sistemas de videovigilancia que funcionan las 24 horas&comma; los 365 d\u00edas&comma; y alcanzan altas temperaturas.<\/li>\n<li style='margin-bottom: 10px;'><strong>Un rendimiento en el que puede confiar<\/strong><br \/>Fabricado por un l\u00edder mundial en la industria del almacenamiento&comma; WD Purple se ha ideado para la reproducci\u00f3n de video de alta calidad cuando m\u00e1s lo necesita.<\/li>\n<li style='margin-bottom: 10px;'><strong>Ampl\u00ede su visi\u00f3n hasta 64 c\u00e1maras<\/strong><br \/>Los discos duros WD Purple est\u00e1n optimizados para soportar hasta 64 c\u00e1maras&comma; d\u00e1ndole la flexibilidad de actualizar y ampliar su sistema de seguridad en el futuro.<\/li>\n<\/ul><\/div>\n<p> <!-- Secci\u00f3n de integraci\u00f3n --> <\/p>\n<div style='margin-bottom: 30px;'>\n<h3 style='font-size: 18px; border-bottom: 2px solid currentColor; padding-bottom: 5px; margin-top: 0; color: inherit; opacity: 0.8;'>INTEGRACI\u00d3N IMPECABLE<\/h3>\n<p style='font-size: 15px; color: inherit;'>La compatibilidad con una amplia gama de dispositivos y chipsets l\u00edderes en el sector asegura que sin duda encontrar\u00e1 la configuraci\u00f3n y compatibilidad que se ajusten a su DVR\/NVR.<\/p>\n<\/p><\/div>\n<p> <!-- Secci\u00f3n de eficiencia --> <\/p>\n<div style='margin-bottom: 30px;'>\n<h3 style='font-size: 18px; border-bottom: 2px solid currentColor; padding-bottom: 5px; margin-top: 0; color: inherit; opacity: 0.8;'>MENOS ES M\u00c1S<\/h3>\n<p style='font-size: 15px; color: inherit;'>Un bajo consumo de energ\u00eda es crucial en un entorno de videovigilancia que funciona permanentemente y alcanza altas temperaturas. La tecnolog\u00eda IntelliSeek ayuda a reducir las vibraciones y el ruido ambiental.<\/p>\n<\/p><\/div>\n<p> <!-- Secci\u00f3n de dise\u00f1o --> <\/p>\n<div style='margin-bottom: 30px;'>\n<h3 style='font-size: 18px; border-bottom: 2px solid currentColor; padding-bottom: 5px; margin-top: 0; color: inherit; opacity: 0.8;'>DISE\u00d1ADO PARA LA VIDEOVIGILANCIA<\/h3>\n<p style='font-size: 15px; color: inherit;'>El disco duro WD Purple est\u00e1 dise\u00f1ado para los sistemas de seguridad y es compatible con muchos de los fabricantes l\u00edderes en vigilancia y seguridad.<\/p>\n<\/p><\/div>\n<p> <!-- Secci\u00f3n de diferencias --> <\/p>\n<div style='margin-bottom: 30px;'>\n<h3 style='font-size: 18px; border-bottom: 2px solid currentColor; padding-bottom: 5px; margin-top: 0; color: inherit; opacity: 0.8;'>\u00bfCU\u00c1L ES LA DIFERENCIA ENTRE LOS DISCOS DUROS WD PURPLE Y LOS DISCOS DUROS PARA PC?<\/h3>\n<p style='font-size: 15px; color: inherit;'>El disco duro WD Purple est\u00e1 espec\u00edficamente dise\u00f1ado para soluciones de videovigilancia que funcionan 24\/7 y est\u00e1 optimizado con la tecnolog\u00eda AllFrame4k<sup>TM<\/sup> para una mejor reproducci\u00f3n y rendimiento del sistema.<br \/>Los discos duros WD Purple admiten el triple de carga de trabajo de los discos para PC (dise\u00f1ados para trabajar 8\/5)&comma; lo que hace que puedan gestionar las demandas m\u00e1s exigentes de los sistemas de videovigilancia.<\/p>\n<\/p><\/div>\n<p> <!-- Video --> <\/p>\n<div style='margin-bottom: 30px;'>\n<div style='position: relative; padding-bottom: 56.25%; height: 0; overflow: hidden; margin-bottom: 30px;'>   <\/div>\n<\/p><\/div>\n<p> <!-- Secci\u00f3n de especificaciones --> <\/p>\n<div style='margin-bottom: 30px;'>\n<h3 style='font-size: 18px; border-bottom: 2px solid currentColor; padding-bottom: 5px; margin-top: 0; color: inherit; opacity: 0.8;'>ESPECIFICACIONES TECNICAS<\/h3>\n<div style='display: flex; flex-wrap: wrap; gap: 20px; margin-top: 15px;'>\n<div style='flex: 1 1 250px; border: 1px solid rgba(150&comma; 150&comma; 150&comma; 0.4); border-radius: 8px; overflow: hidden; display: flex; flex-direction: column;'>\n<div style='padding: 15px; border-bottom: 1px solid rgba(150&comma; 150&comma; 150&comma; 0.2); font-weight: bold; font-size: 18px; color: inherit;'>Caracter\u00edsticas Principales<\/div>\n<div style='padding: 15px; color: inherit;'>\n<ul style='padding-left: 20px; margin: 0; font-size: 14px; list-style-type: disc;'>\n<li style='margin-bottom: 5px;'><strong>Capacidad:<\/strong> 2 TB<\/li>\n<li style='margin-bottom: 5px;'><strong>Factor de forma:<\/strong> 3.5 pulgadas<\/li>\n<li style='margin-bottom: 5px;'><strong>Aplicaci\u00f3n:<\/strong> Optimizado para Aplicaciones de Video Vigilancia<\/li>\n<li style='margin-bottom: 5px;'><strong>Cantidad de bah\u00edas:<\/strong> De 1 a 8<\/li>\n<li style='margin-bottom: 5px;'><strong>Cantidad de c\u00e1maras:<\/strong> De 1 a 64 resoluci\u00f3n HD<\/li>\n<\/ul><\/div>\n<\/p><\/div>\n<div style='flex: 1 1 250px; border: 1px solid rgba(150&comma; 150&comma; 150&comma; 0.4); border-radius: 8px; overflow: hidden; display: flex; flex-direction: column;'>\n<div style='padding: 15px; border-bottom: 1px solid rgba(150&comma; 150&comma; 150&comma; 0.2); font-weight: bold; font-size: 18px; color: inherit;'>Velocidad y Conexi\u00f3n<\/div>\n<div style='padding: 15px; color: inherit;'>\n<ul style='padding-left: 20px; margin: 0; font-size: 14px; list-style-type: disc;'>\n<li style='margin-bottom: 5px;'><strong>Velocidad de Transferencia de datos:<\/strong><\/li>\n<ul style='padding-left: 30px; margin-top: 5px; margin-bottom: 5px; font-size: 14px; list-style-type: circle;'>\n<li style='margin-bottom: 5px;'>B\u00fafer a host: 6Gb\/s<\/li>\n<li style='margin-bottom: 5px;'>Host a\/desde disco (sostenido): 145 MB\/s<\/li>\n<\/ul>\n<li style='margin-bottom: 5px;'><strong>Cache:<\/strong> 64 MB<\/li>\n<li style='margin-bottom: 5px;'><strong>Velocidad de rotaci\u00f3n:<\/strong> 5400RPM<\/li>\n<li style='margin-bottom: 5px;'><strong>Interfaz:<\/strong> SATA III&comma; 6.0 Gb\/s<\/li>\n<\/ul><\/div>\n<\/p><\/div>\n<div style='flex: 1 1 250px; border: 1px solid rgba(150&comma; 150&comma; 150&comma; 0.4); border-radius: 8px; overflow: hidden; display: flex; flex-direction: column;'>\n<div style='padding: 15px; border-bottom: 1px solid rgba(150&comma; 150&comma; 150&comma; 0.2); font-weight: bold; font-size: 18px; color: inherit;'>Caracter\u00edsticas F\u00edsicas y El\u00e9ctricas<\/div>\n<div style='padding: 15px; color: inherit;'>\n<ul style='padding-left: 20px; margin: 0; font-size: 14px; list-style-type: disc;'>\n<li style='margin-bottom: 5px;'><strong>Temperatura de Operaci\u00f3n:<\/strong><\/li>\n<ul style='padding-left: 30px; margin-top: 5px; margin-bottom: 5px; font-size: 14px; list-style-type: circle;'>\n<li style='margin-bottom: 5px;'>En funcionamiento: 0 &#8211; 65 \u00baC<\/li>\n<li style='margin-bottom: 5px;'>Inactivo: -40 &#8211; 70 \u00baC<\/li>\n<\/ul>\n<li style='margin-bottom: 5px;'><strong>Consumo el\u00e9ctrico:<\/strong><\/li>\n<ul style='padding-left: 30px; margin-top: 5px; margin-bottom: 5px; font-size: 14px; list-style-type: circle;'>\n<li style='margin-bottom: 5px;'>Lectura \/ escritura: 3.3W<\/li>\n<li style='margin-bottom: 5px;'>Inactivo: 2.9W<\/li>\n<li style='margin-bottom: 5px;'>Espera y suspensi\u00f3n: 0.4W<\/li>\n<\/ul>\n<li style='margin-bottom: 5px;'><strong>Dimensiones:<\/strong> 25.4 x 147 x 101.6mm<\/li>\n<li style='margin-bottom: 5px;'><strong>Peso:<\/strong> 640g<\/li>\n<\/ul><\/div>\n<\/p><\/div>\n<\/p><\/div>\n<\/p><\/div>\n<p> <!-- Secci\u00f3n de garant\u00eda --> <\/p>\n<div style='margin-bottom: 30px;'>\n<h3 style='font-size: 18px; border-bottom: 2px solid currentColor; padding-bottom: 5px; margin-top: 0; color: inherit; opacity: 0.8;'>Garant\u00eda<\/h3>\n<p style='font-size: 15px; color: inherit; margin-top: 10px; margin-bottom: 0;'><strong>3 A\u00f1os. SYSCOM<\/strong> \u00fanico distribuidor autorizado para ofrecer garant\u00eda de discos duros <strong>SIN COMPLICACIONES<\/strong><\/p>\n<\/p><\/div>\n<p> <!-- Separador final --> <\/p>\n<hr style='border: 0; border-top: 1px solid rgba(150&comma; 150&comma; 150&comma; 0.3); margin: 30px 0;'> <\/div>\n","protected":false},"excerpt":{"rendered":"<p>Disco Duro PURPLE de 2TB \/ 3 A\u00d1OS DE GARANT\u00cdA \/ Para Videovigilancia<\/p>\n","protected":false},"featured_media":73495,"comment_status":"open","ping_status":"closed","template":"","meta":[],"product_brand":[],"product_cat":[2021],"product_tag":[1974,2022,2023],"class_list":{"0":"post-73496","1":"product","2":"type-product","3":"status-publish","4":"has-post-thumbnail","6":"product_cat-discos-duros-mecanicos-hdd","7":"product_tag-almacenamiento","8":"product_tag-discos-duros-mecanicos-hdd","9":"product_tag-western-digital-wd","11":"first","12":"outofstock","13":"sale","14":"shipping-taxable","15":"purchasable","16":"product-type-simple"},"_links":{"self":[{"href":"https:\/\/soydeaqui.ddns.net\/pachuca\/index.php\/wp-json\/wp\/v2\/product\/73496","targetHints":{"allow":["GET"]}}],"collection":[{"href":"https:\/\/soydeaqui.ddns.net\/pachuca\/index.php\/wp-json\/wp\/v2\/product"}],"about":[{"href":"https:\/\/soydeaqui.ddns.net\/pachuca\/index.php\/wp-json\/wp\/v2\/types\/product"}],"replies":[{"embeddable":true,"href":"https:\/\/soydeaqui.ddns.net\/pachuca\/index.php\/wp-json\/wp\/v2\/comments?post=73496"}],"wp:featuredmedia":[{"embeddable":true,"href":"https:\/\/soydeaqui.ddns.net\/pachuca\/index.php\/wp-json\/wp\/v2\/media\/73495"}],"wp:attachment":[{"href":"https:\/\/soydeaqui.ddns.net\/pachuca\/index.php\/wp-json\/wp\/v2\/media?parent=73496"}],"wp:term":[{"taxonomy":"product_brand","embeddable":true,"href":"https:\/\/soydeaqui.ddns.net\/pachuca\/index.php\/wp-json\/wp\/v2\/product_brand?post=73496"},{"taxonomy":"product_cat","embeddable":true,"href":"https:\/\/soydeaqui.ddns.net\/pachuca\/index.php\/wp-json\/wp\/v2\/product_cat?post=73496"},{"taxonomy":"product_tag","embeddable":true,"href":"https:\/\/soydeaqui.ddns.net\/pachuca\/index.php\/wp-json\/wp\/v2\/product_tag?post=73496"}],"curies":[{"name":"wp","href":"https:\/\/api.w.org\/{rel}","templated":true}]}}